{"id":14746,"date":"2026-02-12T14:54:56","date_gmt":"2026-02-12T14:54:56","guid":{"rendered":"https:\/\/mapospheres.eu\/product\/poster-of-angers-france\/"},"modified":"2026-02-16T14:03:26","modified_gmt":"2026-02-16T14:03:26","slug":"poster-of-angers-france","status":"publish","type":"product","link":"https:\/\/mapospheres.eu\/fr\/product\/poster-d-angers-france\/","title":{"rendered":"Poster d'Angers | France"},"content":{"rendered":"<p><strong>Poster City map d&rsquo;Angers, France : avec son m\u00e9lange d&rsquo;espaces verts, de sites historiques et le doux flot de la Loire, la carte d&rsquo;Angers offre une repr\u00e9sentation frappante qui est \u00e0 la fois intemporelle et pleine de vie\u2014une pi\u00e8ce parfaite pour n&rsquo;importe quel mur.<\/strong><\/p>\n<p>Situ\u00e9e le long de la Loire, la carte pr\u00e9sente un paysage fa\u00e7onn\u00e9 par des collines douces et des plaines fertiles, offrant un contraste agr\u00e9able avec le chemin sinueux de la rivi\u00e8re. En suivant les courbes de la carte, vous remarquerez comment la ville s&rsquo;int\u00e8gre dans son environnement, avec la rivi\u00e8re formant une fronti\u00e8re naturelle au nord et des collines douces s&rsquo;\u00e9levant au sud. Angers est une ville verte, avec de vastes parcs et jardins diss\u00e9min\u00e9s un peu partout. Le grand Parc de la Garenne, par exemple, offre une parfaite \u00e9chapp\u00e9e \u00e0 l&rsquo;agitation de la vie urbaine, tandis que le Jardin des Plantes historique ajoute une touche d&rsquo;\u00e9l\u00e9gance botanique \u00e0 l&rsquo;urbanisme de la ville. Ces espaces verdoyants sont \u00e9quilibr\u00e9s par les monuments architecturaux de la ville, notamment l&rsquo;imposant Ch\u00e2teau d&rsquo;Angers, dont les \u00e9normes murs m\u00e9di\u00e9vaux surveillent encore la ville. La carte met en \u00e9vidence la silhouette vaste de la forteresse, qui domine le paysage et porte les histoires des Plantagen\u00eats et de la guerre de Cent Ans. En explorant plus avant, la carte d\u00e9voile les charmantes rues du centre-ville d&rsquo;Angers, o\u00f9 les ruelles \u00e9troites et les vieux b\u00e2timents en pierre racontent les racines m\u00e9di\u00e9vales de la ville. Mais ne vous laissez pas tromper par son apparence ancienne\u2014Angers est une ville dynamique et moderne avec ses places anim\u00e9es et sa sc\u00e8ne culturelle active. Ses universit\u00e9s, mus\u00e9es et th\u00e9\u00e2tres ajoutent une couche contemporaine \u00e0 la riche tapisserie historique de la ville.<\/p>\n","protected":false},"excerpt":{"rendered":"<p>Obtenez une City Map \u2013 Carte de ville murale &#8211; imprim\u00e9e de la ville d&rsquo;Angers, France.<br \/>\nChoisissez ci-dessous la taille, la couleur et le design de votre carte !<\/p>\n","protected":false},"featured_media":15293,"template":"","meta":{"_uag_custom_page_level_css":"","_monsterinsights_skip_tracking":false,"_monsterinsights_sitenote_active":false,"_monsterinsights_sitenote_note":"","_monsterinsights_sitenote_category":0,"site-sidebar-layout":"default","site-content-layout":"","ast-site-content-layout":"default","site-content-style":"default","site-sidebar-style":"default","ast-global-header-display":"","ast-banner-title-visibility":"","ast-main-header-display":"","ast-hfb-above-header-display":"","ast-hfb-below-header-display":"","ast-hfb-mobile-header-display":"","site-post-title":"","ast-breadcrumbs-content":"","ast-featured-img":"","footer-sml-layout":"","ast-disable-related-posts":"","theme-transparent-header-meta":"default","adv-header-id-meta":"","stick-header-meta":"","header-above-stick-meta":"","header-main-stick-meta":"","header-below-stick-meta":"","astra-migrate-meta-layouts":"set","ast-page-background-enabled":"default","ast-page-background-meta":{"desktop":{"background-color":"","background-image":"","background-repeat":"repeat","background-position":"center center","background-size":"auto","background-attachment":"scroll","background-type":"","background-media":"","overlay-type":"","overlay-color":"","overlay-opacity":"","overlay-gradient":""},"tablet":{"background-color":"","background-image":"","background-repeat":"repeat","background-position":"center center","background-size":"auto","background-attachment":"scroll","background-type":"","background-media":"","overlay-type":"","overlay-color":"","overlay-opacity":"","overlay-gradient":""},"mobile":{"background-color":"","background-image":"","background-repeat":"repeat","background-position":"center center","background-size":"auto","background-attachment":"scroll","background-type":"","background-media":"","overlay-type":"","overlay-color":"","overlay-opacity":"","overlay-gradient":""}},"ast-content-background-meta":{"desktop":{"background-color":"var(--ast-global-color-5)","background-image":"","background-repeat":"repeat","background-position":"center center","background-size":"auto","background-attachment":"scroll","background-type":"","background-media":"","overlay-type":"","overlay-color":"","overlay-opacity":"","overlay-gradient":""},"tablet":{"background-color":"var(--ast-global-color-5)","background-image":"","background-repeat":"repeat","background-position":"center center","background-size":"auto","background-attachment":"scroll","background-type":"","background-media":"","overlay-type":"","overlay-color":"","overlay-opacity":"","overlay-gradient":""},"mobile":{"background-color":"var(--ast-global-color-5)","background-image":"","background-repeat":"repeat","background-position":"center center","background-size":"auto","background-attachment":"scroll","background-type":"","background-media":"","overlay-type":"","overlay-color":"","overlay-opacity":"","overlay-gradient":""}}},"product_brand":[],"product_cat":[18],"product_tag":[34,35,36,37,633,39,40,93,100],"class_list":{"0":"post-14746","1":"product","2":"type-product","3":"status-publish","4":"has-post-thumbnail","6":"product_cat-city-maps","7":"product_tag-30x40","8":"product_tag-40x50","9":"product_tag-50x70","10":"product_tag-70x100","11":"product_tag-angers","12":"product_tag-canvas","13":"product_tag-city-map","14":"product_tag-europe","15":"product_tag-france","16":"desktop-align-left","17":"tablet-align-left","18":"mobile-align-left","20":"first","21":"instock","22":"shipping-taxable","23":"purchasable","24":"product-type-variable"},"aioseo_notices":[],"uagb_featured_image_src":{"full":["https:\/\/mapospheres.eu\/wp-content\/uploads\/2026\/02\/CANVAS_14_NIGHTROUND_4_ANGERS.jpg",1000,1000,false],"thumbnail":["https:\/\/mapospheres.eu\/wp-content\/uploads\/2026\/02\/CANVAS_14_NIGHTROUND_4_ANGERS-150x150.jpg",150,150,true],"medium":["https:\/\/mapospheres.eu\/wp-content\/uploads\/2026\/02\/CANVAS_14_NIGHTROUND_4_ANGERS-300x300.jpg",300,300,true],"medium_large":["https:\/\/mapospheres.eu\/wp-content\/uploads\/2026\/02\/CANVAS_14_NIGHTROUND_4_ANGERS-768x768.jpg",768,768,true],"large":["https:\/\/mapospheres.eu\/wp-content\/uploads\/2026\/02\/CANVAS_14_NIGHTROUND_4_ANGERS.jpg",1000,1000,false],"1536x1536":["https:\/\/mapospheres.eu\/wp-content\/uploads\/2026\/02\/CANVAS_14_NIGHTROUND_4_ANGERS.jpg",1000,1000,false],"2048x2048":["https:\/\/mapospheres.eu\/wp-content\/uploads\/2026\/02\/CANVAS_14_NIGHTROUND_4_ANGERS.jpg",1000,1000,false],"woocommerce_thumbnail":["https:\/\/mapospheres.eu\/wp-content\/uploads\/2026\/02\/CANVAS_14_NIGHTROUND_4_ANGERS-300x300.jpg",300,300,true],"woocommerce_single":["https:\/\/mapospheres.eu\/wp-content\/uploads\/2026\/02\/CANVAS_14_NIGHTROUND_4_ANGERS-600x600.jpg",600,600,true],"woocommerce_gallery_thumbnail":["https:\/\/mapospheres.eu\/wp-content\/uploads\/2026\/02\/CANVAS_14_NIGHTROUND_4_ANGERS-100x100.jpg",100,100,true]},"uagb_author_info":{"display_name":"sgainot04@gmail.com","author_link":"https:\/\/mapospheres.eu\/fr\/author\/"},"uagb_comment_info":0,"uagb_excerpt":"Obtenez une City Map \u2013 Carte de ville murale - imprim\u00e9e de la ville d'Angers, France. Choisissez ci-dessous la taille, la couleur et le design de votre carte !","_links":{"self":[{"href":"https:\/\/mapospheres.eu\/fr\/wp-json\/wp\/v2\/product\/14746","targetHints":{"allow":["GET"]}}],"collection":[{"href":"https:\/\/mapospheres.eu\/fr\/wp-json\/wp\/v2\/product"}],"about":[{"href":"https:\/\/mapospheres.eu\/fr\/wp-json\/wp\/v2\/types\/product"}],"wp:featuredmedia":[{"embeddable":true,"href":"https:\/\/mapospheres.eu\/fr\/wp-json\/wp\/v2\/media\/15293"}],"wp:attachment":[{"href":"https:\/\/mapospheres.eu\/fr\/wp-json\/wp\/v2\/media?parent=14746"}],"wp:term":[{"taxonomy":"product_brand","embeddable":true,"href":"https:\/\/mapospheres.eu\/fr\/wp-json\/wp\/v2\/product_brand?post=14746"},{"taxonomy":"product_cat","embeddable":true,"href":"https:\/\/mapospheres.eu\/fr\/wp-json\/wp\/v2\/product_cat?post=14746"},{"taxonomy":"product_tag","embeddable":true,"href":"https:\/\/mapospheres.eu\/fr\/wp-json\/wp\/v2\/product_tag?post=14746"}],"curies":[{"name":"wp","href":"https:\/\/api.w.org\/{rel}","templated":true}]}}