{"id":14750,"date":"2026-02-12T14:55:13","date_gmt":"2026-02-12T14:55:13","guid":{"rendered":"https:\/\/mapospheres.eu\/product\/poster-of-saint-malo-france\/"},"modified":"2026-02-16T14:04:31","modified_gmt":"2026-02-16T14:04:31","slug":"poster-of-saint-malo-france","status":"publish","type":"product","link":"https:\/\/mapospheres.eu\/fr\/product\/poster-de-saint-malo-france\/","title":{"rendered":"Poster de Saint Malo | France"},"content":{"rendered":"<p><strong>Poster City map de Saint-Malo, France : Avec son m\u00e9lange de caract\u00e9ristiques c\u00f4ti\u00e8res dramatiques, de riche histoire et de charme maritime, la carte de Saint-Malo apporte un sens de l&rsquo;aventure et de la beaut\u00e9 dans n&rsquo;importe quelle pi\u00e8ce.<\/strong><\/p>\n<p>Nich\u00e9e sur les rives de la Manche, la carte r\u00e9v\u00e8le la c\u00f4te d\u00e9chiquet\u00e9e, avec ses falaises et ses plages de sable, ainsi que le r\u00e9seau complexe de fortifications qui rend Saint-Malo c\u00e9l\u00e8bre. La vieille ville, ou Intra-Muros, se dresse fi\u00e8rement \u00e0 l&rsquo;int\u00e9rieur de ses anciennes ramparts, un endroit o\u00f9 les pirates, explorateurs et commer\u00e7ants circulaient autrefois, avec des rues \u00e9troites et des b\u00e2timents en pierre qui semblent d\u00e9tenir des si\u00e8cles de secrets. Le terrain autour de la ville est vari\u00e9, des affleurements rocheux qui prot\u00e8gent la c\u00f4te aux vastes bancs de sable qui apparaissent et disparaissent au rythme de la mer. La carte met en valeur les espaces verts luxuriants qui offrent des refuges paisibles, comme le Parc de la Briantais, o\u00f9 l&rsquo;on peut profiter d&rsquo;une promenade tranquille entour\u00e9e d&rsquo;arbres, ou les jardins tranquilles pr\u00e8s de la Pointe de la Varde, parfaits pour un moment de calme avant de retourner \u00e0 l&rsquo;agitation de la ville. Le monument le plus embl\u00e9matique de Saint-Malo, le formidable Ch\u00e2teau de Saint-Malo, se dresse fi\u00e8rement \u00e0 l&rsquo;extr\u00e9mit\u00e9 de la ville, surplombant le port. Non loin de l\u00e0, les anciennes ramparts rappellent le pass\u00e9 l\u00e9gendaire de la ville, offrant des vues imprenables sur la mer et les \u00eeles lointaines. \u00c0 mesure que la mar\u00e9e change, la carte r\u00e9v\u00e8le le littoral mouvant, avec des \u00eeles voisines comme le Petit B\u00e9 et le Grand B\u00e9\u2014autrefois abritant la tombe du c\u00e9l\u00e8bre \u00e9crivain fran\u00e7ais Chateaubriand\u2014\u00e9mergeant de l&rsquo;eau, pr\u00eates \u00e0 \u00eatre explor\u00e9es.<\/p>\n","protected":false},"excerpt":{"rendered":"<p>Obtenez une City Map \u2013 Carte de ville murale &#8211; imprim\u00e9e de la ville de Saint-Malo, France.<br \/>\nChoisissez ci-dessous la taille, la couleur et le design de votre carte !<\/p>\n","protected":false},"featured_media":15735,"template":"","meta":{"_uag_custom_page_level_css":"","_monsterinsights_skip_tracking":false,"_monsterinsights_sitenote_active":false,"_monsterinsights_sitenote_note":"","_monsterinsights_sitenote_category":0,"site-sidebar-layout":"default","site-content-layout":"","ast-site-content-layout":"default","site-content-style":"default","site-sidebar-style":"default","ast-global-header-display":"","ast-banner-title-visibility":"","ast-main-header-display":"","ast-hfb-above-header-display":"","ast-hfb-below-header-display":"","ast-hfb-mobile-header-display":"","site-post-title":"","ast-breadcrumbs-content":"","ast-featured-img":"","footer-sml-layout":"","ast-disable-related-posts":"","theme-transparent-header-meta":"default","adv-header-id-meta":"","stick-header-meta":"","header-above-stick-meta":"","header-main-stick-meta":"","header-below-stick-meta":"","astra-migrate-meta-layouts":"set","ast-page-background-enabled":"default","ast-page-background-meta":{"desktop":{"background-color":"","background-image":"","background-repeat":"repeat","background-position":"center center","background-size":"auto","background-attachment":"scroll","background-type":"","background-media":"","overlay-type":"","overlay-color":"","overlay-opacity":"","overlay-gradient":""},"tablet":{"background-color":"","background-image":"","background-repeat":"repeat","background-position":"center center","background-size":"auto","background-attachment":"scroll","background-type":"","background-media":"","overlay-type":"","overlay-color":"","overlay-opacity":"","overlay-gradient":""},"mobile":{"background-color":"","background-image":"","background-repeat":"repeat","background-position":"center center","background-size":"auto","background-attachment":"scroll","background-type":"","background-media":"","overlay-type":"","overlay-color":"","overlay-opacity":"","overlay-gradient":""}},"ast-content-background-meta":{"desktop":{"background-color":"var(--ast-global-color-5)","background-image":"","background-repeat":"repeat","background-position":"center center","background-size":"auto","background-attachment":"scroll","background-type":"","background-media":"","overlay-type":"","overlay-color":"","overlay-opacity":"","overlay-gradient":""},"tablet":{"background-color":"var(--ast-global-color-5)","background-image":"","background-repeat":"repeat","background-position":"center center","background-size":"auto","background-attachment":"scroll","background-type":"","background-media":"","overlay-type":"","overlay-color":"","overlay-opacity":"","overlay-gradient":""},"mobile":{"background-color":"var(--ast-global-color-5)","background-image":"","background-repeat":"repeat","background-position":"center center","background-size":"auto","background-attachment":"scroll","background-type":"","background-media":"","overlay-type":"","overlay-color":"","overlay-opacity":"","overlay-gradient":""}}},"product_brand":[],"product_cat":[18],"product_tag":[34,35,36,37,625,39,40,93,100,627,628],"class_list":{"0":"post-14750","1":"product","2":"type-product","3":"status-publish","4":"has-post-thumbnail","6":"product_cat-city-maps","7":"product_tag-30x40","8":"product_tag-40x50","9":"product_tag-50x70","10":"product_tag-70x100","11":"product_tag-bretagne","12":"product_tag-canvas","13":"product_tag-city-map","14":"product_tag-europe","15":"product_tag-france","16":"product_tag-malo","17":"product_tag-saint-malo","18":"desktop-align-left","19":"tablet-align-left","20":"mobile-align-left","22":"first","23":"instock","24":"shipping-taxable","25":"purchasable","26":"product-type-variable"},"aioseo_notices":[],"uagb_featured_image_src":{"full":["https:\/\/mapospheres.eu\/wp-content\/uploads\/2026\/02\/CANVAS_16_BWROUND_2ND_6_STMALO-1.jpg",1000,1000,false],"thumbnail":["https:\/\/mapospheres.eu\/wp-content\/uploads\/2026\/02\/CANVAS_16_BWROUND_2ND_6_STMALO-1-150x150.jpg",150,150,true],"medium":["https:\/\/mapospheres.eu\/wp-content\/uploads\/2026\/02\/CANVAS_16_BWROUND_2ND_6_STMALO-1-300x300.jpg",300,300,true],"medium_large":["https:\/\/mapospheres.eu\/wp-content\/uploads\/2026\/02\/CANVAS_16_BWROUND_2ND_6_STMALO-1-768x768.jpg",768,768,true],"large":["https:\/\/mapospheres.eu\/wp-content\/uploads\/2026\/02\/CANVAS_16_BWROUND_2ND_6_STMALO-1.jpg",1000,1000,false],"1536x1536":["https:\/\/mapospheres.eu\/wp-content\/uploads\/2026\/02\/CANVAS_16_BWROUND_2ND_6_STMALO-1.jpg",1000,1000,false],"2048x2048":["https:\/\/mapospheres.eu\/wp-content\/uploads\/2026\/02\/CANVAS_16_BWROUND_2ND_6_STMALO-1.jpg",1000,1000,false],"woocommerce_thumbnail":["https:\/\/mapospheres.eu\/wp-content\/uploads\/2026\/02\/CANVAS_16_BWROUND_2ND_6_STMALO-1-300x300.jpg",300,300,true],"woocommerce_single":["https:\/\/mapospheres.eu\/wp-content\/uploads\/2026\/02\/CANVAS_16_BWROUND_2ND_6_STMALO-1-600x600.jpg",600,600,true],"woocommerce_gallery_thumbnail":["https:\/\/mapospheres.eu\/wp-content\/uploads\/2026\/02\/CANVAS_16_BWROUND_2ND_6_STMALO-1-100x100.jpg",100,100,true]},"uagb_author_info":{"display_name":"sgainot04@gmail.com","author_link":"https:\/\/mapospheres.eu\/fr\/author\/"},"uagb_comment_info":0,"uagb_excerpt":"Obtenez une City Map \u2013 Carte de ville murale - imprim\u00e9e de la ville de Saint-Malo, France. Choisissez ci-dessous la taille, la couleur et le design de votre carte !","_links":{"self":[{"href":"https:\/\/mapospheres.eu\/fr\/wp-json\/wp\/v2\/product\/14750","targetHints":{"allow":["GET"]}}],"collection":[{"href":"https:\/\/mapospheres.eu\/fr\/wp-json\/wp\/v2\/product"}],"about":[{"href":"https:\/\/mapospheres.eu\/fr\/wp-json\/wp\/v2\/types\/product"}],"wp:featuredmedia":[{"embeddable":true,"href":"https:\/\/mapospheres.eu\/fr\/wp-json\/wp\/v2\/media\/15735"}],"wp:attachment":[{"href":"https:\/\/mapospheres.eu\/fr\/wp-json\/wp\/v2\/media?parent=14750"}],"wp:term":[{"taxonomy":"product_brand","embeddable":true,"href":"https:\/\/mapospheres.eu\/fr\/wp-json\/wp\/v2\/product_brand?post=14750"},{"taxonomy":"product_cat","embeddable":true,"href":"https:\/\/mapospheres.eu\/fr\/wp-json\/wp\/v2\/product_cat?post=14750"},{"taxonomy":"product_tag","embeddable":true,"href":"https:\/\/mapospheres.eu\/fr\/wp-json\/wp\/v2\/product_tag?post=14750"}],"curies":[{"name":"wp","href":"https:\/\/api.w.org\/{rel}","templated":true}]}}