{"id":14753,"date":"2026-02-12T14:55:27","date_gmt":"2026-02-12T14:55:27","guid":{"rendered":"https:\/\/mapospheres.eu\/product\/poster-of-oleron-elevation-map\/"},"modified":"2026-02-16T14:04:26","modified_gmt":"2026-02-16T14:04:26","slug":"poster-of-oleron-elevation-map","status":"publish","type":"product","link":"https:\/\/mapospheres.eu\/fr\/product\/poster-de-l-ile-doleron-france-carte-d-altitude\/","title":{"rendered":"Poster de l'\u00cele d'Ol\u00e9ron, France | Carte d'altitude"},"content":{"rendered":"<p><strong>Poster Carte d&rsquo;altitude de l&rsquo;\u00cele d&rsquo;Ol\u00e9ron, France : cette carte de l&rsquo;\u00cele d&rsquo;Ol\u00e9ron offre une vue fascinante de l&rsquo;une des \u00eeles c\u00f4ti\u00e8res les plus charmantes et diversifi\u00e9es de France.<\/strong><\/p>\n<p>Situ\u00e9e au large de la c\u00f4te ouest de la France, pr\u00e8s de La Rochelle, Ol\u00e9ron est connue pour son m\u00e9lange de collines douces, de plages vastes et de riche histoire maritime. Le map affiche magnifiquement le terrain vari\u00e9 de l&rsquo;\u00eele, avec ses pentes douces et ses zones \u00e9lev\u00e9es telles que les collines bois\u00e9es au nord et les dunes escarp\u00e9es le long des c\u00f4tes m\u00e9ridionales. C\u2019est un lieu o\u00f9 la terre monte et descend en vagues subtiles, invitant \u00e0 la curiosit\u00e9 sur ce qui se cache au-del\u00e0 du prochain virage de la c\u00f4te. Au c\u0153ur du map, vous pouvez suivre les contours des c\u00e9l\u00e8bres marais salants de l&rsquo;\u00eele, qui ont fa\u00e7onn\u00e9 son \u00e9conomie et son histoire pendant des si\u00e8cles. Ces marais, riches en flore et faune, ajoutent \u00e9galement une touche \u00e9l\u00e9gante au design du map, leurs \u00e9tendues basses contrastant avec les points plus \u00e9lev\u00e9s du terrain. Les for\u00eats denses de l&rsquo;\u00eele, en particulier la magnifique For\u00eat de la Coubre, se distinguent par des nuances de vert, offrant une \u00e9chapp\u00e9e paisible dans la nature. Non loin des for\u00eats, le c\u00e9l\u00e8bre phare de Chassiron marque l&rsquo;extr\u00e9mit\u00e9 nord de l&rsquo;\u00eele, un guide fiable pour les marins dans les eaux tumultueuses de l&rsquo;Atlantique. L&rsquo;histoire longue de l&rsquo;\u00cele d&rsquo;Ol\u00e9ron en tant que refuge pour les pirates, commer\u00e7ants et p\u00eacheurs est inscrite dans la terre elle-m\u00eame, des charmants vieux villages aux fortifications \u00e9parses. Le map met en valeur les collines douces et les falaises en bord de mer o\u00f9 les r\u00e9cits d\u2019aventures maritimes sont encore chuchot\u00e9s par le vent.<\/p>\n","protected":false},"excerpt":{"rendered":"<p>Obtenez ce Poster Carte d&rsquo;altitude de l&rsquo;\u00cele d&rsquo;Ol\u00e9ron, France, en tant que carte murale. Vous pouvez choisir la taille ou le design de votre carte !<\/p>\n","protected":false},"featured_media":15081,"template":"","meta":{"_uag_custom_page_level_css":"","_monsterinsights_skip_tracking":false,"_monsterinsights_sitenote_active":false,"_monsterinsights_sitenote_note":"","_monsterinsights_sitenote_category":0,"site-sidebar-layout":"default","site-content-layout":"","ast-site-content-layout":"default","site-content-style":"default","site-sidebar-style":"default","ast-global-header-display":"","ast-banner-title-visibility":"","ast-main-header-display":"","ast-hfb-above-header-display":"","ast-hfb-below-header-display":"","ast-hfb-mobile-header-display":"","site-post-title":"","ast-breadcrumbs-content":"","ast-featured-img":"","footer-sml-layout":"","ast-disable-related-posts":"","theme-transparent-header-meta":"default","adv-header-id-meta":"","stick-header-meta":"","header-above-stick-meta":"","header-main-stick-meta":"","header-below-stick-meta":"","astra-migrate-meta-layouts":"set","ast-page-background-enabled":"default","ast-page-background-meta":{"desktop":{"background-color":"","background-image":"","background-repeat":"repeat","background-position":"center center","background-size":"auto","background-attachment":"scroll","background-type":"","background-media":"","overlay-type":"","overlay-color":"","overlay-opacity":"","overlay-gradient":""},"tablet":{"background-color":"","background-image":"","background-repeat":"repeat","background-position":"center center","background-size":"auto","background-attachment":"scroll","background-type":"","background-media":"","overlay-type":"","overlay-color":"","overlay-opacity":"","overlay-gradient":""},"mobile":{"background-color":"","background-image":"","background-repeat":"repeat","background-position":"center center","background-size":"auto","background-attachment":"scroll","background-type":"","background-media":"","overlay-type":"","overlay-color":"","overlay-opacity":"","overlay-gradient":""}},"ast-content-background-meta":{"desktop":{"background-color":"var(--ast-global-color-5)","background-image":"","background-repeat":"repeat","background-position":"center center","background-size":"auto","background-attachment":"scroll","background-type":"","background-media":"","overlay-type":"","overlay-color":"","overlay-opacity":"","overlay-gradient":""},"tablet":{"background-color":"var(--ast-global-color-5)","background-image":"","background-repeat":"repeat","background-position":"center center","background-size":"auto","background-attachment":"scroll","background-type":"","background-media":"","overlay-type":"","overlay-color":"","overlay-opacity":"","overlay-gradient":""},"mobile":{"background-color":"var(--ast-global-color-5)","background-image":"","background-repeat":"repeat","background-position":"center center","background-size":"auto","background-attachment":"scroll","background-type":"","background-media":"","overlay-type":"","overlay-color":"","overlay-opacity":"","overlay-gradient":""}}},"product_brand":[],"product_cat":[90,464],"product_tag":[34,35,36,39,92,93,100,622,623],"class_list":{"0":"post-14753","1":"product","2":"type-product","3":"status-publish","4":"has-post-thumbnail","6":"product_cat-elevation-maps","7":"product_cat-featured_fr","8":"product_tag-30x40","9":"product_tag-40x50","10":"product_tag-50x70","11":"product_tag-canvas","12":"product_tag-elevation-map","13":"product_tag-europe","14":"product_tag-france","15":"product_tag-ile-doleron","16":"product_tag-oleron","17":"desktop-align-left","18":"tablet-align-left","19":"mobile-align-left","21":"first","22":"instock","23":"shipping-taxable","24":"purchasable","25":"product-type-variable"},"aioseo_notices":[],"uagb_featured_image_src":{"full":["https:\/\/mapospheres.eu\/wp-content\/uploads\/2026\/02\/Z21_NIGHT_FULL_-3.jpg",1000,1000,false],"thumbnail":["https:\/\/mapospheres.eu\/wp-content\/uploads\/2026\/02\/Z21_NIGHT_FULL_-3-150x150.jpg",150,150,true],"medium":["https:\/\/mapospheres.eu\/wp-content\/uploads\/2026\/02\/Z21_NIGHT_FULL_-3-300x300.jpg",300,300,true],"medium_large":["https:\/\/mapospheres.eu\/wp-content\/uploads\/2026\/02\/Z21_NIGHT_FULL_-3-768x768.jpg",768,768,true],"large":["https:\/\/mapospheres.eu\/wp-content\/uploads\/2026\/02\/Z21_NIGHT_FULL_-3.jpg",1000,1000,false],"1536x1536":["https:\/\/mapospheres.eu\/wp-content\/uploads\/2026\/02\/Z21_NIGHT_FULL_-3.jpg",1000,1000,false],"2048x2048":["https:\/\/mapospheres.eu\/wp-content\/uploads\/2026\/02\/Z21_NIGHT_FULL_-3.jpg",1000,1000,false],"woocommerce_thumbnail":["https:\/\/mapospheres.eu\/wp-content\/uploads\/2026\/02\/Z21_NIGHT_FULL_-3-300x300.jpg",300,300,true],"woocommerce_single":["https:\/\/mapospheres.eu\/wp-content\/uploads\/2026\/02\/Z21_NIGHT_FULL_-3-600x600.jpg",600,600,true],"woocommerce_gallery_thumbnail":["https:\/\/mapospheres.eu\/wp-content\/uploads\/2026\/02\/Z21_NIGHT_FULL_-3-100x100.jpg",100,100,true]},"uagb_author_info":{"display_name":"sgainot04@gmail.com","author_link":"https:\/\/mapospheres.eu\/fr\/author\/"},"uagb_comment_info":0,"uagb_excerpt":"Obtenez ce Poster Carte d'altitude de l'\u00cele d'Ol\u00e9ron, France, en tant que carte murale. Vous pouvez choisir la taille ou le design de votre carte !","_links":{"self":[{"href":"https:\/\/mapospheres.eu\/fr\/wp-json\/wp\/v2\/product\/14753","targetHints":{"allow":["GET"]}}],"collection":[{"href":"https:\/\/mapospheres.eu\/fr\/wp-json\/wp\/v2\/product"}],"about":[{"href":"https:\/\/mapospheres.eu\/fr\/wp-json\/wp\/v2\/types\/product"}],"wp:featuredmedia":[{"embeddable":true,"href":"https:\/\/mapospheres.eu\/fr\/wp-json\/wp\/v2\/media\/15081"}],"wp:attachment":[{"href":"https:\/\/mapospheres.eu\/fr\/wp-json\/wp\/v2\/media?parent=14753"}],"wp:term":[{"taxonomy":"product_brand","embeddable":true,"href":"https:\/\/mapospheres.eu\/fr\/wp-json\/wp\/v2\/product_brand?post=14753"},{"taxonomy":"product_cat","embeddable":true,"href":"https:\/\/mapospheres.eu\/fr\/wp-json\/wp\/v2\/product_cat?post=14753"},{"taxonomy":"product_tag","embeddable":true,"href":"https:\/\/mapospheres.eu\/fr\/wp-json\/wp\/v2\/product_tag?post=14753"}],"curies":[{"name":"wp","href":"https:\/\/api.w.org\/{rel}","templated":true}]}}