{"id":14755,"date":"2026-02-12T14:55:35","date_gmt":"2026-02-12T14:55:35","guid":{"rendered":"https:\/\/mapospheres.eu\/product\/poster-of-christchurch-new-zealand\/"},"modified":"2026-02-19T08:51:09","modified_gmt":"2026-02-19T08:51:09","slug":"poster-of-christchurch-new-zealand","status":"publish","type":"product","link":"https:\/\/mapospheres.eu\/fr\/product\/poster-de-christchurch-nouvelle-zelande\/","title":{"rendered":"Poster de Christchurch | Nouvelle-Z\u00e9lande"},"content":{"rendered":"<p><strong>Poster City map de Christchurch, Nouvelle-Z\u00e9lande : La ville est souvent surnomm\u00e9e la \u00ab\u00a0Garden City\u00a0\u00bb, et ce map rend certainement justice \u00e0 cette r\u00e9putation.<\/strong><\/p>\n<p>Christchurch, en Nouvelle-Z\u00e9lande, est une ville o\u00f9 la nature et la vie urbaine s\u2019entrelacent d\u2019une mani\u00e8re que seule une \u00eele comme l\u2019\u00cele du Sud pourrait offrir. Ce map pr\u00e9sente la g\u00e9ographie unique de la ville, avec la rivi\u00e8re Avon serpentant doucement en son c\u0153ur comme un ruban, contournant des rues bord\u00e9es d\u2019arbres et des parcs. Autour de cette vaste plaine se dressent les Alpes du Sud, qui s\u2019\u00e9l\u00e8vent majestueusement au loin, projetant leur ombre sur la ville et rappelant \u00e0 tous ses habitants la beaut\u00e9 sauvage juste au-del\u00e0 de l\u2019\u00e9talement urbain. Le terrain lui-m\u00eame est un m\u00e9lange de plaines plates et de quelques \u00e9l\u00e9vations, comme les Port Hills, offrant des vues panoramiques sur la ville, les plaines environnantes et les montagnes lointaines. Depuis les collines, on peut retracer les chemins qui ont conduit les colons ici depuis le XIXe si\u00e8cle, depuis l\u2019arriv\u00e9e des Britanniques au milieu des ann\u00e9es 1800 jusqu\u2019au centre cosmopolite moderne qu\u2019elle est devenue.<\/p>\n<p>Les espaces verts, cependant, sont l\u00e0 o\u00f9 Christchurch brille vraiment. Le vaste Hagley Park, en plein centre, est une oasis de verdure au milieu du paysage urbain, avec ses pelouses \u00e9tendues, ses arbres matures et ses \u00e9tangs paisibles. Les jardins botaniques \u00e0 proximit\u00e9 offrent un refuge tranquille, tout comme les nombreux petits parcs diss\u00e9min\u00e9s dans la ville. M\u00eame les rues elles-m\u00eames sont bord\u00e9es d\u2019une impressionnante vari\u00e9t\u00e9 d\u2019arbres, des ch\u00eanes imposants aux floraisons color\u00e9es du printemps. Les monuments tels que la saisissante Cath\u00e9drale de Christchurch, bien que toujours en reconstruction apr\u00e8s le tremblement de terre de 2011, se dressent fi\u00e8rement en son centre, tandis que les rues anim\u00e9es autour bourdonnent de vie moderne. Le map capture \u00e9galement la sc\u00e8ne culturelle vibrante et en pleine croissance, avec des quartiers comme l\u2019Arts Centre et le Riverside Market qui ajoutent du caract\u00e8re au c\u0153ur de la ville. Ce map de Christchurch ne se contente pas de montrer le territoire \u2014 il raconte l\u2019histoire d\u2019une ville qui a travers\u00e9 des tremblements de terre, au sens propre comme au figur\u00e9, et qui est devenue encore plus belle dans le processus. C\u2019est une ville o\u00f9 la nature est toujours \u00e0 port\u00e9e de main et o\u00f9 l\u2019histoire est vivante dans les rues. Que vous soyez un habitant ou simplement admirateur du charme de l\u2019\u00cele du Sud, ce map apportera l\u2019esprit unique de Christchurch dans votre maison, offrant un voyage visuel \u00e0 travers son pass\u00e9 et son pr\u00e9sent.<\/p>\n","protected":false},"excerpt":{"rendered":"<p>Obtenez une City Map \u2013 Carte de ville murale &#8211; imprim\u00e9e de la ville de Christchurch, Nouvelle-Z\u00e9lande.<br \/>\nChoisissez ci-dessous la taille, la couleur et le design de votre carte !<\/p>\n","protected":false},"featured_media":15053,"template":"","meta":{"_uag_custom_page_level_css":"","_monsterinsights_skip_tracking":false,"_monsterinsights_sitenote_active":false,"_monsterinsights_sitenote_note":"","_monsterinsights_sitenote_category":0,"site-sidebar-layout":"default","site-content-layout":"","ast-site-content-layout":"default","site-content-style":"default","site-sidebar-style":"default","ast-global-header-display":"","ast-banner-title-visibility":"","ast-main-header-display":"","ast-hfb-above-header-display":"","ast-hfb-below-header-display":"","ast-hfb-mobile-header-display":"","site-post-title":"","ast-breadcrumbs-content":"","ast-featured-img":"","footer-sml-layout":"","ast-disable-related-posts":"","theme-transparent-header-meta":"default","adv-header-id-meta":"","stick-header-meta":"","header-above-stick-meta":"","header-main-stick-meta":"","header-below-stick-meta":"","astra-migrate-meta-layouts":"set","ast-page-background-enabled":"default","ast-page-background-meta":{"desktop":{"background-color":"","background-image":"","background-repeat":"repeat","background-position":"center center","background-size":"auto","background-attachment":"scroll","background-type":"","background-media":"","overlay-type":"","overlay-color":"","overlay-opacity":"","overlay-gradient":""},"tablet":{"background-color":"","background-image":"","background-repeat":"repeat","background-position":"center center","background-size":"auto","background-attachment":"scroll","background-type":"","background-media":"","overlay-type":"","overlay-color":"","overlay-opacity":"","overlay-gradient":""},"mobile":{"background-color":"","background-image":"","background-repeat":"repeat","background-position":"center center","background-size":"auto","background-attachment":"scroll","background-type":"","background-media":"","overlay-type":"","overlay-color":"","overlay-opacity":"","overlay-gradient":""}},"ast-content-background-meta":{"desktop":{"background-color":"var(--ast-global-color-5)","background-image":"","background-repeat":"repeat","background-position":"center center","background-size":"auto","background-attachment":"scroll","background-type":"","background-media":"","overlay-type":"","overlay-color":"","overlay-opacity":"","overlay-gradient":""},"tablet":{"background-color":"var(--ast-global-color-5)","background-image":"","background-repeat":"repeat","background-position":"center center","background-size":"auto","background-attachment":"scroll","background-type":"","background-media":"","overlay-type":"","overlay-color":"","overlay-opacity":"","overlay-gradient":""},"mobile":{"background-color":"var(--ast-global-color-5)","background-image":"","background-repeat":"repeat","background-position":"center center","background-size":"auto","background-attachment":"scroll","background-type":"","background-media":"","overlay-type":"","overlay-color":"","overlay-opacity":"","overlay-gradient":""}}},"product_brand":[],"product_cat":[18,338],"product_tag":[34,35,36,37,39,624,40,393,334],"class_list":{"0":"post-14755","1":"product","2":"type-product","3":"status-publish","4":"has-post-thumbnail","6":"product_cat-city-maps","7":"product_cat-featured_eng","8":"product_tag-30x40","9":"product_tag-40x50","10":"product_tag-50x70","11":"product_tag-70x100","12":"product_tag-canvas","13":"product_tag-christchurch","14":"product_tag-city-map","15":"product_tag-new-zealand","16":"product_tag-oceania","17":"desktop-align-left","18":"tablet-align-left","19":"mobile-align-left","21":"first","22":"instock","23":"shipping-taxable","24":"purchasable","25":"product-type-variable"},"aioseo_notices":[],"uagb_featured_image_src":{"full":["https:\/\/mapospheres.eu\/wp-content\/uploads\/2026\/02\/CANVAS_14_NIGHTROUND_4_CHRISTCHURCH.jpg",1000,1000,false],"thumbnail":["https:\/\/mapospheres.eu\/wp-content\/uploads\/2026\/02\/CANVAS_14_NIGHTROUND_4_CHRISTCHURCH-150x150.jpg",150,150,true],"medium":["https:\/\/mapospheres.eu\/wp-content\/uploads\/2026\/02\/CANVAS_14_NIGHTROUND_4_CHRISTCHURCH-300x300.jpg",300,300,true],"medium_large":["https:\/\/mapospheres.eu\/wp-content\/uploads\/2026\/02\/CANVAS_14_NIGHTROUND_4_CHRISTCHURCH-768x768.jpg",768,768,true],"large":["https:\/\/mapospheres.eu\/wp-content\/uploads\/2026\/02\/CANVAS_14_NIGHTROUND_4_CHRISTCHURCH.jpg",1000,1000,false],"1536x1536":["https:\/\/mapospheres.eu\/wp-content\/uploads\/2026\/02\/CANVAS_14_NIGHTROUND_4_CHRISTCHURCH.jpg",1000,1000,false],"2048x2048":["https:\/\/mapospheres.eu\/wp-content\/uploads\/2026\/02\/CANVAS_14_NIGHTROUND_4_CHRISTCHURCH.jpg",1000,1000,false],"woocommerce_thumbnail":["https:\/\/mapospheres.eu\/wp-content\/uploads\/2026\/02\/CANVAS_14_NIGHTROUND_4_CHRISTCHURCH-300x300.jpg",300,300,true],"woocommerce_single":["https:\/\/mapospheres.eu\/wp-content\/uploads\/2026\/02\/CANVAS_14_NIGHTROUND_4_CHRISTCHURCH-600x600.jpg",600,600,true],"woocommerce_gallery_thumbnail":["https:\/\/mapospheres.eu\/wp-content\/uploads\/2026\/02\/CANVAS_14_NIGHTROUND_4_CHRISTCHURCH-100x100.jpg",100,100,true]},"uagb_author_info":{"display_name":"sgainot04@gmail.com","author_link":"https:\/\/mapospheres.eu\/fr\/author\/"},"uagb_comment_info":0,"uagb_excerpt":"Obtenez une City Map \u2013 Carte de ville murale - imprim\u00e9e de la ville de Christchurch, Nouvelle-Z\u00e9lande. Choisissez ci-dessous la taille, la couleur et le design de votre carte !","_links":{"self":[{"href":"https:\/\/mapospheres.eu\/fr\/wp-json\/wp\/v2\/product\/14755","targetHints":{"allow":["GET"]}}],"collection":[{"href":"https:\/\/mapospheres.eu\/fr\/wp-json\/wp\/v2\/product"}],"about":[{"href":"https:\/\/mapospheres.eu\/fr\/wp-json\/wp\/v2\/types\/product"}],"wp:featuredmedia":[{"embeddable":true,"href":"https:\/\/mapospheres.eu\/fr\/wp-json\/wp\/v2\/media\/15053"}],"wp:attachment":[{"href":"https:\/\/mapospheres.eu\/fr\/wp-json\/wp\/v2\/media?parent=14755"}],"wp:term":[{"taxonomy":"product_brand","embeddable":true,"href":"https:\/\/mapospheres.eu\/fr\/wp-json\/wp\/v2\/product_brand?post=14755"},{"taxonomy":"product_cat","embeddable":true,"href":"https:\/\/mapospheres.eu\/fr\/wp-json\/wp\/v2\/product_cat?post=14755"},{"taxonomy":"product_tag","embeddable":true,"href":"https:\/\/mapospheres.eu\/fr\/wp-json\/wp\/v2\/product_tag?post=14755"}],"curies":[{"name":"wp","href":"https:\/\/api.w.org\/{rel}","templated":true}]}}