{"id":14756,"date":"2026-02-12T14:55:41","date_gmt":"2026-02-12T14:55:41","guid":{"rendered":"https:\/\/mapospheres.eu\/product\/poster-of-monterey-california\/"},"modified":"2026-02-16T14:04:18","modified_gmt":"2026-02-16T14:04:18","slug":"poster-of-monterey-california","status":"publish","type":"product","link":"https:\/\/mapospheres.eu\/fr\/product\/poster-de-monterrey-californie-us\/","title":{"rendered":"Poster de Monterrey | Californie, US"},"content":{"rendered":"<p><strong>Poster City map de Monterrey, Californie : c\u2019est une ville o\u00f9 la terre et la mer se rencontrent dans une danse aussi ancienne que le temps.<\/strong><\/p>\n<p>Ce map vous invite \u00e0 suivre les m\u00e9andres de sa c\u00f4te, o\u00f9 l\u2019oc\u00e9an Pacifique se heurte aux falaises escarp\u00e9es et s\u2019\u00e9tend jusqu\u2019\u00e0 l\u2019horizon. Le terrain ici est un m\u00e9lange de collines ondulantes et de beaut\u00e9 c\u00f4ti\u00e8re, avec l\u2019embl\u00e9matique p\u00e9ninsule de Monterey s\u2019avan\u00e7ant comme un doigt vers l\u2019oc\u00e9an. Le map met en valeur les bords escarp\u00e9s et rocheux de Point Lobos et les douces pentes de la vall\u00e9e de Carmel, r\u00e9v\u00e9lant le charme topographique de la ville. Nich\u00e9e le long de cette c\u00f4te dramatique se trouve la ville historique de Monterey, autrefois capitale de la Haute-Californie et t\u00e9moin d\u2019une histoire color\u00e9e de colons espagnols, de rancheros mexicains et de pionniers am\u00e9ricains. C\u2019est ici, en 1846, que le drapeau am\u00e9ricain a \u00e9t\u00e9 hiss\u00e9 pour la premi\u00e8re fois en Californie \u2014 un \u00e9v\u00e9nement qui r\u00e9sonne encore dans les rues de la ville. Le map capture cette riche histoire, du vieux Presidio \u00e0 la c\u00e9l\u00e8bre Cannery Row, autrefois c\u0153ur de l\u2019industrie sardini\u00e8re et immortalis\u00e9e par la plume de John Steinbeck. Des espaces verts ponctuent le map, de la paisible for\u00eat de Del Monte, avec ses arbres imposants et ses sentiers sinueux, aux pelouses soigneusement entretenues du Monterey Peninsula Country Club. Et n\u2019oublions pas les dunes enchanteresses et balay\u00e9es par le vent de la plage de Carmel toute proche, o\u00f9 le littoral devient dor\u00e9 et doux sous les pieds. Ce map offre un aper\u00e7u de Monterey capable de donner vie \u00e0 n\u2019importe quel mur, \u00e9voquant des souvenirs du pass\u00e9 tout en c\u00e9l\u00e9brant la beaut\u00e9 du pr\u00e9sent.<\/p>\n","protected":false},"excerpt":{"rendered":"<p>Obtenez une City Map \u2013 Carte de ville murale &#8211; imprim\u00e9e de la ville de Monterrey, Californie, US.<br \/>\nChoisissez ci-dessous la taille, la couleur et le design de votre carte !<\/p>\n","protected":false},"featured_media":14813,"template":"","meta":{"_uag_custom_page_level_css":"","_monsterinsights_skip_tracking":false,"_monsterinsights_sitenote_active":false,"_monsterinsights_sitenote_note":"","_monsterinsights_sitenote_category":0,"site-sidebar-layout":"default","site-content-layout":"","ast-site-content-layout":"default","site-content-style":"default","site-sidebar-style":"default","ast-global-header-display":"","ast-banner-title-visibility":"","ast-main-header-display":"","ast-hfb-above-header-display":"","ast-hfb-below-header-display":"","ast-hfb-mobile-header-display":"","site-post-title":"","ast-breadcrumbs-content":"","ast-featured-img":"","footer-sml-layout":"","ast-disable-related-posts":"","theme-transparent-header-meta":"default","adv-header-id-meta":"","stick-header-meta":"","header-above-stick-meta":"","header-main-stick-meta":"","header-below-stick-meta":"","astra-migrate-meta-layouts":"set","ast-page-background-enabled":"default","ast-page-background-meta":{"desktop":{"background-color":"","background-image":"","background-repeat":"repeat","background-position":"center center","background-size":"auto","background-attachment":"scroll","background-type":"","background-media":"","overlay-type":"","overlay-color":"","overlay-opacity":"","overlay-gradient":""},"tablet":{"background-color":"","background-image":"","background-repeat":"repeat","background-position":"center center","background-size":"auto","background-attachment":"scroll","background-type":"","background-media":"","overlay-type":"","overlay-color":"","overlay-opacity":"","overlay-gradient":""},"mobile":{"background-color":"","background-image":"","background-repeat":"repeat","background-position":"center center","background-size":"auto","background-attachment":"scroll","background-type":"","background-media":"","overlay-type":"","overlay-color":"","overlay-opacity":"","overlay-gradient":""}},"ast-content-background-meta":{"desktop":{"background-color":"var(--ast-global-color-5)","background-image":"","background-repeat":"repeat","background-position":"center center","background-size":"auto","background-attachment":"scroll","background-type":"","background-media":"","overlay-type":"","overlay-color":"","overlay-opacity":"","overlay-gradient":""},"tablet":{"background-color":"var(--ast-global-color-5)","background-image":"","background-repeat":"repeat","background-position":"center center","background-size":"auto","background-attachment":"scroll","background-type":"","background-media":"","overlay-type":"","overlay-color":"","overlay-opacity":"","overlay-gradient":""},"mobile":{"background-color":"var(--ast-global-color-5)","background-image":"","background-repeat":"repeat","background-position":"center center","background-size":"auto","background-attachment":"scroll","background-type":"","background-media":"","overlay-type":"","overlay-color":"","overlay-opacity":"","overlay-gradient":""}}},"product_brand":[],"product_cat":[18],"product_tag":[34,35,36,37,616,39,40,617,167,168],"class_list":{"0":"post-14756","1":"product","2":"type-product","3":"status-publish","4":"has-post-thumbnail","6":"product_cat-city-maps","7":"product_tag-30x40","8":"product_tag-40x50","9":"product_tag-50x70","10":"product_tag-70x100","11":"product_tag-california","12":"product_tag-canvas","13":"product_tag-city-map","14":"product_tag-monterey","15":"product_tag-united-states","16":"product_tag-us","17":"desktop-align-left","18":"tablet-align-left","19":"mobile-align-left","21":"first","22":"instock","23":"shipping-taxable","24":"purchasable","25":"product-type-variable"},"aioseo_notices":[],"uagb_featured_image_src":{"full":["https:\/\/mapospheres.eu\/wp-content\/uploads\/2026\/02\/Z21_NIGHT_FULL__MONTERREY.jpg",1000,1000,false],"thumbnail":["https:\/\/mapospheres.eu\/wp-content\/uploads\/2026\/02\/Z21_NIGHT_FULL__MONTERREY-150x150.jpg",150,150,true],"medium":["https:\/\/mapospheres.eu\/wp-content\/uploads\/2026\/02\/Z21_NIGHT_FULL__MONTERREY-300x300.jpg",300,300,true],"medium_large":["https:\/\/mapospheres.eu\/wp-content\/uploads\/2026\/02\/Z21_NIGHT_FULL__MONTERREY-768x768.jpg",768,768,true],"large":["https:\/\/mapospheres.eu\/wp-content\/uploads\/2026\/02\/Z21_NIGHT_FULL__MONTERREY.jpg",1000,1000,false],"1536x1536":["https:\/\/mapospheres.eu\/wp-content\/uploads\/2026\/02\/Z21_NIGHT_FULL__MONTERREY.jpg",1000,1000,false],"2048x2048":["https:\/\/mapospheres.eu\/wp-content\/uploads\/2026\/02\/Z21_NIGHT_FULL__MONTERREY.jpg",1000,1000,false],"woocommerce_thumbnail":["https:\/\/mapospheres.eu\/wp-content\/uploads\/2026\/02\/Z21_NIGHT_FULL__MONTERREY-300x300.jpg",300,300,true],"woocommerce_single":["https:\/\/mapospheres.eu\/wp-content\/uploads\/2026\/02\/Z21_NIGHT_FULL__MONTERREY-600x600.jpg",600,600,true],"woocommerce_gallery_thumbnail":["https:\/\/mapospheres.eu\/wp-content\/uploads\/2026\/02\/Z21_NIGHT_FULL__MONTERREY-100x100.jpg",100,100,true]},"uagb_author_info":{"display_name":"sgainot04@gmail.com","author_link":"https:\/\/mapospheres.eu\/fr\/author\/"},"uagb_comment_info":0,"uagb_excerpt":"Obtenez une City Map \u2013 Carte de ville murale - imprim\u00e9e de la ville de Monterrey, Californie, US. Choisissez ci-dessous la taille, la couleur et le design de votre carte !","_links":{"self":[{"href":"https:\/\/mapospheres.eu\/fr\/wp-json\/wp\/v2\/product\/14756","targetHints":{"allow":["GET"]}}],"collection":[{"href":"https:\/\/mapospheres.eu\/fr\/wp-json\/wp\/v2\/product"}],"about":[{"href":"https:\/\/mapospheres.eu\/fr\/wp-json\/wp\/v2\/types\/product"}],"wp:featuredmedia":[{"embeddable":true,"href":"https:\/\/mapospheres.eu\/fr\/wp-json\/wp\/v2\/media\/14813"}],"wp:attachment":[{"href":"https:\/\/mapospheres.eu\/fr\/wp-json\/wp\/v2\/media?parent=14756"}],"wp:term":[{"taxonomy":"product_brand","embeddable":true,"href":"https:\/\/mapospheres.eu\/fr\/wp-json\/wp\/v2\/product_brand?post=14756"},{"taxonomy":"product_cat","embeddable":true,"href":"https:\/\/mapospheres.eu\/fr\/wp-json\/wp\/v2\/product_cat?post=14756"},{"taxonomy":"product_tag","embeddable":true,"href":"https:\/\/mapospheres.eu\/fr\/wp-json\/wp\/v2\/product_tag?post=14756"}],"curies":[{"name":"wp","href":"https:\/\/api.w.org\/{rel}","templated":true}]}}