{"id":14757,"date":"2026-02-12T14:55:48","date_gmt":"2026-02-12T14:55:48","guid":{"rendered":"https:\/\/mapospheres.eu\/product\/poster-of-alexandria-egypt\/"},"modified":"2026-02-16T14:03:24","modified_gmt":"2026-02-16T14:03:24","slug":"poster-of-alexandria-egypt","status":"publish","type":"product","link":"https:\/\/mapospheres.eu\/fr\/product\/poster-d-alexandrie-egypte\/","title":{"rendered":"Poster d'Alexandrie | \u00c9gypte"},"content":{"rendered":"<p><strong>Poster City map de Alexandrie, \u00c9gypte : Ses ruines ont peut-\u00eatre sombr\u00e9 dans la mer, mais son h\u00e9ritage est grav\u00e9 dans les contours de la ville.<\/strong><\/p>\n<p>Situ\u00e9e sur la c\u00f4te m\u00e9diterran\u00e9enne, Alexandrie, \u00c9gypte, est une ville o\u00f9 l\u2019histoire ancienne rencontre la vie moderne vibrante, et son map capture l\u2019essence de cette fusion intemporelle. Le map pr\u00e9sente l\u2019agencement naturel de la ville, \u00e9pousant gracieusement la ligne c\u00f4ti\u00e8re avec les eaux de la M\u00e9diterran\u00e9e, tandis que ses rues \u00e9tendues r\u00e9v\u00e8lent une ville fa\u00e7onn\u00e9e \u00e0 la fois par la nature et par la main de l\u2019homme. Le terrain, avec ses l\u00e9gers changements d&rsquo;altitude, invite l&rsquo;\u0153il \u00e0 errer \u00e0 travers les collines qui s\u2019\u00e9l\u00e8vent doucement, menant vers le c\u00e9l\u00e8bre palais Montaza et ses vastes jardins, un joyau vert \u00e0 la lisi\u00e8re de la ville. Un r\u00e9seau dense de rues, autrefois trac\u00e9 par les Ptol\u00e9m\u00e9es, porte les marques de la gloire antique d&rsquo;Alexandrie, de la majestueuse biblioth\u00e8que d\u2019Alexandrie (aujourd\u2019hui disparue mais toujours \u00e9voqu\u00e9e dans la brise) aux vestiges du phare d\u2019Alexandrie, l\u2019une des Sept Merveilles du Monde Antique. Des espaces verts comme la sereine corniche d&rsquo;Alexandrie, s\u2019\u00e9tendant le long du front de mer, offrent un contraste agr\u00e9able avec l\u2019\u00e9talement urbain. Parcs, jardins et avenues bord\u00e9es d\u2019arbres pars\u00e8ment le map, faisant d\u2019Alexandrie non seulement une m\u00e9tropole anim\u00e9e, mais aussi une ville qui sait prendre son temps, que ce soit \u00e0 l&rsquo;ombre d\u2019un palmier ou pr\u00e8s du calme de la M\u00e9diterran\u00e9e.<\/p>\n","protected":false},"excerpt":{"rendered":"<p>Obtenez une City Map \u2013 Carte de ville murale &#8211; imprim\u00e9e de la ville d&rsquo;Alexandrie, \u00c9gypte.<br \/>\nChoisissez ci-dessous la taille, la couleur et le design de votre carte !<\/p>\n","protected":false},"featured_media":14806,"template":"","meta":{"_uag_custom_page_level_css":"","_monsterinsights_skip_tracking":false,"_monsterinsights_sitenote_active":false,"_monsterinsights_sitenote_note":"","_monsterinsights_sitenote_category":0,"site-sidebar-layout":"default","site-content-layout":"","ast-site-content-layout":"default","site-content-style":"default","site-sidebar-style":"default","ast-global-header-display":"","ast-banner-title-visibility":"","ast-main-header-display":"","ast-hfb-above-header-display":"","ast-hfb-below-header-display":"","ast-hfb-mobile-header-display":"","site-post-title":"","ast-breadcrumbs-content":"","ast-featured-img":"","footer-sml-layout":"","ast-disable-related-posts":"","theme-transparent-header-meta":"default","adv-header-id-meta":"","stick-header-meta":"","header-above-stick-meta":"","header-main-stick-meta":"","header-below-stick-meta":"","astra-migrate-meta-layouts":"set","ast-page-background-enabled":"default","ast-page-background-meta":{"desktop":{"background-color":"","background-image":"","background-repeat":"repeat","background-position":"center center","background-size":"auto","background-attachment":"scroll","background-type":"","background-media":"","overlay-type":"","overlay-color":"","overlay-opacity":"","overlay-gradient":""},"tablet":{"background-color":"","background-image":"","background-repeat":"repeat","background-position":"center center","background-size":"auto","background-attachment":"scroll","background-type":"","background-media":"","overlay-type":"","overlay-color":"","overlay-opacity":"","overlay-gradient":""},"mobile":{"background-color":"","background-image":"","background-repeat":"repeat","background-position":"center center","background-size":"auto","background-attachment":"scroll","background-type":"","background-media":"","overlay-type":"","overlay-color":"","overlay-opacity":"","overlay-gradient":""}},"ast-content-background-meta":{"desktop":{"background-color":"var(--ast-global-color-5)","background-image":"","background-repeat":"repeat","background-position":"center center","background-size":"auto","background-attachment":"scroll","background-type":"","background-media":"","overlay-type":"","overlay-color":"","overlay-opacity":"","overlay-gradient":""},"tablet":{"background-color":"var(--ast-global-color-5)","background-image":"","background-repeat":"repeat","background-position":"center center","background-size":"auto","background-attachment":"scroll","background-type":"","background-media":"","overlay-type":"","overlay-color":"","overlay-opacity":"","overlay-gradient":""},"mobile":{"background-color":"var(--ast-global-color-5)","background-image":"","background-repeat":"repeat","background-position":"center center","background-size":"auto","background-attachment":"scroll","background-type":"","background-media":"","overlay-type":"","overlay-color":"","overlay-opacity":"","overlay-gradient":""}}},"product_brand":[],"product_cat":[18],"product_tag":[34,35,36,37,97,615,39,40,120],"class_list":{"0":"post-14757","1":"product","2":"type-product","3":"status-publish","4":"has-post-thumbnail","6":"product_cat-city-maps","7":"product_tag-30x40","8":"product_tag-40x50","9":"product_tag-50x70","10":"product_tag-70x100","11":"product_tag-africa","12":"product_tag-alexandria","13":"product_tag-canvas","14":"product_tag-city-map","15":"product_tag-egypt","16":"desktop-align-left","17":"tablet-align-left","18":"mobile-align-left","20":"first","21":"instock","22":"shipping-taxable","23":"purchasable","24":"product-type-variable"},"aioseo_notices":[],"uagb_featured_image_src":{"full":["https:\/\/mapospheres.eu\/wp-content\/uploads\/2026\/02\/CANVAS_16_BWROUND_2ND_6_ALEXANDRIA.jpg",1000,1000,false],"thumbnail":["https:\/\/mapospheres.eu\/wp-content\/uploads\/2026\/02\/CANVAS_16_BWROUND_2ND_6_ALEXANDRIA-150x150.jpg",150,150,true],"medium":["https:\/\/mapospheres.eu\/wp-content\/uploads\/2026\/02\/CANVAS_16_BWROUND_2ND_6_ALEXANDRIA-300x300.jpg",300,300,true],"medium_large":["https:\/\/mapospheres.eu\/wp-content\/uploads\/2026\/02\/CANVAS_16_BWROUND_2ND_6_ALEXANDRIA-768x768.jpg",768,768,true],"large":["https:\/\/mapospheres.eu\/wp-content\/uploads\/2026\/02\/CANVAS_16_BWROUND_2ND_6_ALEXANDRIA.jpg",1000,1000,false],"1536x1536":["https:\/\/mapospheres.eu\/wp-content\/uploads\/2026\/02\/CANVAS_16_BWROUND_2ND_6_ALEXANDRIA.jpg",1000,1000,false],"2048x2048":["https:\/\/mapospheres.eu\/wp-content\/uploads\/2026\/02\/CANVAS_16_BWROUND_2ND_6_ALEXANDRIA.jpg",1000,1000,false],"woocommerce_thumbnail":["https:\/\/mapospheres.eu\/wp-content\/uploads\/2026\/02\/CANVAS_16_BWROUND_2ND_6_ALEXANDRIA-300x300.jpg",300,300,true],"woocommerce_single":["https:\/\/mapospheres.eu\/wp-content\/uploads\/2026\/02\/CANVAS_16_BWROUND_2ND_6_ALEXANDRIA-600x600.jpg",600,600,true],"woocommerce_gallery_thumbnail":["https:\/\/mapospheres.eu\/wp-content\/uploads\/2026\/02\/CANVAS_16_BWROUND_2ND_6_ALEXANDRIA-100x100.jpg",100,100,true]},"uagb_author_info":{"display_name":"sgainot04@gmail.com","author_link":"https:\/\/mapospheres.eu\/fr\/author\/"},"uagb_comment_info":0,"uagb_excerpt":"Obtenez une City Map \u2013 Carte de ville murale - imprim\u00e9e de la ville d'Alexandrie, \u00c9gypte. Choisissez ci-dessous la taille, la couleur et le design de votre carte !","_links":{"self":[{"href":"https:\/\/mapospheres.eu\/fr\/wp-json\/wp\/v2\/product\/14757","targetHints":{"allow":["GET"]}}],"collection":[{"href":"https:\/\/mapospheres.eu\/fr\/wp-json\/wp\/v2\/product"}],"about":[{"href":"https:\/\/mapospheres.eu\/fr\/wp-json\/wp\/v2\/types\/product"}],"wp:featuredmedia":[{"embeddable":true,"href":"https:\/\/mapospheres.eu\/fr\/wp-json\/wp\/v2\/media\/14806"}],"wp:attachment":[{"href":"https:\/\/mapospheres.eu\/fr\/wp-json\/wp\/v2\/media?parent=14757"}],"wp:term":[{"taxonomy":"product_brand","embeddable":true,"href":"https:\/\/mapospheres.eu\/fr\/wp-json\/wp\/v2\/product_brand?post=14757"},{"taxonomy":"product_cat","embeddable":true,"href":"https:\/\/mapospheres.eu\/fr\/wp-json\/wp\/v2\/product_cat?post=14757"},{"taxonomy":"product_tag","embeddable":true,"href":"https:\/\/mapospheres.eu\/fr\/wp-json\/wp\/v2\/product_tag?post=14757"}],"curies":[{"name":"wp","href":"https:\/\/api.w.org\/{rel}","templated":true}]}}