{"id":14758,"date":"2026-02-12T14:55:52","date_gmt":"2026-02-12T14:55:52","guid":{"rendered":"https:\/\/mapospheres.eu\/product\/poster-of-cairo-egypt\/"},"modified":"2026-02-16T14:03:31","modified_gmt":"2026-02-16T14:03:31","slug":"poster-of-cairo-egypt","status":"publish","type":"product","link":"https:\/\/mapospheres.eu\/fr\/product\/poster-du-caire-egypte\/","title":{"rendered":"Poster du Caire | \u00c9gypte"},"content":{"rendered":"<p><strong>Poster City map du Caire, \u00c9gypte : un voyage visuel \u00e0 travers l\u2019une des plus anciennes villes du monde.<\/strong><\/p>\n<p>Le Caire, le c\u0153ur anim\u00e9 de l\u2019\u00c9gypte, se dresse comme une grande sc\u00e8ne \u00e0 la lisi\u00e8re du vaste d\u00e9sert, avec le intemporel fleuve Nil qui serpente doucement au centre de la ville. Le map du Caire met en valeur le fascinant contraste entre l\u2019histoire ancienne et la vie moderne, encadr\u00e9e par les courbes majestueuses du Nil et les sables dor\u00e9s du Sahara. \u00c0 l&rsquo;ouest, le terrain passe rapidement de l&rsquo;expansion urbaine au d\u00e9sert infini, tandis que les terres fertiles le long du fleuve ont soutenu la vie pendant des milliers d&rsquo;ann\u00e9es, offrant une distinction visuelle frappante entre la g\u00e9n\u00e9rosit\u00e9 de la nature et l&rsquo;\u00e9tendue aride au-del\u00e0. Au c\u0153ur du map, vous trouverez la c\u00e9l\u00e8bre grille de rues de la ville, qui se croisent \u00e0 des endroits o\u00f9 l\u2019histoire ancienne r\u00e9sonne encore. Des pyramides imposantes de Gizeh, juste \u00e0 l&rsquo;ext\u00e9rieur de la ville, aux remarquables temples et tombes qui pars\u00e8ment le paysage, le map capture les monuments intemporels qui ont fa\u00e7onn\u00e9 l\u2019identit\u00e9 du Caire. Les pyramides elles-m\u00eames, construites pour durer \u00e0 travers les \u00e2ges, se dressent comme des sentinelles silencieuses, visibles depuis une grande partie des environs, rappelant \u00e0 tous ceux qui passent par l\u00e0 une civilisation qui autrefois dominait le monde connu. L&rsquo;expansion urbaine du Caire est parsem\u00e9e d&rsquo;espaces verts, souvent des tr\u00e9sors cach\u00e9s au milieu de l&rsquo;agitation. Le c\u00e9l\u00e8bre parc Al-Azhar, avec ses jardins paisibles et ses vues imprenables sur le skyline du Caire, est un exemple de la mani\u00e8re dont la ville a r\u00e9ussi \u00e0 pr\u00e9server sa beaut\u00e9 naturelle malgr\u00e9 sa croissance rapide. Le map refl\u00e8te \u00e9galement les rives luxuriantes du Nil, o\u00f9 les palmiers-dattiers et les parcs occasionnels bordent les bords de l\u2019eau, offrant des refuges calmes loin de l&rsquo;effervescence urbaine.<\/p>\n","protected":false},"excerpt":{"rendered":"<p>Obtenez une City Map \u2013 Carte de ville murale &#8211; imprim\u00e9e de la ville du Caire, \u00c9gypte.<br \/>\nChoisissez ci-dessous la taille, la couleur et le design de votre carte !<\/p>\n","protected":false},"featured_media":14790,"template":"","meta":{"_uag_custom_page_level_css":"","_monsterinsights_skip_tracking":false,"_monsterinsights_sitenote_active":false,"_monsterinsights_sitenote_note":"","_monsterinsights_sitenote_category":0,"site-sidebar-layout":"default","site-content-layout":"","ast-site-content-layout":"default","site-content-style":"default","site-sidebar-style":"default","ast-global-header-display":"","ast-banner-title-visibility":"","ast-main-header-display":"","ast-hfb-above-header-display":"","ast-hfb-below-header-display":"","ast-hfb-mobile-header-display":"","site-post-title":"","ast-breadcrumbs-content":"","ast-featured-img":"","footer-sml-layout":"","ast-disable-related-posts":"","theme-transparent-header-meta":"default","adv-header-id-meta":"","stick-header-meta":"","header-above-stick-meta":"","header-main-stick-meta":"","header-below-stick-meta":"","astra-migrate-meta-layouts":"set","ast-page-background-enabled":"default","ast-page-background-meta":{"desktop":{"background-color":"","background-image":"","background-repeat":"repeat","background-position":"center center","background-size":"auto","background-attachment":"scroll","background-type":"","background-media":"","overlay-type":"","overlay-color":"","overlay-opacity":"","overlay-gradient":""},"tablet":{"background-color":"","background-image":"","background-repeat":"repeat","background-position":"center center","background-size":"auto","background-attachment":"scroll","background-type":"","background-media":"","overlay-type":"","overlay-color":"","overlay-opacity":"","overlay-gradient":""},"mobile":{"background-color":"","background-image":"","background-repeat":"repeat","background-position":"center center","background-size":"auto","background-attachment":"scroll","background-type":"","background-media":"","overlay-type":"","overlay-color":"","overlay-opacity":"","overlay-gradient":""}},"ast-content-background-meta":{"desktop":{"background-color":"var(--ast-global-color-5)","background-image":"","background-repeat":"repeat","background-position":"center center","background-size":"auto","background-attachment":"scroll","background-type":"","background-media":"","overlay-type":"","overlay-color":"","overlay-opacity":"","overlay-gradient":""},"tablet":{"background-color":"var(--ast-global-color-5)","background-image":"","background-repeat":"repeat","background-position":"center center","background-size":"auto","background-attachment":"scroll","background-type":"","background-media":"","overlay-type":"","overlay-color":"","overlay-opacity":"","overlay-gradient":""},"mobile":{"background-color":"var(--ast-global-color-5)","background-image":"","background-repeat":"repeat","background-position":"center center","background-size":"auto","background-attachment":"scroll","background-type":"","background-media":"","overlay-type":"","overlay-color":"","overlay-opacity":"","overlay-gradient":""}}},"product_brand":[],"product_cat":[18],"product_tag":[34,35,36,37,97,119,39,40,120],"class_list":{"0":"post-14758","1":"product","2":"type-product","3":"status-publish","4":"has-post-thumbnail","6":"product_cat-city-maps","7":"product_tag-30x40","8":"product_tag-40x50","9":"product_tag-50x70","10":"product_tag-70x100","11":"product_tag-africa","12":"product_tag-cairo","13":"product_tag-canvas","14":"product_tag-city-map","15":"product_tag-egypt","16":"desktop-align-left","17":"tablet-align-left","18":"mobile-align-left","20":"first","21":"instock","22":"shipping-taxable","23":"purchasable","24":"product-type-variable"},"aioseo_notices":[],"uagb_featured_image_src":{"full":["https:\/\/mapospheres.eu\/wp-content\/uploads\/2026\/02\/CANVAS_14_NIGHTROUND_4_CAIRO.jpg",1000,1000,false],"thumbnail":["https:\/\/mapospheres.eu\/wp-content\/uploads\/2026\/02\/CANVAS_14_NIGHTROUND_4_CAIRO-150x150.jpg",150,150,true],"medium":["https:\/\/mapospheres.eu\/wp-content\/uploads\/2026\/02\/CANVAS_14_NIGHTROUND_4_CAIRO-300x300.jpg",300,300,true],"medium_large":["https:\/\/mapospheres.eu\/wp-content\/uploads\/2026\/02\/CANVAS_14_NIGHTROUND_4_CAIRO-768x768.jpg",768,768,true],"large":["https:\/\/mapospheres.eu\/wp-content\/uploads\/2026\/02\/CANVAS_14_NIGHTROUND_4_CAIRO.jpg",1000,1000,false],"1536x1536":["https:\/\/mapospheres.eu\/wp-content\/uploads\/2026\/02\/CANVAS_14_NIGHTROUND_4_CAIRO.jpg",1000,1000,false],"2048x2048":["https:\/\/mapospheres.eu\/wp-content\/uploads\/2026\/02\/CANVAS_14_NIGHTROUND_4_CAIRO.jpg",1000,1000,false],"woocommerce_thumbnail":["https:\/\/mapospheres.eu\/wp-content\/uploads\/2026\/02\/CANVAS_14_NIGHTROUND_4_CAIRO-300x300.jpg",300,300,true],"woocommerce_single":["https:\/\/mapospheres.eu\/wp-content\/uploads\/2026\/02\/CANVAS_14_NIGHTROUND_4_CAIRO-600x600.jpg",600,600,true],"woocommerce_gallery_thumbnail":["https:\/\/mapospheres.eu\/wp-content\/uploads\/2026\/02\/CANVAS_14_NIGHTROUND_4_CAIRO-100x100.jpg",100,100,true]},"uagb_author_info":{"display_name":"sgainot04@gmail.com","author_link":"https:\/\/mapospheres.eu\/fr\/author\/"},"uagb_comment_info":0,"uagb_excerpt":"Obtenez une City Map \u2013 Carte de ville murale - imprim\u00e9e de la ville du Caire, \u00c9gypte. Choisissez ci-dessous la taille, la couleur et le design de votre carte !","_links":{"self":[{"href":"https:\/\/mapospheres.eu\/fr\/wp-json\/wp\/v2\/product\/14758","targetHints":{"allow":["GET"]}}],"collection":[{"href":"https:\/\/mapospheres.eu\/fr\/wp-json\/wp\/v2\/product"}],"about":[{"href":"https:\/\/mapospheres.eu\/fr\/wp-json\/wp\/v2\/types\/product"}],"wp:featuredmedia":[{"embeddable":true,"href":"https:\/\/mapospheres.eu\/fr\/wp-json\/wp\/v2\/media\/14790"}],"wp:attachment":[{"href":"https:\/\/mapospheres.eu\/fr\/wp-json\/wp\/v2\/media?parent=14758"}],"wp:term":[{"taxonomy":"product_brand","embeddable":true,"href":"https:\/\/mapospheres.eu\/fr\/wp-json\/wp\/v2\/product_brand?post=14758"},{"taxonomy":"product_cat","embeddable":true,"href":"https:\/\/mapospheres.eu\/fr\/wp-json\/wp\/v2\/product_cat?post=14758"},{"taxonomy":"product_tag","embeddable":true,"href":"https:\/\/mapospheres.eu\/fr\/wp-json\/wp\/v2\/product_tag?post=14758"}],"curies":[{"name":"wp","href":"https:\/\/api.w.org\/{rel}","templated":true}]}}