{"id":14759,"date":"2026-02-12T14:55:59","date_gmt":"2026-02-12T14:55:59","guid":{"rendered":"https:\/\/mapospheres.eu\/product\/poster-of-honolulu-hawaii-us\/"},"modified":"2026-02-16T14:03:58","modified_gmt":"2026-02-16T14:03:58","slug":"poster-of-honolulu-hawaii-us","status":"publish","type":"product","link":"https:\/\/mapospheres.eu\/fr\/product\/poster-de-honolulu-hawai\/","title":{"rendered":"Poster de Honolulu | Hawa\u00ef"},"content":{"rendered":"<p><strong>Poster City map de Honolulu, Hawa\u00ef : Que vous soyez attir\u00e9 par sa c\u00f4te majestueuse, ses origines volcaniques ou ses monuments historiques, le map de Honolulu offre une repr\u00e9sentation frappante et r\u00e9fl\u00e9chie.<\/strong><\/p>\n<p>Honolulu, le c\u0153ur d\u2019Hawa\u00ef, se trouve comme un joyau sur la rive sud de l&rsquo;\u00eele d\u2019Oahu, et son map r\u00e9v\u00e8le le m\u00e9lange unique de beaut\u00e9 naturelle et de vie urbaine de la ville. Encadr\u00e9e par les eaux bleues \u00e9tincelantes de l&rsquo;oc\u00e9an Pacifique, la ville est bord\u00e9e par un arri\u00e8re-plan de montagnes volcaniques abruptes qui s\u2019\u00e9l\u00e8vent de mani\u00e8re spectaculaire depuis la c\u00f4te. Ces sommets embl\u00e9matiques, comme les cr\u00eates escarp\u00e9es de la cha\u00eene de Koolau, attirent le regard en tra\u00e7ant les fronti\u00e8res naturelles de la ville. La topographie du map capture ces collines accident\u00e9es, avec leurs vall\u00e9es profondes et leur v\u00e9g\u00e9tation luxuriante, qui racontent l\u2019histoire d\u2019une terre fa\u00e7onn\u00e9e par le feu et l\u2019eau pendant des millions d\u2019ann\u00e9es. Les vastes \u00e9tendues des zones urbaines de Honolulu s\u2019ins\u00e8rent confortablement entre ces g\u00e9ants naturels, offrant un contraste marqu\u00e9 de rues, parcs et monuments historiques. Au c\u0153ur de tout cela se trouve le c\u00e9l\u00e8bre Diamond Head, un crat\u00e8re volcanique \u00e9teint qui veille sur la ville tel un gardien attentif. Sa silhouette est aussi embl\u00e9matique que les palmiers se balan\u00e7ant le long de Waikiki Beach, o\u00f9 les surfeurs sculptent les m\u00eames vagues qui sont mont\u00e9es depuis des si\u00e8cles. Ces monuments donnent au map un sentiment \u00e0 la fois d\u2019histoire et d\u2019aventure continue, des anciens navigateurs hawa\u00efens aux explorateurs modernes.<\/p>\n","protected":false},"excerpt":{"rendered":"<p>Obtenez une City Map \u2013 Carte de ville murale &#8211; imprim\u00e9e de la ville de Honolulu, Hawa\u00ef.<br \/>\nChoisissez ci-dessous la taille, la couleur et le design de votre carte !<\/p>\n","protected":false},"featured_media":14778,"template":"","meta":{"_uag_custom_page_level_css":"","_monsterinsights_skip_tracking":false,"_monsterinsights_sitenote_active":false,"_monsterinsights_sitenote_note":"","_monsterinsights_sitenote_category":0,"site-sidebar-layout":"default","site-content-layout":"","ast-site-content-layout":"default","site-content-style":"default","site-sidebar-style":"default","ast-global-header-display":"","ast-banner-title-visibility":"","ast-main-header-display":"","ast-hfb-above-header-display":"","ast-hfb-below-header-display":"","ast-hfb-mobile-header-display":"","site-post-title":"","ast-breadcrumbs-content":"","ast-featured-img":"","footer-sml-layout":"","ast-disable-related-posts":"","theme-transparent-header-meta":"default","adv-header-id-meta":"","stick-header-meta":"","header-above-stick-meta":"","header-main-stick-meta":"","header-below-stick-meta":"","astra-migrate-meta-layouts":"set","ast-page-background-enabled":"default","ast-page-background-meta":{"desktop":{"background-color":"","background-image":"","background-repeat":"repeat","background-position":"center center","background-size":"auto","background-attachment":"scroll","background-type":"","background-media":"","overlay-type":"","overlay-color":"","overlay-opacity":"","overlay-gradient":""},"tablet":{"background-color":"","background-image":"","background-repeat":"repeat","background-position":"center center","background-size":"auto","background-attachment":"scroll","background-type":"","background-media":"","overlay-type":"","overlay-color":"","overlay-opacity":"","overlay-gradient":""},"mobile":{"background-color":"","background-image":"","background-repeat":"repeat","background-position":"center center","background-size":"auto","background-attachment":"scroll","background-type":"","background-media":"","overlay-type":"","overlay-color":"","overlay-opacity":"","overlay-gradient":""}},"ast-content-background-meta":{"desktop":{"background-color":"var(--ast-global-color-5)","background-image":"","background-repeat":"repeat","background-position":"center center","background-size":"auto","background-attachment":"scroll","background-type":"","background-media":"","overlay-type":"","overlay-color":"","overlay-opacity":"","overlay-gradient":""},"tablet":{"background-color":"var(--ast-global-color-5)","background-image":"","background-repeat":"repeat","background-position":"center center","background-size":"auto","background-attachment":"scroll","background-type":"","background-media":"","overlay-type":"","overlay-color":"","overlay-opacity":"","overlay-gradient":""},"mobile":{"background-color":"var(--ast-global-color-5)","background-image":"","background-repeat":"repeat","background-position":"center center","background-size":"auto","background-attachment":"scroll","background-type":"","background-media":"","overlay-type":"","overlay-color":"","overlay-opacity":"","overlay-gradient":""}}},"product_brand":[],"product_cat":[18],"product_tag":[34,35,36,37,39,40,612,613,614,167],"class_list":{"0":"post-14759","1":"product","2":"type-product","3":"status-publish","4":"has-post-thumbnail","6":"product_cat-city-maps","7":"product_tag-30x40","8":"product_tag-40x50","9":"product_tag-50x70","10":"product_tag-70x100","11":"product_tag-canvas","12":"product_tag-city-map","13":"product_tag-hawai","14":"product_tag-hawaii","15":"product_tag-honolulu","16":"product_tag-united-states","17":"desktop-align-left","18":"tablet-align-left","19":"mobile-align-left","21":"first","22":"instock","23":"shipping-taxable","24":"purchasable","25":"product-type-variable"},"aioseo_notices":[],"uagb_featured_image_src":{"full":["https:\/\/mapospheres.eu\/wp-content\/uploads\/2026\/02\/CANVAS_16_BWROUND_2ND_6_HONOLULU.jpg",1000,1000,false],"thumbnail":["https:\/\/mapospheres.eu\/wp-content\/uploads\/2026\/02\/CANVAS_16_BWROUND_2ND_6_HONOLULU-150x150.jpg",150,150,true],"medium":["https:\/\/mapospheres.eu\/wp-content\/uploads\/2026\/02\/CANVAS_16_BWROUND_2ND_6_HONOLULU-300x300.jpg",300,300,true],"medium_large":["https:\/\/mapospheres.eu\/wp-content\/uploads\/2026\/02\/CANVAS_16_BWROUND_2ND_6_HONOLULU-768x768.jpg",768,768,true],"large":["https:\/\/mapospheres.eu\/wp-content\/uploads\/2026\/02\/CANVAS_16_BWROUND_2ND_6_HONOLULU.jpg",1000,1000,false],"1536x1536":["https:\/\/mapospheres.eu\/wp-content\/uploads\/2026\/02\/CANVAS_16_BWROUND_2ND_6_HONOLULU.jpg",1000,1000,false],"2048x2048":["https:\/\/mapospheres.eu\/wp-content\/uploads\/2026\/02\/CANVAS_16_BWROUND_2ND_6_HONOLULU.jpg",1000,1000,false],"woocommerce_thumbnail":["https:\/\/mapospheres.eu\/wp-content\/uploads\/2026\/02\/CANVAS_16_BWROUND_2ND_6_HONOLULU-300x300.jpg",300,300,true],"woocommerce_single":["https:\/\/mapospheres.eu\/wp-content\/uploads\/2026\/02\/CANVAS_16_BWROUND_2ND_6_HONOLULU-600x600.jpg",600,600,true],"woocommerce_gallery_thumbnail":["https:\/\/mapospheres.eu\/wp-content\/uploads\/2026\/02\/CANVAS_16_BWROUND_2ND_6_HONOLULU-100x100.jpg",100,100,true]},"uagb_author_info":{"display_name":"sgainot04@gmail.com","author_link":"https:\/\/mapospheres.eu\/fr\/author\/"},"uagb_comment_info":0,"uagb_excerpt":"Obtenez une City Map \u2013 Carte de ville murale - imprim\u00e9e de la ville de Honolulu, Hawa\u00ef. Choisissez ci-dessous la taille, la couleur et le design de votre carte !","_links":{"self":[{"href":"https:\/\/mapospheres.eu\/fr\/wp-json\/wp\/v2\/product\/14759","targetHints":{"allow":["GET"]}}],"collection":[{"href":"https:\/\/mapospheres.eu\/fr\/wp-json\/wp\/v2\/product"}],"about":[{"href":"https:\/\/mapospheres.eu\/fr\/wp-json\/wp\/v2\/types\/product"}],"wp:featuredmedia":[{"embeddable":true,"href":"https:\/\/mapospheres.eu\/fr\/wp-json\/wp\/v2\/media\/14778"}],"wp:attachment":[{"href":"https:\/\/mapospheres.eu\/fr\/wp-json\/wp\/v2\/media?parent=14759"}],"wp:term":[{"taxonomy":"product_brand","embeddable":true,"href":"https:\/\/mapospheres.eu\/fr\/wp-json\/wp\/v2\/product_brand?post=14759"},{"taxonomy":"product_cat","embeddable":true,"href":"https:\/\/mapospheres.eu\/fr\/wp-json\/wp\/v2\/product_cat?post=14759"},{"taxonomy":"product_tag","embeddable":true,"href":"https:\/\/mapospheres.eu\/fr\/wp-json\/wp\/v2\/product_tag?post=14759"}],"curies":[{"name":"wp","href":"https:\/\/api.w.org\/{rel}","templated":true}]}}