{"id":17088,"date":"2026-03-02T13:28:07","date_gmt":"2026-03-02T13:28:07","guid":{"rendered":"https:\/\/mapospheres.eu\/product\/poster-of-shiraz-barendrecht-love-maps\/"},"modified":"2026-03-10T13:41:02","modified_gmt":"2026-03-10T13:41:02","slug":"poster-of-shiraz-barendrecht-love-maps","status":"publish","type":"product","link":"https:\/\/mapospheres.eu\/fr\/product\/poster-de-shiraz-barendrecht-love-map\/","title":{"rendered":"Poster de Shiraz Barendrecht | Love Map"},"content":{"rendered":"<p>Merci de l&rsquo;int\u00e9r\u00eat que vous portez \u00e0 notre travail ! \ud83d\ude42 <\/p>\n<p>Mapospheres est un excellent m\u00e9lange de cartographie et de design pour refl\u00e9ter la diversit\u00e9 et exprimer votre amour ! Nous avons cr\u00e9\u00e9 une s\u00e9rie de design unique d\u2019\u0153uvres d\u2019art, qui montre les villes d\u2019origine de chaque membre d\u2019un couple et les combine sur des cartes de ville grand format. Des cartes en grand format, avec des cartes d&rsquo;\u00e9l\u00e9vation imprim\u00e9es \u00e0 la demande et faciles \u00e0 commander ! <\/p>\n<p> Vous pouvez choisir N&rsquo;IMPORTE QUELLE VILLE DU MONDE pour dynamiser vos pi\u00e8ces \u00e0 la maison ou au bureau. Cartographiez vos destinations de voyage \u00ab\u00a0coup de c\u0153ur\u00a0\u00bb ou affichez votre ville natale sur votre lieu de travail, ou m\u00eame simplement l&rsquo;endroit o\u00f9 vous ne vous \u00eates jamais rendu&#8230; (encore). <\/p>\n<p> Veuillez consulter la rubrique <a title=\"FAQ\" href=\"https:\/\/mapospheres.eu\/fr\/faq\/\" target=\"_blank\">FAQ<\/a> et n&rsquo;h\u00e9sitez pas \u00e0 me <a title=\"contact\" href=\"https:\/\/mapospheres.eu\/fr\/contact\/\" target=\"_blank\">contacter<\/a> si vous avez des questions\u00a0!<\/p>\n","protected":false},"excerpt":{"rendered":"<p>Obtenez cette affiche Poster Love Map de Shiraz, Barendrecht en tant que carte murale. Vous pouvez choisir la taille ou le motif de votre carte !<\/p>\n","protected":false},"featured_media":19166,"template":"","meta":{"_uag_custom_page_level_css":"","_monsterinsights_skip_tracking":false,"_monsterinsights_sitenote_active":false,"_monsterinsights_sitenote_note":"","_monsterinsights_sitenote_category":0,"site-sidebar-layout":"default","site-content-layout":"","ast-site-content-layout":"default","site-content-style":"default","site-sidebar-style":"default","ast-global-header-display":"","ast-banner-title-visibility":"","ast-main-header-display":"","ast-hfb-above-header-display":"","ast-hfb-below-header-display":"","ast-hfb-mobile-header-display":"","site-post-title":"","ast-breadcrumbs-content":"","ast-featured-img":"","footer-sml-layout":"","ast-disable-related-posts":"","theme-transparent-header-meta":"default","adv-header-id-meta":"","stick-header-meta":"","header-above-stick-meta":"","header-main-stick-meta":"","header-below-stick-meta":"","astra-migrate-meta-layouts":"set","ast-page-background-enabled":"default","ast-page-background-meta":{"desktop":{"background-color":"","background-image":"","background-repeat":"repeat","background-position":"center center","background-size":"auto","background-attachment":"scroll","background-type":"","background-media":"","overlay-type":"","overlay-color":"","overlay-opacity":"","overlay-gradient":""},"tablet":{"background-color":"","background-image":"","background-repeat":"repeat","background-position":"center center","background-size":"auto","background-attachment":"scroll","background-type":"","background-media":"","overlay-type":"","overlay-color":"","overlay-opacity":"","overlay-gradient":""},"mobile":{"background-color":"","background-image":"","background-repeat":"repeat","background-position":"center center","background-size":"auto","background-attachment":"scroll","background-type":"","background-media":"","overlay-type":"","overlay-color":"","overlay-opacity":"","overlay-gradient":""}},"ast-content-background-meta":{"desktop":{"background-color":"var(--ast-global-color-5)","background-image":"","background-repeat":"repeat","background-position":"center center","background-size":"auto","background-attachment":"scroll","background-type":"","background-media":"","overlay-type":"","overlay-color":"","overlay-opacity":"","overlay-gradient":""},"tablet":{"background-color":"var(--ast-global-color-5)","background-image":"","background-repeat":"repeat","background-position":"center center","background-size":"auto","background-attachment":"scroll","background-type":"","background-media":"","overlay-type":"","overlay-color":"","overlay-opacity":"","overlay-gradient":""},"mobile":{"background-color":"var(--ast-global-color-5)","background-image":"","background-repeat":"repeat","background-position":"center center","background-size":"auto","background-attachment":"scroll","background-type":"","background-media":"","overlay-type":"","overlay-color":"","overlay-opacity":"","overlay-gradient":""}}},"product_brand":[],"product_cat":[112],"product_tag":[34,35,36,790,114,327],"class_list":{"0":"post-17088","1":"product","2":"type-product","3":"status-publish","4":"has-post-thumbnail","6":"product_cat-love-maps","7":"product_tag-30x40","8":"product_tag-40x50","9":"product_tag-50x70","10":"product_tag-barendrecht","11":"product_tag-love-maps","12":"product_tag-shiraz","13":"desktop-align-left","14":"tablet-align-left","15":"mobile-align-left","17":"first","18":"instock","19":"shipping-taxable","20":"purchasable","21":"product-type-variable"},"aioseo_notices":[],"uagb_featured_image_src":{"full":["https:\/\/mapospheres.eu\/wp-content\/uploads\/2026\/03\/WOODENFLOOR_SHIRAZ_BARENDRECHT2.jpg",1250,1500,false],"thumbnail":["https:\/\/mapospheres.eu\/wp-content\/uploads\/2026\/03\/WOODENFLOOR_SHIRAZ_BARENDRECHT2-150x150.jpg",150,150,true],"medium":["https:\/\/mapospheres.eu\/wp-content\/uploads\/2026\/03\/WOODENFLOOR_SHIRAZ_BARENDRECHT2-250x300.jpg",250,300,true],"medium_large":["https:\/\/mapospheres.eu\/wp-content\/uploads\/2026\/03\/WOODENFLOOR_SHIRAZ_BARENDRECHT2-768x922.jpg",768,922,true],"large":["https:\/\/mapospheres.eu\/wp-content\/uploads\/2026\/03\/WOODENFLOOR_SHIRAZ_BARENDRECHT2-853x1024.jpg",853,1024,true],"1536x1536":["https:\/\/mapospheres.eu\/wp-content\/uploads\/2026\/03\/WOODENFLOOR_SHIRAZ_BARENDRECHT2.jpg",1250,1500,false],"2048x2048":["https:\/\/mapospheres.eu\/wp-content\/uploads\/2026\/03\/WOODENFLOOR_SHIRAZ_BARENDRECHT2.jpg",1250,1500,false],"woocommerce_thumbnail":["https:\/\/mapospheres.eu\/wp-content\/uploads\/2026\/03\/WOODENFLOOR_SHIRAZ_BARENDRECHT2-300x300.jpg",300,300,true],"woocommerce_single":["https:\/\/mapospheres.eu\/wp-content\/uploads\/2026\/03\/WOODENFLOOR_SHIRAZ_BARENDRECHT2-600x720.jpg",600,720,true],"woocommerce_gallery_thumbnail":["https:\/\/mapospheres.eu\/wp-content\/uploads\/2026\/03\/WOODENFLOOR_SHIRAZ_BARENDRECHT2-100x100.jpg",100,100,true]},"uagb_author_info":{"display_name":"sgainot04@gmail.com","author_link":"https:\/\/mapospheres.eu\/fr\/author\/"},"uagb_comment_info":0,"uagb_excerpt":"Obtenez cette affiche Poster Love Map de Shiraz, Barendrecht en tant que carte murale. Vous pouvez choisir la taille ou le motif de votre carte !","_links":{"self":[{"href":"https:\/\/mapospheres.eu\/fr\/wp-json\/wp\/v2\/product\/17088","targetHints":{"allow":["GET"]}}],"collection":[{"href":"https:\/\/mapospheres.eu\/fr\/wp-json\/wp\/v2\/product"}],"about":[{"href":"https:\/\/mapospheres.eu\/fr\/wp-json\/wp\/v2\/types\/product"}],"wp:featuredmedia":[{"embeddable":true,"href":"https:\/\/mapospheres.eu\/fr\/wp-json\/wp\/v2\/media\/19166"}],"wp:attachment":[{"href":"https:\/\/mapospheres.eu\/fr\/wp-json\/wp\/v2\/media?parent=17088"}],"wp:term":[{"taxonomy":"product_brand","embeddable":true,"href":"https:\/\/mapospheres.eu\/fr\/wp-json\/wp\/v2\/product_brand?post=17088"},{"taxonomy":"product_cat","embeddable":true,"href":"https:\/\/mapospheres.eu\/fr\/wp-json\/wp\/v2\/product_cat?post=17088"},{"taxonomy":"product_tag","embeddable":true,"href":"https:\/\/mapospheres.eu\/fr\/wp-json\/wp\/v2\/product_tag?post=17088"}],"curies":[{"name":"wp","href":"https:\/\/api.w.org\/{rel}","templated":true}]}}