{"id":17089,"date":"2026-03-02T13:28:10","date_gmt":"2026-03-02T13:28:10","guid":{"rendered":"https:\/\/mapospheres.eu\/product\/poster-of-fez-morocco\/"},"modified":"2026-03-10T11:10:55","modified_gmt":"2026-03-10T11:10:55","slug":"poster-of-fez-morocco","status":"publish","type":"product","link":"https:\/\/mapospheres.eu\/fr\/product\/poster-de-fes-maroc\/","title":{"rendered":"Poster de F\u00e8s | Maroc"},"content":{"rendered":"<p><strong>Poster City map de F\u00e8s, Maroc : Accrochez cette City map o\u00f9 vous voulez, mais sachez qu\u2019elle peut parfois murmurer une ou deux histoires \u2014 de sultans, d\u2019\u00e9rudits, ou simplement d\u2019un gar\u00e7on qui s\u2019est perdu dans le souk et est revenu avec une histoire plut\u00f4t qu\u2019avec du pain.<\/strong><\/p>\n<p>Sur cette carte, vous la verrez s\u2019\u00e9tendre sur les basses collines du nord du Maroc, berc\u00e9e par de douces pentes et observ\u00e9e par des montagnes lointaines qui semblent se pencher avec curiosit\u00e9. Le relief monte et descend comme le rythme d\u2019anciennes pri\u00e8res, et vue d\u2019en haut, la ville ressemble presque \u00e0 une immense mosa\u00efque, chaque pi\u00e8ce \u00e9tant une cour, un minaret ou un jardin cach\u00e9. Au c\u0153ur de tout cela se trouve la m\u00e9dina \u2014 un v\u00e9ritable labyrinthe, non seulement dans la l\u00e9gende mais aussi dans la r\u00e9alit\u00e9. Aucune carte ne l\u2019a jamais vraiment dompt\u00e9e, m\u00eame si celle-ci s\u2019en approche respectueusement. Dans ses lignes entrem\u00eal\u00e9es, vous trouverez la plus ancienne universit\u00e9 encore en activit\u00e9 au monde, Al Quaraouiyine, fond\u00e9e par une femme et enseignant toujours le savoir entre des murs polis par des si\u00e8cles de pas. Les toits sont bas et serr\u00e9s, mais l\u2019\u00e9nergie s\u2019\u00e9l\u00e8ve \u2014 les march\u00e9s crient, les fontaines murmurent et les chats r\u00e8gnent. \u00c0 l\u2019ext\u00e9rieur des vieux remparts, la ville s\u2019\u00e9tend vers un ordre plus calme, avec des avenues bord\u00e9es d\u2019arbres et des espaces verts comme le parc Jnan Sbil, o\u00f9 m\u00eame le temps ralentit pour reprendre son souffle. Au nord et au sud, les collines continuent de s\u2019\u00e9tendre, portant des oliveraies et d\u2019anciens forts \u2014 des lieux o\u00f9 les conteurs se tenaient autrefois pour regarder la ville briller au cr\u00e9puscule.<\/p>\n","protected":false},"excerpt":{"rendered":"<p>Obtenez une City Map \u2013 Carte de ville murale &#8211; imprim\u00e9e de la ville de F\u00e8s, Maroc.<br \/>\nChoisissez ci-dessous la taille, la couleur et le design de votre carte !<\/p>\n","protected":false},"featured_media":18910,"template":"","meta":{"_uag_custom_page_level_css":"","_monsterinsights_skip_tracking":false,"_monsterinsights_sitenote_active":false,"_monsterinsights_sitenote_note":"","_monsterinsights_sitenote_category":0,"site-sidebar-layout":"default","site-content-layout":"","ast-site-content-layout":"default","site-content-style":"default","site-sidebar-style":"default","ast-global-header-display":"","ast-banner-title-visibility":"","ast-main-header-display":"","ast-hfb-above-header-display":"","ast-hfb-below-header-display":"","ast-hfb-mobile-header-display":"","site-post-title":"","ast-breadcrumbs-content":"","ast-featured-img":"","footer-sml-layout":"","ast-disable-related-posts":"","theme-transparent-header-meta":"default","adv-header-id-meta":"","stick-header-meta":"","header-above-stick-meta":"","header-main-stick-meta":"","header-below-stick-meta":"","astra-migrate-meta-layouts":"set","ast-page-background-enabled":"default","ast-page-background-meta":{"desktop":{"background-color":"","background-image":"","background-repeat":"repeat","background-position":"center center","background-size":"auto","background-attachment":"scroll","background-type":"","background-media":"","overlay-type":"","overlay-color":"","overlay-opacity":"","overlay-gradient":""},"tablet":{"background-color":"","background-image":"","background-repeat":"repeat","background-position":"center center","background-size":"auto","background-attachment":"scroll","background-type":"","background-media":"","overlay-type":"","overlay-color":"","overlay-opacity":"","overlay-gradient":""},"mobile":{"background-color":"","background-image":"","background-repeat":"repeat","background-position":"center center","background-size":"auto","background-attachment":"scroll","background-type":"","background-media":"","overlay-type":"","overlay-color":"","overlay-opacity":"","overlay-gradient":""}},"ast-content-background-meta":{"desktop":{"background-color":"var(--ast-global-color-5)","background-image":"","background-repeat":"repeat","background-position":"center center","background-size":"auto","background-attachment":"scroll","background-type":"","background-media":"","overlay-type":"","overlay-color":"","overlay-opacity":"","overlay-gradient":""},"tablet":{"background-color":"var(--ast-global-color-5)","background-image":"","background-repeat":"repeat","background-position":"center center","background-size":"auto","background-attachment":"scroll","background-type":"","background-media":"","overlay-type":"","overlay-color":"","overlay-opacity":"","overlay-gradient":""},"mobile":{"background-color":"var(--ast-global-color-5)","background-image":"","background-repeat":"repeat","background-position":"center center","background-size":"auto","background-attachment":"scroll","background-type":"","background-media":"","overlay-type":"","overlay-color":"","overlay-opacity":"","overlay-gradient":""}}},"product_brand":[],"product_cat":[18],"product_tag":[34,35,36,97,39,40,788,742],"class_list":{"0":"post-17089","1":"product","2":"type-product","3":"status-publish","4":"has-post-thumbnail","6":"product_cat-city-maps","7":"product_tag-30x40","8":"product_tag-40x50","9":"product_tag-50x70","10":"product_tag-africa","11":"product_tag-canvas","12":"product_tag-city-map","13":"product_tag-fez","14":"product_tag-morocco","15":"desktop-align-left","16":"tablet-align-left","17":"mobile-align-left","19":"first","20":"instock","21":"shipping-taxable","22":"purchasable","23":"product-type-variable"},"aioseo_notices":[],"uagb_featured_image_src":{"full":["https:\/\/mapospheres.eu\/wp-content\/uploads\/2026\/03\/CANVAS_3_BWROUND_FEZ.jpg",1000,1000,false],"thumbnail":["https:\/\/mapospheres.eu\/wp-content\/uploads\/2026\/03\/CANVAS_3_BWROUND_FEZ-150x150.jpg",150,150,true],"medium":["https:\/\/mapospheres.eu\/wp-content\/uploads\/2026\/03\/CANVAS_3_BWROUND_FEZ-300x300.jpg",300,300,true],"medium_large":["https:\/\/mapospheres.eu\/wp-content\/uploads\/2026\/03\/CANVAS_3_BWROUND_FEZ-768x768.jpg",768,768,true],"large":["https:\/\/mapospheres.eu\/wp-content\/uploads\/2026\/03\/CANVAS_3_BWROUND_FEZ.jpg",1000,1000,false],"1536x1536":["https:\/\/mapospheres.eu\/wp-content\/uploads\/2026\/03\/CANVAS_3_BWROUND_FEZ.jpg",1000,1000,false],"2048x2048":["https:\/\/mapospheres.eu\/wp-content\/uploads\/2026\/03\/CANVAS_3_BWROUND_FEZ.jpg",1000,1000,false],"woocommerce_thumbnail":["https:\/\/mapospheres.eu\/wp-content\/uploads\/2026\/03\/CANVAS_3_BWROUND_FEZ-300x300.jpg",300,300,true],"woocommerce_single":["https:\/\/mapospheres.eu\/wp-content\/uploads\/2026\/03\/CANVAS_3_BWROUND_FEZ-600x600.jpg",600,600,true],"woocommerce_gallery_thumbnail":["https:\/\/mapospheres.eu\/wp-content\/uploads\/2026\/03\/CANVAS_3_BWROUND_FEZ-100x100.jpg",100,100,true]},"uagb_author_info":{"display_name":"sgainot04@gmail.com","author_link":"https:\/\/mapospheres.eu\/fr\/author\/"},"uagb_comment_info":0,"uagb_excerpt":"Obtenez une City Map \u2013 Carte de ville murale - imprim\u00e9e de la ville de F\u00e8s, Maroc. Choisissez ci-dessous la taille, la couleur et le design de votre carte !","_links":{"self":[{"href":"https:\/\/mapospheres.eu\/fr\/wp-json\/wp\/v2\/product\/17089","targetHints":{"allow":["GET"]}}],"collection":[{"href":"https:\/\/mapospheres.eu\/fr\/wp-json\/wp\/v2\/product"}],"about":[{"href":"https:\/\/mapospheres.eu\/fr\/wp-json\/wp\/v2\/types\/product"}],"wp:featuredmedia":[{"embeddable":true,"href":"https:\/\/mapospheres.eu\/fr\/wp-json\/wp\/v2\/media\/18910"}],"wp:attachment":[{"href":"https:\/\/mapospheres.eu\/fr\/wp-json\/wp\/v2\/media?parent=17089"}],"wp:term":[{"taxonomy":"product_brand","embeddable":true,"href":"https:\/\/mapospheres.eu\/fr\/wp-json\/wp\/v2\/product_brand?post=17089"},{"taxonomy":"product_cat","embeddable":true,"href":"https:\/\/mapospheres.eu\/fr\/wp-json\/wp\/v2\/product_cat?post=17089"},{"taxonomy":"product_tag","embeddable":true,"href":"https:\/\/mapospheres.eu\/fr\/wp-json\/wp\/v2\/product_tag?post=17089"}],"curies":[{"name":"wp","href":"https:\/\/api.w.org\/{rel}","templated":true}]}}