{"id":17090,"date":"2026-03-02T13:28:13","date_gmt":"2026-03-02T13:28:13","guid":{"rendered":"https:\/\/mapospheres.eu\/product\/poster-of-prague-czechia\/"},"modified":"2026-03-10T11:11:02","modified_gmt":"2026-03-10T11:11:02","slug":"poster-of-prague-czechia","status":"publish","type":"product","link":"https:\/\/mapospheres.eu\/fr\/product\/poter-de-prague-tchequie\/","title":{"rendered":"Poster de Prague | Tch\u00e9quie"},"content":{"rendered":"<p><strong>Poster City map de Prague, Tch\u00e9quie : Si vous regardez assez longtemps, vous pourriez apercevoir un golem cach\u00e9 dans l\u2019ombre ou Kafka arpentant les bords de la rivi\u00e8re.<\/strong><\/p>\n<p>Prague est une ville qui n\u2019aime pas les lignes droites. Elle serpente, grimpe, s\u2019incline et se recourbe \u00e0 travers l\u2019histoire \u2014 et cette carte capture tout cela, depuis la haute colline du ch\u00e2teau jusqu\u2019aux berges plus basses o\u00f9 la Vltava se faufile comme un dragon endormi. Le relief lui-m\u00eame fait partie de l\u2019histoire : le c\u00f4t\u00e9 ouest s\u2019\u00e9l\u00e8ve en pentes douces, couronn\u00e9 par Hrad\u010dany et le ch\u00e2teau de Prague, tandis que le c\u00f4t\u00e9 est vibre de la vie de la Vieille Ville, de la Nouvelle Ville et d\u2019autres noms encore plus d\u00e9routants entre les deux. La carte montre plus que des rues ; elle r\u00e9v\u00e8le la forme d\u2019une ville construite pour impressionner et durer. Les espaces verts ne sont pas qu\u2019une d\u00e9coration \u2014 ce sont des lieux de duels, de promenades, de r\u00e9volutions et de siestes. Le parc de Letn\u00e1 s\u2019\u00e9tend comme un g\u00e9ant paresseux au-dessus de la rivi\u00e8re, la colline de Pet\u0159\u00edn s\u2019avance avec sa barbe feuillue et sa tour d\u2019observation qui pr\u00e9tend \u00eatre une mini tour Eiffel, et Vy\u0161ehrad se dresse au sud, m\u00e9ditant sur d\u2019anciens mythes et sur un cimeti\u00e8re rempli de c\u00e9l\u00e8bres Tch\u00e8ques qui ne croyaient pas aux fant\u00f4mes, jusqu\u2019\u00e0 peut-\u00eatre changer d\u2019avis. Les monuments s\u2019\u00e9l\u00e8vent comme des signes de ponctuation dans la longue phrase de la ville. Le pont Charles, avec ses saints de pierre et sa force silencieuse, relie le pass\u00e9 au pr\u00e9sent. Les fl\u00e8ches des anciennes \u00e9glises percent le ciel, car Prague a toujours pens\u00e9 que les toits devaient avoir un peu d\u2019ambition. Le plan de la ville, vu d\u2019en haut, semble presque accidentel \u2014 mais comme dans tous les contes de f\u00e9es, un ordre se cache dans le labyrinthe.<\/p>\n","protected":false},"excerpt":{"rendered":"<p>Obtenez une City Map \u2013 Carte de ville murale &#8211; imprim\u00e9e de la ville de Prague, Tch\u00e9quie.<br \/>\nChoisissez ci-dessous la taille, la couleur et le design de votre carte !<\/p>\n","protected":false},"featured_media":18902,"template":"","meta":{"_uag_custom_page_level_css":"","_monsterinsights_skip_tracking":false,"_monsterinsights_sitenote_active":false,"_monsterinsights_sitenote_note":"","_monsterinsights_sitenote_category":0,"site-sidebar-layout":"default","site-content-layout":"","ast-site-content-layout":"default","site-content-style":"default","site-sidebar-style":"default","ast-global-header-display":"","ast-banner-title-visibility":"","ast-main-header-display":"","ast-hfb-above-header-display":"","ast-hfb-below-header-display":"","ast-hfb-mobile-header-display":"","site-post-title":"","ast-breadcrumbs-content":"","ast-featured-img":"","footer-sml-layout":"","ast-disable-related-posts":"","theme-transparent-header-meta":"default","adv-header-id-meta":"","stick-header-meta":"","header-above-stick-meta":"","header-main-stick-meta":"","header-below-stick-meta":"","astra-migrate-meta-layouts":"set","ast-page-background-enabled":"default","ast-page-background-meta":{"desktop":{"background-color":"","background-image":"","background-repeat":"repeat","background-position":"center center","background-size":"auto","background-attachment":"scroll","background-type":"","background-media":"","overlay-type":"","overlay-color":"","overlay-opacity":"","overlay-gradient":""},"tablet":{"background-color":"","background-image":"","background-repeat":"repeat","background-position":"center center","background-size":"auto","background-attachment":"scroll","background-type":"","background-media":"","overlay-type":"","overlay-color":"","overlay-opacity":"","overlay-gradient":""},"mobile":{"background-color":"","background-image":"","background-repeat":"repeat","background-position":"center center","background-size":"auto","background-attachment":"scroll","background-type":"","background-media":"","overlay-type":"","overlay-color":"","overlay-opacity":"","overlay-gradient":""}},"ast-content-background-meta":{"desktop":{"background-color":"var(--ast-global-color-5)","background-image":"","background-repeat":"repeat","background-position":"center center","background-size":"auto","background-attachment":"scroll","background-type":"","background-media":"","overlay-type":"","overlay-color":"","overlay-opacity":"","overlay-gradient":""},"tablet":{"background-color":"var(--ast-global-color-5)","background-image":"","background-repeat":"repeat","background-position":"center center","background-size":"auto","background-attachment":"scroll","background-type":"","background-media":"","overlay-type":"","overlay-color":"","overlay-opacity":"","overlay-gradient":""},"mobile":{"background-color":"var(--ast-global-color-5)","background-image":"","background-repeat":"repeat","background-position":"center center","background-size":"auto","background-attachment":"scroll","background-type":"","background-media":"","overlay-type":"","overlay-color":"","overlay-opacity":"","overlay-gradient":""}}},"product_brand":[],"product_cat":[18,338,464],"product_tag":[34,35,36,39,40,785,786,93,787],"class_list":{"0":"post-17090","1":"product","2":"type-product","3":"status-publish","4":"has-post-thumbnail","6":"product_cat-city-maps","7":"product_cat-featured_eng","8":"product_cat-featured_fr","9":"product_tag-30x40","10":"product_tag-40x50","11":"product_tag-50x70","12":"product_tag-canvas","13":"product_tag-city-map","14":"product_tag-czech-republic","15":"product_tag-czechia","16":"product_tag-europe","17":"product_tag-prague","18":"desktop-align-left","19":"tablet-align-left","20":"mobile-align-left","22":"first","23":"instock","24":"shipping-taxable","25":"purchasable","26":"product-type-variable"},"aioseo_notices":[],"uagb_featured_image_src":{"full":["https:\/\/mapospheres.eu\/wp-content\/uploads\/2026\/03\/Z_BW_FULL_PRAGUE_PRAGUE.jpg",1000,1000,false],"thumbnail":["https:\/\/mapospheres.eu\/wp-content\/uploads\/2026\/03\/Z_BW_FULL_PRAGUE_PRAGUE-150x150.jpg",150,150,true],"medium":["https:\/\/mapospheres.eu\/wp-content\/uploads\/2026\/03\/Z_BW_FULL_PRAGUE_PRAGUE-300x300.jpg",300,300,true],"medium_large":["https:\/\/mapospheres.eu\/wp-content\/uploads\/2026\/03\/Z_BW_FULL_PRAGUE_PRAGUE-768x768.jpg",768,768,true],"large":["https:\/\/mapospheres.eu\/wp-content\/uploads\/2026\/03\/Z_BW_FULL_PRAGUE_PRAGUE.jpg",1000,1000,false],"1536x1536":["https:\/\/mapospheres.eu\/wp-content\/uploads\/2026\/03\/Z_BW_FULL_PRAGUE_PRAGUE.jpg",1000,1000,false],"2048x2048":["https:\/\/mapospheres.eu\/wp-content\/uploads\/2026\/03\/Z_BW_FULL_PRAGUE_PRAGUE.jpg",1000,1000,false],"woocommerce_thumbnail":["https:\/\/mapospheres.eu\/wp-content\/uploads\/2026\/03\/Z_BW_FULL_PRAGUE_PRAGUE-300x300.jpg",300,300,true],"woocommerce_single":["https:\/\/mapospheres.eu\/wp-content\/uploads\/2026\/03\/Z_BW_FULL_PRAGUE_PRAGUE-600x600.jpg",600,600,true],"woocommerce_gallery_thumbnail":["https:\/\/mapospheres.eu\/wp-content\/uploads\/2026\/03\/Z_BW_FULL_PRAGUE_PRAGUE-100x100.jpg",100,100,true]},"uagb_author_info":{"display_name":"sgainot04@gmail.com","author_link":"https:\/\/mapospheres.eu\/fr\/author\/"},"uagb_comment_info":0,"uagb_excerpt":"Obtenez une City Map \u2013 Carte de ville murale - imprim\u00e9e de la ville de Prague, Tch\u00e9quie. Choisissez ci-dessous la taille, la couleur et le design de votre carte !","_links":{"self":[{"href":"https:\/\/mapospheres.eu\/fr\/wp-json\/wp\/v2\/product\/17090","targetHints":{"allow":["GET"]}}],"collection":[{"href":"https:\/\/mapospheres.eu\/fr\/wp-json\/wp\/v2\/product"}],"about":[{"href":"https:\/\/mapospheres.eu\/fr\/wp-json\/wp\/v2\/types\/product"}],"wp:featuredmedia":[{"embeddable":true,"href":"https:\/\/mapospheres.eu\/fr\/wp-json\/wp\/v2\/media\/18902"}],"wp:attachment":[{"href":"https:\/\/mapospheres.eu\/fr\/wp-json\/wp\/v2\/media?parent=17090"}],"wp:term":[{"taxonomy":"product_brand","embeddable":true,"href":"https:\/\/mapospheres.eu\/fr\/wp-json\/wp\/v2\/product_brand?post=17090"},{"taxonomy":"product_cat","embeddable":true,"href":"https:\/\/mapospheres.eu\/fr\/wp-json\/wp\/v2\/product_cat?post=17090"},{"taxonomy":"product_tag","embeddable":true,"href":"https:\/\/mapospheres.eu\/fr\/wp-json\/wp\/v2\/product_tag?post=17090"}],"curies":[{"name":"wp","href":"https:\/\/api.w.org\/{rel}","templated":true}]}}