{"id":17092,"date":"2026-03-02T13:28:21","date_gmt":"2026-03-02T13:28:21","guid":{"rendered":"https:\/\/mapospheres.eu\/product\/poster-of-bucharest-romania\/"},"modified":"2026-03-10T11:10:44","modified_gmt":"2026-03-10T11:10:44","slug":"poster-of-bucharest-romania","status":"publish","type":"product","link":"https:\/\/mapospheres.eu\/fr\/product\/poster-de-bucarest-roumanie\/","title":{"rendered":"Poster de Bucarest | Roumanie"},"content":{"rendered":"<p><strong>Poster City map de Bucarest, Roumanie : Situ\u00e9e sur les vastes plaines entre les Carpates et le Danube, Bucarest ne pr\u00e9tend pas \u00eatre spectaculaire par sa forme \u2014 mais ce qui lui manque en collines, elle le compense en couches d\u2019histoire.<\/strong><\/p>\n<p>Cette carte montre les plis discrets d\u2019une ville b\u00e2tie sur la l\u00e9gende, la logique et quelques \u00e9lans d\u2019imagination. La rivi\u00e8re D\u00e2mbovi\u021ba traverse son centre comme un fil qui a \u00e9t\u00e9 tir\u00e9, r\u00e9enfil\u00e9 et redress\u00e9 plus de fois que quiconque ne s\u2019en souvienne, tandis que la ville elle-m\u00eame s\u2019\u00e9tend vers l\u2019ext\u00e9rieur en anneaux gracieux, comme les \u00e9chos d\u2019une pierre jet\u00e9e il y a bien longtemps. En regardant de plus pr\u00e8s, vous verrez les poumons verts de Bucarest respirer \u00e0 travers ses rues \u2014 le parc Her\u0103str\u0103u se d\u00e9ployant autour des lacs au nord, l\u2019\u00e9l\u00e9gant parc Carol avec ses larges marches et les ombres d\u2019anciennes ambitions, et le jardin Ci\u0219migiu pr\u00e8s du centre, o\u00f9 des po\u00e8tes nourrissaient autrefois les canards et o\u00f9 des r\u00e9volutionnaires ont peut-\u00eatre partag\u00e9 des sandwiches. Ces espaces pars\u00e8ment la ville comme des virgules, donnant du rythme \u00e0 son agitation. Les monuments s\u2019\u00e9l\u00e8vent ici avec un go\u00fbt pour le grandiose. Le Palais du Parlement se dresse si immense qu\u2019il semble presque ancrer la carte elle-m\u00eame, un monument aux r\u00eaves r\u00e9alis\u00e9s comme \u00e0 ceux encore en attente dans quelque commission. Des d\u00f4mes orthodoxes apparaissent entre des blocs plus r\u00e9cents, tandis que les anciennes rues de Lipscani serpentent \u00e0 travers le c\u0153ur historique, rappelant discr\u00e8tement aux passants que cette ville commer\u00e7ait d\u00e9j\u00e0 avec le monde bien avant que les caf\u00e9s n\u2019en fassent un lieu \u00e0 la mode.<\/p>\n","protected":false},"excerpt":{"rendered":"<p>Obtenez une City Map \u2013 Carte de ville murale &#8211; imprim\u00e9e de la ville de Bucarest, Roumanie.<br \/>\nChoisissez ci-dessous la taille, la couleur et le design de votre carte !<\/p>\n","protected":false},"featured_media":18880,"template":"","meta":{"_uag_custom_page_level_css":"","_monsterinsights_skip_tracking":false,"_monsterinsights_sitenote_active":false,"_monsterinsights_sitenote_note":"","_monsterinsights_sitenote_category":0,"site-sidebar-layout":"default","site-content-layout":"","ast-site-content-layout":"default","site-content-style":"default","site-sidebar-style":"default","ast-global-header-display":"","ast-banner-title-visibility":"","ast-main-header-display":"","ast-hfb-above-header-display":"","ast-hfb-below-header-display":"","ast-hfb-mobile-header-display":"","site-post-title":"","ast-breadcrumbs-content":"","ast-featured-img":"","footer-sml-layout":"","ast-disable-related-posts":"","theme-transparent-header-meta":"default","adv-header-id-meta":"","stick-header-meta":"","header-above-stick-meta":"","header-main-stick-meta":"","header-below-stick-meta":"","astra-migrate-meta-layouts":"set","ast-page-background-enabled":"default","ast-page-background-meta":{"desktop":{"background-color":"","background-image":"","background-repeat":"repeat","background-position":"center center","background-size":"auto","background-attachment":"scroll","background-type":"","background-media":"","overlay-type":"","overlay-color":"","overlay-opacity":"","overlay-gradient":""},"tablet":{"background-color":"","background-image":"","background-repeat":"repeat","background-position":"center center","background-size":"auto","background-attachment":"scroll","background-type":"","background-media":"","overlay-type":"","overlay-color":"","overlay-opacity":"","overlay-gradient":""},"mobile":{"background-color":"","background-image":"","background-repeat":"repeat","background-position":"center center","background-size":"auto","background-attachment":"scroll","background-type":"","background-media":"","overlay-type":"","overlay-color":"","overlay-opacity":"","overlay-gradient":""}},"ast-content-background-meta":{"desktop":{"background-color":"var(--ast-global-color-5)","background-image":"","background-repeat":"repeat","background-position":"center center","background-size":"auto","background-attachment":"scroll","background-type":"","background-media":"","overlay-type":"","overlay-color":"","overlay-opacity":"","overlay-gradient":""},"tablet":{"background-color":"var(--ast-global-color-5)","background-image":"","background-repeat":"repeat","background-position":"center center","background-size":"auto","background-attachment":"scroll","background-type":"","background-media":"","overlay-type":"","overlay-color":"","overlay-opacity":"","overlay-gradient":""},"mobile":{"background-color":"var(--ast-global-color-5)","background-image":"","background-repeat":"repeat","background-position":"center center","background-size":"auto","background-attachment":"scroll","background-type":"","background-media":"","overlay-type":"","overlay-color":"","overlay-opacity":"","overlay-gradient":""}}},"product_brand":[],"product_cat":[18],"product_tag":[34,35,36,781,39,40,93,782],"class_list":{"0":"post-17092","1":"product","2":"type-product","3":"status-publish","4":"has-post-thumbnail","6":"product_cat-city-maps","7":"product_tag-30x40","8":"product_tag-40x50","9":"product_tag-50x70","10":"product_tag-bucharest","11":"product_tag-canvas","12":"product_tag-city-map","13":"product_tag-europe","14":"product_tag-romania","15":"desktop-align-left","16":"tablet-align-left","17":"mobile-align-left","19":"first","20":"instock","21":"shipping-taxable","22":"purchasable","23":"product-type-variable"},"aioseo_notices":[],"uagb_featured_image_src":{"full":["https:\/\/mapospheres.eu\/wp-content\/uploads\/2026\/03\/Z_NIGHT_FULL_BUCHAREST_BUCHAREST.jpg",1000,1000,false],"thumbnail":["https:\/\/mapospheres.eu\/wp-content\/uploads\/2026\/03\/Z_NIGHT_FULL_BUCHAREST_BUCHAREST-150x150.jpg",150,150,true],"medium":["https:\/\/mapospheres.eu\/wp-content\/uploads\/2026\/03\/Z_NIGHT_FULL_BUCHAREST_BUCHAREST-300x300.jpg",300,300,true],"medium_large":["https:\/\/mapospheres.eu\/wp-content\/uploads\/2026\/03\/Z_NIGHT_FULL_BUCHAREST_BUCHAREST-768x768.jpg",768,768,true],"large":["https:\/\/mapospheres.eu\/wp-content\/uploads\/2026\/03\/Z_NIGHT_FULL_BUCHAREST_BUCHAREST.jpg",1000,1000,false],"1536x1536":["https:\/\/mapospheres.eu\/wp-content\/uploads\/2026\/03\/Z_NIGHT_FULL_BUCHAREST_BUCHAREST.jpg",1000,1000,false],"2048x2048":["https:\/\/mapospheres.eu\/wp-content\/uploads\/2026\/03\/Z_NIGHT_FULL_BUCHAREST_BUCHAREST.jpg",1000,1000,false],"woocommerce_thumbnail":["https:\/\/mapospheres.eu\/wp-content\/uploads\/2026\/03\/Z_NIGHT_FULL_BUCHAREST_BUCHAREST-300x300.jpg",300,300,true],"woocommerce_single":["https:\/\/mapospheres.eu\/wp-content\/uploads\/2026\/03\/Z_NIGHT_FULL_BUCHAREST_BUCHAREST-600x600.jpg",600,600,true],"woocommerce_gallery_thumbnail":["https:\/\/mapospheres.eu\/wp-content\/uploads\/2026\/03\/Z_NIGHT_FULL_BUCHAREST_BUCHAREST-100x100.jpg",100,100,true]},"uagb_author_info":{"display_name":"sgainot04@gmail.com","author_link":"https:\/\/mapospheres.eu\/fr\/author\/"},"uagb_comment_info":0,"uagb_excerpt":"Obtenez une City Map \u2013 Carte de ville murale - imprim\u00e9e de la ville de Bucarest, Roumanie. Choisissez ci-dessous la taille, la couleur et le design de votre carte !","_links":{"self":[{"href":"https:\/\/mapospheres.eu\/fr\/wp-json\/wp\/v2\/product\/17092","targetHints":{"allow":["GET"]}}],"collection":[{"href":"https:\/\/mapospheres.eu\/fr\/wp-json\/wp\/v2\/product"}],"about":[{"href":"https:\/\/mapospheres.eu\/fr\/wp-json\/wp\/v2\/types\/product"}],"wp:featuredmedia":[{"embeddable":true,"href":"https:\/\/mapospheres.eu\/fr\/wp-json\/wp\/v2\/media\/18880"}],"wp:attachment":[{"href":"https:\/\/mapospheres.eu\/fr\/wp-json\/wp\/v2\/media?parent=17092"}],"wp:term":[{"taxonomy":"product_brand","embeddable":true,"href":"https:\/\/mapospheres.eu\/fr\/wp-json\/wp\/v2\/product_brand?post=17092"},{"taxonomy":"product_cat","embeddable":true,"href":"https:\/\/mapospheres.eu\/fr\/wp-json\/wp\/v2\/product_cat?post=17092"},{"taxonomy":"product_tag","embeddable":true,"href":"https:\/\/mapospheres.eu\/fr\/wp-json\/wp\/v2\/product_tag?post=17092"}],"curies":[{"name":"wp","href":"https:\/\/api.w.org\/{rel}","templated":true}]}}