{"id":17094,"date":"2026-03-02T13:28:29","date_gmt":"2026-03-02T13:28:29","guid":{"rendered":"https:\/\/mapospheres.eu\/product\/poster-of-dublin-ireland\/"},"modified":"2026-03-10T11:10:51","modified_gmt":"2026-03-10T11:10:51","slug":"poster-of-dublin-ireland","status":"publish","type":"product","link":"https:\/\/mapospheres.eu\/fr\/product\/poster-de-dublin-irlande\/","title":{"rendered":"Poster de Dublin | Irlande"},"content":{"rendered":"<p><strong>Poster City map de Dublin, Irlande : Nich\u00e9e au bord de la mer d\u2019Irlande, Dublin s\u2019\u00e9tend doucement entre les montagnes et l\u2019eau, comme une ville prise entre deux histoires \u2014 l\u2019une murmur\u00e9e par le vent venant des collines, l\u2019autre port\u00e9e par la mar\u00e9e.<\/strong><\/p>\n<p>Cette carte de la ville capture cet \u00e9quilibre d\u00e9licat, avec de douces lignes topographiques montrant comment la terre descend des contreforts m\u00e9ridionaux des montagnes de Wicklow vers la rivi\u00e8re Liffey, qui coupe Dublin en deux comme un marque-page bien plac\u00e9 dans un roman bien lu. Du Phoenix Park \u2014 le grand poumon vert de la ville, o\u00f9 les cerfs se prom\u00e8nent depuis l\u2019\u00e9poque des ducs \u2014 \u00e0 l\u2019\u00e9l\u00e9gante \u00e9tendue am\u00e9nag\u00e9e de St. Stephen\u2019s Green, cette carte r\u00e9v\u00e8le discr\u00e8tement comment la nature conserve encore son mot \u00e0 dire dans la capitale irlandaise. La c\u00f4te s\u2019incurve vers l\u2019est avec une sorte d\u2019\u00e9l\u00e9gance d\u00e9contract\u00e9e, parsem\u00e9e de ports et de criques comme Sandymount et Howth, o\u00f9 les mouettes semblent avoir h\u00e9rit\u00e9 des comm\u00e9rages d\u2019anciens marins. En regardant vers l\u2019int\u00e9rieur des terres, vous trouverez le c\u0153ur de Dublin : la longue colonne vert\u00e9brale d\u2019O\u2019Connell Street, les anciens lieux embl\u00e9matiques de Trinity College et le groupe de cath\u00e9drales o\u00f9 les saints se disputaient autrefois pour un bout de terrain. R\u00e9alis\u00e9e avec l\u2019\u0153il d\u2019un designer et la touche d\u2019un cartographe, cette carte vous invite \u00e0 suivre les mont\u00e9es et les descentes de la ville \u2014 non seulement de son relief, mais aussi de ses si\u00e8cles d\u2019histoire. Chaque colline, chaque courbe de la rivi\u00e8re, chaque parcelle de verdure raconte une partie de l\u2019histoire, qu\u2019il s\u2019agisse de raids vikings ou de la promenade matinale d\u2019un po\u00e8te. Prenez garde toutefois : vous pourriez commencer \u00e0 entendre des violons dans la brise.<\/p>\n","protected":false},"excerpt":{"rendered":"<p>Obtenez une City Map \u2013 Carte de ville murale &#8211; imprim\u00e9e de la ville de Dublin, Irlande.<br \/>\nChoisissez ci-dessous la taille, la couleur et le design de votre carte !<\/p>\n","protected":false},"featured_media":18856,"template":"","meta":{"_uag_custom_page_level_css":"","_monsterinsights_skip_tracking":false,"_monsterinsights_sitenote_active":false,"_monsterinsights_sitenote_note":"","_monsterinsights_sitenote_category":0,"site-sidebar-layout":"default","site-content-layout":"","ast-site-content-layout":"default","site-content-style":"default","site-sidebar-style":"default","ast-global-header-display":"","ast-banner-title-visibility":"","ast-main-header-display":"","ast-hfb-above-header-display":"","ast-hfb-below-header-display":"","ast-hfb-mobile-header-display":"","site-post-title":"","ast-breadcrumbs-content":"","ast-featured-img":"","footer-sml-layout":"","ast-disable-related-posts":"","theme-transparent-header-meta":"default","adv-header-id-meta":"","stick-header-meta":"","header-above-stick-meta":"","header-main-stick-meta":"","header-below-stick-meta":"","astra-migrate-meta-layouts":"set","ast-page-background-enabled":"default","ast-page-background-meta":{"desktop":{"background-color":"","background-image":"","background-repeat":"repeat","background-position":"center center","background-size":"auto","background-attachment":"scroll","background-type":"","background-media":"","overlay-type":"","overlay-color":"","overlay-opacity":"","overlay-gradient":""},"tablet":{"background-color":"","background-image":"","background-repeat":"repeat","background-position":"center center","background-size":"auto","background-attachment":"scroll","background-type":"","background-media":"","overlay-type":"","overlay-color":"","overlay-opacity":"","overlay-gradient":""},"mobile":{"background-color":"","background-image":"","background-repeat":"repeat","background-position":"center center","background-size":"auto","background-attachment":"scroll","background-type":"","background-media":"","overlay-type":"","overlay-color":"","overlay-opacity":"","overlay-gradient":""}},"ast-content-background-meta":{"desktop":{"background-color":"var(--ast-global-color-5)","background-image":"","background-repeat":"repeat","background-position":"center center","background-size":"auto","background-attachment":"scroll","background-type":"","background-media":"","overlay-type":"","overlay-color":"","overlay-opacity":"","overlay-gradient":""},"tablet":{"background-color":"var(--ast-global-color-5)","background-image":"","background-repeat":"repeat","background-position":"center center","background-size":"auto","background-attachment":"scroll","background-type":"","background-media":"","overlay-type":"","overlay-color":"","overlay-opacity":"","overlay-gradient":""},"mobile":{"background-color":"var(--ast-global-color-5)","background-image":"","background-repeat":"repeat","background-position":"center center","background-size":"auto","background-attachment":"scroll","background-type":"","background-media":"","overlay-type":"","overlay-color":"","overlay-opacity":"","overlay-gradient":""}}},"product_brand":[],"product_cat":[18,338],"product_tag":[34,35,36,39,40,779,93,329],"class_list":{"0":"post-17094","1":"product","2":"type-product","3":"status-publish","4":"has-post-thumbnail","6":"product_cat-city-maps","7":"product_cat-featured_eng","8":"product_tag-30x40","9":"product_tag-40x50","10":"product_tag-50x70","11":"product_tag-canvas","12":"product_tag-city-map","13":"product_tag-dublin","14":"product_tag-europe","15":"product_tag-ireland","16":"desktop-align-left","17":"tablet-align-left","18":"mobile-align-left","20":"first","21":"instock","22":"shipping-taxable","23":"purchasable","24":"product-type-variable"},"aioseo_notices":[],"uagb_featured_image_src":{"full":["https:\/\/mapospheres.eu\/wp-content\/uploads\/2026\/03\/Z_NIGHT_FULL_DUBLIN_DUBLIN.jpg",1000,1000,false],"thumbnail":["https:\/\/mapospheres.eu\/wp-content\/uploads\/2026\/03\/Z_NIGHT_FULL_DUBLIN_DUBLIN-150x150.jpg",150,150,true],"medium":["https:\/\/mapospheres.eu\/wp-content\/uploads\/2026\/03\/Z_NIGHT_FULL_DUBLIN_DUBLIN-300x300.jpg",300,300,true],"medium_large":["https:\/\/mapospheres.eu\/wp-content\/uploads\/2026\/03\/Z_NIGHT_FULL_DUBLIN_DUBLIN-768x768.jpg",768,768,true],"large":["https:\/\/mapospheres.eu\/wp-content\/uploads\/2026\/03\/Z_NIGHT_FULL_DUBLIN_DUBLIN.jpg",1000,1000,false],"1536x1536":["https:\/\/mapospheres.eu\/wp-content\/uploads\/2026\/03\/Z_NIGHT_FULL_DUBLIN_DUBLIN.jpg",1000,1000,false],"2048x2048":["https:\/\/mapospheres.eu\/wp-content\/uploads\/2026\/03\/Z_NIGHT_FULL_DUBLIN_DUBLIN.jpg",1000,1000,false],"woocommerce_thumbnail":["https:\/\/mapospheres.eu\/wp-content\/uploads\/2026\/03\/Z_NIGHT_FULL_DUBLIN_DUBLIN-300x300.jpg",300,300,true],"woocommerce_single":["https:\/\/mapospheres.eu\/wp-content\/uploads\/2026\/03\/Z_NIGHT_FULL_DUBLIN_DUBLIN-600x600.jpg",600,600,true],"woocommerce_gallery_thumbnail":["https:\/\/mapospheres.eu\/wp-content\/uploads\/2026\/03\/Z_NIGHT_FULL_DUBLIN_DUBLIN-100x100.jpg",100,100,true]},"uagb_author_info":{"display_name":"sgainot04@gmail.com","author_link":"https:\/\/mapospheres.eu\/fr\/author\/"},"uagb_comment_info":0,"uagb_excerpt":"Obtenez une City Map \u2013 Carte de ville murale - imprim\u00e9e de la ville de Dublin, Irlande. Choisissez ci-dessous la taille, la couleur et le design de votre carte !","_links":{"self":[{"href":"https:\/\/mapospheres.eu\/fr\/wp-json\/wp\/v2\/product\/17094","targetHints":{"allow":["GET"]}}],"collection":[{"href":"https:\/\/mapospheres.eu\/fr\/wp-json\/wp\/v2\/product"}],"about":[{"href":"https:\/\/mapospheres.eu\/fr\/wp-json\/wp\/v2\/types\/product"}],"wp:featuredmedia":[{"embeddable":true,"href":"https:\/\/mapospheres.eu\/fr\/wp-json\/wp\/v2\/media\/18856"}],"wp:attachment":[{"href":"https:\/\/mapospheres.eu\/fr\/wp-json\/wp\/v2\/media?parent=17094"}],"wp:term":[{"taxonomy":"product_brand","embeddable":true,"href":"https:\/\/mapospheres.eu\/fr\/wp-json\/wp\/v2\/product_brand?post=17094"},{"taxonomy":"product_cat","embeddable":true,"href":"https:\/\/mapospheres.eu\/fr\/wp-json\/wp\/v2\/product_cat?post=17094"},{"taxonomy":"product_tag","embeddable":true,"href":"https:\/\/mapospheres.eu\/fr\/wp-json\/wp\/v2\/product_tag?post=17094"}],"curies":[{"name":"wp","href":"https:\/\/api.w.org\/{rel}","templated":true}]}}