{"id":17095,"date":"2026-03-02T13:28:32","date_gmt":"2026-03-02T13:28:32","guid":{"rendered":"https:\/\/mapospheres.eu\/product\/poster-of-valletta-malta\/"},"modified":"2026-03-06T10:36:52","modified_gmt":"2026-03-06T10:36:52","slug":"poster-of-valletta-malta","status":"publish","type":"product","link":"https:\/\/mapospheres.eu\/fr\/product\/poster-de-la-valette-malte\/","title":{"rendered":"Poster de La Valette | Malte"},"content":{"rendered":"<p><strong>Poster City map de La Valette, Malte : la citadelle baign\u00e9e de soleil au bord de la mer, sculpt\u00e9e dans le calcaire dor\u00e9 et perch\u00e9e sur une p\u00e9ninsule comme si Neptune lui-m\u00eame l\u2019avait arrach\u00e9e aux vagues.<\/strong><\/p>\n<p>Cette carte de la ville capture le c\u0153ur noble de la capitale maltaise, une ville si compacte et fi\u00e8re qu\u2019elle semble construite pour les histoires plut\u00f4t que pour la circulation. Vue du ciel, La Valette appara\u00eet comme un \u00e9chiquier historique, avec des rues droites qui marchent vers les ports bleus scintillants qui l\u2019encadrent comme des douves jumelles \u2014 le Grand Harbour au sud, Marsamxett au nord.<\/p>\n<p>Suivez les bastions solides et les fortifications en \u00e9toile, rappels que La Valette fut autrefois le rempart de la Chr\u00e9tient\u00e9, imagin\u00e9e par des chevaliers en armure qui pr\u00e9f\u00e9raient leurs villes fortifi\u00e9es et leurs ennemis d\u00e9concert\u00e9s. Regardez de plus pr\u00e8s et vous d\u00e9couvrirez les jardins Upper Barrakka accroch\u00e9s au bord de la ville, une terrasse verte offrant des vues si spectaculaires qu\u2019elles pourraient refroidir votre th\u00e9.<\/p>\n<p>Les ondulations douces du terrain ne sont pas un hasard \u2014 elles roulent et plongent comme une histoire qui se d\u00e9roule, guidant votre regard vers les d\u00f4mes et les clochers, notamment le puissant d\u00f4me de l\u2019\u00e9glise des Carmes et le clocher de Saint-Paul, se tenant comme des cousins rivaux dans un portrait de famille. M\u00eame en pierre, La Valette conserve sa l\u00e9g\u00e8ret\u00e9 et son charme.<\/p>\n<p>Cette carte ne montre pas seulement une ville ; elle murmure les vents marins, un myst\u00e8re de ruelles \u00e9troites et le secret que rien \u00e0 La Valette n\u2019est loin \u2014 sauf, peut-\u00eatre, le prochain gelato. Une pi\u00e8ce parfaite \u00e0 accrocher l\u00e0 o\u00f9 les histoires se racontent, ou au moins l\u00e0 o\u00f9 les murs ont besoin d\u2019un peu plus de caract\u00e8re.<\/p>\n","protected":false},"excerpt":{"rendered":"<p>Obtenez une City Map \u2013 Carte de ville murale &#8211; imprim\u00e9e de la ville de La Valette, Malte.<br \/>\nChoisissez ci-dessous la taille, la couleur et le design de votre carte !<\/p>\n","protected":false},"featured_media":18655,"template":"","meta":{"_uag_custom_page_level_css":"","_monsterinsights_skip_tracking":false,"_monsterinsights_sitenote_active":false,"_monsterinsights_sitenote_note":"","_monsterinsights_sitenote_category":0,"site-sidebar-layout":"default","site-content-layout":"","ast-site-content-layout":"default","site-content-style":"default","site-sidebar-style":"default","ast-global-header-display":"","ast-banner-title-visibility":"","ast-main-header-display":"","ast-hfb-above-header-display":"","ast-hfb-below-header-display":"","ast-hfb-mobile-header-display":"","site-post-title":"","ast-breadcrumbs-content":"","ast-featured-img":"","footer-sml-layout":"","ast-disable-related-posts":"","theme-transparent-header-meta":"default","adv-header-id-meta":"","stick-header-meta":"","header-above-stick-meta":"","header-main-stick-meta":"","header-below-stick-meta":"","astra-migrate-meta-layouts":"set","ast-page-background-enabled":"default","ast-page-background-meta":{"desktop":{"background-color":"","background-image":"","background-repeat":"repeat","background-position":"center center","background-size":"auto","background-attachment":"scroll","background-type":"","background-media":"","overlay-type":"","overlay-color":"","overlay-opacity":"","overlay-gradient":""},"tablet":{"background-color":"","background-image":"","background-repeat":"repeat","background-position":"center center","background-size":"auto","background-attachment":"scroll","background-type":"","background-media":"","overlay-type":"","overlay-color":"","overlay-opacity":"","overlay-gradient":""},"mobile":{"background-color":"","background-image":"","background-repeat":"repeat","background-position":"center center","background-size":"auto","background-attachment":"scroll","background-type":"","background-media":"","overlay-type":"","overlay-color":"","overlay-opacity":"","overlay-gradient":""}},"ast-content-background-meta":{"desktop":{"background-color":"var(--ast-global-color-5)","background-image":"","background-repeat":"repeat","background-position":"center center","background-size":"auto","background-attachment":"scroll","background-type":"","background-media":"","overlay-type":"","overlay-color":"","overlay-opacity":"","overlay-gradient":""},"tablet":{"background-color":"var(--ast-global-color-5)","background-image":"","background-repeat":"repeat","background-position":"center center","background-size":"auto","background-attachment":"scroll","background-type":"","background-media":"","overlay-type":"","overlay-color":"","overlay-opacity":"","overlay-gradient":""},"mobile":{"background-color":"var(--ast-global-color-5)","background-image":"","background-repeat":"repeat","background-position":"center center","background-size":"auto","background-attachment":"scroll","background-type":"","background-media":"","overlay-type":"","overlay-color":"","overlay-opacity":"","overlay-gradient":""}}},"product_brand":[],"product_cat":[18],"product_tag":[696],"class_list":{"0":"post-17095","1":"product","2":"type-product","3":"status-publish","4":"has-post-thumbnail","6":"product_cat-city-maps","7":"product_tag-30x40-40x50-50x70-canvas-city-map-europe-malta-valletta","8":"desktop-align-left","9":"tablet-align-left","10":"mobile-align-left","12":"first","13":"instock","14":"shipping-taxable","15":"purchasable","16":"product-type-variable"},"aioseo_notices":[],"uagb_featured_image_src":{"full":["https:\/\/mapospheres.eu\/wp-content\/uploads\/2026\/03\/CANVAS_3_BWROUND_VALLETTA.jpg",1000,1000,false],"thumbnail":["https:\/\/mapospheres.eu\/wp-content\/uploads\/2026\/03\/CANVAS_3_BWROUND_VALLETTA-150x150.jpg",150,150,true],"medium":["https:\/\/mapospheres.eu\/wp-content\/uploads\/2026\/03\/CANVAS_3_BWROUND_VALLETTA-300x300.jpg",300,300,true],"medium_large":["https:\/\/mapospheres.eu\/wp-content\/uploads\/2026\/03\/CANVAS_3_BWROUND_VALLETTA-768x768.jpg",768,768,true],"large":["https:\/\/mapospheres.eu\/wp-content\/uploads\/2026\/03\/CANVAS_3_BWROUND_VALLETTA.jpg",1000,1000,false],"1536x1536":["https:\/\/mapospheres.eu\/wp-content\/uploads\/2026\/03\/CANVAS_3_BWROUND_VALLETTA.jpg",1000,1000,false],"2048x2048":["https:\/\/mapospheres.eu\/wp-content\/uploads\/2026\/03\/CANVAS_3_BWROUND_VALLETTA.jpg",1000,1000,false],"woocommerce_thumbnail":["https:\/\/mapospheres.eu\/wp-content\/uploads\/2026\/03\/CANVAS_3_BWROUND_VALLETTA-300x300.jpg",300,300,true],"woocommerce_single":["https:\/\/mapospheres.eu\/wp-content\/uploads\/2026\/03\/CANVAS_3_BWROUND_VALLETTA-600x600.jpg",600,600,true],"woocommerce_gallery_thumbnail":["https:\/\/mapospheres.eu\/wp-content\/uploads\/2026\/03\/CANVAS_3_BWROUND_VALLETTA-100x100.jpg",100,100,true]},"uagb_author_info":{"display_name":"sgainot04@gmail.com","author_link":"https:\/\/mapospheres.eu\/fr\/author\/"},"uagb_comment_info":0,"uagb_excerpt":"Obtenez une City Map \u2013 Carte de ville murale - imprim\u00e9e de la ville de La Valette, Malte. Choisissez ci-dessous la taille, la couleur et le design de votre carte !","_links":{"self":[{"href":"https:\/\/mapospheres.eu\/fr\/wp-json\/wp\/v2\/product\/17095","targetHints":{"allow":["GET"]}}],"collection":[{"href":"https:\/\/mapospheres.eu\/fr\/wp-json\/wp\/v2\/product"}],"about":[{"href":"https:\/\/mapospheres.eu\/fr\/wp-json\/wp\/v2\/types\/product"}],"wp:featuredmedia":[{"embeddable":true,"href":"https:\/\/mapospheres.eu\/fr\/wp-json\/wp\/v2\/media\/18655"}],"wp:attachment":[{"href":"https:\/\/mapospheres.eu\/fr\/wp-json\/wp\/v2\/media?parent=17095"}],"wp:term":[{"taxonomy":"product_brand","embeddable":true,"href":"https:\/\/mapospheres.eu\/fr\/wp-json\/wp\/v2\/product_brand?post=17095"},{"taxonomy":"product_cat","embeddable":true,"href":"https:\/\/mapospheres.eu\/fr\/wp-json\/wp\/v2\/product_cat?post=17095"},{"taxonomy":"product_tag","embeddable":true,"href":"https:\/\/mapospheres.eu\/fr\/wp-json\/wp\/v2\/product_tag?post=17095"}],"curies":[{"name":"wp","href":"https:\/\/api.w.org\/{rel}","templated":true}]}}