{"id":17097,"date":"2026-03-02T13:28:40","date_gmt":"2026-03-02T13:28:40","guid":{"rendered":"https:\/\/mapospheres.eu\/product\/poster-of-athens-greece\/"},"modified":"2026-03-06T10:36:00","modified_gmt":"2026-03-06T10:36:00","slug":"poster-of-athens-greece","status":"publish","type":"product","link":"https:\/\/mapospheres.eu\/fr\/product\/poster-dathenes-grece\/","title":{"rendered":"Poster d\u2019Ath\u00e8nes | Gr\u00e8ce"},"content":{"rendered":"<p><strong>Poster City map d\u2019Ath\u00e8nes, Gr\u00e8ce : nich\u00e9e entre collines et histoire, dessin\u00e9e sur cette carte comme si les dieux eux-m\u00eames l\u2019avaient esquiss\u00e9e lors d\u2019un apr\u00e8s-midi tranquille sur le mont Olympe. <\/strong><\/p>\n<p>Le terrain monte et descend comme une sc\u00e8ne construite pour les drames, avec l\u2019Acropole dress\u00e9e fermement au centre \u2014 pierre, histoire et fiert\u00e9 obstin\u00e9e, veillant encore sur la ville comme un vieux philosophe qui n\u2019a jamais vraiment pris sa retraite. Vue d\u2019en haut, Ath\u00e8nes se d\u00e9ploie dans toutes les directions, une tapisserie de rues sinueuses, de ruines antiques et de toits baign\u00e9s de soleil.<\/p>\n<p>Le relief raconte sa propre histoire : la colline du Lycabette s\u2019\u00e9l\u00e8ve plus haut que les autres, un belv\u00e9d\u00e8re coiff\u00e9 de verdure qui donne aux oiseaux \u2014 et aux randonneurs \u2014 une bonne raison de s\u2019arr\u00eater et d\u2019admirer la vue. Puis il y a la colline de Philopappos, o\u00f9 Socrate a peut-\u00eatre march\u00e9, ou peut-\u00eatre pas, et la Pnyx, o\u00f9 la d\u00e9mocratie a tent\u00e9 de faire entendre sa voix pour la premi\u00e8re fois (avec des r\u00e9sultats mitig\u00e9s, comme l\u2019histoire l\u2019a montr\u00e9).<\/p>\n<p>Les espaces verts interrompent le bourdonnement de la ville par des \u00eelots de calme \u2014 le Jardin national s\u2019\u00e9tend \u00e0 c\u00f4t\u00e9 de l\u2019ancien palais royal, rempli d\u2019arbres qui ont probablement entendu plus d\u2019un murmure diplomatique. M\u00eame dans une ville construite de marbre et de mythes, la nature trouve son chemin : les oliveraies font \u00e9cho \u00e0 l\u2019ancien cadeau d\u2019Ath\u00e9na, et les pins se penchent vers le soleil m\u00e9diterran\u00e9en comme s\u2019ils savaient qu\u2019ils sont en bonne compagnie.<\/p>\n<p>Cette carte ne montre pas seulement o\u00f9 se trouvent les choses \u2014 elle murmure aussi comment elles sont devenues ce qu\u2019elles sont. Une terre de logique et de l\u00e9gendes, o\u00f9 chaque coin semble se souvenir de quelque chose d\u2019important.<\/p>\n","protected":false},"excerpt":{"rendered":"<p>Obtenez une City Map \u2013 Carte de ville murale &#8211; imprim\u00e9e de la ville d\u2019Ath\u00e8nes, Gr\u00e8ce.<br \/>\nChoisissez ci-dessous la taille, la couleur et le design de votre carte !<\/p>\n","protected":false},"featured_media":18641,"template":"","meta":{"_uag_custom_page_level_css":"","_monsterinsights_skip_tracking":false,"_monsterinsights_sitenote_active":false,"_monsterinsights_sitenote_note":"","_monsterinsights_sitenote_category":0,"site-sidebar-layout":"default","site-content-layout":"","ast-site-content-layout":"default","site-content-style":"default","site-sidebar-style":"default","ast-global-header-display":"","ast-banner-title-visibility":"","ast-main-header-display":"","ast-hfb-above-header-display":"","ast-hfb-below-header-display":"","ast-hfb-mobile-header-display":"","site-post-title":"","ast-breadcrumbs-content":"","ast-featured-img":"","footer-sml-layout":"","ast-disable-related-posts":"","theme-transparent-header-meta":"default","adv-header-id-meta":"","stick-header-meta":"","header-above-stick-meta":"","header-main-stick-meta":"","header-below-stick-meta":"","astra-migrate-meta-layouts":"set","ast-page-background-enabled":"default","ast-page-background-meta":{"desktop":{"background-color":"","background-image":"","background-repeat":"repeat","background-position":"center center","background-size":"auto","background-attachment":"scroll","background-type":"","background-media":"","overlay-type":"","overlay-color":"","overlay-opacity":"","overlay-gradient":""},"tablet":{"background-color":"","background-image":"","background-repeat":"repeat","background-position":"center center","background-size":"auto","background-attachment":"scroll","background-type":"","background-media":"","overlay-type":"","overlay-color":"","overlay-opacity":"","overlay-gradient":""},"mobile":{"background-color":"","background-image":"","background-repeat":"repeat","background-position":"center center","background-size":"auto","background-attachment":"scroll","background-type":"","background-media":"","overlay-type":"","overlay-color":"","overlay-opacity":"","overlay-gradient":""}},"ast-content-background-meta":{"desktop":{"background-color":"var(--ast-global-color-5)","background-image":"","background-repeat":"repeat","background-position":"center center","background-size":"auto","background-attachment":"scroll","background-type":"","background-media":"","overlay-type":"","overlay-color":"","overlay-opacity":"","overlay-gradient":""},"tablet":{"background-color":"var(--ast-global-color-5)","background-image":"","background-repeat":"repeat","background-position":"center center","background-size":"auto","background-attachment":"scroll","background-type":"","background-media":"","overlay-type":"","overlay-color":"","overlay-opacity":"","overlay-gradient":""},"mobile":{"background-color":"var(--ast-global-color-5)","background-image":"","background-repeat":"repeat","background-position":"center center","background-size":"auto","background-attachment":"scroll","background-type":"","background-media":"","overlay-type":"","overlay-color":"","overlay-opacity":"","overlay-gradient":""}}},"product_brand":[],"product_cat":[18,338],"product_tag":[698],"class_list":{"0":"post-17097","1":"product","2":"type-product","3":"status-publish","4":"has-post-thumbnail","6":"product_cat-city-maps","7":"product_cat-featured_eng","8":"product_tag-30x40-40x50-50x70-athens-canvas-city-map-europe-greece","9":"desktop-align-left","10":"tablet-align-left","11":"mobile-align-left","13":"first","14":"instock","15":"shipping-taxable","16":"purchasable","17":"product-type-variable"},"aioseo_notices":[],"uagb_featured_image_src":{"full":["https:\/\/mapospheres.eu\/wp-content\/uploads\/2026\/03\/ZZ_PIC3_BWR_ATHENS.jpg",1000,1000,false],"thumbnail":["https:\/\/mapospheres.eu\/wp-content\/uploads\/2026\/03\/ZZ_PIC3_BWR_ATHENS-150x150.jpg",150,150,true],"medium":["https:\/\/mapospheres.eu\/wp-content\/uploads\/2026\/03\/ZZ_PIC3_BWR_ATHENS-300x300.jpg",300,300,true],"medium_large":["https:\/\/mapospheres.eu\/wp-content\/uploads\/2026\/03\/ZZ_PIC3_BWR_ATHENS-768x768.jpg",768,768,true],"large":["https:\/\/mapospheres.eu\/wp-content\/uploads\/2026\/03\/ZZ_PIC3_BWR_ATHENS.jpg",1000,1000,false],"1536x1536":["https:\/\/mapospheres.eu\/wp-content\/uploads\/2026\/03\/ZZ_PIC3_BWR_ATHENS.jpg",1000,1000,false],"2048x2048":["https:\/\/mapospheres.eu\/wp-content\/uploads\/2026\/03\/ZZ_PIC3_BWR_ATHENS.jpg",1000,1000,false],"woocommerce_thumbnail":["https:\/\/mapospheres.eu\/wp-content\/uploads\/2026\/03\/ZZ_PIC3_BWR_ATHENS-300x300.jpg",300,300,true],"woocommerce_single":["https:\/\/mapospheres.eu\/wp-content\/uploads\/2026\/03\/ZZ_PIC3_BWR_ATHENS-600x600.jpg",600,600,true],"woocommerce_gallery_thumbnail":["https:\/\/mapospheres.eu\/wp-content\/uploads\/2026\/03\/ZZ_PIC3_BWR_ATHENS-100x100.jpg",100,100,true]},"uagb_author_info":{"display_name":"sgainot04@gmail.com","author_link":"https:\/\/mapospheres.eu\/fr\/author\/"},"uagb_comment_info":0,"uagb_excerpt":"Obtenez une City Map \u2013 Carte de ville murale - imprim\u00e9e de la ville d\u2019Ath\u00e8nes, Gr\u00e8ce. Choisissez ci-dessous la taille, la couleur et le design de votre carte !","_links":{"self":[{"href":"https:\/\/mapospheres.eu\/fr\/wp-json\/wp\/v2\/product\/17097","targetHints":{"allow":["GET"]}}],"collection":[{"href":"https:\/\/mapospheres.eu\/fr\/wp-json\/wp\/v2\/product"}],"about":[{"href":"https:\/\/mapospheres.eu\/fr\/wp-json\/wp\/v2\/types\/product"}],"wp:featuredmedia":[{"embeddable":true,"href":"https:\/\/mapospheres.eu\/fr\/wp-json\/wp\/v2\/media\/18641"}],"wp:attachment":[{"href":"https:\/\/mapospheres.eu\/fr\/wp-json\/wp\/v2\/media?parent=17097"}],"wp:term":[{"taxonomy":"product_brand","embeddable":true,"href":"https:\/\/mapospheres.eu\/fr\/wp-json\/wp\/v2\/product_brand?post=17097"},{"taxonomy":"product_cat","embeddable":true,"href":"https:\/\/mapospheres.eu\/fr\/wp-json\/wp\/v2\/product_cat?post=17097"},{"taxonomy":"product_tag","embeddable":true,"href":"https:\/\/mapospheres.eu\/fr\/wp-json\/wp\/v2\/product_tag?post=17097"}],"curies":[{"name":"wp","href":"https:\/\/api.w.org\/{rel}","templated":true}]}}