{"id":17098,"date":"2026-03-02T13:28:44","date_gmt":"2026-03-02T13:28:44","guid":{"rendered":"https:\/\/mapospheres.eu\/product\/poster-of-belgrade-serbia\/"},"modified":"2026-03-06T10:36:11","modified_gmt":"2026-03-06T10:36:11","slug":"poster-of-belgrade-serbia","status":"publish","type":"product","link":"https:\/\/mapospheres.eu\/fr\/product\/poster-de-belgrade-serbie\/","title":{"rendered":"Poster de Belgrade | Serbie"},"content":{"rendered":"<p><strong>Poster City map de Belgrade, Serbie : elle se dresse l\u00e0 o\u00f9 les fleuves se rencontrent et o\u00f9 les empires se sont autrefois affront\u00e9s, et cette carte de la ville capture cet esprit agit\u00e9 fa\u00e7onn\u00e9 par la terre et les l\u00e9gendes.<\/strong><\/p>\n<p>En son c\u0153ur, la confluence de la Save et du Danube trace un chemin audacieux \u00e0 travers le paysage, deux puissants fleuves se serrant la main avant de poursuivre leur route vers la mer Noire. C\u2019est un point de rencontre, une sc\u00e8ne naturelle o\u00f9 l\u2019histoire est arriv\u00e9e de toutes les directions \u2014 souvent sans invitation, rarement sans se faire remarquer.<\/p>\n<p>La carte attire le regard vers Kalemegdan, la forteresse perch\u00e9e fi\u00e8rement sur la cr\u00eate o\u00f9 les fleuves se rejoignent. Ce n\u2019est pas seulement de la pierre et des murs, mais une sorte de mus\u00e9e \u00e0 ciel ouvert de la survie, avec une vue qui a tout vu, des l\u00e9gions romaines aux s\u00e9ances de photos de mariage. Autour d\u2019elle, le parc descend doucement, un poumon vert rempli de statues, d\u2019ombre et de parties d\u2019\u00e9checs qui durent parfois plus longtemps que certaines guerres.<\/p>\n<p>Le relief de Belgrade monte et descend avec une assurance tranquille. La vieille ville grimpe depuis le front de rivi\u00e8re avec ses rues \u00e9troites et son charme obstin\u00e9, tandis qu\u2019au-del\u00e0 des fleuves, les quartiers modernes s\u2019\u00e9tendent avec de larges avenues et une ambition sovi\u00e9tique. Les collines de Dedinje au sud adoucissent l\u2019\u00e9talement urbain, leurs pentes abritant des ambassades, des villas et plus d\u2019un secret.<\/p>\n<p>Des fils verts traversent la carte \u2014 la vaste for\u00eat de Ko\u0161utnjak o\u00f9 les sangliers errent encore comme si personne ne leur avait dit que c\u2019est d\u00e9sormais un sentier de jogging, et les lignes soign\u00e9es du parc Top\u010dider, autrefois retraite royale, aujourd\u2019hui terrain de pique-nique avec des \u00e9chos du pass\u00e9 cach\u00e9s sous chaque arbre.<\/p>\n<p>Ada Ciganlija, l\u2019\u00eele fluviale devenue plage de la ville, flotte comme une pens\u00e9e paresseuse sur la Save, o\u00f9 les \u00e9t\u00e9s sont bruyants, au bord de l\u2019eau et r\u00e9solument joyeux.<\/p>\n","protected":false},"excerpt":{"rendered":"<p>Obtenez une City Map \u2013 Carte de ville murale &#8211; imprim\u00e9e de la ville de Belgrade, Serbie.<br \/>\nChoisissez ci-dessous la taille, la couleur et le design de votre carte !<\/p>\n","protected":false},"featured_media":18626,"template":"","meta":{"_uag_custom_page_level_css":"","_monsterinsights_skip_tracking":false,"_monsterinsights_sitenote_active":false,"_monsterinsights_sitenote_note":"","_monsterinsights_sitenote_category":0,"site-sidebar-layout":"default","site-content-layout":"","ast-site-content-layout":"default","site-content-style":"default","site-sidebar-style":"default","ast-global-header-display":"","ast-banner-title-visibility":"","ast-main-header-display":"","ast-hfb-above-header-display":"","ast-hfb-below-header-display":"","ast-hfb-mobile-header-display":"","site-post-title":"","ast-breadcrumbs-content":"","ast-featured-img":"","footer-sml-layout":"","ast-disable-related-posts":"","theme-transparent-header-meta":"default","adv-header-id-meta":"","stick-header-meta":"","header-above-stick-meta":"","header-main-stick-meta":"","header-below-stick-meta":"","astra-migrate-meta-layouts":"set","ast-page-background-enabled":"default","ast-page-background-meta":{"desktop":{"background-color":"","background-image":"","background-repeat":"repeat","background-position":"center center","background-size":"auto","background-attachment":"scroll","background-type":"","background-media":"","overlay-type":"","overlay-color":"","overlay-opacity":"","overlay-gradient":""},"tablet":{"background-color":"","background-image":"","background-repeat":"repeat","background-position":"center center","background-size":"auto","background-attachment":"scroll","background-type":"","background-media":"","overlay-type":"","overlay-color":"","overlay-opacity":"","overlay-gradient":""},"mobile":{"background-color":"","background-image":"","background-repeat":"repeat","background-position":"center center","background-size":"auto","background-attachment":"scroll","background-type":"","background-media":"","overlay-type":"","overlay-color":"","overlay-opacity":"","overlay-gradient":""}},"ast-content-background-meta":{"desktop":{"background-color":"var(--ast-global-color-5)","background-image":"","background-repeat":"repeat","background-position":"center center","background-size":"auto","background-attachment":"scroll","background-type":"","background-media":"","overlay-type":"","overlay-color":"","overlay-opacity":"","overlay-gradient":""},"tablet":{"background-color":"var(--ast-global-color-5)","background-image":"","background-repeat":"repeat","background-position":"center center","background-size":"auto","background-attachment":"scroll","background-type":"","background-media":"","overlay-type":"","overlay-color":"","overlay-opacity":"","overlay-gradient":""},"mobile":{"background-color":"var(--ast-global-color-5)","background-image":"","background-repeat":"repeat","background-position":"center center","background-size":"auto","background-attachment":"scroll","background-type":"","background-media":"","overlay-type":"","overlay-color":"","overlay-opacity":"","overlay-gradient":""}}},"product_brand":[],"product_cat":[18,338,464,465],"product_tag":[34,35,36,773,39,40,93,774],"class_list":{"0":"post-17098","1":"product","2":"type-product","3":"status-publish","4":"has-post-thumbnail","6":"product_cat-city-maps","7":"product_cat-featured_eng","8":"product_cat-featured_fr","9":"product_cat-featured_esp","10":"product_tag-30x40","11":"product_tag-40x50","12":"product_tag-50x70","13":"product_tag-belgrade","14":"product_tag-canvas","15":"product_tag-city-map","16":"product_tag-europe","17":"product_tag-serbia","18":"desktop-align-left","19":"tablet-align-left","20":"mobile-align-left","22":"first","23":"instock","24":"shipping-taxable","25":"purchasable","26":"product-type-variable"},"aioseo_notices":[],"uagb_featured_image_src":{"full":["https:\/\/mapospheres.eu\/wp-content\/uploads\/2026\/03\/Z_RED_FULL_BELGRADE_BELGRADE.jpg",1000,1000,false],"thumbnail":["https:\/\/mapospheres.eu\/wp-content\/uploads\/2026\/03\/Z_RED_FULL_BELGRADE_BELGRADE-150x150.jpg",150,150,true],"medium":["https:\/\/mapospheres.eu\/wp-content\/uploads\/2026\/03\/Z_RED_FULL_BELGRADE_BELGRADE-300x300.jpg",300,300,true],"medium_large":["https:\/\/mapospheres.eu\/wp-content\/uploads\/2026\/03\/Z_RED_FULL_BELGRADE_BELGRADE-768x768.jpg",768,768,true],"large":["https:\/\/mapospheres.eu\/wp-content\/uploads\/2026\/03\/Z_RED_FULL_BELGRADE_BELGRADE.jpg",1000,1000,false],"1536x1536":["https:\/\/mapospheres.eu\/wp-content\/uploads\/2026\/03\/Z_RED_FULL_BELGRADE_BELGRADE.jpg",1000,1000,false],"2048x2048":["https:\/\/mapospheres.eu\/wp-content\/uploads\/2026\/03\/Z_RED_FULL_BELGRADE_BELGRADE.jpg",1000,1000,false],"woocommerce_thumbnail":["https:\/\/mapospheres.eu\/wp-content\/uploads\/2026\/03\/Z_RED_FULL_BELGRADE_BELGRADE-300x300.jpg",300,300,true],"woocommerce_single":["https:\/\/mapospheres.eu\/wp-content\/uploads\/2026\/03\/Z_RED_FULL_BELGRADE_BELGRADE-600x600.jpg",600,600,true],"woocommerce_gallery_thumbnail":["https:\/\/mapospheres.eu\/wp-content\/uploads\/2026\/03\/Z_RED_FULL_BELGRADE_BELGRADE-100x100.jpg",100,100,true]},"uagb_author_info":{"display_name":"sgainot04@gmail.com","author_link":"https:\/\/mapospheres.eu\/fr\/author\/"},"uagb_comment_info":0,"uagb_excerpt":"Obtenez une City Map \u2013 Carte de ville murale - imprim\u00e9e de la ville de Belgrade, Serbie. Choisissez ci-dessous la taille, la couleur et le design de votre carte !","_links":{"self":[{"href":"https:\/\/mapospheres.eu\/fr\/wp-json\/wp\/v2\/product\/17098","targetHints":{"allow":["GET"]}}],"collection":[{"href":"https:\/\/mapospheres.eu\/fr\/wp-json\/wp\/v2\/product"}],"about":[{"href":"https:\/\/mapospheres.eu\/fr\/wp-json\/wp\/v2\/types\/product"}],"wp:featuredmedia":[{"embeddable":true,"href":"https:\/\/mapospheres.eu\/fr\/wp-json\/wp\/v2\/media\/18626"}],"wp:attachment":[{"href":"https:\/\/mapospheres.eu\/fr\/wp-json\/wp\/v2\/media?parent=17098"}],"wp:term":[{"taxonomy":"product_brand","embeddable":true,"href":"https:\/\/mapospheres.eu\/fr\/wp-json\/wp\/v2\/product_brand?post=17098"},{"taxonomy":"product_cat","embeddable":true,"href":"https:\/\/mapospheres.eu\/fr\/wp-json\/wp\/v2\/product_cat?post=17098"},{"taxonomy":"product_tag","embeddable":true,"href":"https:\/\/mapospheres.eu\/fr\/wp-json\/wp\/v2\/product_tag?post=17098"}],"curies":[{"name":"wp","href":"https:\/\/api.w.org\/{rel}","templated":true}]}}