{"id":17100,"date":"2026-03-02T13:28:51","date_gmt":"2026-03-02T13:28:51","guid":{"rendered":"https:\/\/mapospheres.eu\/product\/poster-of-vienna-austria\/"},"modified":"2026-03-06T10:37:01","modified_gmt":"2026-03-06T10:37:01","slug":"poster-of-vienna-austria","status":"publish","type":"product","link":"https:\/\/mapospheres.eu\/fr\/product\/poster-de-vienne-autriche\/","title":{"rendered":"Poster de Vienne | Autriche"},"content":{"rendered":"<p><strong>Poster City map de Vienne, Autriche : L\u2019\u00e2me ancienne de l\u2019Europe envelopp\u00e9e de courbes baroques et de ceintures vertes.<\/strong><\/p>\n<p>Cette carte de la ville murmure des histoires d\u2019empereurs et de valses, mais elle r\u00e9v\u00e8le aussi la terre qui se cache sous cette \u00e9l\u00e9gance. La carte attire d\u2019abord le regard vers le ruban sinueux du Danube, ce vieux fleuve tranquille qui transporte histoires et chansons depuis des si\u00e8cles. Comme un invit\u00e9 attentionn\u00e9, il ne s\u2019impose pas au c\u0153ur de la ville, mais passe doucement \u00e0 c\u00f4t\u00e9, offrant vie et commerce sans g\u00eaner.<\/p>\n<p>\u00c0 l\u2019ouest, les bois de Vienne s\u2019\u00e9l\u00e8vent comme un souvenir adouci des Alpes, leurs collines douces formant un d\u00e9cor naturel et un terrain de jeu pour les cerfs, les po\u00e8tes et les promeneurs du dimanche. Ces hauteurs bois\u00e9es encadrent la ville avec s\u00e9r\u00e9nit\u00e9, leur relief donnant \u00e0 la carte une \u00e9l\u00e9gance textur\u00e9e.<\/p>\n<p>En contrebas, Vienne se d\u00e9ploie en couches \u2014 un enchev\u00eatrement ordonn\u00e9 de boulevards, de parcs et de toits \u2014 avec la grande Ringstrasse formant une boucle comme un lasso d\u2019histoire autour du vieux c\u0153ur de la ville.<\/p>\n<p>Les espaces verts ne sont pas dispers\u00e9s ici, ils semblent pousser avec intention. Le Prater, avec sa c\u00e9l\u00e8bre grande roue qui tourne lentement depuis le XIXe si\u00e8cle, s\u2019\u00e9tend \u00e0 l\u2019est comme un jardin noble qui aurait oubli\u00e9 de s\u2019arr\u00eater. Et le palais de Sch\u00f6nbrunn se trouve au sud-ouest, ses jardins baroques s\u2019\u00e9talant en une sym\u00e9trie d\u00e9fiant les \u00e9lans sauvages de la nature \u2014 comme si les Habsbourg avaient demand\u00e9 \u00e0 la Terre elle-m\u00eame de se tenir bien droite.<\/p>\n","protected":false},"excerpt":{"rendered":"<p>Obtenez une City Map \u2013 Carte de ville murale &#8211; imprim\u00e9e de la ville de Vienne, Autriche.<br \/>\nChoisissez ci-dessous la taille, la couleur et le design de votre carte !<\/p>\n","protected":false},"featured_media":18415,"template":"","meta":{"_uag_custom_page_level_css":"","_monsterinsights_skip_tracking":false,"_monsterinsights_sitenote_active":false,"_monsterinsights_sitenote_note":"","_monsterinsights_sitenote_category":0,"site-sidebar-layout":"default","site-content-layout":"","ast-site-content-layout":"default","site-content-style":"default","site-sidebar-style":"default","ast-global-header-display":"","ast-banner-title-visibility":"","ast-main-header-display":"","ast-hfb-above-header-display":"","ast-hfb-below-header-display":"","ast-hfb-mobile-header-display":"","site-post-title":"","ast-breadcrumbs-content":"","ast-featured-img":"","footer-sml-layout":"","ast-disable-related-posts":"","theme-transparent-header-meta":"default","adv-header-id-meta":"","stick-header-meta":"","header-above-stick-meta":"","header-main-stick-meta":"","header-below-stick-meta":"","astra-migrate-meta-layouts":"set","ast-page-background-enabled":"default","ast-page-background-meta":{"desktop":{"background-color":"","background-image":"","background-repeat":"repeat","background-position":"center center","background-size":"auto","background-attachment":"scroll","background-type":"","background-media":"","overlay-type":"","overlay-color":"","overlay-opacity":"","overlay-gradient":""},"tablet":{"background-color":"","background-image":"","background-repeat":"repeat","background-position":"center center","background-size":"auto","background-attachment":"scroll","background-type":"","background-media":"","overlay-type":"","overlay-color":"","overlay-opacity":"","overlay-gradient":""},"mobile":{"background-color":"","background-image":"","background-repeat":"repeat","background-position":"center center","background-size":"auto","background-attachment":"scroll","background-type":"","background-media":"","overlay-type":"","overlay-color":"","overlay-opacity":"","overlay-gradient":""}},"ast-content-background-meta":{"desktop":{"background-color":"var(--ast-global-color-5)","background-image":"","background-repeat":"repeat","background-position":"center center","background-size":"auto","background-attachment":"scroll","background-type":"","background-media":"","overlay-type":"","overlay-color":"","overlay-opacity":"","overlay-gradient":""},"tablet":{"background-color":"var(--ast-global-color-5)","background-image":"","background-repeat":"repeat","background-position":"center center","background-size":"auto","background-attachment":"scroll","background-type":"","background-media":"","overlay-type":"","overlay-color":"","overlay-opacity":"","overlay-gradient":""},"mobile":{"background-color":"var(--ast-global-color-5)","background-image":"","background-repeat":"repeat","background-position":"center center","background-size":"auto","background-attachment":"scroll","background-type":"","background-media":"","overlay-type":"","overlay-color":"","overlay-opacity":"","overlay-gradient":""}}},"product_brand":[],"product_cat":[18],"product_tag":[34,35,36,557,39,40,93,771],"class_list":{"0":"post-17100","1":"product","2":"type-product","3":"status-publish","4":"has-post-thumbnail","6":"product_cat-city-maps","7":"product_tag-30x40","8":"product_tag-40x50","9":"product_tag-50x70","10":"product_tag-austria","11":"product_tag-canvas","12":"product_tag-city-map","13":"product_tag-europe","14":"product_tag-vienna","15":"desktop-align-left","16":"tablet-align-left","17":"mobile-align-left","19":"first","20":"instock","21":"shipping-taxable","22":"purchasable","23":"product-type-variable"},"aioseo_notices":[],"uagb_featured_image_src":{"full":["https:\/\/mapospheres.eu\/wp-content\/uploads\/2026\/03\/CANVAS_3_NIGHT_VIENNA.jpg",1000,1000,false],"thumbnail":["https:\/\/mapospheres.eu\/wp-content\/uploads\/2026\/03\/CANVAS_3_NIGHT_VIENNA-150x150.jpg",150,150,true],"medium":["https:\/\/mapospheres.eu\/wp-content\/uploads\/2026\/03\/CANVAS_3_NIGHT_VIENNA-300x300.jpg",300,300,true],"medium_large":["https:\/\/mapospheres.eu\/wp-content\/uploads\/2026\/03\/CANVAS_3_NIGHT_VIENNA-768x768.jpg",768,768,true],"large":["https:\/\/mapospheres.eu\/wp-content\/uploads\/2026\/03\/CANVAS_3_NIGHT_VIENNA.jpg",1000,1000,false],"1536x1536":["https:\/\/mapospheres.eu\/wp-content\/uploads\/2026\/03\/CANVAS_3_NIGHT_VIENNA.jpg",1000,1000,false],"2048x2048":["https:\/\/mapospheres.eu\/wp-content\/uploads\/2026\/03\/CANVAS_3_NIGHT_VIENNA.jpg",1000,1000,false],"woocommerce_thumbnail":["https:\/\/mapospheres.eu\/wp-content\/uploads\/2026\/03\/CANVAS_3_NIGHT_VIENNA-300x300.jpg",300,300,true],"woocommerce_single":["https:\/\/mapospheres.eu\/wp-content\/uploads\/2026\/03\/CANVAS_3_NIGHT_VIENNA-600x600.jpg",600,600,true],"woocommerce_gallery_thumbnail":["https:\/\/mapospheres.eu\/wp-content\/uploads\/2026\/03\/CANVAS_3_NIGHT_VIENNA-100x100.jpg",100,100,true]},"uagb_author_info":{"display_name":"sgainot04@gmail.com","author_link":"https:\/\/mapospheres.eu\/fr\/author\/"},"uagb_comment_info":0,"uagb_excerpt":"Obtenez une City Map \u2013 Carte de ville murale - imprim\u00e9e de la ville de Vienne, Autriche. Choisissez ci-dessous la taille, la couleur et le design de votre carte !","_links":{"self":[{"href":"https:\/\/mapospheres.eu\/fr\/wp-json\/wp\/v2\/product\/17100","targetHints":{"allow":["GET"]}}],"collection":[{"href":"https:\/\/mapospheres.eu\/fr\/wp-json\/wp\/v2\/product"}],"about":[{"href":"https:\/\/mapospheres.eu\/fr\/wp-json\/wp\/v2\/types\/product"}],"wp:featuredmedia":[{"embeddable":true,"href":"https:\/\/mapospheres.eu\/fr\/wp-json\/wp\/v2\/media\/18415"}],"wp:attachment":[{"href":"https:\/\/mapospheres.eu\/fr\/wp-json\/wp\/v2\/media?parent=17100"}],"wp:term":[{"taxonomy":"product_brand","embeddable":true,"href":"https:\/\/mapospheres.eu\/fr\/wp-json\/wp\/v2\/product_brand?post=17100"},{"taxonomy":"product_cat","embeddable":true,"href":"https:\/\/mapospheres.eu\/fr\/wp-json\/wp\/v2\/product_cat?post=17100"},{"taxonomy":"product_tag","embeddable":true,"href":"https:\/\/mapospheres.eu\/fr\/wp-json\/wp\/v2\/product_tag?post=17100"}],"curies":[{"name":"wp","href":"https:\/\/api.w.org\/{rel}","templated":true}]}}