{"id":17101,"date":"2026-03-02T13:28:55","date_gmt":"2026-03-02T13:28:55","guid":{"rendered":"https:\/\/mapospheres.eu\/product\/poster-of-sofia-bulgaria\/"},"modified":"2026-03-06T10:36:47","modified_gmt":"2026-03-06T10:36:47","slug":"poster-of-sofia-bulgaria","status":"publish","type":"product","link":"https:\/\/mapospheres.eu\/fr\/product\/poster-de-sofia-bulgarie\/","title":{"rendered":"Poster de Sofia | Bulgarie"},"content":{"rendered":"<p><strong>Poster City map de Sofia, Bulgarie : Accrochez-la \u00e0 votre mur et sentez la ville respirer \u2014 un peu ancienne, un peu moderne, et toujours discr\u00e8tement magnifique.<\/strong><\/p>\n<p>Sofia repose tranquillement au pied d\u2019une montagne, \u00e0 moiti\u00e9 enfouie dans l\u2019histoire, \u00e0 moiti\u00e9 perdue dans son propre charme, et enti\u00e8rement satisfaite de sa vue. Cette carte murale r\u00e9v\u00e8le tout le caract\u00e8re de la reine d\u00e9contract\u00e9e de la Bulgarie, retra\u00e7ant les courbes douces du paysage et l\u2019\u00e2me obstin\u00e9e de la ville avec des lignes nettes et \u00e9l\u00e9gantes.<\/p>\n<p>Au sud, la montagne Vitosha s\u2019\u00e9l\u00e8ve comme une gardienne silencieuse. Par temps clair, elle observe la ville d\u2019en haut, coiff\u00e9e de neige en hiver et parsem\u00e9e de fleurs sauvages en \u00e9t\u00e9. La carte montre ses larges pentes qui se fondent dans les limites urbaines, un point de rencontre entre la nature et le b\u00e9ton dont la plupart des villes ne peuvent que r\u00eaver. C\u2019est le genre de montagne o\u00f9 l\u2019on peut skier le matin et porter un toast le soir, de pr\u00e9f\u00e9rence avec quelque chose de fort et de local.<\/p>\n<p>La ville elle-m\u00eame se d\u00e9ploie dans un bassin plat, comme si elle avait \u00e9tendu les bras sous la montagne pour profiter d\u2019un peu de soleil. Les anciennes routes romaines murmurent encore sous les modernes, et la carte sugg\u00e8re ces couches de temps \u2014 de larges boulevards rencontrant des ruelles \u00e9troites, des d\u00f4mes orthodoxes s\u2019\u00e9levant non loin de blocs sovi\u00e9tiques, et des parcs dispers\u00e9s entre les deux comme des pauses dans une longue conversation.<\/p>\n<p>Au c\u0153ur de la ville, la cath\u00e9drale Alexandre-Nevski aux d\u00f4mes dor\u00e9s se dresse fi\u00e8rement, un monument si impressionnant que m\u00eame les pigeons semblent admiratifs. Non loin de l\u00e0, on peut apercevoir les vestiges de Serdica, l\u2019ancienne ville romaine qui a refus\u00e9 d\u2019\u00eatre compl\u00e8tement enterr\u00e9e. Sofia a cette habitude \u2014 garder le pass\u00e9 juste sous les pieds, ou parfois juste au-dessus du sol, comme une histoire \u00e0 moiti\u00e9 racont\u00e9e.<\/p>\n<p>Les espaces verts ondulent sur la carte comme de doux soupirs \u2014 le jardin Borisova s\u2019\u00e9tend comme une longue respiration, feuillu et paisible, tandis que le parc Sud se love sous Vitosha comme s\u2019il y \u00e9tait tomb\u00e9 expr\u00e8s. Ce sont des endroits o\u00f9 les habitants marchent, discutent et parfois dansent, surtout lorsqu\u2019un groupe de musique appara\u00eet sans pr\u00e9venir.<\/p>\n","protected":false},"excerpt":{"rendered":"<p>Obtenez une City Map \u2013 Carte de ville murale &#8211; imprim\u00e9e de la ville de Sofia, Bulgarie.<br \/>\nChoisissez ci-dessous la taille, la couleur et le design de votre carte !<\/p>\n","protected":false},"featured_media":18403,"template":"","meta":{"_uag_custom_page_level_css":"","_monsterinsights_skip_tracking":false,"_monsterinsights_sitenote_active":false,"_monsterinsights_sitenote_note":"","_monsterinsights_sitenote_category":0,"site-sidebar-layout":"default","site-content-layout":"","ast-site-content-layout":"default","site-content-style":"default","site-sidebar-style":"default","ast-global-header-display":"","ast-banner-title-visibility":"","ast-main-header-display":"","ast-hfb-above-header-display":"","ast-hfb-below-header-display":"","ast-hfb-mobile-header-display":"","site-post-title":"","ast-breadcrumbs-content":"","ast-featured-img":"","footer-sml-layout":"","ast-disable-related-posts":"","theme-transparent-header-meta":"default","adv-header-id-meta":"","stick-header-meta":"","header-above-stick-meta":"","header-main-stick-meta":"","header-below-stick-meta":"","astra-migrate-meta-layouts":"set","ast-page-background-enabled":"default","ast-page-background-meta":{"desktop":{"background-color":"","background-image":"","background-repeat":"repeat","background-position":"center center","background-size":"auto","background-attachment":"scroll","background-type":"","background-media":"","overlay-type":"","overlay-color":"","overlay-opacity":"","overlay-gradient":""},"tablet":{"background-color":"","background-image":"","background-repeat":"repeat","background-position":"center center","background-size":"auto","background-attachment":"scroll","background-type":"","background-media":"","overlay-type":"","overlay-color":"","overlay-opacity":"","overlay-gradient":""},"mobile":{"background-color":"","background-image":"","background-repeat":"repeat","background-position":"center center","background-size":"auto","background-attachment":"scroll","background-type":"","background-media":"","overlay-type":"","overlay-color":"","overlay-opacity":"","overlay-gradient":""}},"ast-content-background-meta":{"desktop":{"background-color":"var(--ast-global-color-5)","background-image":"","background-repeat":"repeat","background-position":"center center","background-size":"auto","background-attachment":"scroll","background-type":"","background-media":"","overlay-type":"","overlay-color":"","overlay-opacity":"","overlay-gradient":""},"tablet":{"background-color":"var(--ast-global-color-5)","background-image":"","background-repeat":"repeat","background-position":"center center","background-size":"auto","background-attachment":"scroll","background-type":"","background-media":"","overlay-type":"","overlay-color":"","overlay-opacity":"","overlay-gradient":""},"mobile":{"background-color":"var(--ast-global-color-5)","background-image":"","background-repeat":"repeat","background-position":"center center","background-size":"auto","background-attachment":"scroll","background-type":"","background-media":"","overlay-type":"","overlay-color":"","overlay-opacity":"","overlay-gradient":""}}},"product_brand":[],"product_cat":[18],"product_tag":[34,35,36,769,39,40,93,770],"class_list":{"0":"post-17101","1":"product","2":"type-product","3":"status-publish","4":"has-post-thumbnail","6":"product_cat-city-maps","7":"product_tag-30x40","8":"product_tag-40x50","9":"product_tag-50x70","10":"product_tag-bulgaria","11":"product_tag-canvas","12":"product_tag-city-map","13":"product_tag-europe","14":"product_tag-sofia","15":"desktop-align-left","16":"tablet-align-left","17":"mobile-align-left","19":"first","20":"instock","21":"shipping-taxable","22":"purchasable","23":"product-type-variable"},"aioseo_notices":[],"uagb_featured_image_src":{"full":["https:\/\/mapospheres.eu\/wp-content\/uploads\/2026\/03\/CANVAS_3_NIGHT_SOFIA.jpg",1000,1000,false],"thumbnail":["https:\/\/mapospheres.eu\/wp-content\/uploads\/2026\/03\/CANVAS_3_NIGHT_SOFIA-150x150.jpg",150,150,true],"medium":["https:\/\/mapospheres.eu\/wp-content\/uploads\/2026\/03\/CANVAS_3_NIGHT_SOFIA-300x300.jpg",300,300,true],"medium_large":["https:\/\/mapospheres.eu\/wp-content\/uploads\/2026\/03\/CANVAS_3_NIGHT_SOFIA-768x768.jpg",768,768,true],"large":["https:\/\/mapospheres.eu\/wp-content\/uploads\/2026\/03\/CANVAS_3_NIGHT_SOFIA.jpg",1000,1000,false],"1536x1536":["https:\/\/mapospheres.eu\/wp-content\/uploads\/2026\/03\/CANVAS_3_NIGHT_SOFIA.jpg",1000,1000,false],"2048x2048":["https:\/\/mapospheres.eu\/wp-content\/uploads\/2026\/03\/CANVAS_3_NIGHT_SOFIA.jpg",1000,1000,false],"woocommerce_thumbnail":["https:\/\/mapospheres.eu\/wp-content\/uploads\/2026\/03\/CANVAS_3_NIGHT_SOFIA-300x300.jpg",300,300,true],"woocommerce_single":["https:\/\/mapospheres.eu\/wp-content\/uploads\/2026\/03\/CANVAS_3_NIGHT_SOFIA-600x600.jpg",600,600,true],"woocommerce_gallery_thumbnail":["https:\/\/mapospheres.eu\/wp-content\/uploads\/2026\/03\/CANVAS_3_NIGHT_SOFIA-100x100.jpg",100,100,true]},"uagb_author_info":{"display_name":"sgainot04@gmail.com","author_link":"https:\/\/mapospheres.eu\/fr\/author\/"},"uagb_comment_info":0,"uagb_excerpt":"Obtenez une City Map \u2013 Carte de ville murale - imprim\u00e9e de la ville de Sofia, Bulgarie. Choisissez ci-dessous la taille, la couleur et le design de votre carte !","_links":{"self":[{"href":"https:\/\/mapospheres.eu\/fr\/wp-json\/wp\/v2\/product\/17101","targetHints":{"allow":["GET"]}}],"collection":[{"href":"https:\/\/mapospheres.eu\/fr\/wp-json\/wp\/v2\/product"}],"about":[{"href":"https:\/\/mapospheres.eu\/fr\/wp-json\/wp\/v2\/types\/product"}],"wp:featuredmedia":[{"embeddable":true,"href":"https:\/\/mapospheres.eu\/fr\/wp-json\/wp\/v2\/media\/18403"}],"wp:attachment":[{"href":"https:\/\/mapospheres.eu\/fr\/wp-json\/wp\/v2\/media?parent=17101"}],"wp:term":[{"taxonomy":"product_brand","embeddable":true,"href":"https:\/\/mapospheres.eu\/fr\/wp-json\/wp\/v2\/product_brand?post=17101"},{"taxonomy":"product_cat","embeddable":true,"href":"https:\/\/mapospheres.eu\/fr\/wp-json\/wp\/v2\/product_cat?post=17101"},{"taxonomy":"product_tag","embeddable":true,"href":"https:\/\/mapospheres.eu\/fr\/wp-json\/wp\/v2\/product_tag?post=17101"}],"curies":[{"name":"wp","href":"https:\/\/api.w.org\/{rel}","templated":true}]}}