{"id":17105,"date":"2026-03-02T13:29:06","date_gmt":"2026-03-02T13:29:06","guid":{"rendered":"https:\/\/mapospheres.eu\/product\/poster-of-quebec-city-quebec\/"},"modified":"2026-03-06T10:36:34","modified_gmt":"2026-03-06T10:36:34","slug":"poster-of-quebec-city-quebec","status":"publish","type":"product","link":"https:\/\/mapospheres.eu\/fr\/product\/poster-de-quebec-canada\/","title":{"rendered":"Poster de Qu\u00e9bec | Canada"},"content":{"rendered":"<p><strong>Poster City map de Qu\u00e9bec, Canada : Cette carte fait bien plus que tracer des rues et des pentes. Elle vous plonge dans le caract\u00e8re unique de la ville \u2014 ses escaliers abrupts, ses promenades au bord du fleuve et ses points de vue perch\u00e9s. C\u2019est de la g\u00e9ographie comme de la po\u00e9sie, avec juste assez de relief pour garder les pieds sur terre.<\/strong><\/p>\n<p>Cette carte murale capture pr\u00e9cis\u00e9ment cette essence, m\u00ealant le relief spectaculaire de la ville \u00e0 une \u00e9l\u00e9gance discr\u00e8te qui m\u00e9rite sa place sur n\u2019importe quel mur dot\u00e9 de bon go\u00fbt et d\u2019un brin de soif de voyage. Ici, le puissant fleuve Saint-Laurent passe comme une vieille \u00e2me, stable et large, bordant le c\u00f4t\u00e9 sud de la ville. Les falaises du cap Diamant s\u2019\u00e9l\u00e8vent fi\u00e8rement au-dessus de l\u2019eau, comme si quelqu\u2019un les avait sculpt\u00e9es pour s\u2019assurer que la ville ne passerait jamais inaper\u00e7ue \u2014 litt\u00e9ralement. Au sommet de ce promontoire se dresse le Ch\u00e2teau Frontenac, cet h\u00f4tel digne d\u2019un conte de f\u00e9es, dominant la vieille ville comme un monarque bienveillant de cuivre et de pierre.<\/p>\n<p>En suivant les lignes vers l\u2019int\u00e9rieur des terres, vous verrez comment la ville s\u2019\u00e9tend sur ses cr\u00eates et ses vall\u00e9es naturelles. Des espaces verts pars\u00e8ment la carte comme des soupirs de soulagement bien plac\u00e9s \u2014 il y a les historiques Plaines d\u2019Abraham, autrefois champ de bataille, aujourd\u2019hui un grand parc o\u00f9 les habitants pique-niquent et font de la raquette comme si les empires ne s\u2019\u00e9taient jamais donn\u00e9 la peine de se battre ici. Vous trouverez aussi les ondulations du Bois-de-Coulonge, \u00e9l\u00e9gant et un peu secret, ainsi que l\u2019\u00e9tendue plate du parc Victoria, qui insiste pour \u00eatre \u00e0 la fois utile et ouvert.<\/p>\n<p>La vieille ville elle-m\u00eame est un entrelacs de rues \u00e9troites qui semblent se recourber comme de la fum\u00e9e, enferm\u00e9es dans des murs de pierre plus anciens que la plupart des pays. Et oui, ils sont toujours l\u00e0, non par obstination, mais peut-\u00eatre simplement parce que personne n\u2019a jamais os\u00e9 leur dire le contraire.<\/p>\n<p>Accrochez-la \u00e0 votre mur, et vous ne voyez pas seulement Qu\u00e9bec \u2014 vous entendez presque les sabots des chevaux sur les pav\u00e9s et sentez au loin les effluves d\u2019\u00e9rable et de neige.<\/p>\n","protected":false},"excerpt":{"rendered":"<p>Obtenez une City Map \u2013 Carte de ville murale &#8211; imprim\u00e9e de la ville de Qu\u00e9bec, Canada.<br \/>\nChoisissez ci-dessous la taille, la couleur et le design de votre carte !<\/p>\n","protected":false},"featured_media":18379,"template":"","meta":{"_uag_custom_page_level_css":"","_monsterinsights_skip_tracking":false,"_monsterinsights_sitenote_active":false,"_monsterinsights_sitenote_note":"","_monsterinsights_sitenote_category":0,"site-sidebar-layout":"default","site-content-layout":"","ast-site-content-layout":"default","site-content-style":"default","site-sidebar-style":"default","ast-global-header-display":"","ast-banner-title-visibility":"","ast-main-header-display":"","ast-hfb-above-header-display":"","ast-hfb-below-header-display":"","ast-hfb-mobile-header-display":"","site-post-title":"","ast-breadcrumbs-content":"","ast-featured-img":"","footer-sml-layout":"","ast-disable-related-posts":"","theme-transparent-header-meta":"default","adv-header-id-meta":"","stick-header-meta":"","header-above-stick-meta":"","header-main-stick-meta":"","header-below-stick-meta":"","astra-migrate-meta-layouts":"set","ast-page-background-enabled":"default","ast-page-background-meta":{"desktop":{"background-color":"","background-image":"","background-repeat":"repeat","background-position":"center center","background-size":"auto","background-attachment":"scroll","background-type":"","background-media":"","overlay-type":"","overlay-color":"","overlay-opacity":"","overlay-gradient":""},"tablet":{"background-color":"","background-image":"","background-repeat":"repeat","background-position":"center center","background-size":"auto","background-attachment":"scroll","background-type":"","background-media":"","overlay-type":"","overlay-color":"","overlay-opacity":"","overlay-gradient":""},"mobile":{"background-color":"","background-image":"","background-repeat":"repeat","background-position":"center center","background-size":"auto","background-attachment":"scroll","background-type":"","background-media":"","overlay-type":"","overlay-color":"","overlay-opacity":"","overlay-gradient":""}},"ast-content-background-meta":{"desktop":{"background-color":"var(--ast-global-color-5)","background-image":"","background-repeat":"repeat","background-position":"center center","background-size":"auto","background-attachment":"scroll","background-type":"","background-media":"","overlay-type":"","overlay-color":"","overlay-opacity":"","overlay-gradient":""},"tablet":{"background-color":"var(--ast-global-color-5)","background-image":"","background-repeat":"repeat","background-position":"center center","background-size":"auto","background-attachment":"scroll","background-type":"","background-media":"","overlay-type":"","overlay-color":"","overlay-opacity":"","overlay-gradient":""},"mobile":{"background-color":"var(--ast-global-color-5)","background-image":"","background-repeat":"repeat","background-position":"center center","background-size":"auto","background-attachment":"scroll","background-type":"","background-media":"","overlay-type":"","overlay-color":"","overlay-opacity":"","overlay-gradient":""}}},"product_brand":[],"product_cat":[18,464],"product_tag":[34,35,36,374,39,40,323,766,767],"class_list":{"0":"post-17105","1":"product","2":"type-product","3":"status-publish","4":"has-post-thumbnail","6":"product_cat-city-maps","7":"product_cat-featured_fr","8":"product_tag-30x40","9":"product_tag-40x50","10":"product_tag-50x70","11":"product_tag-canada","12":"product_tag-canvas","13":"product_tag-city-map","14":"product_tag-north-america","15":"product_tag-quebec","16":"product_tag-quebec-city","17":"desktop-align-left","18":"tablet-align-left","19":"mobile-align-left","21":"first","22":"instock","23":"shipping-taxable","24":"purchasable","25":"product-type-variable"},"aioseo_notices":[],"uagb_featured_image_src":{"full":["https:\/\/mapospheres.eu\/wp-content\/uploads\/2026\/03\/CANVAS_16_BW_2ND_QUEBEC.jpg",1000,1000,false],"thumbnail":["https:\/\/mapospheres.eu\/wp-content\/uploads\/2026\/03\/CANVAS_16_BW_2ND_QUEBEC-150x150.jpg",150,150,true],"medium":["https:\/\/mapospheres.eu\/wp-content\/uploads\/2026\/03\/CANVAS_16_BW_2ND_QUEBEC-300x300.jpg",300,300,true],"medium_large":["https:\/\/mapospheres.eu\/wp-content\/uploads\/2026\/03\/CANVAS_16_BW_2ND_QUEBEC-768x768.jpg",768,768,true],"large":["https:\/\/mapospheres.eu\/wp-content\/uploads\/2026\/03\/CANVAS_16_BW_2ND_QUEBEC.jpg",1000,1000,false],"1536x1536":["https:\/\/mapospheres.eu\/wp-content\/uploads\/2026\/03\/CANVAS_16_BW_2ND_QUEBEC.jpg",1000,1000,false],"2048x2048":["https:\/\/mapospheres.eu\/wp-content\/uploads\/2026\/03\/CANVAS_16_BW_2ND_QUEBEC.jpg",1000,1000,false],"woocommerce_thumbnail":["https:\/\/mapospheres.eu\/wp-content\/uploads\/2026\/03\/CANVAS_16_BW_2ND_QUEBEC-300x300.jpg",300,300,true],"woocommerce_single":["https:\/\/mapospheres.eu\/wp-content\/uploads\/2026\/03\/CANVAS_16_BW_2ND_QUEBEC-600x600.jpg",600,600,true],"woocommerce_gallery_thumbnail":["https:\/\/mapospheres.eu\/wp-content\/uploads\/2026\/03\/CANVAS_16_BW_2ND_QUEBEC-100x100.jpg",100,100,true]},"uagb_author_info":{"display_name":"sgainot04@gmail.com","author_link":"https:\/\/mapospheres.eu\/fr\/author\/"},"uagb_comment_info":0,"uagb_excerpt":"Obtenez une City Map \u2013 Carte de ville murale - imprim\u00e9e de la ville de Qu\u00e9bec, Canada. Choisissez ci-dessous la taille, la couleur et le design de votre carte !","_links":{"self":[{"href":"https:\/\/mapospheres.eu\/fr\/wp-json\/wp\/v2\/product\/17105","targetHints":{"allow":["GET"]}}],"collection":[{"href":"https:\/\/mapospheres.eu\/fr\/wp-json\/wp\/v2\/product"}],"about":[{"href":"https:\/\/mapospheres.eu\/fr\/wp-json\/wp\/v2\/types\/product"}],"wp:featuredmedia":[{"embeddable":true,"href":"https:\/\/mapospheres.eu\/fr\/wp-json\/wp\/v2\/media\/18379"}],"wp:attachment":[{"href":"https:\/\/mapospheres.eu\/fr\/wp-json\/wp\/v2\/media?parent=17105"}],"wp:term":[{"taxonomy":"product_brand","embeddable":true,"href":"https:\/\/mapospheres.eu\/fr\/wp-json\/wp\/v2\/product_brand?post=17105"},{"taxonomy":"product_cat","embeddable":true,"href":"https:\/\/mapospheres.eu\/fr\/wp-json\/wp\/v2\/product_cat?post=17105"},{"taxonomy":"product_tag","embeddable":true,"href":"https:\/\/mapospheres.eu\/fr\/wp-json\/wp\/v2\/product_tag?post=17105"}],"curies":[{"name":"wp","href":"https:\/\/api.w.org\/{rel}","templated":true}]}}