{"id":17106,"date":"2026-03-02T13:29:10","date_gmt":"2026-03-02T13:29:10","guid":{"rendered":"https:\/\/mapospheres.eu\/product\/poster-of-barcelona-spain\/"},"modified":"2026-03-06T10:36:04","modified_gmt":"2026-03-06T10:36:04","slug":"poster-of-barcelona-spain","status":"publish","type":"product","link":"https:\/\/mapospheres.eu\/fr\/product\/poster-de-barcelone-espagne\/","title":{"rendered":"Poster de Barcelone | Espagne"},"content":{"rendered":"<p><strong>Poster City map de Barcelone, Espagne : Nich\u00e9e entre la mer et les collines, Barcelone s\u2019\u00e9tend comme une toile peinte \u00e0 la fois par la nature et par des architectes tr\u00e8s ambitieux.<\/strong>Cette carte de la ville capture cet \u00e9quilibre avec une pr\u00e9cision sereine \u2014 le bleu profond de la M\u00e9diterran\u00e9e longeant le bord de la ville, et les \u00e9paules verdoyantes de Montju\u00efc et du Tibidabo s\u2019\u00e9levant doucement derri\u00e8re, comme si la terre elle-m\u00eame se penchait pour mieux observer. Vue d\u2019en haut, la c\u00e9l\u00e8bre grille du quartier de l\u2019Eixample ressemble \u00e0 l\u2019\u0153uvre de quelqu\u2019un arm\u00e9 d\u2019une r\u00e8gle, d\u2019un compas et d\u2019un l\u00e9ger sens de l\u2019obsession. Chaque p\u00e2t\u00e9 de maisons est taill\u00e9 avec des angles chanfrein\u00e9s \u2014 d\u00e9coup\u00e9s avec soin, non seulement pour la circulation, mais aussi pour la lumi\u00e8re du soleil et l\u2019\u00e9l\u00e9gance. Et au milieu de ce puzzle g\u00e9om\u00e9trique, la Sagrada Fam\u00edlia s\u2019\u00e9l\u00e8ve vers le ciel comme une cath\u00e9drale qui aurait oubli\u00e9 de cesser de grandir. M\u00eame sur une carte plate, elle semble vibrer d\u2019histoires inachev\u00e9es. Les espaces verts ponctuent la ville comme des pauses dans une longue conversation. Le parc G\u00fcell s\u2019enroule sur une colline, rempli de mosa\u00efques, de l\u00e9zards et de cette impression que Gaud\u00ed essayait peut-\u00eatre simplement de rendre la nature jalouse. Il y a aussi la longue \u00e9tendue du parc de la Ciutadella, avec ses fontaines, ses mus\u00e9es et parfois un musicien qui fait semblant de ne pas se soucier de savoir qui \u00e9coute. M\u00eame les avenues bord\u00e9es d\u2019arbres semblent respirer. Le littoral trace une ligne douce et r\u00e9guli\u00e8re, avec des plages qui commencent l\u00e0 o\u00f9 la ville s\u2019arr\u00eate. Des promenades anim\u00e9es de la Barceloneta aux sables plus calmes plus au nord, le bord de la carte invite le regard vers la mer ouverte, comme il l\u2019a toujours fait pour les marins, les commer\u00e7ants et les r\u00eaveurs. Cette carte de Barcelone ne se contente pas d\u2019indiquer des rues et des reliefs \u2014 elle esquisse une ville con\u00e7ue pour \u00eatre \u00e0 la fois vue et ressentie. Accrochez-la \u00e0 votre mur et vous pourriez commencer \u00e0 planifier une sieste, une promenade ou une r\u00e9volution \u2014 exactement comme les habitants le font depuis des si\u00e8cles.<\/p>\n","protected":false},"excerpt":{"rendered":"<p>Obtenez une City Map \u2013 Carte de ville murale &#8211; imprim\u00e9e de la ville de Barcelone, Espagne.<br \/>\nChoisissez ci-dessous la taille, la couleur et le design de votre carte !<\/p>\n","protected":false},"featured_media":18367,"template":"","meta":{"_uag_custom_page_level_css":"","_monsterinsights_skip_tracking":false,"_monsterinsights_sitenote_active":false,"_monsterinsights_sitenote_note":"","_monsterinsights_sitenote_category":0,"site-sidebar-layout":"default","site-content-layout":"","ast-site-content-layout":"default","site-content-style":"default","site-sidebar-style":"default","ast-global-header-display":"","ast-banner-title-visibility":"","ast-main-header-display":"","ast-hfb-above-header-display":"","ast-hfb-below-header-display":"","ast-hfb-mobile-header-display":"","site-post-title":"","ast-breadcrumbs-content":"","ast-featured-img":"","footer-sml-layout":"","ast-disable-related-posts":"","theme-transparent-header-meta":"default","adv-header-id-meta":"","stick-header-meta":"","header-above-stick-meta":"","header-main-stick-meta":"","header-below-stick-meta":"","astra-migrate-meta-layouts":"set","ast-page-background-enabled":"default","ast-page-background-meta":{"desktop":{"background-color":"","background-image":"","background-repeat":"repeat","background-position":"center center","background-size":"auto","background-attachment":"scroll","background-type":"","background-media":"","overlay-type":"","overlay-color":"","overlay-opacity":"","overlay-gradient":""},"tablet":{"background-color":"","background-image":"","background-repeat":"repeat","background-position":"center center","background-size":"auto","background-attachment":"scroll","background-type":"","background-media":"","overlay-type":"","overlay-color":"","overlay-opacity":"","overlay-gradient":""},"mobile":{"background-color":"","background-image":"","background-repeat":"repeat","background-position":"center center","background-size":"auto","background-attachment":"scroll","background-type":"","background-media":"","overlay-type":"","overlay-color":"","overlay-opacity":"","overlay-gradient":""}},"ast-content-background-meta":{"desktop":{"background-color":"var(--ast-global-color-5)","background-image":"","background-repeat":"repeat","background-position":"center center","background-size":"auto","background-attachment":"scroll","background-type":"","background-media":"","overlay-type":"","overlay-color":"","overlay-opacity":"","overlay-gradient":""},"tablet":{"background-color":"var(--ast-global-color-5)","background-image":"","background-repeat":"repeat","background-position":"center center","background-size":"auto","background-attachment":"scroll","background-type":"","background-media":"","overlay-type":"","overlay-color":"","overlay-opacity":"","overlay-gradient":""},"mobile":{"background-color":"var(--ast-global-color-5)","background-image":"","background-repeat":"repeat","background-position":"center center","background-size":"auto","background-attachment":"scroll","background-type":"","background-media":"","overlay-type":"","overlay-color":"","overlay-opacity":"","overlay-gradient":""}}},"product_brand":[],"product_cat":[18,464,465],"product_tag":[34,35,36,37,763,39,764,765,40,318,319,93,99],"class_list":{"0":"post-17106","1":"product","2":"type-product","3":"status-publish","4":"has-post-thumbnail","6":"product_cat-city-maps","7":"product_cat-featured_fr","8":"product_cat-featured_esp","9":"product_tag-30x40","10":"product_tag-40x50","11":"product_tag-50x70","12":"product_tag-70x100","13":"product_tag-barcelona","14":"product_tag-canvas","15":"product_tag-catalonia","16":"product_tag-catalunya","17":"product_tag-city-map","18":"product_tag-espagne","19":"product_tag-espana","20":"product_tag-europe","21":"product_tag-spain","22":"desktop-align-left","23":"tablet-align-left","24":"mobile-align-left","26":"first","27":"instock","28":"shipping-taxable","29":"purchasable","30":"product-type-variable"},"aioseo_notices":[],"uagb_featured_image_src":{"full":["https:\/\/mapospheres.eu\/wp-content\/uploads\/2026\/03\/CANVAS_13_BW_MP_3_BARCELONA.jpg",1000,1000,false],"thumbnail":["https:\/\/mapospheres.eu\/wp-content\/uploads\/2026\/03\/CANVAS_13_BW_MP_3_BARCELONA-150x150.jpg",150,150,true],"medium":["https:\/\/mapospheres.eu\/wp-content\/uploads\/2026\/03\/CANVAS_13_BW_MP_3_BARCELONA-300x300.jpg",300,300,true],"medium_large":["https:\/\/mapospheres.eu\/wp-content\/uploads\/2026\/03\/CANVAS_13_BW_MP_3_BARCELONA-768x768.jpg",768,768,true],"large":["https:\/\/mapospheres.eu\/wp-content\/uploads\/2026\/03\/CANVAS_13_BW_MP_3_BARCELONA.jpg",1000,1000,false],"1536x1536":["https:\/\/mapospheres.eu\/wp-content\/uploads\/2026\/03\/CANVAS_13_BW_MP_3_BARCELONA.jpg",1000,1000,false],"2048x2048":["https:\/\/mapospheres.eu\/wp-content\/uploads\/2026\/03\/CANVAS_13_BW_MP_3_BARCELONA.jpg",1000,1000,false],"woocommerce_thumbnail":["https:\/\/mapospheres.eu\/wp-content\/uploads\/2026\/03\/CANVAS_13_BW_MP_3_BARCELONA-300x300.jpg",300,300,true],"woocommerce_single":["https:\/\/mapospheres.eu\/wp-content\/uploads\/2026\/03\/CANVAS_13_BW_MP_3_BARCELONA-600x600.jpg",600,600,true],"woocommerce_gallery_thumbnail":["https:\/\/mapospheres.eu\/wp-content\/uploads\/2026\/03\/CANVAS_13_BW_MP_3_BARCELONA-100x100.jpg",100,100,true]},"uagb_author_info":{"display_name":"sgainot04@gmail.com","author_link":"https:\/\/mapospheres.eu\/fr\/author\/"},"uagb_comment_info":0,"uagb_excerpt":"Obtenez une City Map \u2013 Carte de ville murale - imprim\u00e9e de la ville de Barcelone, Espagne. Choisissez ci-dessous la taille, la couleur et le design de votre carte !","_links":{"self":[{"href":"https:\/\/mapospheres.eu\/fr\/wp-json\/wp\/v2\/product\/17106","targetHints":{"allow":["GET"]}}],"collection":[{"href":"https:\/\/mapospheres.eu\/fr\/wp-json\/wp\/v2\/product"}],"about":[{"href":"https:\/\/mapospheres.eu\/fr\/wp-json\/wp\/v2\/types\/product"}],"wp:featuredmedia":[{"embeddable":true,"href":"https:\/\/mapospheres.eu\/fr\/wp-json\/wp\/v2\/media\/18367"}],"wp:attachment":[{"href":"https:\/\/mapospheres.eu\/fr\/wp-json\/wp\/v2\/media?parent=17106"}],"wp:term":[{"taxonomy":"product_brand","embeddable":true,"href":"https:\/\/mapospheres.eu\/fr\/wp-json\/wp\/v2\/product_brand?post=17106"},{"taxonomy":"product_cat","embeddable":true,"href":"https:\/\/mapospheres.eu\/fr\/wp-json\/wp\/v2\/product_cat?post=17106"},{"taxonomy":"product_tag","embeddable":true,"href":"https:\/\/mapospheres.eu\/fr\/wp-json\/wp\/v2\/product_tag?post=17106"}],"curies":[{"name":"wp","href":"https:\/\/api.w.org\/{rel}","templated":true}]}}