{"id":17108,"date":"2026-03-02T13:29:19","date_gmt":"2026-03-02T13:29:19","guid":{"rendered":"https:\/\/mapospheres.eu\/product\/poster-of-moscow-russia\/"},"modified":"2026-03-05T09:43:54","modified_gmt":"2026-03-05T09:43:54","slug":"poster-of-moscow-russia","status":"publish","type":"product","link":"https:\/\/mapospheres.eu\/fr\/product\/poster-de-moscou-russie\/","title":{"rendered":"Poster de Moscou | Russie "},"content":{"rendered":"<p><strong>Poster City map du Moscou, Russie : Nich\u00e9e le long des rives sinueuses de la Moskova, la ville de Moscou s\u2019\u00e9tend selon un motif qui n\u2019a rien d\u2019ordinaire.<\/strong><\/p>\n<p>Cette carte murale capture la g\u00e9ographie stratifi\u00e9e de la ville, des courbes douces du fleuve aux mont\u00e9es et descentes du relief qui abrite depuis longtemps la capitale de la Russie. Le terrain lui-m\u00eame murmure son anciennet\u00e9 \u2014 s\u2019inclinant doucement par endroits, s\u2019\u00e9levant vers les collines des Moineaux et de Poklonna\u00efa, o\u00f9 des g\u00e9n\u00e9rations se sont arr\u00eat\u00e9es pour admirer l\u2019horizon ou simplement reprendre leur souffle. Dans les d\u00e9tails fins de la carte se tissent les g\u00e9n\u00e9reux espaces verts de la ville \u2014 le parc Gorki se d\u00e9ployant comme un tapis vert, l\u2019immensit\u00e9 feuillue de Sokolniki et la dignit\u00e9 tranquille du jardin botanique. Ce ne sont pas seulement des parcs ; ce sont les poumons de la ville, des terrains de jeu pour les po\u00e8tes comme pour les joueurs d\u2019\u00e9checs. Ils offrent aussi un contraste saisissant lorsqu\u2019on remarque \u00e0 quel point ils sont proches de la grandeur de pierre et d\u2019or de Moscou. Au c\u0153ur de la carte se trouve le Kremlin, cette c\u00e9l\u00e8bre forteresse rouge qui a vu plus de secrets qu\u2019une tour de conte de f\u00e9es. Juste \u00e0 c\u00f4t\u00e9, la cath\u00e9drale Saint-Basile semble avoir saut\u00e9 tout droit hors d\u2019un livre d\u2019histoires, avec ses spirales, ses d\u00f4mes et ses couleurs \u00e9clatantes. Plus loin, vous trouverez les Sept S\u0153urs \u2014 ces fiers gratte-ciel pointus que Staline fit construire pour s\u2019assurer que tout le monde comprenne bien que cette ville n\u2019\u00e9tait pas destin\u00e9e \u00e0 se fondre dans le d\u00e9cor.<\/p>\n","protected":false},"excerpt":{"rendered":"<p>Obtenez une City Map \u2013 Carte de ville murale &#8211; imprim\u00e9e de la ville de Moscou, Russie.<br \/>\nChoisissez ci-dessous la taille, la couleur et le design de votre carte !<\/p>\n","protected":false},"featured_media":18269,"template":"","meta":{"_uag_custom_page_level_css":"","_monsterinsights_skip_tracking":false,"_monsterinsights_sitenote_active":false,"_monsterinsights_sitenote_note":"","_monsterinsights_sitenote_category":0,"site-sidebar-layout":"default","site-content-layout":"","ast-site-content-layout":"default","site-content-style":"default","site-sidebar-style":"default","ast-global-header-display":"","ast-banner-title-visibility":"","ast-main-header-display":"","ast-hfb-above-header-display":"","ast-hfb-below-header-display":"","ast-hfb-mobile-header-display":"","site-post-title":"","ast-breadcrumbs-content":"","ast-featured-img":"","footer-sml-layout":"","ast-disable-related-posts":"","theme-transparent-header-meta":"default","adv-header-id-meta":"","stick-header-meta":"","header-above-stick-meta":"","header-main-stick-meta":"","header-below-stick-meta":"","astra-migrate-meta-layouts":"set","ast-page-background-enabled":"default","ast-page-background-meta":{"desktop":{"background-color":"","background-image":"","background-repeat":"repeat","background-position":"center center","background-size":"auto","background-attachment":"scroll","background-type":"","background-media":"","overlay-type":"","overlay-color":"","overlay-opacity":"","overlay-gradient":""},"tablet":{"background-color":"","background-image":"","background-repeat":"repeat","background-position":"center center","background-size":"auto","background-attachment":"scroll","background-type":"","background-media":"","overlay-type":"","overlay-color":"","overlay-opacity":"","overlay-gradient":""},"mobile":{"background-color":"","background-image":"","background-repeat":"repeat","background-position":"center center","background-size":"auto","background-attachment":"scroll","background-type":"","background-media":"","overlay-type":"","overlay-color":"","overlay-opacity":"","overlay-gradient":""}},"ast-content-background-meta":{"desktop":{"background-color":"var(--ast-global-color-5)","background-image":"","background-repeat":"repeat","background-position":"center center","background-size":"auto","background-attachment":"scroll","background-type":"","background-media":"","overlay-type":"","overlay-color":"","overlay-opacity":"","overlay-gradient":""},"tablet":{"background-color":"var(--ast-global-color-5)","background-image":"","background-repeat":"repeat","background-position":"center center","background-size":"auto","background-attachment":"scroll","background-type":"","background-media":"","overlay-type":"","overlay-color":"","overlay-opacity":"","overlay-gradient":""},"mobile":{"background-color":"var(--ast-global-color-5)","background-image":"","background-repeat":"repeat","background-position":"center center","background-size":"auto","background-attachment":"scroll","background-type":"","background-media":"","overlay-type":"","overlay-color":"","overlay-opacity":"","overlay-gradient":""}}},"product_brand":[],"product_cat":[18],"product_tag":[708],"class_list":{"0":"post-17108","1":"product","2":"type-product","3":"status-publish","4":"has-post-thumbnail","6":"product_cat-city-maps","7":"product_tag-30x40-40x50-50x70-canvas-city-map-europe-moscow-russia","8":"desktop-align-left","9":"tablet-align-left","10":"mobile-align-left","12":"first","13":"instock","14":"shipping-taxable","15":"purchasable","16":"product-type-variable"},"aioseo_notices":[],"uagb_featured_image_src":{"full":["https:\/\/mapospheres.eu\/wp-content\/uploads\/2026\/03\/CANVAS_3_NIGHT_MOSCOW.jpg",1000,1000,false],"thumbnail":["https:\/\/mapospheres.eu\/wp-content\/uploads\/2026\/03\/CANVAS_3_NIGHT_MOSCOW-150x150.jpg",150,150,true],"medium":["https:\/\/mapospheres.eu\/wp-content\/uploads\/2026\/03\/CANVAS_3_NIGHT_MOSCOW-300x300.jpg",300,300,true],"medium_large":["https:\/\/mapospheres.eu\/wp-content\/uploads\/2026\/03\/CANVAS_3_NIGHT_MOSCOW-768x768.jpg",768,768,true],"large":["https:\/\/mapospheres.eu\/wp-content\/uploads\/2026\/03\/CANVAS_3_NIGHT_MOSCOW.jpg",1000,1000,false],"1536x1536":["https:\/\/mapospheres.eu\/wp-content\/uploads\/2026\/03\/CANVAS_3_NIGHT_MOSCOW.jpg",1000,1000,false],"2048x2048":["https:\/\/mapospheres.eu\/wp-content\/uploads\/2026\/03\/CANVAS_3_NIGHT_MOSCOW.jpg",1000,1000,false],"woocommerce_thumbnail":["https:\/\/mapospheres.eu\/wp-content\/uploads\/2026\/03\/CANVAS_3_NIGHT_MOSCOW-300x300.jpg",300,300,true],"woocommerce_single":["https:\/\/mapospheres.eu\/wp-content\/uploads\/2026\/03\/CANVAS_3_NIGHT_MOSCOW-600x600.jpg",600,600,true],"woocommerce_gallery_thumbnail":["https:\/\/mapospheres.eu\/wp-content\/uploads\/2026\/03\/CANVAS_3_NIGHT_MOSCOW-100x100.jpg",100,100,true]},"uagb_author_info":{"display_name":"sgainot04@gmail.com","author_link":"https:\/\/mapospheres.eu\/fr\/author\/"},"uagb_comment_info":0,"uagb_excerpt":"Obtenez une City Map \u2013 Carte de ville murale - imprim\u00e9e de la ville de Moscou, Russie. Choisissez ci-dessous la taille, la couleur et le design de votre carte !","_links":{"self":[{"href":"https:\/\/mapospheres.eu\/fr\/wp-json\/wp\/v2\/product\/17108","targetHints":{"allow":["GET"]}}],"collection":[{"href":"https:\/\/mapospheres.eu\/fr\/wp-json\/wp\/v2\/product"}],"about":[{"href":"https:\/\/mapospheres.eu\/fr\/wp-json\/wp\/v2\/types\/product"}],"wp:featuredmedia":[{"embeddable":true,"href":"https:\/\/mapospheres.eu\/fr\/wp-json\/wp\/v2\/media\/18269"}],"wp:attachment":[{"href":"https:\/\/mapospheres.eu\/fr\/wp-json\/wp\/v2\/media?parent=17108"}],"wp:term":[{"taxonomy":"product_brand","embeddable":true,"href":"https:\/\/mapospheres.eu\/fr\/wp-json\/wp\/v2\/product_brand?post=17108"},{"taxonomy":"product_cat","embeddable":true,"href":"https:\/\/mapospheres.eu\/fr\/wp-json\/wp\/v2\/product_cat?post=17108"},{"taxonomy":"product_tag","embeddable":true,"href":"https:\/\/mapospheres.eu\/fr\/wp-json\/wp\/v2\/product_tag?post=17108"}],"curies":[{"name":"wp","href":"https:\/\/api.w.org\/{rel}","templated":true}]}}