{"id":17110,"date":"2026-03-02T13:29:26","date_gmt":"2026-03-02T13:29:26","guid":{"rendered":"https:\/\/mapospheres.eu\/product\/poster-of-lyon-france\/"},"modified":"2026-03-05T09:43:49","modified_gmt":"2026-03-05T09:43:49","slug":"poster-of-lyon-france","status":"publish","type":"product","link":"https:\/\/mapospheres.eu\/fr\/product\/poster-de-lyon-france\/","title":{"rendered":"Poster de Lyon | France"},"content":{"rendered":"<p><strong>Poster City map de Lyon, France : Cette carte de Lyon capture une ville fa\u00e7onn\u00e9e par les rivi\u00e8res, les collines et plus de deux mille ans d\u2019histoires \u2014 certaines \u00e9crites en latin, d\u2019autres en soie, et un bon nombre dans la sauce.<\/strong><\/p>\n<p>Situ\u00e9e entre le Rh\u00f4ne et la Sa\u00f4ne, Lyon s\u2019\u00e9tire comme un chat se pr\u00e9lassant sur une pierre chaude, d\u00e9tendue mais toujours consciente de sa propre importance. \u00c0 l\u2019ouest s\u2019\u00e9l\u00e8ve la colline de Fourvi\u00e8re, autrefois si\u00e8ge fier de la Lugdunum romaine, aujourd\u2019hui couronn\u00e9e par la basilique comme une perle pos\u00e9e dans la pierre. De l\u00e0, le terrain descend \u00e0 travers d\u2019\u00e9troites traboules et des cours secr\u00e8tes jusqu\u2019au Vieux-Lyon, o\u00f9 les fa\u00e7ades Renaissance se penchent comme si elles partageaient un bon ragot. La carte montre comment ces rues anciennes s\u2019enroulent \u00e9troitement au pied de la colline, comme si elles s\u2019accrochaient encore \u00e0 leur pass\u00e9 romain. De l\u2019autre c\u00f4t\u00e9 de la Sa\u00f4ne, la Presqu\u2019\u00eele s\u2019\u00e9tire comme une colonne vert\u00e9brale entre les deux rivi\u00e8res, bord\u00e9e de grandes places et de larges boulevards trac\u00e9s par des esprits plus modernes. Puis le terrain s\u2019aplanit dans la grille rythm\u00e9e de la ville plus r\u00e9cente, o\u00f9 les larges eaux du Rh\u00f4ne maintiennent les choses calmes \u2014 ou du moins sym\u00e9triques. Les d\u00e9tails du relief de la carte r\u00e9v\u00e8lent comment Lyon ne se pose jamais tout \u00e0 fait, toujours en train de monter ou de descendre, comme une ville au milieu d\u2019une r\u00e9flexion. Les espaces verts pars\u00e8ment la ville de parenth\u00e8ses de calme \u2014 le parc de la T\u00eate d\u2019Or s\u2019\u00e9tend comme un tapis doux au nord, avec son lac, son zoo et, de temps en temps, un joggeur qui pr\u00e9tend ne pas \u00eatre perdu. Sur les pentes de la Croix-Rousse, o\u00f9 les ouvriers de la soie tissaient autrefois \u00e0 la fois le tissu et la r\u00e9volution, les rues serpentent sur des pentes aussi obstin\u00e9es que les gens qui les parcouraient autrefois.<\/p>\n","protected":false},"excerpt":{"rendered":"<p>Obtenez une City Map \u2013 Carte de ville murale &#8211; imprim\u00e9e de la ville de Lyon, France.<br \/>\nChoisissez ci-dessous la taille, la couleur et le design de votre carte !<\/p>\n","protected":false},"featured_media":18171,"template":"","meta":{"_uag_custom_page_level_css":"","_monsterinsights_skip_tracking":false,"_monsterinsights_sitenote_active":false,"_monsterinsights_sitenote_note":"","_monsterinsights_sitenote_category":0,"site-sidebar-layout":"default","site-content-layout":"","ast-site-content-layout":"default","site-content-style":"default","site-sidebar-style":"default","ast-global-header-display":"","ast-banner-title-visibility":"","ast-main-header-display":"","ast-hfb-above-header-display":"","ast-hfb-below-header-display":"","ast-hfb-mobile-header-display":"","site-post-title":"","ast-breadcrumbs-content":"","ast-featured-img":"","footer-sml-layout":"","ast-disable-related-posts":"","theme-transparent-header-meta":"default","adv-header-id-meta":"","stick-header-meta":"","header-above-stick-meta":"","header-main-stick-meta":"","header-below-stick-meta":"","astra-migrate-meta-layouts":"set","ast-page-background-enabled":"default","ast-page-background-meta":{"desktop":{"background-color":"","background-image":"","background-repeat":"repeat","background-position":"center center","background-size":"auto","background-attachment":"scroll","background-type":"","background-media":"","overlay-type":"","overlay-color":"","overlay-opacity":"","overlay-gradient":""},"tablet":{"background-color":"","background-image":"","background-repeat":"repeat","background-position":"center center","background-size":"auto","background-attachment":"scroll","background-type":"","background-media":"","overlay-type":"","overlay-color":"","overlay-opacity":"","overlay-gradient":""},"mobile":{"background-color":"","background-image":"","background-repeat":"repeat","background-position":"center center","background-size":"auto","background-attachment":"scroll","background-type":"","background-media":"","overlay-type":"","overlay-color":"","overlay-opacity":"","overlay-gradient":""}},"ast-content-background-meta":{"desktop":{"background-color":"var(--ast-global-color-5)","background-image":"","background-repeat":"repeat","background-position":"center center","background-size":"auto","background-attachment":"scroll","background-type":"","background-media":"","overlay-type":"","overlay-color":"","overlay-opacity":"","overlay-gradient":""},"tablet":{"background-color":"var(--ast-global-color-5)","background-image":"","background-repeat":"repeat","background-position":"center center","background-size":"auto","background-attachment":"scroll","background-type":"","background-media":"","overlay-type":"","overlay-color":"","overlay-opacity":"","overlay-gradient":""},"mobile":{"background-color":"var(--ast-global-color-5)","background-image":"","background-repeat":"repeat","background-position":"center center","background-size":"auto","background-attachment":"scroll","background-type":"","background-media":"","overlay-type":"","overlay-color":"","overlay-opacity":"","overlay-gradient":""}}},"product_brand":[],"product_cat":[18,464],"product_tag":[34,35,36,39,40,93,100,749],"class_list":{"0":"post-17110","1":"product","2":"type-product","3":"status-publish","4":"has-post-thumbnail","6":"product_cat-city-maps","7":"product_cat-featured_fr","8":"product_tag-30x40","9":"product_tag-40x50","10":"product_tag-50x70","11":"product_tag-canvas","12":"product_tag-city-map","13":"product_tag-europe","14":"product_tag-france","15":"product_tag-lyon","16":"desktop-align-left","17":"tablet-align-left","18":"mobile-align-left","20":"first","21":"instock","22":"shipping-taxable","23":"purchasable","24":"product-type-variable"},"aioseo_notices":[],"uagb_featured_image_src":{"full":["https:\/\/mapospheres.eu\/wp-content\/uploads\/2026\/03\/CANVAS_3_BW_LYON.jpg",1000,1000,false],"thumbnail":["https:\/\/mapospheres.eu\/wp-content\/uploads\/2026\/03\/CANVAS_3_BW_LYON-150x150.jpg",150,150,true],"medium":["https:\/\/mapospheres.eu\/wp-content\/uploads\/2026\/03\/CANVAS_3_BW_LYON-300x300.jpg",300,300,true],"medium_large":["https:\/\/mapospheres.eu\/wp-content\/uploads\/2026\/03\/CANVAS_3_BW_LYON-768x768.jpg",768,768,true],"large":["https:\/\/mapospheres.eu\/wp-content\/uploads\/2026\/03\/CANVAS_3_BW_LYON.jpg",1000,1000,false],"1536x1536":["https:\/\/mapospheres.eu\/wp-content\/uploads\/2026\/03\/CANVAS_3_BW_LYON.jpg",1000,1000,false],"2048x2048":["https:\/\/mapospheres.eu\/wp-content\/uploads\/2026\/03\/CANVAS_3_BW_LYON.jpg",1000,1000,false],"woocommerce_thumbnail":["https:\/\/mapospheres.eu\/wp-content\/uploads\/2026\/03\/CANVAS_3_BW_LYON-300x300.jpg",300,300,true],"woocommerce_single":["https:\/\/mapospheres.eu\/wp-content\/uploads\/2026\/03\/CANVAS_3_BW_LYON-600x600.jpg",600,600,true],"woocommerce_gallery_thumbnail":["https:\/\/mapospheres.eu\/wp-content\/uploads\/2026\/03\/CANVAS_3_BW_LYON-100x100.jpg",100,100,true]},"uagb_author_info":{"display_name":"sgainot04@gmail.com","author_link":"https:\/\/mapospheres.eu\/fr\/author\/"},"uagb_comment_info":0,"uagb_excerpt":"Obtenez une City Map \u2013 Carte de ville murale - imprim\u00e9e de la ville de Lyon, France. Choisissez ci-dessous la taille, la couleur et le design de votre carte !","_links":{"self":[{"href":"https:\/\/mapospheres.eu\/fr\/wp-json\/wp\/v2\/product\/17110","targetHints":{"allow":["GET"]}}],"collection":[{"href":"https:\/\/mapospheres.eu\/fr\/wp-json\/wp\/v2\/product"}],"about":[{"href":"https:\/\/mapospheres.eu\/fr\/wp-json\/wp\/v2\/types\/product"}],"wp:featuredmedia":[{"embeddable":true,"href":"https:\/\/mapospheres.eu\/fr\/wp-json\/wp\/v2\/media\/18171"}],"wp:attachment":[{"href":"https:\/\/mapospheres.eu\/fr\/wp-json\/wp\/v2\/media?parent=17110"}],"wp:term":[{"taxonomy":"product_brand","embeddable":true,"href":"https:\/\/mapospheres.eu\/fr\/wp-json\/wp\/v2\/product_brand?post=17110"},{"taxonomy":"product_cat","embeddable":true,"href":"https:\/\/mapospheres.eu\/fr\/wp-json\/wp\/v2\/product_cat?post=17110"},{"taxonomy":"product_tag","embeddable":true,"href":"https:\/\/mapospheres.eu\/fr\/wp-json\/wp\/v2\/product_tag?post=17110"}],"curies":[{"name":"wp","href":"https:\/\/api.w.org\/{rel}","templated":true}]}}