{"id":17111,"date":"2026-03-02T13:29:30","date_gmt":"2026-03-02T13:29:30","guid":{"rendered":"https:\/\/mapospheres.eu\/product\/poster-of-edinburgh-scotland\/"},"modified":"2026-03-05T09:43:45","modified_gmt":"2026-03-05T09:43:45","slug":"poster-of-edinburgh-scotland","status":"publish","type":"product","link":"https:\/\/mapospheres.eu\/fr\/product\/poster-d-edimbourg-ecosse\/","title":{"rendered":"Poster d'\u00c9dimbourg | \u00c9cosse "},"content":{"rendered":"<p><strong>Poster City map d&rsquo;\u00c9dimbourg, \u00c9cosse : Voici la ville d\u2019\u00c9dimbourg \u2014 un endroit o\u00f9 la g\u00e9ographie et la l\u00e9gende marchent main dans la main, parfois en mont\u00e9e. <\/strong><\/p>\n<p>Cette carte capture l\u2019\u00e2me de la capitale historique de l\u2019\u00c9cosse, fa\u00e7onn\u00e9e par d\u2019anciens volcans et l\u2019ambition royale. Au c\u0153ur de tout cela s\u2019\u00e9l\u00e8ve Castle Rock, le socle rocheux du ch\u00e2teau d\u2019\u00c9dimbourg, perch\u00e9 comme un gardien vigilant au-dessus des closes sinueuses et des ruelles pav\u00e9es de la ville. Le relief de la carte r\u00e9v\u00e8le le terrain accident\u00e9 de la ville, des pentes spectaculaires d\u2019Arthur\u2019s Seat \u2014 un g\u00e9ant endormi d\u2019origine volcanique et c\u00e9l\u00e8bre lieu de randonn\u00e9e \u2014 au cours sinueux du Water of Leith, qui glisse pr\u00e8s de Dean Village comme un chapitre oubli\u00e9 d\u2019un conte de f\u00e9es. Les espaces verts se d\u00e9ploient comme de vieilles tapisseries, avec Holyrood Park, les Meadows et les jardins de Princes Street offrant du calme \u00e0 l\u2019ombre des fl\u00e8ches et de la pierre. Vous suivrez la descente du Royal Mile du ch\u00e2teau jusqu\u2019au palais, bord\u00e9e de si\u00e8cles de ragots, d\u2019histoires de fant\u00f4mes et de cornemuses occasionnelles. La grille \u00e9l\u00e9gante de la New Town contraste avec le charme plus improvis\u00e9 de l\u2019Old Town, comme si le si\u00e8cle des Lumi\u00e8res avait fait le m\u00e9nage apr\u00e8s le Moyen \u00c2ge. Accrochez-la \u00e0 votre mur et vous pourriez bien entendre le murmure de l\u2019histoire port\u00e9 par la brise des Highlands. Ou peut-\u00eatre est-ce simplement le vent venant d\u2019Arthur\u2019s Seat.<\/p>\n","protected":false},"excerpt":{"rendered":"<p>Obtenez une City Map \u2013 Carte de ville murale &#8211; imprim\u00e9e de la ville d&rsquo;\u00c9dimbourg, \u00c9cosse.<br \/>\nChoisissez ci-dessous la taille, la couleur et le design de votre carte !<\/p>\n","protected":false},"featured_media":18124,"template":"","meta":{"_uag_custom_page_level_css":"","_monsterinsights_skip_tracking":false,"_monsterinsights_sitenote_active":false,"_monsterinsights_sitenote_note":"","_monsterinsights_sitenote_category":0,"site-sidebar-layout":"default","site-content-layout":"","ast-site-content-layout":"default","site-content-style":"default","site-sidebar-style":"default","ast-global-header-display":"","ast-banner-title-visibility":"","ast-main-header-display":"","ast-hfb-above-header-display":"","ast-hfb-below-header-display":"","ast-hfb-mobile-header-display":"","site-post-title":"","ast-breadcrumbs-content":"","ast-featured-img":"","footer-sml-layout":"","ast-disable-related-posts":"","theme-transparent-header-meta":"default","adv-header-id-meta":"","stick-header-meta":"","header-above-stick-meta":"","header-main-stick-meta":"","header-below-stick-meta":"","astra-migrate-meta-layouts":"set","ast-page-background-enabled":"default","ast-page-background-meta":{"desktop":{"background-color":"","background-image":"","background-repeat":"repeat","background-position":"center center","background-size":"auto","background-attachment":"scroll","background-type":"","background-media":"","overlay-type":"","overlay-color":"","overlay-opacity":"","overlay-gradient":""},"tablet":{"background-color":"","background-image":"","background-repeat":"repeat","background-position":"center center","background-size":"auto","background-attachment":"scroll","background-type":"","background-media":"","overlay-type":"","overlay-color":"","overlay-opacity":"","overlay-gradient":""},"mobile":{"background-color":"","background-image":"","background-repeat":"repeat","background-position":"center center","background-size":"auto","background-attachment":"scroll","background-type":"","background-media":"","overlay-type":"","overlay-color":"","overlay-opacity":"","overlay-gradient":""}},"ast-content-background-meta":{"desktop":{"background-color":"var(--ast-global-color-5)","background-image":"","background-repeat":"repeat","background-position":"center center","background-size":"auto","background-attachment":"scroll","background-type":"","background-media":"","overlay-type":"","overlay-color":"","overlay-opacity":"","overlay-gradient":""},"tablet":{"background-color":"var(--ast-global-color-5)","background-image":"","background-repeat":"repeat","background-position":"center center","background-size":"auto","background-attachment":"scroll","background-type":"","background-media":"","overlay-type":"","overlay-color":"","overlay-opacity":"","overlay-gradient":""},"mobile":{"background-color":"var(--ast-global-color-5)","background-image":"","background-repeat":"repeat","background-position":"center center","background-size":"auto","background-attachment":"scroll","background-type":"","background-media":"","overlay-type":"","overlay-color":"","overlay-opacity":"","overlay-gradient":""}}},"product_brand":[],"product_cat":[18,338],"product_tag":[34,35,36,39,40,748,93,747,188],"class_list":{"0":"post-17111","1":"product","2":"type-product","3":"status-publish","4":"has-post-thumbnail","6":"product_cat-city-maps","7":"product_cat-featured_eng","8":"product_tag-30x40","9":"product_tag-40x50","10":"product_tag-50x70","11":"product_tag-canvas","12":"product_tag-city-map","13":"product_tag-edinburgh","14":"product_tag-europe","15":"product_tag-scotland","16":"product_tag-united-kingdom","17":"desktop-align-left","18":"tablet-align-left","19":"mobile-align-left","21":"first","22":"instock","23":"shipping-taxable","24":"purchasable","25":"product-type-variable"},"aioseo_notices":[],"uagb_featured_image_src":{"full":["https:\/\/mapospheres.eu\/wp-content\/uploads\/2026\/03\/CANVAS_3_BWROUND_EDINBURGH.jpg",1000,1000,false],"thumbnail":["https:\/\/mapospheres.eu\/wp-content\/uploads\/2026\/03\/CANVAS_3_BWROUND_EDINBURGH-150x150.jpg",150,150,true],"medium":["https:\/\/mapospheres.eu\/wp-content\/uploads\/2026\/03\/CANVAS_3_BWROUND_EDINBURGH-300x300.jpg",300,300,true],"medium_large":["https:\/\/mapospheres.eu\/wp-content\/uploads\/2026\/03\/CANVAS_3_BWROUND_EDINBURGH-768x768.jpg",768,768,true],"large":["https:\/\/mapospheres.eu\/wp-content\/uploads\/2026\/03\/CANVAS_3_BWROUND_EDINBURGH.jpg",1000,1000,false],"1536x1536":["https:\/\/mapospheres.eu\/wp-content\/uploads\/2026\/03\/CANVAS_3_BWROUND_EDINBURGH.jpg",1000,1000,false],"2048x2048":["https:\/\/mapospheres.eu\/wp-content\/uploads\/2026\/03\/CANVAS_3_BWROUND_EDINBURGH.jpg",1000,1000,false],"woocommerce_thumbnail":["https:\/\/mapospheres.eu\/wp-content\/uploads\/2026\/03\/CANVAS_3_BWROUND_EDINBURGH-300x300.jpg",300,300,true],"woocommerce_single":["https:\/\/mapospheres.eu\/wp-content\/uploads\/2026\/03\/CANVAS_3_BWROUND_EDINBURGH-600x600.jpg",600,600,true],"woocommerce_gallery_thumbnail":["https:\/\/mapospheres.eu\/wp-content\/uploads\/2026\/03\/CANVAS_3_BWROUND_EDINBURGH-100x100.jpg",100,100,true]},"uagb_author_info":{"display_name":"sgainot04@gmail.com","author_link":"https:\/\/mapospheres.eu\/fr\/author\/"},"uagb_comment_info":0,"uagb_excerpt":"Obtenez une City Map \u2013 Carte de ville murale - imprim\u00e9e de la ville d'\u00c9dimbourg, \u00c9cosse. Choisissez ci-dessous la taille, la couleur et le design de votre carte !","_links":{"self":[{"href":"https:\/\/mapospheres.eu\/fr\/wp-json\/wp\/v2\/product\/17111","targetHints":{"allow":["GET"]}}],"collection":[{"href":"https:\/\/mapospheres.eu\/fr\/wp-json\/wp\/v2\/product"}],"about":[{"href":"https:\/\/mapospheres.eu\/fr\/wp-json\/wp\/v2\/types\/product"}],"wp:featuredmedia":[{"embeddable":true,"href":"https:\/\/mapospheres.eu\/fr\/wp-json\/wp\/v2\/media\/18124"}],"wp:attachment":[{"href":"https:\/\/mapospheres.eu\/fr\/wp-json\/wp\/v2\/media?parent=17111"}],"wp:term":[{"taxonomy":"product_brand","embeddable":true,"href":"https:\/\/mapospheres.eu\/fr\/wp-json\/wp\/v2\/product_brand?post=17111"},{"taxonomy":"product_cat","embeddable":true,"href":"https:\/\/mapospheres.eu\/fr\/wp-json\/wp\/v2\/product_cat?post=17111"},{"taxonomy":"product_tag","embeddable":true,"href":"https:\/\/mapospheres.eu\/fr\/wp-json\/wp\/v2\/product_tag?post=17111"}],"curies":[{"name":"wp","href":"https:\/\/api.w.org\/{rel}","templated":true}]}}