{"id":17112,"date":"2026-03-02T13:29:34","date_gmt":"2026-03-02T13:29:34","guid":{"rendered":"https:\/\/mapospheres.eu\/product\/poster-of-glasgow-scotland\/"},"modified":"2026-03-04T14:39:25","modified_gmt":"2026-03-04T14:39:25","slug":"poster-of-glasgow-scotland","status":"publish","type":"product","link":"https:\/\/mapospheres.eu\/fr\/product\/poster-de-glasgow-ecosse\/","title":{"rendered":"Poster de Glasgow | \u00c9cosse"},"content":{"rendered":"<p><strong>Poster City map de Glasgow, \u00c9cosse : Situ\u00e9e le long de la rivi\u00e8re Clyde, Glasgow s\u2019\u00e9tend avec une confiance tranquille \u2014 construite sur des collines, le travail acharn\u00e9 et de temps en temps un \u00e9clat de chanson.<\/strong><\/p>\n<p>Cette carte capture l\u2019\u00e9l\u00e9vation de la ville depuis le bord de l\u2019eau, l\u00e0 o\u00f9 les constructeurs navals frappaient autrefois leurs r\u00eaves d\u2019acier dans des g\u00e9ants des mers, jusqu\u2019aux cr\u00eates et plateaux qui accueillent les quartiers comme des paumes ouvertes. Le relief a ici son importance. La ville monte et descend, non seulement pour d\u00e9fier les jambes, mais pour rappeler que Glasgow n\u2019a jamais \u00e9t\u00e9 du genre \u00e0 rester immobile. La rivi\u00e8re serpente au c\u0153ur de la carte comme un vieux conteur, contournant des quais aujourd\u2019hui transform\u00e9s en mus\u00e9es, salles de concert et touches modernes \u00e9tincelantes. Au nord et au sud du Clyde, les espaces verts insufflent la vie \u00e0 la pierre et \u00e0 la brique. Le parc Kelvingrove, avec ses courbes douces et ses chemins ing\u00e9nieux, m\u00e8ne vers l\u2019universit\u00e9 perch\u00e9e en hauteur, comme si elle veillait sur la ville depuis l\u2019arriv\u00e9e des premiers livres. Glasgow Green, plus ancien que la plupart des rues de la ville, conserve encore les \u00e9chos de discours, de manifestations et de matchs improvis\u00e9s le week-end. La grille de la ville est plus une suggestion qu\u2019un plan. Les routes tournent et s\u2019inclinent autour des anciens chemins, des vieux sites industriels et des venelles cach\u00e9es o\u00f9 les fant\u00f4mes de po\u00e8tes et de punks pourraient encore discuter autour d\u2019une pinte. La cath\u00e9drale s\u2019\u00e9l\u00e8ve sur l\u2019\u00e9paule est de la carte, \u00e0 c\u00f4t\u00e9 de la N\u00e9cropole \u2014 une colline orn\u00e9e de pierre et de silence, observant la ville d\u2019un sourcil lev\u00e9. Accrochez cette carte sur votre mur, et vous aurez plus que des rues et des pentes. Vous aurez un aper\u00e7u d\u2019une ville n\u00e9e de la t\u00e9nacit\u00e9 et de la verdure, toujours fredonnant un air \u00e0 moiti\u00e9 s\u00e9rieux, \u00e0 moiti\u00e9 espi\u00e8gle \u2014 exactement comme Glasgow elle-m\u00eame.<\/p>\n","protected":false},"excerpt":{"rendered":"<p>Obtenez une City Map \u2013 Carte de ville murale &#8211; imprim\u00e9e de la ville de Glasgow, \u00c9cosse.<br \/>\nChoisissez ci-dessous la taille, la couleur et le design de votre carte !<\/p>\n","protected":false},"featured_media":17895,"template":"","meta":{"_uag_custom_page_level_css":"","_monsterinsights_skip_tracking":false,"_monsterinsights_sitenote_active":false,"_monsterinsights_sitenote_note":"","_monsterinsights_sitenote_category":0,"site-sidebar-layout":"default","site-content-layout":"","ast-site-content-layout":"default","site-content-style":"default","site-sidebar-style":"default","ast-global-header-display":"","ast-banner-title-visibility":"","ast-main-header-display":"","ast-hfb-above-header-display":"","ast-hfb-below-header-display":"","ast-hfb-mobile-header-display":"","site-post-title":"","ast-breadcrumbs-content":"","ast-featured-img":"","footer-sml-layout":"","ast-disable-related-posts":"","theme-transparent-header-meta":"default","adv-header-id-meta":"","stick-header-meta":"","header-above-stick-meta":"","header-main-stick-meta":"","header-below-stick-meta":"","astra-migrate-meta-layouts":"set","ast-page-background-enabled":"default","ast-page-background-meta":{"desktop":{"background-color":"","background-image":"","background-repeat":"repeat","background-position":"center center","background-size":"auto","background-attachment":"scroll","background-type":"","background-media":"","overlay-type":"","overlay-color":"","overlay-opacity":"","overlay-gradient":""},"tablet":{"background-color":"","background-image":"","background-repeat":"repeat","background-position":"center center","background-size":"auto","background-attachment":"scroll","background-type":"","background-media":"","overlay-type":"","overlay-color":"","overlay-opacity":"","overlay-gradient":""},"mobile":{"background-color":"","background-image":"","background-repeat":"repeat","background-position":"center center","background-size":"auto","background-attachment":"scroll","background-type":"","background-media":"","overlay-type":"","overlay-color":"","overlay-opacity":"","overlay-gradient":""}},"ast-content-background-meta":{"desktop":{"background-color":"var(--ast-global-color-5)","background-image":"","background-repeat":"repeat","background-position":"center center","background-size":"auto","background-attachment":"scroll","background-type":"","background-media":"","overlay-type":"","overlay-color":"","overlay-opacity":"","overlay-gradient":""},"tablet":{"background-color":"var(--ast-global-color-5)","background-image":"","background-repeat":"repeat","background-position":"center center","background-size":"auto","background-attachment":"scroll","background-type":"","background-media":"","overlay-type":"","overlay-color":"","overlay-opacity":"","overlay-gradient":""},"mobile":{"background-color":"var(--ast-global-color-5)","background-image":"","background-repeat":"repeat","background-position":"center center","background-size":"auto","background-attachment":"scroll","background-type":"","background-media":"","overlay-type":"","overlay-color":"","overlay-opacity":"","overlay-gradient":""}}},"product_brand":[],"product_cat":[18,338],"product_tag":[34,35,36,39,40,93,746,747,188],"class_list":{"0":"post-17112","1":"product","2":"type-product","3":"status-publish","4":"has-post-thumbnail","6":"product_cat-city-maps","7":"product_cat-featured_eng","8":"product_tag-30x40","9":"product_tag-40x50","10":"product_tag-50x70","11":"product_tag-canvas","12":"product_tag-city-map","13":"product_tag-europe","14":"product_tag-glasgow","15":"product_tag-scotland","16":"product_tag-united-kingdom","17":"desktop-align-left","18":"tablet-align-left","19":"mobile-align-left","21":"first","22":"instock","23":"shipping-taxable","24":"purchasable","25":"product-type-variable"},"aioseo_notices":[],"uagb_featured_image_src":{"full":["https:\/\/mapospheres.eu\/wp-content\/uploads\/2026\/03\/CANVAS_RED_GLASGOW.jpg",1000,1000,false],"thumbnail":["https:\/\/mapospheres.eu\/wp-content\/uploads\/2026\/03\/CANVAS_RED_GLASGOW-150x150.jpg",150,150,true],"medium":["https:\/\/mapospheres.eu\/wp-content\/uploads\/2026\/03\/CANVAS_RED_GLASGOW-300x300.jpg",300,300,true],"medium_large":["https:\/\/mapospheres.eu\/wp-content\/uploads\/2026\/03\/CANVAS_RED_GLASGOW-768x768.jpg",768,768,true],"large":["https:\/\/mapospheres.eu\/wp-content\/uploads\/2026\/03\/CANVAS_RED_GLASGOW.jpg",1000,1000,false],"1536x1536":["https:\/\/mapospheres.eu\/wp-content\/uploads\/2026\/03\/CANVAS_RED_GLASGOW.jpg",1000,1000,false],"2048x2048":["https:\/\/mapospheres.eu\/wp-content\/uploads\/2026\/03\/CANVAS_RED_GLASGOW.jpg",1000,1000,false],"woocommerce_thumbnail":["https:\/\/mapospheres.eu\/wp-content\/uploads\/2026\/03\/CANVAS_RED_GLASGOW-300x300.jpg",300,300,true],"woocommerce_single":["https:\/\/mapospheres.eu\/wp-content\/uploads\/2026\/03\/CANVAS_RED_GLASGOW-600x600.jpg",600,600,true],"woocommerce_gallery_thumbnail":["https:\/\/mapospheres.eu\/wp-content\/uploads\/2026\/03\/CANVAS_RED_GLASGOW-100x100.jpg",100,100,true]},"uagb_author_info":{"display_name":"sgainot04@gmail.com","author_link":"https:\/\/mapospheres.eu\/fr\/author\/"},"uagb_comment_info":0,"uagb_excerpt":"Obtenez une City Map \u2013 Carte de ville murale - imprim\u00e9e de la ville de Glasgow, \u00c9cosse. Choisissez ci-dessous la taille, la couleur et le design de votre carte !","_links":{"self":[{"href":"https:\/\/mapospheres.eu\/fr\/wp-json\/wp\/v2\/product\/17112","targetHints":{"allow":["GET"]}}],"collection":[{"href":"https:\/\/mapospheres.eu\/fr\/wp-json\/wp\/v2\/product"}],"about":[{"href":"https:\/\/mapospheres.eu\/fr\/wp-json\/wp\/v2\/types\/product"}],"wp:featuredmedia":[{"embeddable":true,"href":"https:\/\/mapospheres.eu\/fr\/wp-json\/wp\/v2\/media\/17895"}],"wp:attachment":[{"href":"https:\/\/mapospheres.eu\/fr\/wp-json\/wp\/v2\/media?parent=17112"}],"wp:term":[{"taxonomy":"product_brand","embeddable":true,"href":"https:\/\/mapospheres.eu\/fr\/wp-json\/wp\/v2\/product_brand?post=17112"},{"taxonomy":"product_cat","embeddable":true,"href":"https:\/\/mapospheres.eu\/fr\/wp-json\/wp\/v2\/product_cat?post=17112"},{"taxonomy":"product_tag","embeddable":true,"href":"https:\/\/mapospheres.eu\/fr\/wp-json\/wp\/v2\/product_tag?post=17112"}],"curies":[{"name":"wp","href":"https:\/\/api.w.org\/{rel}","templated":true}]}}