{"id":17114,"date":"2026-03-02T13:29:42","date_gmt":"2026-03-02T13:29:42","guid":{"rendered":"https:\/\/mapospheres.eu\/product\/poster-of-cape-town-south-africa\/"},"modified":"2026-03-05T09:43:40","modified_gmt":"2026-03-05T09:43:40","slug":"poster-of-cape-town-south-africa","status":"publish","type":"product","link":"https:\/\/mapospheres.eu\/fr\/product\/poster-du-cap-afrique-du-sud\/","title":{"rendered":"Poster du Cap | Afrique du Sud"},"content":{"rendered":"<p><strong>Poster City map du Cap, Afrique du Sud : Sous les falaises attentives de la montagne de la Table, Le Cap se d\u00e9ploie comme une histoire tranquille murmur\u00e9e par la mer et la pierre.<\/strong><\/p>\n<p>Cette carte de la ville donne vie \u00e0 son relief spectaculaire, o\u00f9 l\u2019oc\u00e9an Atlantique enlace un littoral escarp\u00e9 et o\u00f9 la terre s\u2019\u00e9l\u00e8ve soudain en plis et en sommets, comme si la nature elle-m\u00eame avait le go\u00fbt du th\u00e9\u00e2tre. Vous suivrez le ruban vert du parc national de la montagne de la Table qui s\u2019\u00e9tire le long de la colonne vert\u00e9brale de la p\u00e9ninsule, flanqu\u00e9 de Devil\u2019s Peak et de Lion\u2019s Head \u2014 deux fr\u00e8res espi\u00e8gles, si l\u2019on en croit les r\u00e9cits locaux, toujours pris dans une vieille querelle pour savoir qui est le plus grand. La carte ne se contente pas de suivre les routes ; elle respire au rythme naturel de la ville. Des larges avenues ombrag\u00e9es du Company\u2019s Garden \u2014 plant\u00e9 pour la premi\u00e8re fois par les colons n\u00e9erlandais au XVIIe si\u00e8cle \u2014 jusqu\u2019au centre-ville bien ordonn\u00e9 en contrebas, le trac\u00e9 r\u00e9v\u00e8le comment Le Cap a \u00e9t\u00e9 fa\u00e7onn\u00e9 non seulement par les hommes, mais aussi par le vent, le climat et les vagues. Signal Hill s\u2019incurve vers l\u2019oc\u00e9an comme un conteur pointant vers Robben Island, un minuscule point dans la mer qui abrita autrefois de grands secrets derri\u00e8re ses barreaux. Les espaces verts ondulent \u00e0 travers la carte comme des haltes entre l\u2019agitation et la plage. Le jardin botanique de Kirstenbosch appara\u00eet au pied de la montagne, o\u00f9 le fynbos et d\u2019antiques cycadales poussent comme sortis d\u2019une l\u00e9gende oubli\u00e9e.<\/p>\n","protected":false},"excerpt":{"rendered":"<p>Obtenez une City Map \u2013 Carte de ville murale &#8211; imprim\u00e9e de la ville du Cap, Afrique du Sud.<br \/>\nChoisissez ci-dessous la taille, la couleur et le design de votre carte !<\/p>\n","protected":false},"featured_media":18035,"template":"","meta":{"_uag_custom_page_level_css":"","_monsterinsights_skip_tracking":false,"_monsterinsights_sitenote_active":false,"_monsterinsights_sitenote_note":"","_monsterinsights_sitenote_category":0,"site-sidebar-layout":"default","site-content-layout":"","ast-site-content-layout":"default","site-content-style":"default","site-sidebar-style":"default","ast-global-header-display":"","ast-banner-title-visibility":"","ast-main-header-display":"","ast-hfb-above-header-display":"","ast-hfb-below-header-display":"","ast-hfb-mobile-header-display":"","site-post-title":"","ast-breadcrumbs-content":"","ast-featured-img":"","footer-sml-layout":"","ast-disable-related-posts":"","theme-transparent-header-meta":"default","adv-header-id-meta":"","stick-header-meta":"","header-above-stick-meta":"","header-main-stick-meta":"","header-below-stick-meta":"","astra-migrate-meta-layouts":"set","ast-page-background-enabled":"default","ast-page-background-meta":{"desktop":{"background-color":"","background-image":"","background-repeat":"repeat","background-position":"center center","background-size":"auto","background-attachment":"scroll","background-type":"","background-media":"","overlay-type":"","overlay-color":"","overlay-opacity":"","overlay-gradient":""},"tablet":{"background-color":"","background-image":"","background-repeat":"repeat","background-position":"center center","background-size":"auto","background-attachment":"scroll","background-type":"","background-media":"","overlay-type":"","overlay-color":"","overlay-opacity":"","overlay-gradient":""},"mobile":{"background-color":"","background-image":"","background-repeat":"repeat","background-position":"center center","background-size":"auto","background-attachment":"scroll","background-type":"","background-media":"","overlay-type":"","overlay-color":"","overlay-opacity":"","overlay-gradient":""}},"ast-content-background-meta":{"desktop":{"background-color":"var(--ast-global-color-5)","background-image":"","background-repeat":"repeat","background-position":"center center","background-size":"auto","background-attachment":"scroll","background-type":"","background-media":"","overlay-type":"","overlay-color":"","overlay-opacity":"","overlay-gradient":""},"tablet":{"background-color":"var(--ast-global-color-5)","background-image":"","background-repeat":"repeat","background-position":"center center","background-size":"auto","background-attachment":"scroll","background-type":"","background-media":"","overlay-type":"","overlay-color":"","overlay-opacity":"","overlay-gradient":""},"mobile":{"background-color":"var(--ast-global-color-5)","background-image":"","background-repeat":"repeat","background-position":"center center","background-size":"auto","background-attachment":"scroll","background-type":"","background-media":"","overlay-type":"","overlay-color":"","overlay-opacity":"","overlay-gradient":""}}},"product_brand":[],"product_cat":[18,338],"product_tag":[34,35,36,97,39,670,40,671],"class_list":{"0":"post-17114","1":"product","2":"type-product","3":"status-publish","4":"has-post-thumbnail","6":"product_cat-city-maps","7":"product_cat-featured_eng","8":"product_tag-30x40","9":"product_tag-40x50","10":"product_tag-50x70","11":"product_tag-africa","12":"product_tag-canvas","13":"product_tag-cape-town","14":"product_tag-city-map","15":"product_tag-south-africa","16":"desktop-align-left","17":"tablet-align-left","18":"mobile-align-left","20":"first","21":"instock","22":"shipping-taxable","23":"purchasable","24":"product-type-variable"},"aioseo_notices":[],"uagb_featured_image_src":{"full":["https:\/\/mapospheres.eu\/wp-content\/uploads\/2026\/03\/Z2_NIGHT_FULL__CAPETOWN.jpg",1000,1000,false],"thumbnail":["https:\/\/mapospheres.eu\/wp-content\/uploads\/2026\/03\/Z2_NIGHT_FULL__CAPETOWN-150x150.jpg",150,150,true],"medium":["https:\/\/mapospheres.eu\/wp-content\/uploads\/2026\/03\/Z2_NIGHT_FULL__CAPETOWN-300x300.jpg",300,300,true],"medium_large":["https:\/\/mapospheres.eu\/wp-content\/uploads\/2026\/03\/Z2_NIGHT_FULL__CAPETOWN-768x768.jpg",768,768,true],"large":["https:\/\/mapospheres.eu\/wp-content\/uploads\/2026\/03\/Z2_NIGHT_FULL__CAPETOWN.jpg",1000,1000,false],"1536x1536":["https:\/\/mapospheres.eu\/wp-content\/uploads\/2026\/03\/Z2_NIGHT_FULL__CAPETOWN.jpg",1000,1000,false],"2048x2048":["https:\/\/mapospheres.eu\/wp-content\/uploads\/2026\/03\/Z2_NIGHT_FULL__CAPETOWN.jpg",1000,1000,false],"woocommerce_thumbnail":["https:\/\/mapospheres.eu\/wp-content\/uploads\/2026\/03\/Z2_NIGHT_FULL__CAPETOWN-300x300.jpg",300,300,true],"woocommerce_single":["https:\/\/mapospheres.eu\/wp-content\/uploads\/2026\/03\/Z2_NIGHT_FULL__CAPETOWN-600x600.jpg",600,600,true],"woocommerce_gallery_thumbnail":["https:\/\/mapospheres.eu\/wp-content\/uploads\/2026\/03\/Z2_NIGHT_FULL__CAPETOWN-100x100.jpg",100,100,true]},"uagb_author_info":{"display_name":"sgainot04@gmail.com","author_link":"https:\/\/mapospheres.eu\/fr\/author\/"},"uagb_comment_info":0,"uagb_excerpt":"Obtenez une City Map \u2013 Carte de ville murale - imprim\u00e9e de la ville du Cap, Afrique du Sud. Choisissez ci-dessous la taille, la couleur et le design de votre carte !","_links":{"self":[{"href":"https:\/\/mapospheres.eu\/fr\/wp-json\/wp\/v2\/product\/17114","targetHints":{"allow":["GET"]}}],"collection":[{"href":"https:\/\/mapospheres.eu\/fr\/wp-json\/wp\/v2\/product"}],"about":[{"href":"https:\/\/mapospheres.eu\/fr\/wp-json\/wp\/v2\/types\/product"}],"wp:featuredmedia":[{"embeddable":true,"href":"https:\/\/mapospheres.eu\/fr\/wp-json\/wp\/v2\/media\/18035"}],"wp:attachment":[{"href":"https:\/\/mapospheres.eu\/fr\/wp-json\/wp\/v2\/media?parent=17114"}],"wp:term":[{"taxonomy":"product_brand","embeddable":true,"href":"https:\/\/mapospheres.eu\/fr\/wp-json\/wp\/v2\/product_brand?post=17114"},{"taxonomy":"product_cat","embeddable":true,"href":"https:\/\/mapospheres.eu\/fr\/wp-json\/wp\/v2\/product_cat?post=17114"},{"taxonomy":"product_tag","embeddable":true,"href":"https:\/\/mapospheres.eu\/fr\/wp-json\/wp\/v2\/product_tag?post=17114"}],"curies":[{"name":"wp","href":"https:\/\/api.w.org\/{rel}","templated":true}]}}