{"id":17115,"date":"2026-03-02T13:29:46","date_gmt":"2026-03-02T13:29:46","guid":{"rendered":"https:\/\/mapospheres.eu\/product\/poster-of-bergen-norway\/"},"modified":"2026-03-04T14:39:17","modified_gmt":"2026-03-04T14:39:17","slug":"poster-of-bergen-norway","status":"publish","type":"product","link":"https:\/\/mapospheres.eu\/fr\/product\/poster-de-bergen-norvege\/","title":{"rendered":"Poster de Bergen | Norv\u00e8ge"},"content":{"rendered":"<p><strong>Poster City map de Bergen, Norv\u00e8ge : Nich\u00e9e entre sept collines et s\u2019inclinant doucement vers le fjord, c\u2019est une ville qui semble avoir \u00e9t\u00e9 dessin\u00e9e d\u2019abord par la nature et mesur\u00e9e par les humains ensuite.<\/strong><\/p>\n<p>Cette carte capture cet \u00e9quilibre d\u00e9licat \u2014 la fa\u00e7on dont les montagnes s\u2019\u00e9l\u00e8vent comme des sentinelles silencieuses autour de la ville, et comment les rues se tortillent comme si elles contournent poliment d\u2019anciens chemins vikings et des arbres particuli\u00e8rement t\u00eatus. Le littoral ici n\u2019est pas lisse. Il se courbe, jaillit et se replie autour du port comme une main tenant quelque chose de pr\u00e9cieux \u2014 ce qui, en un sens, l\u2019est. Bryggen, l\u2019ancien quai hans\u00e9atique, se dresse en rang\u00e9e de maisons en bois color\u00e9es qui ont surv\u00e9cu aux incendies, aux \u00e9changes commerciaux et probablement \u00e0 un certain nombre d\u2019histoires maritimes. Sur la carte, leur emplacement est indubitable, non loin du bord du port o\u00f9 les mouettes tiennent conseil et o\u00f9 les ferries vont et viennent. En montant l\u00e9g\u00e8rement \u00e0 l\u2019int\u00e9rieur des terres, le terrain s\u2019\u00e9l\u00e8ve. Vous apercevrez le mont Fl\u00f8yen et ses sentiers sinueux \u2014 o\u00f9 les t\u00e9l\u00e9ph\u00e9riques transportent les curieux qui ne veulent pas rester en bas. Les for\u00eats commencent ici, \u00e9tendant leur vert sur les pentes comme un vieux manteau doux, accueillant les promeneurs, les trolls (si l\u2019on croit les locaux) et le skieur de fond \u00e9gar\u00e9 en juillet. Des ruisseaux traversent la ville, les parcs interrompent les toits et les lacs reposent dans les replis du terrain comme de silencieuses pauses. Cette carte montre Bergen non seulement comme une ville, mais comme un lieu fa\u00e7onn\u00e9 par l\u2019eau, le bois et le climat \u2014 o\u00f9 le brouillard drape les toits comme une couverture de laine et o\u00f9 le soleil, lorsqu\u2019il appara\u00eet, semble une petite c\u00e9l\u00e9bration. Sur le mur, ce n\u2019est pas seulement une carte. C\u2019est un aper\u00e7u de l\u2019\u00e2me de la c\u00f4te ouest de la Norv\u00e8ge \u2014 un peu rude, un peu po\u00e9tique, et toujours pr\u00eate pour la pluie.<\/p>\n","protected":false},"excerpt":{"rendered":"<p>Obtenez une City Map \u2013 Carte de ville murale &#8211; imprim\u00e9e de la ville de Bergen, Norv\u00e8ge.<br \/>\nChoisissez ci-dessous la taille, la couleur et le design de votre carte !<\/p>\n","protected":false},"featured_media":17979,"template":"","meta":{"_uag_custom_page_level_css":"","_monsterinsights_skip_tracking":false,"_monsterinsights_sitenote_active":false,"_monsterinsights_sitenote_note":"","_monsterinsights_sitenote_category":0,"site-sidebar-layout":"default","site-content-layout":"","ast-site-content-layout":"default","site-content-style":"default","site-sidebar-style":"default","ast-global-header-display":"","ast-banner-title-visibility":"","ast-main-header-display":"","ast-hfb-above-header-display":"","ast-hfb-below-header-display":"","ast-hfb-mobile-header-display":"","site-post-title":"","ast-breadcrumbs-content":"","ast-featured-img":"","footer-sml-layout":"","ast-disable-related-posts":"","theme-transparent-header-meta":"default","adv-header-id-meta":"","stick-header-meta":"","header-above-stick-meta":"","header-main-stick-meta":"","header-below-stick-meta":"","astra-migrate-meta-layouts":"set","ast-page-background-enabled":"default","ast-page-background-meta":{"desktop":{"background-color":"","background-image":"","background-repeat":"repeat","background-position":"center center","background-size":"auto","background-attachment":"scroll","background-type":"","background-media":"","overlay-type":"","overlay-color":"","overlay-opacity":"","overlay-gradient":""},"tablet":{"background-color":"","background-image":"","background-repeat":"repeat","background-position":"center center","background-size":"auto","background-attachment":"scroll","background-type":"","background-media":"","overlay-type":"","overlay-color":"","overlay-opacity":"","overlay-gradient":""},"mobile":{"background-color":"","background-image":"","background-repeat":"repeat","background-position":"center center","background-size":"auto","background-attachment":"scroll","background-type":"","background-media":"","overlay-type":"","overlay-color":"","overlay-opacity":"","overlay-gradient":""}},"ast-content-background-meta":{"desktop":{"background-color":"var(--ast-global-color-5)","background-image":"","background-repeat":"repeat","background-position":"center center","background-size":"auto","background-attachment":"scroll","background-type":"","background-media":"","overlay-type":"","overlay-color":"","overlay-opacity":"","overlay-gradient":""},"tablet":{"background-color":"var(--ast-global-color-5)","background-image":"","background-repeat":"repeat","background-position":"center center","background-size":"auto","background-attachment":"scroll","background-type":"","background-media":"","overlay-type":"","overlay-color":"","overlay-opacity":"","overlay-gradient":""},"mobile":{"background-color":"var(--ast-global-color-5)","background-image":"","background-repeat":"repeat","background-position":"center center","background-size":"auto","background-attachment":"scroll","background-type":"","background-media":"","overlay-type":"","overlay-color":"","overlay-opacity":"","overlay-gradient":""}}},"product_brand":[],"product_cat":[18],"product_tag":[34,35,36,744,39,40,93,473],"class_list":{"0":"post-17115","1":"product","2":"type-product","3":"status-publish","4":"has-post-thumbnail","6":"product_cat-city-maps","7":"product_tag-30x40","8":"product_tag-40x50","9":"product_tag-50x70","10":"product_tag-bergen","11":"product_tag-canvas","12":"product_tag-city-map","13":"product_tag-europe","14":"product_tag-norway","15":"desktop-align-left","16":"tablet-align-left","17":"mobile-align-left","19":"first","20":"instock","21":"shipping-taxable","22":"purchasable","23":"product-type-variable"},"aioseo_notices":[],"uagb_featured_image_src":{"full":["https:\/\/mapospheres.eu\/wp-content\/uploads\/2026\/03\/CANVAS_3_NIGHT_BERGEN.jpg",1000,1000,false],"thumbnail":["https:\/\/mapospheres.eu\/wp-content\/uploads\/2026\/03\/CANVAS_3_NIGHT_BERGEN-150x150.jpg",150,150,true],"medium":["https:\/\/mapospheres.eu\/wp-content\/uploads\/2026\/03\/CANVAS_3_NIGHT_BERGEN-300x300.jpg",300,300,true],"medium_large":["https:\/\/mapospheres.eu\/wp-content\/uploads\/2026\/03\/CANVAS_3_NIGHT_BERGEN-768x768.jpg",768,768,true],"large":["https:\/\/mapospheres.eu\/wp-content\/uploads\/2026\/03\/CANVAS_3_NIGHT_BERGEN.jpg",1000,1000,false],"1536x1536":["https:\/\/mapospheres.eu\/wp-content\/uploads\/2026\/03\/CANVAS_3_NIGHT_BERGEN.jpg",1000,1000,false],"2048x2048":["https:\/\/mapospheres.eu\/wp-content\/uploads\/2026\/03\/CANVAS_3_NIGHT_BERGEN.jpg",1000,1000,false],"woocommerce_thumbnail":["https:\/\/mapospheres.eu\/wp-content\/uploads\/2026\/03\/CANVAS_3_NIGHT_BERGEN-300x300.jpg",300,300,true],"woocommerce_single":["https:\/\/mapospheres.eu\/wp-content\/uploads\/2026\/03\/CANVAS_3_NIGHT_BERGEN-600x600.jpg",600,600,true],"woocommerce_gallery_thumbnail":["https:\/\/mapospheres.eu\/wp-content\/uploads\/2026\/03\/CANVAS_3_NIGHT_BERGEN-100x100.jpg",100,100,true]},"uagb_author_info":{"display_name":"sgainot04@gmail.com","author_link":"https:\/\/mapospheres.eu\/fr\/author\/"},"uagb_comment_info":0,"uagb_excerpt":"Obtenez une City Map \u2013 Carte de ville murale - imprim\u00e9e de la ville de Bergen, Norv\u00e8ge. Choisissez ci-dessous la taille, la couleur et le design de votre carte !","_links":{"self":[{"href":"https:\/\/mapospheres.eu\/fr\/wp-json\/wp\/v2\/product\/17115","targetHints":{"allow":["GET"]}}],"collection":[{"href":"https:\/\/mapospheres.eu\/fr\/wp-json\/wp\/v2\/product"}],"about":[{"href":"https:\/\/mapospheres.eu\/fr\/wp-json\/wp\/v2\/types\/product"}],"wp:featuredmedia":[{"embeddable":true,"href":"https:\/\/mapospheres.eu\/fr\/wp-json\/wp\/v2\/media\/17979"}],"wp:attachment":[{"href":"https:\/\/mapospheres.eu\/fr\/wp-json\/wp\/v2\/media?parent=17115"}],"wp:term":[{"taxonomy":"product_brand","embeddable":true,"href":"https:\/\/mapospheres.eu\/fr\/wp-json\/wp\/v2\/product_brand?post=17115"},{"taxonomy":"product_cat","embeddable":true,"href":"https:\/\/mapospheres.eu\/fr\/wp-json\/wp\/v2\/product_cat?post=17115"},{"taxonomy":"product_tag","embeddable":true,"href":"https:\/\/mapospheres.eu\/fr\/wp-json\/wp\/v2\/product_tag?post=17115"}],"curies":[{"name":"wp","href":"https:\/\/api.w.org\/{rel}","templated":true}]}}