{"id":17116,"date":"2026-03-02T13:29:52","date_gmt":"2026-03-02T13:29:52","guid":{"rendered":"https:\/\/mapospheres.eu\/product\/poster-of-casablanca-morocco\/"},"modified":"2026-03-04T14:39:21","modified_gmt":"2026-03-04T14:39:21","slug":"poster-of-casablanca-morocco","status":"publish","type":"product","link":"https:\/\/mapospheres.eu\/fr\/product\/poster-de-casablanca-maroc\/","title":{"rendered":"Poster de Casablanca Maroc"},"content":{"rendered":"<p><strong>Poster City map de Casablanca, Maroc : \u00c9tendue le long de la c\u00f4te atlantique, Casablanca est une ville qui regarde vers l\u2019ext\u00e9rieur \u2014 vers la mer, vers l\u2019avenir, et parfois vers le caf\u00e9 le plus proche pour un caf\u00e9 fort.<\/strong><\/p>\n<p>Cette carte dresse un portrait calme mais saisissant de la plus grande ville du Maroc, o\u00f9 la plaine c\u00f4ti\u00e8re plate rencontre une architecture audacieuse et le doux roulement de la vie urbaine. Au c\u0153ur de tout, la mosqu\u00e9e Hassan II se dresse fi\u00e8rement au bord de l\u2019oc\u00e9an, son minaret comme un phare pour les pri\u00e8res et les mouettes. Juste \u00e0 l\u2019int\u00e9rieur des terres, les larges avenues de la ville s\u2019\u00e9tendent sur un terrain l\u00e9g\u00e8rement en pente, dispos\u00e9es selon une grille d\u2019influence fran\u00e7aise qui pr\u00e9tend \u00eatre organis\u00e9e \u2014 jusqu\u2019\u00e0 ce que les anciens quartiers et les souks en d\u00e9cident autrement. Les espaces verts ponctuent le paysage : le Parc de la Ligue Arabe s\u2019\u00e9tend comme un long soupir de soulagement parmi les b\u00e2timents, tandis que les rues bord\u00e9es de palmiers adoucissent les coins les plus s\u00e9rieux de la ville. Du quartier du port aux collines d\u2019Anfa, la carte trace une ville fa\u00e7onn\u00e9e autant par les vents commerciaux que par les routes commerciales, o\u00f9 le terrain reste bas et proche de la mer, sauf pour les l\u00e9g\u00e8res pentes qui ont autrefois incit\u00e9 les premiers habitants \u00e0 construire un peu plus haut et au sec. La carte de Casablanca parle moins de r\u00e9cits sinueux que de mouvements audacieux \u2014 une ville qui a grandi rapidement et n\u2019a pas pos\u00e9 trop de questions. Pourtant, sous les lignes et les formes, il y a encore un murmure de son ancien nom, Anfa, et le doux bourdonnement des si\u00e8cles passant sous la grille.<\/p>\n","protected":false},"excerpt":{"rendered":"<p>Obtenez une City Map \u2013 Carte de ville murale &#8211; imprim\u00e9e de la ville de Casablanca, Maroc.<br \/>\nChoisissez ci-dessous la taille, la couleur et le design de votre carte !<\/p>\n","protected":false},"featured_media":17886,"template":"","meta":{"_uag_custom_page_level_css":"","_monsterinsights_skip_tracking":false,"_monsterinsights_sitenote_active":false,"_monsterinsights_sitenote_note":"","_monsterinsights_sitenote_category":0,"site-sidebar-layout":"default","site-content-layout":"","ast-site-content-layout":"default","site-content-style":"default","site-sidebar-style":"default","ast-global-header-display":"","ast-banner-title-visibility":"","ast-main-header-display":"","ast-hfb-above-header-display":"","ast-hfb-below-header-display":"","ast-hfb-mobile-header-display":"","site-post-title":"","ast-breadcrumbs-content":"","ast-featured-img":"","footer-sml-layout":"","ast-disable-related-posts":"","theme-transparent-header-meta":"default","adv-header-id-meta":"","stick-header-meta":"","header-above-stick-meta":"","header-main-stick-meta":"","header-below-stick-meta":"","astra-migrate-meta-layouts":"set","ast-page-background-enabled":"default","ast-page-background-meta":{"desktop":{"background-color":"","background-image":"","background-repeat":"repeat","background-position":"center center","background-size":"auto","background-attachment":"scroll","background-type":"","background-media":"","overlay-type":"","overlay-color":"","overlay-opacity":"","overlay-gradient":""},"tablet":{"background-color":"","background-image":"","background-repeat":"repeat","background-position":"center center","background-size":"auto","background-attachment":"scroll","background-type":"","background-media":"","overlay-type":"","overlay-color":"","overlay-opacity":"","overlay-gradient":""},"mobile":{"background-color":"","background-image":"","background-repeat":"repeat","background-position":"center center","background-size":"auto","background-attachment":"scroll","background-type":"","background-media":"","overlay-type":"","overlay-color":"","overlay-opacity":"","overlay-gradient":""}},"ast-content-background-meta":{"desktop":{"background-color":"var(--ast-global-color-5)","background-image":"","background-repeat":"repeat","background-position":"center center","background-size":"auto","background-attachment":"scroll","background-type":"","background-media":"","overlay-type":"","overlay-color":"","overlay-opacity":"","overlay-gradient":""},"tablet":{"background-color":"var(--ast-global-color-5)","background-image":"","background-repeat":"repeat","background-position":"center center","background-size":"auto","background-attachment":"scroll","background-type":"","background-media":"","overlay-type":"","overlay-color":"","overlay-opacity":"","overlay-gradient":""},"mobile":{"background-color":"var(--ast-global-color-5)","background-image":"","background-repeat":"repeat","background-position":"center center","background-size":"auto","background-attachment":"scroll","background-type":"","background-media":"","overlay-type":"","overlay-color":"","overlay-opacity":"","overlay-gradient":""}}},"product_brand":[],"product_cat":[18,464,465],"product_tag":[34,35,36,97,39,743,40,742],"class_list":{"0":"post-17116","1":"product","2":"type-product","3":"status-publish","4":"has-post-thumbnail","6":"product_cat-city-maps","7":"product_cat-featured_fr","8":"product_cat-featured_esp","9":"product_tag-30x40","10":"product_tag-40x50","11":"product_tag-50x70","12":"product_tag-africa","13":"product_tag-canvas","14":"product_tag-casablanca","15":"product_tag-city-map","16":"product_tag-morocco","17":"desktop-align-left","18":"tablet-align-left","19":"mobile-align-left","21":"first","22":"instock","23":"shipping-taxable","24":"purchasable","25":"product-type-variable"},"aioseo_notices":[],"uagb_featured_image_src":{"full":["https:\/\/mapospheres.eu\/wp-content\/uploads\/2026\/03\/Z2_BW_ROUND__CASABLANCA.jpg",1000,1000,false],"thumbnail":["https:\/\/mapospheres.eu\/wp-content\/uploads\/2026\/03\/Z2_BW_ROUND__CASABLANCA-150x150.jpg",150,150,true],"medium":["https:\/\/mapospheres.eu\/wp-content\/uploads\/2026\/03\/Z2_BW_ROUND__CASABLANCA-300x300.jpg",300,300,true],"medium_large":["https:\/\/mapospheres.eu\/wp-content\/uploads\/2026\/03\/Z2_BW_ROUND__CASABLANCA-768x768.jpg",768,768,true],"large":["https:\/\/mapospheres.eu\/wp-content\/uploads\/2026\/03\/Z2_BW_ROUND__CASABLANCA.jpg",1000,1000,false],"1536x1536":["https:\/\/mapospheres.eu\/wp-content\/uploads\/2026\/03\/Z2_BW_ROUND__CASABLANCA.jpg",1000,1000,false],"2048x2048":["https:\/\/mapospheres.eu\/wp-content\/uploads\/2026\/03\/Z2_BW_ROUND__CASABLANCA.jpg",1000,1000,false],"woocommerce_thumbnail":["https:\/\/mapospheres.eu\/wp-content\/uploads\/2026\/03\/Z2_BW_ROUND__CASABLANCA-300x300.jpg",300,300,true],"woocommerce_single":["https:\/\/mapospheres.eu\/wp-content\/uploads\/2026\/03\/Z2_BW_ROUND__CASABLANCA-600x600.jpg",600,600,true],"woocommerce_gallery_thumbnail":["https:\/\/mapospheres.eu\/wp-content\/uploads\/2026\/03\/Z2_BW_ROUND__CASABLANCA-100x100.jpg",100,100,true]},"uagb_author_info":{"display_name":"sgainot04@gmail.com","author_link":"https:\/\/mapospheres.eu\/fr\/author\/"},"uagb_comment_info":0,"uagb_excerpt":"Obtenez une City Map \u2013 Carte de ville murale - imprim\u00e9e de la ville de Casablanca, Maroc. Choisissez ci-dessous la taille, la couleur et le design de votre carte !","_links":{"self":[{"href":"https:\/\/mapospheres.eu\/fr\/wp-json\/wp\/v2\/product\/17116","targetHints":{"allow":["GET"]}}],"collection":[{"href":"https:\/\/mapospheres.eu\/fr\/wp-json\/wp\/v2\/product"}],"about":[{"href":"https:\/\/mapospheres.eu\/fr\/wp-json\/wp\/v2\/types\/product"}],"wp:featuredmedia":[{"embeddable":true,"href":"https:\/\/mapospheres.eu\/fr\/wp-json\/wp\/v2\/media\/17886"}],"wp:attachment":[{"href":"https:\/\/mapospheres.eu\/fr\/wp-json\/wp\/v2\/media?parent=17116"}],"wp:term":[{"taxonomy":"product_brand","embeddable":true,"href":"https:\/\/mapospheres.eu\/fr\/wp-json\/wp\/v2\/product_brand?post=17116"},{"taxonomy":"product_cat","embeddable":true,"href":"https:\/\/mapospheres.eu\/fr\/wp-json\/wp\/v2\/product_cat?post=17116"},{"taxonomy":"product_tag","embeddable":true,"href":"https:\/\/mapospheres.eu\/fr\/wp-json\/wp\/v2\/product_tag?post=17116"}],"curies":[{"name":"wp","href":"https:\/\/api.w.org\/{rel}","templated":true}]}}