{"id":17117,"date":"2026-03-02T13:29:55","date_gmt":"2026-03-02T13:29:55","guid":{"rendered":"https:\/\/mapospheres.eu\/product\/poster-of-marrakesh-morocco\/"},"modified":"2026-03-03T16:42:52","modified_gmt":"2026-03-03T16:42:52","slug":"poster-of-marrakesh-morocco","status":"publish","type":"product","link":"https:\/\/mapospheres.eu\/fr\/product\/poster-de-marrakech-maroc\/","title":{"rendered":"Poster de Marrakech | Maroc"},"content":{"rendered":"<p><strong>Poster City map de Marrakech, Maroc : Id\u00e9ale pour tout mur, cette carte apporte dans la pi\u00e8ce le relief riche et l\u2019\u00e9l\u00e9gance discr\u00e8te de Marrakech \u2014 un compagnon raffin\u00e9 pour les r\u00eaveurs, les conteurs ou toute personne qui aime les cartes avec un peu d\u2019\u00e2me. <\/strong><\/p>\n<p>Nich\u00e9e entre les contreforts des montagnes de l\u2019Atlas et les vastes plaines marocaines, la ville de Marrakech se d\u00e9ploie comme un r\u00e9cit ancien grav\u00e9 dans la terre. Cette carte murale capture le charme topographique de la ville \u2014 de la l\u00e9g\u00e8re \u00e9l\u00e9vation du terrain au sud aux zones plus verdoyantes pr\u00e8s des jardins historiques. On y distingue l\u2019ancienne m\u00e9dina envelopp\u00e9e de ses remparts rouge\u00e2tres, o\u00f9 la mosqu\u00e9e Koutoubia s\u2019\u00e9l\u00e8ve telle une gardienne du temps qui aurait oubli\u00e9 de prendre sa retraite. Non loin de l\u00e0, le Jardin Majorelle ajoute une touche de bleu et de vert, un havre paisible o\u00f9 cactus et palmiers murmurent les secrets des anciens voyageurs. La ville s\u2019\u00e9tend vers l\u2019ext\u00e9rieur, les quartiers plus r\u00e9cents se fondant doucement dans le paysage environnant, leurs lignes modernes saluant encore les racines labyrinthiques de Marrakech. La carte laisse aussi deviner le caract\u00e8re spectaculaire du territoire \u2014 des plaines plates s\u2019\u00e9tirant comme une toile, parfois ponctu\u00e9es de palmiers, de champs cultiv\u00e9s ou de quelque rocher obstin\u00e9. Et au loin, les montagnes de l\u2019Atlas se dressent comme des g\u00e9ants assoupis veillant sur la Ville Rouge. Ce n\u2019est pas seulement un plan de ville ; c\u2019est un aper\u00e7u d\u2019un lieu o\u00f9 le d\u00e9sert rencontre le jardin, o\u00f9 chaque chemin a sans doute entendu mille pas et peut-\u00eatre un ou deux chameaux se plaindre de la chaleur.<\/p>\n","protected":false},"excerpt":{"rendered":"<p>Obtenez une City Map \u2013 Carte de ville murale &#8211; imprim\u00e9e de la ville de Marrakech, Maroc.<br \/>\nChoisissez ci-dessous la taille, la couleur et le design de votre carte !<\/p>\n","protected":false},"featured_media":17824,"template":"","meta":{"_uag_custom_page_level_css":"","_monsterinsights_skip_tracking":false,"_monsterinsights_sitenote_active":false,"_monsterinsights_sitenote_note":"","_monsterinsights_sitenote_category":0,"site-sidebar-layout":"default","site-content-layout":"","ast-site-content-layout":"default","site-content-style":"default","site-sidebar-style":"default","ast-global-header-display":"","ast-banner-title-visibility":"","ast-main-header-display":"","ast-hfb-above-header-display":"","ast-hfb-below-header-display":"","ast-hfb-mobile-header-display":"","site-post-title":"","ast-breadcrumbs-content":"","ast-featured-img":"","footer-sml-layout":"","ast-disable-related-posts":"","theme-transparent-header-meta":"default","adv-header-id-meta":"","stick-header-meta":"","header-above-stick-meta":"","header-main-stick-meta":"","header-below-stick-meta":"","astra-migrate-meta-layouts":"set","ast-page-background-enabled":"default","ast-page-background-meta":{"desktop":{"background-color":"","background-image":"","background-repeat":"repeat","background-position":"center center","background-size":"auto","background-attachment":"scroll","background-type":"","background-media":"","overlay-type":"","overlay-color":"","overlay-opacity":"","overlay-gradient":""},"tablet":{"background-color":"","background-image":"","background-repeat":"repeat","background-position":"center center","background-size":"auto","background-attachment":"scroll","background-type":"","background-media":"","overlay-type":"","overlay-color":"","overlay-opacity":"","overlay-gradient":""},"mobile":{"background-color":"","background-image":"","background-repeat":"repeat","background-position":"center center","background-size":"auto","background-attachment":"scroll","background-type":"","background-media":"","overlay-type":"","overlay-color":"","overlay-opacity":"","overlay-gradient":""}},"ast-content-background-meta":{"desktop":{"background-color":"var(--ast-global-color-5)","background-image":"","background-repeat":"repeat","background-position":"center center","background-size":"auto","background-attachment":"scroll","background-type":"","background-media":"","overlay-type":"","overlay-color":"","overlay-opacity":"","overlay-gradient":""},"tablet":{"background-color":"var(--ast-global-color-5)","background-image":"","background-repeat":"repeat","background-position":"center center","background-size":"auto","background-attachment":"scroll","background-type":"","background-media":"","overlay-type":"","overlay-color":"","overlay-opacity":"","overlay-gradient":""},"mobile":{"background-color":"var(--ast-global-color-5)","background-image":"","background-repeat":"repeat","background-position":"center center","background-size":"auto","background-attachment":"scroll","background-type":"","background-media":"","overlay-type":"","overlay-color":"","overlay-opacity":"","overlay-gradient":""}}},"product_brand":[],"product_cat":[18,464],"product_tag":[34,35,36,97,39,40,741,742],"class_list":{"0":"post-17117","1":"product","2":"type-product","3":"status-publish","4":"has-post-thumbnail","6":"product_cat-city-maps","7":"product_cat-featured_fr","8":"product_tag-30x40","9":"product_tag-40x50","10":"product_tag-50x70","11":"product_tag-africa","12":"product_tag-canvas","13":"product_tag-city-map","14":"product_tag-marrakesh","15":"product_tag-morocco","16":"desktop-align-left","17":"tablet-align-left","18":"mobile-align-left","20":"first","21":"instock","22":"shipping-taxable","23":"purchasable","24":"product-type-variable"},"aioseo_notices":[],"uagb_featured_image_src":{"full":["https:\/\/mapospheres.eu\/wp-content\/uploads\/2026\/03\/CANVAS_RED_MARRAKESH.jpg",1000,1000,false],"thumbnail":["https:\/\/mapospheres.eu\/wp-content\/uploads\/2026\/03\/CANVAS_RED_MARRAKESH-150x150.jpg",150,150,true],"medium":["https:\/\/mapospheres.eu\/wp-content\/uploads\/2026\/03\/CANVAS_RED_MARRAKESH-300x300.jpg",300,300,true],"medium_large":["https:\/\/mapospheres.eu\/wp-content\/uploads\/2026\/03\/CANVAS_RED_MARRAKESH-768x768.jpg",768,768,true],"large":["https:\/\/mapospheres.eu\/wp-content\/uploads\/2026\/03\/CANVAS_RED_MARRAKESH.jpg",1000,1000,false],"1536x1536":["https:\/\/mapospheres.eu\/wp-content\/uploads\/2026\/03\/CANVAS_RED_MARRAKESH.jpg",1000,1000,false],"2048x2048":["https:\/\/mapospheres.eu\/wp-content\/uploads\/2026\/03\/CANVAS_RED_MARRAKESH.jpg",1000,1000,false],"woocommerce_thumbnail":["https:\/\/mapospheres.eu\/wp-content\/uploads\/2026\/03\/CANVAS_RED_MARRAKESH-300x300.jpg",300,300,true],"woocommerce_single":["https:\/\/mapospheres.eu\/wp-content\/uploads\/2026\/03\/CANVAS_RED_MARRAKESH-600x600.jpg",600,600,true],"woocommerce_gallery_thumbnail":["https:\/\/mapospheres.eu\/wp-content\/uploads\/2026\/03\/CANVAS_RED_MARRAKESH-100x100.jpg",100,100,true]},"uagb_author_info":{"display_name":"sgainot04@gmail.com","author_link":"https:\/\/mapospheres.eu\/fr\/author\/"},"uagb_comment_info":0,"uagb_excerpt":"Obtenez une City Map \u2013 Carte de ville murale - imprim\u00e9e de la ville de Marrakech, Maroc. Choisissez ci-dessous la taille, la couleur et le design de votre carte !","_links":{"self":[{"href":"https:\/\/mapospheres.eu\/fr\/wp-json\/wp\/v2\/product\/17117","targetHints":{"allow":["GET"]}}],"collection":[{"href":"https:\/\/mapospheres.eu\/fr\/wp-json\/wp\/v2\/product"}],"about":[{"href":"https:\/\/mapospheres.eu\/fr\/wp-json\/wp\/v2\/types\/product"}],"wp:featuredmedia":[{"embeddable":true,"href":"https:\/\/mapospheres.eu\/fr\/wp-json\/wp\/v2\/media\/17824"}],"wp:attachment":[{"href":"https:\/\/mapospheres.eu\/fr\/wp-json\/wp\/v2\/media?parent=17117"}],"wp:term":[{"taxonomy":"product_brand","embeddable":true,"href":"https:\/\/mapospheres.eu\/fr\/wp-json\/wp\/v2\/product_brand?post=17117"},{"taxonomy":"product_cat","embeddable":true,"href":"https:\/\/mapospheres.eu\/fr\/wp-json\/wp\/v2\/product_cat?post=17117"},{"taxonomy":"product_tag","embeddable":true,"href":"https:\/\/mapospheres.eu\/fr\/wp-json\/wp\/v2\/product_tag?post=17117"}],"curies":[{"name":"wp","href":"https:\/\/api.w.org\/{rel}","templated":true}]}}