{"id":17121,"date":"2026-03-02T13:30:11","date_gmt":"2026-03-02T13:30:11","guid":{"rendered":"https:\/\/mapospheres.eu\/product\/poster-of-bratislava-slovakia\/"},"modified":"2026-03-03T16:42:43","modified_gmt":"2026-03-03T16:42:43","slug":"poster-of-bratislava-slovakia","status":"publish","type":"product","link":"https:\/\/mapospheres.eu\/fr\/product\/poster-de-bratislava-slovaquie\/","title":{"rendered":"Poster de Bratislava | Slovaquie"},"content":{"rendered":"<p><strong>Poster City map de Bratislava, Slovaquie : elle raconte comment cette carte s\u2019appuie sur son paysage, sans lutter contre le fleuve ni les collines, mais en travaillant avec eux comme de vieux amis.<\/strong><\/p>\n<p>Bratislava repose l\u00e0 o\u00f9 les collines rencontrent le Danube, comme une ville qui ne pouvait pas vraiment choisir entre la for\u00eat et le fleuve, alors elle a choisi les deux. Cette carte capture cet \u00e9quilibre avec une pr\u00e9cision sereine, d\u00e9voilant un lieu fa\u00e7onn\u00e9 par la nature et couronn\u00e9 d\u2019histoire. Le puissant Danube traverse la sc\u00e8ne comme un trait audacieux de peintre, rappelant que l\u2019eau a toujours eu le dernier mot ici \u2014 transportant des marchands, des po\u00e8tes et, \u00e0 l\u2019occasion, une arm\u00e9e envahissante. Le relief s\u2019\u00e9l\u00e8ve doucement sur la lisi\u00e8re nord, l\u00e0 o\u00f9 les Petites Carpates commencent leur ascension discr\u00e8te. Vue d\u2019en haut, elles ressemblent aux \u00e9paules verdoyantes de la ville, enveloppant Bratislava de vignobles, de for\u00eats et de randonn\u00e9es du week-end. La carte r\u00e9v\u00e8le clairement ces \u00e9tendues luxuriantes, ainsi que les nombreux parcs de la ville \u2014 le Sad Janka Kr\u00e1\u013ea, l\u2019un des plus anciens parcs publics d\u2019Europe, s\u2019\u00e9tend sur la rive droite, une parenth\u00e8se de calme sous des arbres curieux et le long de sentiers sinueux. Au centre, le ch\u00e2teau se dresse sur son promontoire rocheux, carr\u00e9 et solide, comme s\u2019il observait \u00e0 la fois Vienne et Budapest pour rester impartial. C\u2019est le genre de monument qui vole la vedette sans dire un mot. En contrebas, la vieille ville se d\u00e9ploie en \u00e9troites boucles m\u00e9di\u00e9vales, cousues ensemble par des histoires de couronnements, de d\u00e9bats de caf\u00e9 et de musiciens cherchant \u00e0 se surpasser dans des cours ombrag\u00e9es.<\/p>\n","protected":false},"excerpt":{"rendered":"<p>Obtenez une City Map \u2013 Carte de ville murale &#8211; imprim\u00e9e de la ville Bratislava, Slovaquie.<br \/>\nChoisissez ci-dessous la taille, la couleur et le design de votre carte !<\/p>\n","protected":false},"featured_media":17635,"template":"","meta":{"_uag_custom_page_level_css":"","_monsterinsights_skip_tracking":false,"_monsterinsights_sitenote_active":false,"_monsterinsights_sitenote_note":"","_monsterinsights_sitenote_category":0,"site-sidebar-layout":"default","site-content-layout":"","ast-site-content-layout":"default","site-content-style":"default","site-sidebar-style":"default","ast-global-header-display":"","ast-banner-title-visibility":"","ast-main-header-display":"","ast-hfb-above-header-display":"","ast-hfb-below-header-display":"","ast-hfb-mobile-header-display":"","site-post-title":"","ast-breadcrumbs-content":"","ast-featured-img":"","footer-sml-layout":"","ast-disable-related-posts":"","theme-transparent-header-meta":"default","adv-header-id-meta":"","stick-header-meta":"","header-above-stick-meta":"","header-main-stick-meta":"","header-below-stick-meta":"","astra-migrate-meta-layouts":"set","ast-page-background-enabled":"default","ast-page-background-meta":{"desktop":{"background-color":"","background-image":"","background-repeat":"repeat","background-position":"center center","background-size":"auto","background-attachment":"scroll","background-type":"","background-media":"","overlay-type":"","overlay-color":"","overlay-opacity":"","overlay-gradient":""},"tablet":{"background-color":"","background-image":"","background-repeat":"repeat","background-position":"center center","background-size":"auto","background-attachment":"scroll","background-type":"","background-media":"","overlay-type":"","overlay-color":"","overlay-opacity":"","overlay-gradient":""},"mobile":{"background-color":"","background-image":"","background-repeat":"repeat","background-position":"center center","background-size":"auto","background-attachment":"scroll","background-type":"","background-media":"","overlay-type":"","overlay-color":"","overlay-opacity":"","overlay-gradient":""}},"ast-content-background-meta":{"desktop":{"background-color":"var(--ast-global-color-5)","background-image":"","background-repeat":"repeat","background-position":"center center","background-size":"auto","background-attachment":"scroll","background-type":"","background-media":"","overlay-type":"","overlay-color":"","overlay-opacity":"","overlay-gradient":""},"tablet":{"background-color":"var(--ast-global-color-5)","background-image":"","background-repeat":"repeat","background-position":"center center","background-size":"auto","background-attachment":"scroll","background-type":"","background-media":"","overlay-type":"","overlay-color":"","overlay-opacity":"","overlay-gradient":""},"mobile":{"background-color":"var(--ast-global-color-5)","background-image":"","background-repeat":"repeat","background-position":"center center","background-size":"auto","background-attachment":"scroll","background-type":"","background-media":"","overlay-type":"","overlay-color":"","overlay-opacity":"","overlay-gradient":""}}},"product_brand":[],"product_cat":[18],"product_tag":[34,35,36,734,39,40,93,735],"class_list":{"0":"post-17121","1":"product","2":"type-product","3":"status-publish","4":"has-post-thumbnail","6":"product_cat-city-maps","7":"product_tag-30x40","8":"product_tag-40x50","9":"product_tag-50x70","10":"product_tag-bratislava","11":"product_tag-canvas","12":"product_tag-city-map","13":"product_tag-europe","14":"product_tag-slovakia","15":"desktop-align-left","16":"tablet-align-left","17":"mobile-align-left","19":"first","20":"instock","21":"shipping-taxable","22":"purchasable","23":"product-type-variable"},"aioseo_notices":[],"uagb_featured_image_src":{"full":["https:\/\/mapospheres.eu\/wp-content\/uploads\/2026\/03\/Z2_BW_ROUND__BRATISLAVA.jpg",1000,1000,false],"thumbnail":["https:\/\/mapospheres.eu\/wp-content\/uploads\/2026\/03\/Z2_BW_ROUND__BRATISLAVA-150x150.jpg",150,150,true],"medium":["https:\/\/mapospheres.eu\/wp-content\/uploads\/2026\/03\/Z2_BW_ROUND__BRATISLAVA-300x300.jpg",300,300,true],"medium_large":["https:\/\/mapospheres.eu\/wp-content\/uploads\/2026\/03\/Z2_BW_ROUND__BRATISLAVA-768x768.jpg",768,768,true],"large":["https:\/\/mapospheres.eu\/wp-content\/uploads\/2026\/03\/Z2_BW_ROUND__BRATISLAVA.jpg",1000,1000,false],"1536x1536":["https:\/\/mapospheres.eu\/wp-content\/uploads\/2026\/03\/Z2_BW_ROUND__BRATISLAVA.jpg",1000,1000,false],"2048x2048":["https:\/\/mapospheres.eu\/wp-content\/uploads\/2026\/03\/Z2_BW_ROUND__BRATISLAVA.jpg",1000,1000,false],"woocommerce_thumbnail":["https:\/\/mapospheres.eu\/wp-content\/uploads\/2026\/03\/Z2_BW_ROUND__BRATISLAVA-300x300.jpg",300,300,true],"woocommerce_single":["https:\/\/mapospheres.eu\/wp-content\/uploads\/2026\/03\/Z2_BW_ROUND__BRATISLAVA-600x600.jpg",600,600,true],"woocommerce_gallery_thumbnail":["https:\/\/mapospheres.eu\/wp-content\/uploads\/2026\/03\/Z2_BW_ROUND__BRATISLAVA-100x100.jpg",100,100,true]},"uagb_author_info":{"display_name":"sgainot04@gmail.com","author_link":"https:\/\/mapospheres.eu\/fr\/author\/"},"uagb_comment_info":0,"uagb_excerpt":"Obtenez une City Map \u2013 Carte de ville murale - imprim\u00e9e de la ville Bratislava, Slovaquie. Choisissez ci-dessous la taille, la couleur et le design de votre carte !","_links":{"self":[{"href":"https:\/\/mapospheres.eu\/fr\/wp-json\/wp\/v2\/product\/17121","targetHints":{"allow":["GET"]}}],"collection":[{"href":"https:\/\/mapospheres.eu\/fr\/wp-json\/wp\/v2\/product"}],"about":[{"href":"https:\/\/mapospheres.eu\/fr\/wp-json\/wp\/v2\/types\/product"}],"wp:featuredmedia":[{"embeddable":true,"href":"https:\/\/mapospheres.eu\/fr\/wp-json\/wp\/v2\/media\/17635"}],"wp:attachment":[{"href":"https:\/\/mapospheres.eu\/fr\/wp-json\/wp\/v2\/media?parent=17121"}],"wp:term":[{"taxonomy":"product_brand","embeddable":true,"href":"https:\/\/mapospheres.eu\/fr\/wp-json\/wp\/v2\/product_brand?post=17121"},{"taxonomy":"product_cat","embeddable":true,"href":"https:\/\/mapospheres.eu\/fr\/wp-json\/wp\/v2\/product_cat?post=17121"},{"taxonomy":"product_tag","embeddable":true,"href":"https:\/\/mapospheres.eu\/fr\/wp-json\/wp\/v2\/product_tag?post=17121"}],"curies":[{"name":"wp","href":"https:\/\/api.w.org\/{rel}","templated":true}]}}