{"id":17123,"date":"2026-03-02T13:30:19","date_gmt":"2026-03-02T13:30:19","guid":{"rendered":"https:\/\/mapospheres.eu\/product\/poster-of-lille-france\/"},"modified":"2026-03-02T14:58:35","modified_gmt":"2026-03-02T14:58:35","slug":"poster-of-lille-france","status":"publish","type":"product","link":"https:\/\/mapospheres.eu\/fr\/product\/poster-de-lille-france\/","title":{"rendered":"Poster de Lille | France"},"content":{"rendered":"<p><strong>Poster City map de Lille, France : une ville o\u00f9 les r\u00e9cits rencontrent la force tranquille des plaines du Nord.<\/strong><\/p>\n<p>Nich\u00e9e pr\u00e8s de la fronti\u00e8re avec la Belgique, cette carte de Lille capture son \u00e9l\u00e9gante \u00e9tendue avec juste ce qu\u2019il faut d\u2019allure pour vous faire marquer une pause et dire : \u00ab Ah, c\u2019est donc l\u00e0 que se cache la Citadelle ! \u00bb Vous verrez la ville \u00e9pouser les courbes de la De\u00fble, ruban de calme qui a vu passer des si\u00e8cles de marchands, de monarques et de fauteurs de trouble. Le relief ici est doux \u2014 pas de sommets spectaculaires, mais un paysage fa\u00e7onn\u00e9 par le temps, la brique et un charme l\u00e9g\u00e8rement obstin\u00e9. La carte met en lumi\u00e8re les c\u00e9l\u00e8bres poumons verts de Lille \u2014 le Parc de la Citadelle et le Jardin Vauban \u2014 des lieux o\u00f9 les habitants s\u2019\u00e9chappent le temps d\u2019une promenade ou d\u2019un sandwich. Ces espaces verdoyants se nichent comme de petits secrets au c\u0153ur du dessin de la ville, encadr\u00e9s par d\u2019anciennes fortifications et des sentiers sinueux. En regardant de plus pr\u00e8s, vous trouverez la Citadelle en forme d\u2019\u00e9toile, forteresse du XVIIe si\u00e8cle aujourd\u2019hui plus fr\u00e9quent\u00e9e par les joggeurs que par les soldats, m\u00eame si ses murs semblent encore murmurer des histoires de si\u00e8ges pass\u00e9s et de sentinelles assoupies. De la Grand-Place aux ruelles sinueuses du Vieux-Lille, la carte montre comment l\u2019histoire donne la main \u00e0 la vie moderne. Ses motifs ne sont pas le fruit du hasard ; ils refl\u00e8tent une ville b\u00e2tie avec intention et une pointe de r\u00e9bellion. Lille ne crie pas \u2014 elle esquisse un sourire en coin. Et sur votre mur, cette carte fait de m\u00eame : un hommage topographique apais\u00e9 \u00e0 une ville discr\u00e8tement pleine de caract\u00e8re, et jamais tout \u00e0 fait l\u00e0 o\u00f9 on l\u2019attend.<\/p>\n","protected":false},"excerpt":{"rendered":"<p>Obtenez une City Map \u2013 Carte de ville murale &#8211; imprim\u00e9e de la ville de Lille, France.<br \/>\nChoisissez ci-dessous la taille, la couleur et le design de votre carte !<\/p>\n","protected":false},"featured_media":17425,"template":"","meta":{"_uag_custom_page_level_css":"","_monsterinsights_skip_tracking":false,"_monsterinsights_sitenote_active":false,"_monsterinsights_sitenote_note":"","_monsterinsights_sitenote_category":0,"site-sidebar-layout":"default","site-content-layout":"","ast-site-content-layout":"default","site-content-style":"default","site-sidebar-style":"default","ast-global-header-display":"","ast-banner-title-visibility":"","ast-main-header-display":"","ast-hfb-above-header-display":"","ast-hfb-below-header-display":"","ast-hfb-mobile-header-display":"","site-post-title":"","ast-breadcrumbs-content":"","ast-featured-img":"","footer-sml-layout":"","ast-disable-related-posts":"","theme-transparent-header-meta":"default","adv-header-id-meta":"","stick-header-meta":"","header-above-stick-meta":"","header-main-stick-meta":"","header-below-stick-meta":"","astra-migrate-meta-layouts":"set","ast-page-background-enabled":"default","ast-page-background-meta":{"desktop":{"background-color":"","background-image":"","background-repeat":"repeat","background-position":"center center","background-size":"auto","background-attachment":"scroll","background-type":"","background-media":"","overlay-type":"","overlay-color":"","overlay-opacity":"","overlay-gradient":""},"tablet":{"background-color":"","background-image":"","background-repeat":"repeat","background-position":"center center","background-size":"auto","background-attachment":"scroll","background-type":"","background-media":"","overlay-type":"","overlay-color":"","overlay-opacity":"","overlay-gradient":""},"mobile":{"background-color":"","background-image":"","background-repeat":"repeat","background-position":"center center","background-size":"auto","background-attachment":"scroll","background-type":"","background-media":"","overlay-type":"","overlay-color":"","overlay-opacity":"","overlay-gradient":""}},"ast-content-background-meta":{"desktop":{"background-color":"var(--ast-global-color-5)","background-image":"","background-repeat":"repeat","background-position":"center center","background-size":"auto","background-attachment":"scroll","background-type":"","background-media":"","overlay-type":"","overlay-color":"","overlay-opacity":"","overlay-gradient":""},"tablet":{"background-color":"var(--ast-global-color-5)","background-image":"","background-repeat":"repeat","background-position":"center center","background-size":"auto","background-attachment":"scroll","background-type":"","background-media":"","overlay-type":"","overlay-color":"","overlay-opacity":"","overlay-gradient":""},"mobile":{"background-color":"var(--ast-global-color-5)","background-image":"","background-repeat":"repeat","background-position":"center center","background-size":"auto","background-attachment":"scroll","background-type":"","background-media":"","overlay-type":"","overlay-color":"","overlay-opacity":"","overlay-gradient":""}}},"product_brand":[],"product_cat":[18],"product_tag":[34,35,36,39,40,93,100,758],"class_list":{"0":"post-17123","1":"product","2":"type-product","3":"status-publish","4":"has-post-thumbnail","6":"product_cat-city-maps","7":"product_tag-30x40","8":"product_tag-40x50","9":"product_tag-50x70","10":"product_tag-canvas","11":"product_tag-city-map","12":"product_tag-europe","13":"product_tag-france","14":"product_tag-lille","15":"desktop-align-left","16":"tablet-align-left","17":"mobile-align-left","19":"first","20":"instock","21":"shipping-taxable","22":"purchasable","23":"product-type-variable"},"aioseo_notices":[],"uagb_featured_image_src":{"full":["https:\/\/mapospheres.eu\/wp-content\/uploads\/2026\/03\/Z2_BW_ROUND__LILLE.jpg",1000,1000,false],"thumbnail":["https:\/\/mapospheres.eu\/wp-content\/uploads\/2026\/03\/Z2_BW_ROUND__LILLE-150x150.jpg",150,150,true],"medium":["https:\/\/mapospheres.eu\/wp-content\/uploads\/2026\/03\/Z2_BW_ROUND__LILLE-300x300.jpg",300,300,true],"medium_large":["https:\/\/mapospheres.eu\/wp-content\/uploads\/2026\/03\/Z2_BW_ROUND__LILLE-768x768.jpg",768,768,true],"large":["https:\/\/mapospheres.eu\/wp-content\/uploads\/2026\/03\/Z2_BW_ROUND__LILLE.jpg",1000,1000,false],"1536x1536":["https:\/\/mapospheres.eu\/wp-content\/uploads\/2026\/03\/Z2_BW_ROUND__LILLE.jpg",1000,1000,false],"2048x2048":["https:\/\/mapospheres.eu\/wp-content\/uploads\/2026\/03\/Z2_BW_ROUND__LILLE.jpg",1000,1000,false],"woocommerce_thumbnail":["https:\/\/mapospheres.eu\/wp-content\/uploads\/2026\/03\/Z2_BW_ROUND__LILLE-300x300.jpg",300,300,true],"woocommerce_single":["https:\/\/mapospheres.eu\/wp-content\/uploads\/2026\/03\/Z2_BW_ROUND__LILLE-600x600.jpg",600,600,true],"woocommerce_gallery_thumbnail":["https:\/\/mapospheres.eu\/wp-content\/uploads\/2026\/03\/Z2_BW_ROUND__LILLE-100x100.jpg",100,100,true]},"uagb_author_info":{"display_name":"sgainot04@gmail.com","author_link":"https:\/\/mapospheres.eu\/fr\/author\/"},"uagb_comment_info":0,"uagb_excerpt":"Obtenez une City Map \u2013 Carte de ville murale - imprim\u00e9e de la ville de Lille, France. Choisissez ci-dessous la taille, la couleur et le design de votre carte !","_links":{"self":[{"href":"https:\/\/mapospheres.eu\/fr\/wp-json\/wp\/v2\/product\/17123","targetHints":{"allow":["GET"]}}],"collection":[{"href":"https:\/\/mapospheres.eu\/fr\/wp-json\/wp\/v2\/product"}],"about":[{"href":"https:\/\/mapospheres.eu\/fr\/wp-json\/wp\/v2\/types\/product"}],"wp:featuredmedia":[{"embeddable":true,"href":"https:\/\/mapospheres.eu\/fr\/wp-json\/wp\/v2\/media\/17425"}],"wp:attachment":[{"href":"https:\/\/mapospheres.eu\/fr\/wp-json\/wp\/v2\/media?parent=17123"}],"wp:term":[{"taxonomy":"product_brand","embeddable":true,"href":"https:\/\/mapospheres.eu\/fr\/wp-json\/wp\/v2\/product_brand?post=17123"},{"taxonomy":"product_cat","embeddable":true,"href":"https:\/\/mapospheres.eu\/fr\/wp-json\/wp\/v2\/product_cat?post=17123"},{"taxonomy":"product_tag","embeddable":true,"href":"https:\/\/mapospheres.eu\/fr\/wp-json\/wp\/v2\/product_tag?post=17123"}],"curies":[{"name":"wp","href":"https:\/\/api.w.org\/{rel}","templated":true}]}}