{"id":17126,"date":"2026-03-02T13:30:34","date_gmt":"2026-03-02T13:30:34","guid":{"rendered":"https:\/\/mapospheres.eu\/product\/poster-of-macao-china\/"},"modified":"2026-03-02T14:41:52","modified_gmt":"2026-03-02T14:41:52","slug":"poster-of-macao-china","status":"publish","type":"product","link":"https:\/\/mapospheres.eu\/fr\/product\/poster-de-macao-chine\/","title":{"rendered":"Poster de Macao | Chine"},"content":{"rendered":"<p><strong>Poster City map de Macao, Chine : un petit point sur la carte avec des histoires assez longues pour remplir le journal d\u2019un empire.<\/strong><\/p>\n<p>Cette carte dessine le territoire avec d\u00e9licatesse, montrant comment la ville s\u2019\u00e9tend sur un ensemble de p\u00e9ninsules et d\u2019\u00eeles, reli\u00e9es par des ponts et, parfois, par une touche de bonne fortune. La terre a \u00e9t\u00e9 gagn\u00e9e sur la mer plus d\u2019une fois ici \u2014 Macao sait cr\u00e9er de l\u2019espace lorsque le besoin s\u2019en fait sentir. Le relief ondule discr\u00e8tement, avec de basses collines et de l\u00e9g\u00e8res \u00e9l\u00e9vations, rien de tapageur \u2014 c\u2019est un lieu \u00e0 la topographie subtile, o\u00f9 la terre ne crie pas, mais se souvient. La colline de Guia se dresse modestement, couronn\u00e9e par un phare qui veille depuis l\u2019\u00e9poque o\u00f9 les voiles des pirates \u00e9taient plus courantes que les n\u00e9ons. De l\u00e0, la ville descend vers des rues sinueuses, des places coloniales et des cours de temples, chaque recoin portant l\u2019empreinte de marchands, de moines et de joueurs. Des espaces verts apparaissent au c\u0153ur du paysage urbain dense \u2014 des jardins fa\u00e7onn\u00e9s avec patience et \u00e9quilibre, o\u00f9 les banians poussent comme de vieux conteurs. Le jardin Lou Lim Ieoc, avec ses all\u00e9es sinueuses et ses \u00e9tangs de lotus, ressemble \u00e0 un po\u00e8me \u00e9crit dans la pierre et l\u2019ombre. Bien s\u00fbr, vous reconna\u00eetrez les grands monuments. Les ruines de Saint-Paul se dressent toujours avec une fiert\u00e9 tranquille, une fa\u00e7ade de pierre qui a surv\u00e9cu au feu, au temps et \u00e0 d\u2019innombrables cartes postales. Non loin de l\u00e0, les casinos scintillent et bourdonnent, temples modernes de la fortune et du risque \u2014 peut-\u00eatre la seule ville o\u00f9 saints et machines \u00e0 sous cohabitent sans se plaindre. Cette carte capture une ville qui d\u00e9fie les \u00e9tiquettes faciles \u2014 en partie portugaise, en partie chinoise, et enti\u00e8rement elle-m\u00eame.<\/p>\n","protected":false},"excerpt":{"rendered":"<p>Obtenez une City Map \u2013 Carte de ville murale &#8211; imprim\u00e9e de la ville de Macao, Chine.<br \/>\nChoisissez ci-dessous la taille, la couleur et le design de votre carte !<\/p>\n","protected":false},"featured_media":17378,"template":"","meta":{"_uag_custom_page_level_css":"","_monsterinsights_skip_tracking":false,"_monsterinsights_sitenote_active":false,"_monsterinsights_sitenote_note":"","_monsterinsights_sitenote_category":0,"site-sidebar-layout":"default","site-content-layout":"","ast-site-content-layout":"default","site-content-style":"default","site-sidebar-style":"default","ast-global-header-display":"","ast-banner-title-visibility":"","ast-main-header-display":"","ast-hfb-above-header-display":"","ast-hfb-below-header-display":"","ast-hfb-mobile-header-display":"","site-post-title":"","ast-breadcrumbs-content":"","ast-featured-img":"","footer-sml-layout":"","ast-disable-related-posts":"","theme-transparent-header-meta":"default","adv-header-id-meta":"","stick-header-meta":"","header-above-stick-meta":"","header-main-stick-meta":"","header-below-stick-meta":"","astra-migrate-meta-layouts":"set","ast-page-background-enabled":"default","ast-page-background-meta":{"desktop":{"background-color":"","background-image":"","background-repeat":"repeat","background-position":"center center","background-size":"auto","background-attachment":"scroll","background-type":"","background-media":"","overlay-type":"","overlay-color":"","overlay-opacity":"","overlay-gradient":""},"tablet":{"background-color":"","background-image":"","background-repeat":"repeat","background-position":"center center","background-size":"auto","background-attachment":"scroll","background-type":"","background-media":"","overlay-type":"","overlay-color":"","overlay-opacity":"","overlay-gradient":""},"mobile":{"background-color":"","background-image":"","background-repeat":"repeat","background-position":"center center","background-size":"auto","background-attachment":"scroll","background-type":"","background-media":"","overlay-type":"","overlay-color":"","overlay-opacity":"","overlay-gradient":""}},"ast-content-background-meta":{"desktop":{"background-color":"var(--ast-global-color-5)","background-image":"","background-repeat":"repeat","background-position":"center center","background-size":"auto","background-attachment":"scroll","background-type":"","background-media":"","overlay-type":"","overlay-color":"","overlay-opacity":"","overlay-gradient":""},"tablet":{"background-color":"var(--ast-global-color-5)","background-image":"","background-repeat":"repeat","background-position":"center center","background-size":"auto","background-attachment":"scroll","background-type":"","background-media":"","overlay-type":"","overlay-color":"","overlay-opacity":"","overlay-gradient":""},"mobile":{"background-color":"var(--ast-global-color-5)","background-image":"","background-repeat":"repeat","background-position":"center center","background-size":"auto","background-attachment":"scroll","background-type":"","background-media":"","overlay-type":"","overlay-color":"","overlay-opacity":"","overlay-gradient":""}}},"product_brand":[],"product_cat":[18],"product_tag":[726],"class_list":{"0":"post-17126","1":"product","2":"type-product","3":"status-publish","4":"has-post-thumbnail","6":"product_cat-city-maps","7":"product_tag-30x40-40x50-50x70-asia-canvas-china-city-map-macao-macau","8":"desktop-align-left","9":"tablet-align-left","10":"mobile-align-left","12":"first","13":"instock","14":"shipping-taxable","15":"purchasable","16":"product-type-variable"},"aioseo_notices":[],"uagb_featured_image_src":{"full":["https:\/\/mapospheres.eu\/wp-content\/uploads\/2026\/03\/CANVAS_1_BW_MACAO.jpg",1000,1000,false],"thumbnail":["https:\/\/mapospheres.eu\/wp-content\/uploads\/2026\/03\/CANVAS_1_BW_MACAO-150x150.jpg",150,150,true],"medium":["https:\/\/mapospheres.eu\/wp-content\/uploads\/2026\/03\/CANVAS_1_BW_MACAO-300x300.jpg",300,300,true],"medium_large":["https:\/\/mapospheres.eu\/wp-content\/uploads\/2026\/03\/CANVAS_1_BW_MACAO-768x768.jpg",768,768,true],"large":["https:\/\/mapospheres.eu\/wp-content\/uploads\/2026\/03\/CANVAS_1_BW_MACAO.jpg",1000,1000,false],"1536x1536":["https:\/\/mapospheres.eu\/wp-content\/uploads\/2026\/03\/CANVAS_1_BW_MACAO.jpg",1000,1000,false],"2048x2048":["https:\/\/mapospheres.eu\/wp-content\/uploads\/2026\/03\/CANVAS_1_BW_MACAO.jpg",1000,1000,false],"woocommerce_thumbnail":["https:\/\/mapospheres.eu\/wp-content\/uploads\/2026\/03\/CANVAS_1_BW_MACAO-300x300.jpg",300,300,true],"woocommerce_single":["https:\/\/mapospheres.eu\/wp-content\/uploads\/2026\/03\/CANVAS_1_BW_MACAO-600x600.jpg",600,600,true],"woocommerce_gallery_thumbnail":["https:\/\/mapospheres.eu\/wp-content\/uploads\/2026\/03\/CANVAS_1_BW_MACAO-100x100.jpg",100,100,true]},"uagb_author_info":{"display_name":"sgainot04@gmail.com","author_link":"https:\/\/mapospheres.eu\/fr\/author\/"},"uagb_comment_info":0,"uagb_excerpt":"Obtenez une City Map \u2013 Carte de ville murale - imprim\u00e9e de la ville de Macao, Chine. Choisissez ci-dessous la taille, la couleur et le design de votre carte !","_links":{"self":[{"href":"https:\/\/mapospheres.eu\/fr\/wp-json\/wp\/v2\/product\/17126","targetHints":{"allow":["GET"]}}],"collection":[{"href":"https:\/\/mapospheres.eu\/fr\/wp-json\/wp\/v2\/product"}],"about":[{"href":"https:\/\/mapospheres.eu\/fr\/wp-json\/wp\/v2\/types\/product"}],"wp:featuredmedia":[{"embeddable":true,"href":"https:\/\/mapospheres.eu\/fr\/wp-json\/wp\/v2\/media\/17378"}],"wp:attachment":[{"href":"https:\/\/mapospheres.eu\/fr\/wp-json\/wp\/v2\/media?parent=17126"}],"wp:term":[{"taxonomy":"product_brand","embeddable":true,"href":"https:\/\/mapospheres.eu\/fr\/wp-json\/wp\/v2\/product_brand?post=17126"},{"taxonomy":"product_cat","embeddable":true,"href":"https:\/\/mapospheres.eu\/fr\/wp-json\/wp\/v2\/product_cat?post=17126"},{"taxonomy":"product_tag","embeddable":true,"href":"https:\/\/mapospheres.eu\/fr\/wp-json\/wp\/v2\/product_tag?post=17126"}],"curies":[{"name":"wp","href":"https:\/\/api.w.org\/{rel}","templated":true}]}}