{"id":17127,"date":"2026-03-02T13:30:38","date_gmt":"2026-03-02T13:30:38","guid":{"rendered":"https:\/\/mapospheres.eu\/product\/poster-of-hong-kong-china\/"},"modified":"2026-03-02T14:41:38","modified_gmt":"2026-03-02T14:41:38","slug":"poster-of-hong-kong-china","status":"publish","type":"product","link":"https:\/\/mapospheres.eu\/fr\/product\/poster-de-hong-kong-chine\/","title":{"rendered":"Poster de Hong Kong | Chine"},"content":{"rendered":"<p><strong>Poster City map de Hong Kong, Chine : Victoria Peak, tel un gardien silencieux, veille sur la carte depuis les hauteurs. Autrefois gravi en chaise \u00e0 porteurs, aujourd\u2019hui accessible en tramway, il offre toujours la m\u00eame r\u00e9compense ancestrale \u2014 une vue qui s\u2019\u00e9tend sur Victoria Harbour et jusque dans les r\u00e9cits d\u2019un millier de navires.<\/strong><\/p>\n<p>Voici Hong Kong, dessin\u00e9e non seulement comme une ville, mais comme une \u00eele de merveilles, de montagnes et de mythes \u2014 sans oublier, \u00e0 l\u2019occasion, un centre commercial. Cette carte d\u00e9voile toute la dramaturgie du paysage : une \u00e9treinte serr\u00e9e entre la mer et la pierre, o\u00f9 les tours de verre c\u00f4toient des collines couvertes de jungle et o\u00f9 les rues montent presque autant qu\u2019elles avancent. Le port lui-m\u00eame tranche la carte en deux, large art\u00e8re vivante o\u00f9 voguaient autrefois des dragons (du moins, selon la l\u00e9gende), aujourd\u2019hui sillonn\u00e9e par des ferries qui ne dorment jamais. Le relief raconte sa propre histoire, sculpt\u00e9 de cr\u00eates et ombr\u00e9 de for\u00eats. Ce n\u2019est pas une ville plate \u2014 elle grimpe, elle se replie, elle se dissimule. Des ceintures vertes serpentent \u00e0 travers la skyline dense, de Dragon\u2019s Back aux coins paisibles des parcs de Kowloon, rappelant \u00e0 chacun que la nature ici ne s\u2019est pas effac\u00e9e sans r\u00e9sistance. M\u00eame les gratte-ciel semblent laisser de la place \u00e0 quelques arbres. Et lorsque l\u2019\u0153il s\u2019habitue enfin au rythme vertical, des \u00eeles se dispersent dans les mers du sud comme des pierres ricochant \u00e0 la surface de l\u2019eau. Chacune poss\u00e8de sa l\u00e9gende, son sentier, son petit temple ou son r\u00e9cit de p\u00eache. Accrochez cette carte, et vous invitez sur votre mur un lieu \u00e0 la fois port, montagne et myst\u00e8re. Hong Kong ne tient jamais en place dans la r\u00e9alit\u00e9 \u2014 mais ici, au moins, elle est saisie dans l\u2019instant o\u00f9 elle se r\u00e9v\u00e8le extraordinaire.<\/p>\n","protected":false},"excerpt":{"rendered":"<p>Obtenez une City Map \u2013 Carte de ville murale &#8211; imprim\u00e9e de la ville de Hong Kong, Chine.<br \/>\nChoisissez ci-dessous la taille, la couleur et le design de votre carte !<\/p>\n","protected":false},"featured_media":17172,"template":"","meta":{"_uag_custom_page_level_css":"","_monsterinsights_skip_tracking":false,"_monsterinsights_sitenote_active":false,"_monsterinsights_sitenote_note":"","_monsterinsights_sitenote_category":0,"site-sidebar-layout":"default","site-content-layout":"","ast-site-content-layout":"default","site-content-style":"default","site-sidebar-style":"default","ast-global-header-display":"","ast-banner-title-visibility":"","ast-main-header-display":"","ast-hfb-above-header-display":"","ast-hfb-below-header-display":"","ast-hfb-mobile-header-display":"","site-post-title":"","ast-breadcrumbs-content":"","ast-featured-img":"","footer-sml-layout":"","ast-disable-related-posts":"","theme-transparent-header-meta":"default","adv-header-id-meta":"","stick-header-meta":"","header-above-stick-meta":"","header-main-stick-meta":"","header-below-stick-meta":"","astra-migrate-meta-layouts":"set","ast-page-background-enabled":"default","ast-page-background-meta":{"desktop":{"background-color":"","background-image":"","background-repeat":"repeat","background-position":"center center","background-size":"auto","background-attachment":"scroll","background-type":"","background-media":"","overlay-type":"","overlay-color":"","overlay-opacity":"","overlay-gradient":""},"tablet":{"background-color":"","background-image":"","background-repeat":"repeat","background-position":"center center","background-size":"auto","background-attachment":"scroll","background-type":"","background-media":"","overlay-type":"","overlay-color":"","overlay-opacity":"","overlay-gradient":""},"mobile":{"background-color":"","background-image":"","background-repeat":"repeat","background-position":"center center","background-size":"auto","background-attachment":"scroll","background-type":"","background-media":"","overlay-type":"","overlay-color":"","overlay-opacity":"","overlay-gradient":""}},"ast-content-background-meta":{"desktop":{"background-color":"var(--ast-global-color-5)","background-image":"","background-repeat":"repeat","background-position":"center center","background-size":"auto","background-attachment":"scroll","background-type":"","background-media":"","overlay-type":"","overlay-color":"","overlay-opacity":"","overlay-gradient":""},"tablet":{"background-color":"var(--ast-global-color-5)","background-image":"","background-repeat":"repeat","background-position":"center center","background-size":"auto","background-attachment":"scroll","background-type":"","background-media":"","overlay-type":"","overlay-color":"","overlay-opacity":"","overlay-gradient":""},"mobile":{"background-color":"var(--ast-global-color-5)","background-image":"","background-repeat":"repeat","background-position":"center center","background-size":"auto","background-attachment":"scroll","background-type":"","background-media":"","overlay-type":"","overlay-color":"","overlay-opacity":"","overlay-gradient":""}}},"product_brand":[],"product_cat":[18,338],"product_tag":[34,35,36,226,39,661,40,673],"class_list":{"0":"post-17127","1":"product","2":"type-product","3":"status-publish","4":"has-post-thumbnail","6":"product_cat-city-maps","7":"product_cat-featured_eng","8":"product_tag-30x40","9":"product_tag-40x50","10":"product_tag-50x70","11":"product_tag-asia","12":"product_tag-canvas","13":"product_tag-china","14":"product_tag-city-map","15":"product_tag-hong-kong","16":"desktop-align-left","17":"tablet-align-left","18":"mobile-align-left","20":"first","21":"instock","22":"shipping-taxable","23":"purchasable","24":"product-type-variable"},"aioseo_notices":[],"uagb_featured_image_src":{"full":["https:\/\/mapospheres.eu\/wp-content\/uploads\/2026\/03\/CANVAS_3_NIGHT_HONGKONG.jpg",1000,1000,false],"thumbnail":["https:\/\/mapospheres.eu\/wp-content\/uploads\/2026\/03\/CANVAS_3_NIGHT_HONGKONG-150x150.jpg",150,150,true],"medium":["https:\/\/mapospheres.eu\/wp-content\/uploads\/2026\/03\/CANVAS_3_NIGHT_HONGKONG-300x300.jpg",300,300,true],"medium_large":["https:\/\/mapospheres.eu\/wp-content\/uploads\/2026\/03\/CANVAS_3_NIGHT_HONGKONG-768x768.jpg",768,768,true],"large":["https:\/\/mapospheres.eu\/wp-content\/uploads\/2026\/03\/CANVAS_3_NIGHT_HONGKONG.jpg",1000,1000,false],"1536x1536":["https:\/\/mapospheres.eu\/wp-content\/uploads\/2026\/03\/CANVAS_3_NIGHT_HONGKONG.jpg",1000,1000,false],"2048x2048":["https:\/\/mapospheres.eu\/wp-content\/uploads\/2026\/03\/CANVAS_3_NIGHT_HONGKONG.jpg",1000,1000,false],"woocommerce_thumbnail":["https:\/\/mapospheres.eu\/wp-content\/uploads\/2026\/03\/CANVAS_3_NIGHT_HONGKONG-300x300.jpg",300,300,true],"woocommerce_single":["https:\/\/mapospheres.eu\/wp-content\/uploads\/2026\/03\/CANVAS_3_NIGHT_HONGKONG-600x600.jpg",600,600,true],"woocommerce_gallery_thumbnail":["https:\/\/mapospheres.eu\/wp-content\/uploads\/2026\/03\/CANVAS_3_NIGHT_HONGKONG-100x100.jpg",100,100,true]},"uagb_author_info":{"display_name":"sgainot04@gmail.com","author_link":"https:\/\/mapospheres.eu\/fr\/author\/"},"uagb_comment_info":0,"uagb_excerpt":"Obtenez une City Map \u2013 Carte de ville murale - imprim\u00e9e de la ville de Hong Kong, Chine. Choisissez ci-dessous la taille, la couleur et le design de votre carte !","_links":{"self":[{"href":"https:\/\/mapospheres.eu\/fr\/wp-json\/wp\/v2\/product\/17127","targetHints":{"allow":["GET"]}}],"collection":[{"href":"https:\/\/mapospheres.eu\/fr\/wp-json\/wp\/v2\/product"}],"about":[{"href":"https:\/\/mapospheres.eu\/fr\/wp-json\/wp\/v2\/types\/product"}],"wp:featuredmedia":[{"embeddable":true,"href":"https:\/\/mapospheres.eu\/fr\/wp-json\/wp\/v2\/media\/17172"}],"wp:attachment":[{"href":"https:\/\/mapospheres.eu\/fr\/wp-json\/wp\/v2\/media?parent=17127"}],"wp:term":[{"taxonomy":"product_brand","embeddable":true,"href":"https:\/\/mapospheres.eu\/fr\/wp-json\/wp\/v2\/product_brand?post=17127"},{"taxonomy":"product_cat","embeddable":true,"href":"https:\/\/mapospheres.eu\/fr\/wp-json\/wp\/v2\/product_cat?post=17127"},{"taxonomy":"product_tag","embeddable":true,"href":"https:\/\/mapospheres.eu\/fr\/wp-json\/wp\/v2\/product_tag?post=17127"}],"curies":[{"name":"wp","href":"https:\/\/api.w.org\/{rel}","templated":true}]}}