{"id":17128,"date":"2026-03-02T13:30:42","date_gmt":"2026-03-02T13:30:42","guid":{"rendered":"https:\/\/mapospheres.eu\/product\/poster-of-rio-de-janeiro-brazil\/"},"modified":"2026-03-02T14:55:43","modified_gmt":"2026-03-02T14:55:43","slug":"poster-of-rio-de-janeiro-brazil","status":"publish","type":"product","link":"https:\/\/mapospheres.eu\/fr\/product\/poster-de-rio-de-janeiro-bresil\/","title":{"rendered":"Poster de Rio de Janeiro | Br\u00e9sil"},"content":{"rendered":"<p><strong>Poster City map de Rio de Janeiro, Br\u00e9sil : cette carte est plus qu\u2019une d\u00e9coration \u2014 c\u2019est le portrait d\u2019une ville prise entre for\u00eat et oc\u00e9an, dessin\u00e9e avec soin pour r\u00e9v\u00e9ler ses courbes, ses falaises et ses charmes.<\/strong><\/p>\n<p>Voici la ville de Rio de Janeiro, o\u00f9 les montagnes se penchent vers la mer et o\u00f9 les histoires grimpent plus haut que les gratte-ciel. Au c\u0153ur de la composition s\u2019\u00e9l\u00e8ve l\u2019inimitable Pain de Sucre, un monolithe de granit \u00e0 la silhouette si affirm\u00e9e que les premiers marins l\u2019auraient pris pour un immense pain de sucre \u2014 ainsi naissent les l\u00e9gendes. \u00c0 l\u2019ouest, le c\u00e9l\u00e8bre pic du Corcovado \u00e9l\u00e8ve le Christ R\u00e9dempteur au-dessus des nuages, les bras grands ouverts, non seulement en signe de bienvenue, mais peut-\u00eatre aussi d\u2019\u00e9merveillement devant la beaut\u00e9 qui s\u2019\u00e9tend en contrebas. Le relief ici n\u2019est pas un simple d\u00e9tail. Collines et vall\u00e9es s\u2019entrelacent entre les quartiers comme les fibres d\u2019un panier tress\u00e9, depuis les replis luxuriants de la for\u00eat de Tijuca \u2014 la plus grande for\u00eat urbaine du monde, rien de moins \u2014 jusqu\u2019aux eaux paisibles de la lagune Rodrigo de Freitas, pos\u00e9e tel un miroir au c\u0153ur de l\u2019effervescence. Les espaces verts ne se contentent pas d\u2019interrompre la ville ; ils la d\u00e9finissent. Les parcs s\u2019infiltrent \u00e0 flanc de colline, et les arbres grimpent le long des immeubles comme pour reconqu\u00e9rir le terrain. Les plages, bien s\u00fbr, attirent le regard \u2014 Copacabana et Ipanema s\u2019\u00e9tirent comme des rubans dor\u00e9s au bord de la carte, l\u00e0 o\u00f9 la terre s\u2019ach\u00e8ve et o\u00f9 la samba commence.<\/p>\n","protected":false},"excerpt":{"rendered":"<p>Obtenez une City Map \u2013 Carte de ville murale &#8211; imprim\u00e9e de la ville de Rio de Janeiro, Br\u00e9sil.<br \/>\nChoisissez ci-dessous la taille, la couleur et le design de votre carte !<\/p>\n","protected":false},"featured_media":17158,"template":"","meta":{"_uag_custom_page_level_css":"","_monsterinsights_skip_tracking":false,"_monsterinsights_sitenote_active":false,"_monsterinsights_sitenote_note":"","_monsterinsights_sitenote_category":0,"site-sidebar-layout":"default","site-content-layout":"","ast-site-content-layout":"default","site-content-style":"default","site-sidebar-style":"default","ast-global-header-display":"","ast-banner-title-visibility":"","ast-main-header-display":"","ast-hfb-above-header-display":"","ast-hfb-below-header-display":"","ast-hfb-mobile-header-display":"","site-post-title":"","ast-breadcrumbs-content":"","ast-featured-img":"","footer-sml-layout":"","ast-disable-related-posts":"","theme-transparent-header-meta":"default","adv-header-id-meta":"","stick-header-meta":"","header-above-stick-meta":"","header-main-stick-meta":"","header-below-stick-meta":"","astra-migrate-meta-layouts":"set","ast-page-background-enabled":"default","ast-page-background-meta":{"desktop":{"background-color":"","background-image":"","background-repeat":"repeat","background-position":"center center","background-size":"auto","background-attachment":"scroll","background-type":"","background-media":"","overlay-type":"","overlay-color":"","overlay-opacity":"","overlay-gradient":""},"tablet":{"background-color":"","background-image":"","background-repeat":"repeat","background-position":"center center","background-size":"auto","background-attachment":"scroll","background-type":"","background-media":"","overlay-type":"","overlay-color":"","overlay-opacity":"","overlay-gradient":""},"mobile":{"background-color":"","background-image":"","background-repeat":"repeat","background-position":"center center","background-size":"auto","background-attachment":"scroll","background-type":"","background-media":"","overlay-type":"","overlay-color":"","overlay-opacity":"","overlay-gradient":""}},"ast-content-background-meta":{"desktop":{"background-color":"var(--ast-global-color-5)","background-image":"","background-repeat":"repeat","background-position":"center center","background-size":"auto","background-attachment":"scroll","background-type":"","background-media":"","overlay-type":"","overlay-color":"","overlay-opacity":"","overlay-gradient":""},"tablet":{"background-color":"var(--ast-global-color-5)","background-image":"","background-repeat":"repeat","background-position":"center center","background-size":"auto","background-attachment":"scroll","background-type":"","background-media":"","overlay-type":"","overlay-color":"","overlay-opacity":"","overlay-gradient":""},"mobile":{"background-color":"var(--ast-global-color-5)","background-image":"","background-repeat":"repeat","background-position":"center center","background-size":"auto","background-attachment":"scroll","background-type":"","background-media":"","overlay-type":"","overlay-color":"","overlay-opacity":"","overlay-gradient":""}}},"product_brand":[],"product_cat":[18,338],"product_tag":[34,35,36,332,39,40,752,672,42],"class_list":{"0":"post-17128","1":"product","2":"type-product","3":"status-publish","4":"has-post-thumbnail","6":"product_cat-city-maps","7":"product_cat-featured_eng","8":"product_tag-30x40","9":"product_tag-40x50","10":"product_tag-50x70","11":"product_tag-brazil","12":"product_tag-canvas","13":"product_tag-city-map","14":"product_tag-rio","15":"product_tag-rio-de-janeiro","16":"product_tag-south-america","17":"desktop-align-left","18":"tablet-align-left","19":"mobile-align-left","21":"first","22":"instock","23":"shipping-taxable","24":"purchasable","25":"product-type-variable"},"aioseo_notices":[],"uagb_featured_image_src":{"full":["https:\/\/mapospheres.eu\/wp-content\/uploads\/2026\/03\/CANVAS_3_BW_RIOJANEIRO.jpg",1000,1000,false],"thumbnail":["https:\/\/mapospheres.eu\/wp-content\/uploads\/2026\/03\/CANVAS_3_BW_RIOJANEIRO-150x150.jpg",150,150,true],"medium":["https:\/\/mapospheres.eu\/wp-content\/uploads\/2026\/03\/CANVAS_3_BW_RIOJANEIRO-300x300.jpg",300,300,true],"medium_large":["https:\/\/mapospheres.eu\/wp-content\/uploads\/2026\/03\/CANVAS_3_BW_RIOJANEIRO-768x768.jpg",768,768,true],"large":["https:\/\/mapospheres.eu\/wp-content\/uploads\/2026\/03\/CANVAS_3_BW_RIOJANEIRO.jpg",1000,1000,false],"1536x1536":["https:\/\/mapospheres.eu\/wp-content\/uploads\/2026\/03\/CANVAS_3_BW_RIOJANEIRO.jpg",1000,1000,false],"2048x2048":["https:\/\/mapospheres.eu\/wp-content\/uploads\/2026\/03\/CANVAS_3_BW_RIOJANEIRO.jpg",1000,1000,false],"woocommerce_thumbnail":["https:\/\/mapospheres.eu\/wp-content\/uploads\/2026\/03\/CANVAS_3_BW_RIOJANEIRO-300x300.jpg",300,300,true],"woocommerce_single":["https:\/\/mapospheres.eu\/wp-content\/uploads\/2026\/03\/CANVAS_3_BW_RIOJANEIRO-600x600.jpg",600,600,true],"woocommerce_gallery_thumbnail":["https:\/\/mapospheres.eu\/wp-content\/uploads\/2026\/03\/CANVAS_3_BW_RIOJANEIRO-100x100.jpg",100,100,true]},"uagb_author_info":{"display_name":"sgainot04@gmail.com","author_link":"https:\/\/mapospheres.eu\/fr\/author\/"},"uagb_comment_info":0,"uagb_excerpt":"Obtenez une City Map \u2013 Carte de ville murale - imprim\u00e9e de la ville de Rio de Janeiro, Br\u00e9sil. Choisissez ci-dessous la taille, la couleur et le design de votre carte !","_links":{"self":[{"href":"https:\/\/mapospheres.eu\/fr\/wp-json\/wp\/v2\/product\/17128","targetHints":{"allow":["GET"]}}],"collection":[{"href":"https:\/\/mapospheres.eu\/fr\/wp-json\/wp\/v2\/product"}],"about":[{"href":"https:\/\/mapospheres.eu\/fr\/wp-json\/wp\/v2\/types\/product"}],"wp:featuredmedia":[{"embeddable":true,"href":"https:\/\/mapospheres.eu\/fr\/wp-json\/wp\/v2\/media\/17158"}],"wp:attachment":[{"href":"https:\/\/mapospheres.eu\/fr\/wp-json\/wp\/v2\/media?parent=17128"}],"wp:term":[{"taxonomy":"product_brand","embeddable":true,"href":"https:\/\/mapospheres.eu\/fr\/wp-json\/wp\/v2\/product_brand?post=17128"},{"taxonomy":"product_cat","embeddable":true,"href":"https:\/\/mapospheres.eu\/fr\/wp-json\/wp\/v2\/product_cat?post=17128"},{"taxonomy":"product_tag","embeddable":true,"href":"https:\/\/mapospheres.eu\/fr\/wp-json\/wp\/v2\/product_tag?post=17128"}],"curies":[{"name":"wp","href":"https:\/\/api.w.org\/{rel}","templated":true}]}}