{"id":17129,"date":"2026-03-02T13:30:46","date_gmt":"2026-03-02T13:30:46","guid":{"rendered":"https:\/\/mapospheres.eu\/product\/poster-of-sao-paulo-brazil\/"},"modified":"2026-03-02T14:42:08","modified_gmt":"2026-03-02T14:42:08","slug":"poster-of-sao-paulo-brazil","status":"publish","type":"product","link":"https:\/\/mapospheres.eu\/fr\/product\/poster-de-sao-paulo-bresil\/","title":{"rendered":"Poster de S\u00e3o Paulo | Br\u00e9sil "},"content":{"rendered":"<p><strong>Poster City map de S\u00e3o Paulo, Br\u00e9sil : elle ne se contente pas de reposer sur la terre, elle s\u2019y \u00e9tend, comme une ville press\u00e9e qui aurait oubli\u00e9 de cesser de grandir.<\/strong><\/p>\n<p>Cette carte murale capture le vaste relief de la plus grande m\u00e9tropole du Br\u00e9sil, construite sur de douces collines et des plateaux qui ondulent comme des vagues silencieuses sous le poids de la ville. En y regardant de plus pr\u00e8s, la carte r\u00e9v\u00e8le comment la terre respire encore sous le d\u00e9dale infini des rues \u2014 des rivi\u00e8res serpentant dans les vall\u00e9es, des parcs nich\u00e9s l\u00e0 o\u00f9 la nature a tenu bon, et les hauteurs qui donnent \u00e0 S\u00e3o Paulo sa forme et son altitude caract\u00e9ristiques. Vue d\u2019en haut, la ville se d\u00e9ploie avec un certain rythme, parfois interrompu par des refuges de verdure comme le parc d\u2019Ibirapuera \u2014 o\u00f9 joggeurs, mus\u00e9es et r\u00eaves modernistes trouvent leur place \u2014 ou la for\u00eat de Cantareira au nord, un fragment de for\u00eat atlantique qui insiste pour rester sauvage malgr\u00e9 la circulation. On raconte que les J\u00e9suites ont fond\u00e9 la colonie originelle ici pour son altitude, peut-\u00eatre pour se rapprocher du ciel ou simplement pour \u00e9viter les inondations \u2014 difficile \u00e0 dire lorsqu\u2019il s\u2019agit de pr\u00eatres et d\u2019urbanistes. L\u2019avenue Paulista traverse la carte avec l\u2019assurance d\u2019une capitale financi\u00e8re, tandis que le vaste campus universitaire au bord de la rivi\u00e8re abrite des si\u00e8cles de r\u00e9flexion et, \u00e0 l\u2019occasion, quelques manifestations \u00e9tudiantes.<\/p>\n","protected":false},"excerpt":{"rendered":"<p>Obtenez une City Map \u2013 Carte de ville murale &#8211; imprim\u00e9e de la ville de S\u00e3o Paulo, Br\u00e9sil.<br \/>\nChoisissez ci-dessous la taille, la couleur et le design de votre carte !<\/p>\n","protected":false},"featured_media":17147,"template":"","meta":{"_uag_custom_page_level_css":"","_monsterinsights_skip_tracking":false,"_monsterinsights_sitenote_active":false,"_monsterinsights_sitenote_note":"","_monsterinsights_sitenote_category":0,"site-sidebar-layout":"default","site-content-layout":"","ast-site-content-layout":"default","site-content-style":"default","site-sidebar-style":"default","ast-global-header-display":"","ast-banner-title-visibility":"","ast-main-header-display":"","ast-hfb-above-header-display":"","ast-hfb-below-header-display":"","ast-hfb-mobile-header-display":"","site-post-title":"","ast-breadcrumbs-content":"","ast-featured-img":"","footer-sml-layout":"","ast-disable-related-posts":"","theme-transparent-header-meta":"default","adv-header-id-meta":"","stick-header-meta":"","header-above-stick-meta":"","header-main-stick-meta":"","header-below-stick-meta":"","astra-migrate-meta-layouts":"set","ast-page-background-enabled":"default","ast-page-background-meta":{"desktop":{"background-color":"","background-image":"","background-repeat":"repeat","background-position":"center center","background-size":"auto","background-attachment":"scroll","background-type":"","background-media":"","overlay-type":"","overlay-color":"","overlay-opacity":"","overlay-gradient":""},"tablet":{"background-color":"","background-image":"","background-repeat":"repeat","background-position":"center center","background-size":"auto","background-attachment":"scroll","background-type":"","background-media":"","overlay-type":"","overlay-color":"","overlay-opacity":"","overlay-gradient":""},"mobile":{"background-color":"","background-image":"","background-repeat":"repeat","background-position":"center center","background-size":"auto","background-attachment":"scroll","background-type":"","background-media":"","overlay-type":"","overlay-color":"","overlay-opacity":"","overlay-gradient":""}},"ast-content-background-meta":{"desktop":{"background-color":"var(--ast-global-color-5)","background-image":"","background-repeat":"repeat","background-position":"center center","background-size":"auto","background-attachment":"scroll","background-type":"","background-media":"","overlay-type":"","overlay-color":"","overlay-opacity":"","overlay-gradient":""},"tablet":{"background-color":"var(--ast-global-color-5)","background-image":"","background-repeat":"repeat","background-position":"center center","background-size":"auto","background-attachment":"scroll","background-type":"","background-media":"","overlay-type":"","overlay-color":"","overlay-opacity":"","overlay-gradient":""},"mobile":{"background-color":"var(--ast-global-color-5)","background-image":"","background-repeat":"repeat","background-position":"center center","background-size":"auto","background-attachment":"scroll","background-type":"","background-media":"","overlay-type":"","overlay-color":"","overlay-opacity":"","overlay-gradient":""}}},"product_brand":[],"product_cat":[18],"product_tag":[34,35,36,332,39,40,751,42],"class_list":{"0":"post-17129","1":"product","2":"type-product","3":"status-publish","4":"has-post-thumbnail","6":"product_cat-city-maps","7":"product_tag-30x40","8":"product_tag-40x50","9":"product_tag-50x70","10":"product_tag-brazil","11":"product_tag-canvas","12":"product_tag-city-map","13":"product_tag-sao-paulo","14":"product_tag-south-america","15":"desktop-align-left","16":"tablet-align-left","17":"mobile-align-left","19":"first","20":"instock","21":"shipping-taxable","22":"purchasable","23":"product-type-variable"},"aioseo_notices":[],"uagb_featured_image_src":{"full":["https:\/\/mapospheres.eu\/wp-content\/uploads\/2026\/03\/CANVAS_2_BWROUND_SAOPAULO.jpg",1000,1000,false],"thumbnail":["https:\/\/mapospheres.eu\/wp-content\/uploads\/2026\/03\/CANVAS_2_BWROUND_SAOPAULO-150x150.jpg",150,150,true],"medium":["https:\/\/mapospheres.eu\/wp-content\/uploads\/2026\/03\/CANVAS_2_BWROUND_SAOPAULO-300x300.jpg",300,300,true],"medium_large":["https:\/\/mapospheres.eu\/wp-content\/uploads\/2026\/03\/CANVAS_2_BWROUND_SAOPAULO-768x768.jpg",768,768,true],"large":["https:\/\/mapospheres.eu\/wp-content\/uploads\/2026\/03\/CANVAS_2_BWROUND_SAOPAULO.jpg",1000,1000,false],"1536x1536":["https:\/\/mapospheres.eu\/wp-content\/uploads\/2026\/03\/CANVAS_2_BWROUND_SAOPAULO.jpg",1000,1000,false],"2048x2048":["https:\/\/mapospheres.eu\/wp-content\/uploads\/2026\/03\/CANVAS_2_BWROUND_SAOPAULO.jpg",1000,1000,false],"woocommerce_thumbnail":["https:\/\/mapospheres.eu\/wp-content\/uploads\/2026\/03\/CANVAS_2_BWROUND_SAOPAULO-300x300.jpg",300,300,true],"woocommerce_single":["https:\/\/mapospheres.eu\/wp-content\/uploads\/2026\/03\/CANVAS_2_BWROUND_SAOPAULO-600x600.jpg",600,600,true],"woocommerce_gallery_thumbnail":["https:\/\/mapospheres.eu\/wp-content\/uploads\/2026\/03\/CANVAS_2_BWROUND_SAOPAULO-100x100.jpg",100,100,true]},"uagb_author_info":{"display_name":"sgainot04@gmail.com","author_link":"https:\/\/mapospheres.eu\/fr\/author\/"},"uagb_comment_info":0,"uagb_excerpt":"Obtenez une City Map \u2013 Carte de ville murale - imprim\u00e9e de la ville de S\u00e3o Paulo, Br\u00e9sil. Choisissez ci-dessous la taille, la couleur et le design de votre carte !","_links":{"self":[{"href":"https:\/\/mapospheres.eu\/fr\/wp-json\/wp\/v2\/product\/17129","targetHints":{"allow":["GET"]}}],"collection":[{"href":"https:\/\/mapospheres.eu\/fr\/wp-json\/wp\/v2\/product"}],"about":[{"href":"https:\/\/mapospheres.eu\/fr\/wp-json\/wp\/v2\/types\/product"}],"wp:featuredmedia":[{"embeddable":true,"href":"https:\/\/mapospheres.eu\/fr\/wp-json\/wp\/v2\/media\/17147"}],"wp:attachment":[{"href":"https:\/\/mapospheres.eu\/fr\/wp-json\/wp\/v2\/media?parent=17129"}],"wp:term":[{"taxonomy":"product_brand","embeddable":true,"href":"https:\/\/mapospheres.eu\/fr\/wp-json\/wp\/v2\/product_brand?post=17129"},{"taxonomy":"product_cat","embeddable":true,"href":"https:\/\/mapospheres.eu\/fr\/wp-json\/wp\/v2\/product_cat?post=17129"},{"taxonomy":"product_tag","embeddable":true,"href":"https:\/\/mapospheres.eu\/fr\/wp-json\/wp\/v2\/product_tag?post=17129"}],"curies":[{"name":"wp","href":"https:\/\/api.w.org\/{rel}","templated":true}]}}