{"id":17130,"date":"2026-03-02T13:30:50","date_gmt":"2026-03-02T13:30:50","guid":{"rendered":"https:\/\/mapospheres.eu\/product\/poster-of-buenos-aires-argentina\/"},"modified":"2026-03-02T14:55:36","modified_gmt":"2026-03-02T14:55:36","slug":"poster-of-buenos-aires-argentina","status":"publish","type":"product","link":"https:\/\/mapospheres.eu\/fr\/product\/poster-de-buenos-aires-argentine\/","title":{"rendered":"Poster de Buenos Aires | Argentine"},"content":{"rendered":"<p><strong>Poster City map de Buenos Aires, Argentine : une ville qui repose au bord du vaste R\u00edo de la Plata comme quelqu\u2019un qui s\u2019est assis un instant et n\u2019est jamais reparti.<\/strong><\/p>\n<p>Cette carte murale capture la g\u00e9ographie vaste et plate de Buenos Aires avec un charme discret \u2014 pas de collines \u00e0 gravir, mais une multitude d\u2019histoires superpos\u00e9es dans le paysage. Contrairement aux villes qui s\u2019\u00e9l\u00e8vent et descendent au rythme des montagnes, Buenos Aires s\u2019\u00e9tend avec assurance, cousue ensemble par de larges boulevards, d\u2019anciennes voies ferr\u00e9es et le murmure occasionnel du tango venu d\u2019un pass\u00e9 qui refuse de rester immobile. La carte r\u00e9v\u00e8le les nombreux poumons verts de la ville, comme les majestueux Bosques de Palermo, o\u00f9 lacs et jardins d\u00e9rivent \u00e0 travers le quadrillage urbain comme un r\u00eave \u00e9veill\u00e9. Plus au sud, le Parque Lezama s\u2019inscrit dans la l\u00e9gende \u2014 on raconte que c\u2019est peut-\u00eatre ici que Pedro de Mendoza a pos\u00e9 le pied pour la premi\u00e8re fois, bien que l\u2019histoire et le mythe aient tendance \u00e0 danser ensemble en ces lieux. Le trac\u00e9 de la ville, \u00e0 la fois ordonn\u00e9 et rebelle, refl\u00e8te son caract\u00e8re : europ\u00e9enne dans ses fondations, mais avec une \u00e2me qui bat au rythme de sa propre milonga. Des monuments comme l\u2019Ob\u00e9lisque s\u2019\u00e9l\u00e8vent sans ostentation au centre, tandis que l\u2019ancien port de La Boca d\u00e9verse ses couleurs vers le fleuve, comme si les b\u00e2timents eux-m\u00eames avaient d\u00e9cid\u00e9 de se parer pour un carnaval. M\u00eame le fleuve, qui ressemble davantage \u00e0 la mer lors d\u2019une belle journ\u00e9e, se courbe le long de la carte comme un rappel discret que Buenos Aires regarde toujours vers l\u2019ext\u00e9rieur, tout en racontant des histoires venues de l\u2019int\u00e9rieur.<\/p>\n","protected":false},"excerpt":{"rendered":"<p>Obtenez une City Map \u2013 Carte de ville murale &#8211; imprim\u00e9e de la ville de Buenos Aires, Argentine.<br \/>\nChoisissez ci-dessous la taille, la couleur et le design de votre carte !<\/p>\n","protected":false},"featured_media":17136,"template":"","meta":{"_uag_custom_page_level_css":"","_monsterinsights_skip_tracking":false,"_monsterinsights_sitenote_active":false,"_monsterinsights_sitenote_note":"","_monsterinsights_sitenote_category":0,"site-sidebar-layout":"default","site-content-layout":"","ast-site-content-layout":"default","site-content-style":"default","site-sidebar-style":"default","ast-global-header-display":"","ast-banner-title-visibility":"","ast-main-header-display":"","ast-hfb-above-header-display":"","ast-hfb-below-header-display":"","ast-hfb-mobile-header-display":"","site-post-title":"","ast-breadcrumbs-content":"","ast-featured-img":"","footer-sml-layout":"","ast-disable-related-posts":"","theme-transparent-header-meta":"default","adv-header-id-meta":"","stick-header-meta":"","header-above-stick-meta":"","header-main-stick-meta":"","header-below-stick-meta":"","astra-migrate-meta-layouts":"set","ast-page-background-enabled":"default","ast-page-background-meta":{"desktop":{"background-color":"","background-image":"","background-repeat":"repeat","background-position":"center center","background-size":"auto","background-attachment":"scroll","background-type":"","background-media":"","overlay-type":"","overlay-color":"","overlay-opacity":"","overlay-gradient":""},"tablet":{"background-color":"","background-image":"","background-repeat":"repeat","background-position":"center center","background-size":"auto","background-attachment":"scroll","background-type":"","background-media":"","overlay-type":"","overlay-color":"","overlay-opacity":"","overlay-gradient":""},"mobile":{"background-color":"","background-image":"","background-repeat":"repeat","background-position":"center center","background-size":"auto","background-attachment":"scroll","background-type":"","background-media":"","overlay-type":"","overlay-color":"","overlay-opacity":"","overlay-gradient":""}},"ast-content-background-meta":{"desktop":{"background-color":"var(--ast-global-color-5)","background-image":"","background-repeat":"repeat","background-position":"center center","background-size":"auto","background-attachment":"scroll","background-type":"","background-media":"","overlay-type":"","overlay-color":"","overlay-opacity":"","overlay-gradient":""},"tablet":{"background-color":"var(--ast-global-color-5)","background-image":"","background-repeat":"repeat","background-position":"center center","background-size":"auto","background-attachment":"scroll","background-type":"","background-media":"","overlay-type":"","overlay-color":"","overlay-opacity":"","overlay-gradient":""},"mobile":{"background-color":"var(--ast-global-color-5)","background-image":"","background-repeat":"repeat","background-position":"center center","background-size":"auto","background-attachment":"scroll","background-type":"","background-media":"","overlay-type":"","overlay-color":"","overlay-opacity":"","overlay-gradient":""}}},"product_brand":[],"product_cat":[18,465],"product_tag":[34,35,36,534,750,39,40,42],"class_list":{"0":"post-17130","1":"product","2":"type-product","3":"status-publish","4":"has-post-thumbnail","6":"product_cat-city-maps","7":"product_cat-featured_esp","8":"product_tag-30x40","9":"product_tag-40x50","10":"product_tag-50x70","11":"product_tag-argentina","12":"product_tag-buenos-aires","13":"product_tag-canvas","14":"product_tag-city-map","15":"product_tag-south-america","16":"desktop-align-left","17":"tablet-align-left","18":"mobile-align-left","20":"first","21":"instock","22":"shipping-taxable","23":"purchasable","24":"product-type-variable"},"aioseo_notices":[],"uagb_featured_image_src":{"full":["https:\/\/mapospheres.eu\/wp-content\/uploads\/2026\/03\/CANVAS_3_NIGHT_BUNEOSAIRES.jpg",1000,1000,false],"thumbnail":["https:\/\/mapospheres.eu\/wp-content\/uploads\/2026\/03\/CANVAS_3_NIGHT_BUNEOSAIRES-150x150.jpg",150,150,true],"medium":["https:\/\/mapospheres.eu\/wp-content\/uploads\/2026\/03\/CANVAS_3_NIGHT_BUNEOSAIRES-300x300.jpg",300,300,true],"medium_large":["https:\/\/mapospheres.eu\/wp-content\/uploads\/2026\/03\/CANVAS_3_NIGHT_BUNEOSAIRES-768x768.jpg",768,768,true],"large":["https:\/\/mapospheres.eu\/wp-content\/uploads\/2026\/03\/CANVAS_3_NIGHT_BUNEOSAIRES.jpg",1000,1000,false],"1536x1536":["https:\/\/mapospheres.eu\/wp-content\/uploads\/2026\/03\/CANVAS_3_NIGHT_BUNEOSAIRES.jpg",1000,1000,false],"2048x2048":["https:\/\/mapospheres.eu\/wp-content\/uploads\/2026\/03\/CANVAS_3_NIGHT_BUNEOSAIRES.jpg",1000,1000,false],"woocommerce_thumbnail":["https:\/\/mapospheres.eu\/wp-content\/uploads\/2026\/03\/CANVAS_3_NIGHT_BUNEOSAIRES-300x300.jpg",300,300,true],"woocommerce_single":["https:\/\/mapospheres.eu\/wp-content\/uploads\/2026\/03\/CANVAS_3_NIGHT_BUNEOSAIRES-600x600.jpg",600,600,true],"woocommerce_gallery_thumbnail":["https:\/\/mapospheres.eu\/wp-content\/uploads\/2026\/03\/CANVAS_3_NIGHT_BUNEOSAIRES-100x100.jpg",100,100,true]},"uagb_author_info":{"display_name":"sgainot04@gmail.com","author_link":"https:\/\/mapospheres.eu\/fr\/author\/"},"uagb_comment_info":0,"uagb_excerpt":"Obtenez une City Map \u2013 Carte de ville murale - imprim\u00e9e de la ville de Buenos Aires, Argentine. Choisissez ci-dessous la taille, la couleur et le design de votre carte !","_links":{"self":[{"href":"https:\/\/mapospheres.eu\/fr\/wp-json\/wp\/v2\/product\/17130","targetHints":{"allow":["GET"]}}],"collection":[{"href":"https:\/\/mapospheres.eu\/fr\/wp-json\/wp\/v2\/product"}],"about":[{"href":"https:\/\/mapospheres.eu\/fr\/wp-json\/wp\/v2\/types\/product"}],"wp:featuredmedia":[{"embeddable":true,"href":"https:\/\/mapospheres.eu\/fr\/wp-json\/wp\/v2\/media\/17136"}],"wp:attachment":[{"href":"https:\/\/mapospheres.eu\/fr\/wp-json\/wp\/v2\/media?parent=17130"}],"wp:term":[{"taxonomy":"product_brand","embeddable":true,"href":"https:\/\/mapospheres.eu\/fr\/wp-json\/wp\/v2\/product_brand?post=17130"},{"taxonomy":"product_cat","embeddable":true,"href":"https:\/\/mapospheres.eu\/fr\/wp-json\/wp\/v2\/product_cat?post=17130"},{"taxonomy":"product_tag","embeddable":true,"href":"https:\/\/mapospheres.eu\/fr\/wp-json\/wp\/v2\/product_tag?post=17130"}],"curies":[{"name":"wp","href":"https:\/\/api.w.org\/{rel}","templated":true}]}}