{"id":19305,"date":"2026-03-10T14:34:05","date_gmt":"2026-03-10T14:34:05","guid":{"rendered":"https:\/\/mapospheres.eu\/product\/poster-of-taranto-italy\/"},"modified":"2026-03-16T14:42:48","modified_gmt":"2026-03-16T14:42:48","slug":"poster-of-taranto-italy","status":"publish","type":"product","link":"https:\/\/mapospheres.eu\/fr\/product\/poster-de-tarante-italie\/","title":{"rendered":"Poster de Tarante | Italie"},"content":{"rendered":"<p><strong>Poster City map de Tarante, Italie: d\u00e9finie par ses deux magnifiques mers \u2014 le golfe de Taranto \u00e0 l\u2019ouest et la vaste mer Ionienne \u00e0 l\u2019est. On y trouve le c\u00e9l\u00e8bre Ponte Girevole, le pont pivotant embl\u00e9matique qui s\u00e9pare les deux mers et permet aux navires de p\u00e9n\u00e9trer au c\u0153ur de Taranto.<\/strong><\/p>\n<p>Voici la carte de Taranto, une ville o\u00f9 le pouls de l\u2019histoire bat en harmonie avec les rythmes tranquilles de la mer. Situ\u00e9e au talon de la botte italienne, sur la c\u00f4te ionienne, Taranto est un lieu o\u00f9 pass\u00e9 ancien et beaut\u00e9 naturelle se rencontrent de fa\u00e7on captivante. La carte suit habilement ces eaux, mettant en valeur la position remarquable de la ville sur la mince bande de terre entre le Mar Piccolo et le Mar Grande, deux grands ports qui ont servi de portes vers la M\u00e9diterran\u00e9e depuis l\u2019Antiquit\u00e9. La c\u00f4te s\u2019\u00e9tire, ponctu\u00e9e d\u2019\u00eeles, de criques et de plages de sable, toutes encadr\u00e9es par les eaux bleu \u00e9tincelantes qui ont valu \u00e0 Taranto sa r\u00e9putation de paradis des marins. Le terrain ici est riche en histoire \u2014 sous le sol fertile r\u00e9sonne l\u2019h\u00e9ritage grec de Taranto, alors appel\u00e9e Taras, puissante colonie fond\u00e9e par les Spartiates. Aujourd\u2019hui encore, la terre murmure les r\u00e9cits de ces temps anciens, tandis que la ville moderne prosp\u00e8re gr\u00e2ce \u00e0 son industrie maritime et sa culture vibrante. Le Parco Archeologico di Saturo offre une \u00e9chapp\u00e9e tranquille, tandis que l\u2019Orto Botanico, jardin botanique nich\u00e9 au c\u0153ur de la ville, propose un refuge serein avec sa diversit\u00e9 de plantes et ses chemins silencieux. Le majestueux ch\u00e2teau aragonais, dominant fi\u00e8rement l\u2019ancien port de la ville, occupe une place centrale sur la carte. Cette imposante forteresse, avec ses hautes tours et ses \u00e9paisses murailles de pierre, a veill\u00e9 sur Taranto pendant des si\u00e8cles, depuis l\u2019Empire byzantin jusqu\u2019\u00e0 son r\u00f4le strat\u00e9gique de port militaire. Non loin, la Cattedrale di San Cataldo, avec son style roman distinctif, s\u2019\u00e9l\u00e8ve au-dessus de la vieille ville \u2014 rappel vivant de l\u2019h\u00e9ritage religieux profond\u00e9ment enracin\u00e9 de Taranto.<\/p>\n","protected":false},"excerpt":{"rendered":"<p>Obtenez une City Map \u2013 Carte de ville murale &#8211; imprim\u00e9e de la ville de Tarante, Italie.<br \/>\nChoisissez ci-dessous la taille, la couleur et le design de votre carte !<\/p>\n","protected":false},"featured_media":21161,"template":"","meta":{"_uag_custom_page_level_css":"","_monsterinsights_skip_tracking":false,"_monsterinsights_sitenote_active":false,"_monsterinsights_sitenote_note":"","_monsterinsights_sitenote_category":0,"site-sidebar-layout":"default","site-content-layout":"","ast-site-content-layout":"default","site-content-style":"default","site-sidebar-style":"default","ast-global-header-display":"","ast-banner-title-visibility":"","ast-main-header-display":"","ast-hfb-above-header-display":"","ast-hfb-below-header-display":"","ast-hfb-mobile-header-display":"","site-post-title":"","ast-breadcrumbs-content":"","ast-featured-img":"","footer-sml-layout":"","ast-disable-related-posts":"","theme-transparent-header-meta":"default","adv-header-id-meta":"","stick-header-meta":"","header-above-stick-meta":"","header-main-stick-meta":"","header-below-stick-meta":"","astra-migrate-meta-layouts":"set","ast-page-background-enabled":"default","ast-page-background-meta":{"desktop":{"background-color":"","background-image":"","background-repeat":"repeat","background-position":"center center","background-size":"auto","background-attachment":"scroll","background-type":"","background-media":"","overlay-type":"","overlay-color":"","overlay-opacity":"","overlay-gradient":""},"tablet":{"background-color":"","background-image":"","background-repeat":"repeat","background-position":"center center","background-size":"auto","background-attachment":"scroll","background-type":"","background-media":"","overlay-type":"","overlay-color":"","overlay-opacity":"","overlay-gradient":""},"mobile":{"background-color":"","background-image":"","background-repeat":"repeat","background-position":"center center","background-size":"auto","background-attachment":"scroll","background-type":"","background-media":"","overlay-type":"","overlay-color":"","overlay-opacity":"","overlay-gradient":""}},"ast-content-background-meta":{"desktop":{"background-color":"var(--ast-global-color-5)","background-image":"","background-repeat":"repeat","background-position":"center center","background-size":"auto","background-attachment":"scroll","background-type":"","background-media":"","overlay-type":"","overlay-color":"","overlay-opacity":"","overlay-gradient":""},"tablet":{"background-color":"var(--ast-global-color-5)","background-image":"","background-repeat":"repeat","background-position":"center center","background-size":"auto","background-attachment":"scroll","background-type":"","background-media":"","overlay-type":"","overlay-color":"","overlay-opacity":"","overlay-gradient":""},"mobile":{"background-color":"var(--ast-global-color-5)","background-image":"","background-repeat":"repeat","background-position":"center center","background-size":"auto","background-attachment":"scroll","background-type":"","background-media":"","overlay-type":"","overlay-color":"","overlay-opacity":"","overlay-gradient":""}}},"product_brand":[],"product_cat":[18],"product_tag":[793],"class_list":{"0":"post-19305","1":"product","2":"type-product","3":"status-publish","4":"has-post-thumbnail","6":"product_cat-city-maps","7":"product_tag-30x40-40x50-50x70-70x100-canvas-city-map-europe-italia-italie-italy-taranto","8":"desktop-align-left","9":"tablet-align-left","10":"mobile-align-left","12":"first","13":"instock","14":"shipping-taxable","15":"purchasable","16":"product-type-variable"},"aioseo_notices":[],"uagb_featured_image_src":{"full":["https:\/\/mapospheres.eu\/wp-content\/uploads\/2026\/03\/Z27_BW_ROUND__TARANTO.jpg",1000,1000,false],"thumbnail":["https:\/\/mapospheres.eu\/wp-content\/uploads\/2026\/03\/Z27_BW_ROUND__TARANTO-150x150.jpg",150,150,true],"medium":["https:\/\/mapospheres.eu\/wp-content\/uploads\/2026\/03\/Z27_BW_ROUND__TARANTO-300x300.jpg",300,300,true],"medium_large":["https:\/\/mapospheres.eu\/wp-content\/uploads\/2026\/03\/Z27_BW_ROUND__TARANTO-768x768.jpg",768,768,true],"large":["https:\/\/mapospheres.eu\/wp-content\/uploads\/2026\/03\/Z27_BW_ROUND__TARANTO.jpg",1000,1000,false],"1536x1536":["https:\/\/mapospheres.eu\/wp-content\/uploads\/2026\/03\/Z27_BW_ROUND__TARANTO.jpg",1000,1000,false],"2048x2048":["https:\/\/mapospheres.eu\/wp-content\/uploads\/2026\/03\/Z27_BW_ROUND__TARANTO.jpg",1000,1000,false],"woocommerce_thumbnail":["https:\/\/mapospheres.eu\/wp-content\/uploads\/2026\/03\/Z27_BW_ROUND__TARANTO-300x300.jpg",300,300,true],"woocommerce_single":["https:\/\/mapospheres.eu\/wp-content\/uploads\/2026\/03\/Z27_BW_ROUND__TARANTO-600x600.jpg",600,600,true],"woocommerce_gallery_thumbnail":["https:\/\/mapospheres.eu\/wp-content\/uploads\/2026\/03\/Z27_BW_ROUND__TARANTO-100x100.jpg",100,100,true]},"uagb_author_info":{"display_name":"sgainot04@gmail.com","author_link":"https:\/\/mapospheres.eu\/fr\/author\/"},"uagb_comment_info":0,"uagb_excerpt":"Obtenez une City Map \u2013 Carte de ville murale - imprim\u00e9e de la ville de Tarante, Italie. Choisissez ci-dessous la taille, la couleur et le design de votre carte !","_links":{"self":[{"href":"https:\/\/mapospheres.eu\/fr\/wp-json\/wp\/v2\/product\/19305","targetHints":{"allow":["GET"]}}],"collection":[{"href":"https:\/\/mapospheres.eu\/fr\/wp-json\/wp\/v2\/product"}],"about":[{"href":"https:\/\/mapospheres.eu\/fr\/wp-json\/wp\/v2\/types\/product"}],"wp:featuredmedia":[{"embeddable":true,"href":"https:\/\/mapospheres.eu\/fr\/wp-json\/wp\/v2\/media\/21161"}],"wp:attachment":[{"href":"https:\/\/mapospheres.eu\/fr\/wp-json\/wp\/v2\/media?parent=19305"}],"wp:term":[{"taxonomy":"product_brand","embeddable":true,"href":"https:\/\/mapospheres.eu\/fr\/wp-json\/wp\/v2\/product_brand?post=19305"},{"taxonomy":"product_cat","embeddable":true,"href":"https:\/\/mapospheres.eu\/fr\/wp-json\/wp\/v2\/product_cat?post=19305"},{"taxonomy":"product_tag","embeddable":true,"href":"https:\/\/mapospheres.eu\/fr\/wp-json\/wp\/v2\/product_tag?post=19305"}],"curies":[{"name":"wp","href":"https:\/\/api.w.org\/{rel}","templated":true}]}}