{"id":19306,"date":"2026-03-10T14:34:10","date_gmt":"2026-03-10T14:34:10","guid":{"rendered":"https:\/\/mapospheres.eu\/product\/poster-of-trieste-italy\/"},"modified":"2026-03-16T14:43:05","modified_gmt":"2026-03-16T14:43:05","slug":"poster-of-trieste-italy","status":"publish","type":"product","link":"https:\/\/mapospheres.eu\/fr\/product\/poster-de-trieste-italie\/","title":{"rendered":"Poster de Trieste | Italie"},"content":{"rendered":"<p><strong>Poster City map de Trieste, Italie: un carrefour vivant de cultures italienne, slave, autrichienne et juive. La ville d\u00e9gage un myst\u00e8re discret qui se d\u00e9voile lentement, comme un bon roman.<\/strong><\/p>\n<p>Situ\u00e9e \u00e0 l\u2019extr\u00e9mit\u00e9 nord-est de l\u2019Italie, l\u00e0 o\u00f9 la M\u00e9diterran\u00e9e rencontre les Alpes, Trieste offre un contraste fascinant entre le charme c\u00f4tier et la grandeur alpine \u2014 un m\u00e9lange inspirant que cette carte fait vivre dans chaque d\u00e9tail. La g\u00e9ographie de Trieste est aussi dramatique que belle. La carte montre la ville \u00e0 la t\u00eate du golfe de Trieste, avec une c\u00f4te cisel\u00e9e de promontoires rocheux et de criques abrit\u00e9es, s\u2019ouvrant sur l\u2019\u00e9clatante mer Adriatique. Les falaises escarp\u00e9es et les collines ondulantes qui entourent la ville ajoutent une majest\u00e9 suppl\u00e9mentaire, tandis que le plateau du Karst, juste au nord, s\u2019\u00e9l\u00e8ve avec ses pentes abruptes parsem\u00e9es de grottes et de vignobles. La position \u00e9lev\u00e9e de la ville offre des panoramas \u00e0 couper le souffle, et la carte capture avec \u00e9l\u00e9gance la mani\u00e8re dont Trieste s\u2019\u00e9l\u00e8ve depuis la mer, donnant au territoire une impression \u00e0 la fois vaste et intime, comme si chaque recoin recelait une nouvelle d\u00e9couverte. Les luxuriants jardins en terrasses de la Villa Revoltella et l\u2019\u00e9tendue verdoyante et paisible du Parco di San Giovanni cr\u00e9ent un contraste rafra\u00eechissant avec les places anim\u00e9es et les rues historiques de la ville. \u00c0 proximit\u00e9, le parc de Miramare, entourant le ch\u00e2teau f\u00e9\u00e9rique du m\u00eame nom, est un autre point fort : ses chemins sinueux le long de la falaise offrent des vues spectaculaires sur la mer en contrebas, en faisant un lieu pris\u00e9 des habitants et des visiteurs en qu\u00eate de nature et d\u2019histoire m\u00eal\u00e9es. Historiquement, Trieste a toujours \u00e9t\u00e9 un carrefour, et la carte attire l\u2019attention sur des monuments refl\u00e9tant cette riche tapisserie. L\u2019imposante Piazza Unit\u00e0 d\u2019Italia, l\u2019une des plus grandes places d\u2019Europe face \u00e0 la mer, ancre le c\u0153ur de la ville. La grandeur n\u00e9oclassique des b\u00e2timents qui l\u2019entourent t\u00e9moigne du pass\u00e9 austro-hongrois de Trieste, \u00e9poque o\u00f9 la ville prosp\u00e9rait comme port et centre culturel. \u00c0 quelques pas, la cath\u00e9drale de San Giusto s\u2019\u00e9l\u00e8ve fi\u00e8rement sur la colline, ses mosa\u00efques anciennes et ses vues panoramiques rappelant aux visiteurs l\u2019histoire foisonnante de la cit\u00e9.<\/p>\n","protected":false},"excerpt":{"rendered":"<p>Obtenez une City Map \u2013 Carte de ville murale &#8211; imprim\u00e9e de la ville de Trieste, Italie.<br \/>\nChoisissez ci-dessous la taille, la couleur et le design de votre carte !<\/p>\n","protected":false},"featured_media":21134,"template":"","meta":{"_uag_custom_page_level_css":"","_monsterinsights_skip_tracking":false,"_monsterinsights_sitenote_active":false,"_monsterinsights_sitenote_note":"","_monsterinsights_sitenote_category":0,"site-sidebar-layout":"default","site-content-layout":"","ast-site-content-layout":"default","site-content-style":"default","site-sidebar-style":"default","ast-global-header-display":"","ast-banner-title-visibility":"","ast-main-header-display":"","ast-hfb-above-header-display":"","ast-hfb-below-header-display":"","ast-hfb-mobile-header-display":"","site-post-title":"","ast-breadcrumbs-content":"","ast-featured-img":"","footer-sml-layout":"","ast-disable-related-posts":"","theme-transparent-header-meta":"default","adv-header-id-meta":"","stick-header-meta":"","header-above-stick-meta":"","header-main-stick-meta":"","header-below-stick-meta":"","astra-migrate-meta-layouts":"set","ast-page-background-enabled":"default","ast-page-background-meta":{"desktop":{"background-color":"","background-image":"","background-repeat":"repeat","background-position":"center center","background-size":"auto","background-attachment":"scroll","background-type":"","background-media":"","overlay-type":"","overlay-color":"","overlay-opacity":"","overlay-gradient":""},"tablet":{"background-color":"","background-image":"","background-repeat":"repeat","background-position":"center center","background-size":"auto","background-attachment":"scroll","background-type":"","background-media":"","overlay-type":"","overlay-color":"","overlay-opacity":"","overlay-gradient":""},"mobile":{"background-color":"","background-image":"","background-repeat":"repeat","background-position":"center center","background-size":"auto","background-attachment":"scroll","background-type":"","background-media":"","overlay-type":"","overlay-color":"","overlay-opacity":"","overlay-gradient":""}},"ast-content-background-meta":{"desktop":{"background-color":"var(--ast-global-color-5)","background-image":"","background-repeat":"repeat","background-position":"center center","background-size":"auto","background-attachment":"scroll","background-type":"","background-media":"","overlay-type":"","overlay-color":"","overlay-opacity":"","overlay-gradient":""},"tablet":{"background-color":"var(--ast-global-color-5)","background-image":"","background-repeat":"repeat","background-position":"center center","background-size":"auto","background-attachment":"scroll","background-type":"","background-media":"","overlay-type":"","overlay-color":"","overlay-opacity":"","overlay-gradient":""},"mobile":{"background-color":"var(--ast-global-color-5)","background-image":"","background-repeat":"repeat","background-position":"center center","background-size":"auto","background-attachment":"scroll","background-type":"","background-media":"","overlay-type":"","overlay-color":"","overlay-opacity":"","overlay-gradient":""}}},"product_brand":[],"product_cat":[18],"product_tag":[794],"class_list":{"0":"post-19306","1":"product","2":"type-product","3":"status-publish","4":"has-post-thumbnail","6":"product_cat-city-maps","7":"product_tag-30x40-40x50-50x70-70x100-canvas-city-map-europe-italia-italie-italy-trieste","8":"desktop-align-left","9":"tablet-align-left","10":"mobile-align-left","12":"first","13":"instock","14":"shipping-taxable","15":"purchasable","16":"product-type-variable"},"aioseo_notices":[],"uagb_featured_image_src":{"full":["https:\/\/mapospheres.eu\/wp-content\/uploads\/2026\/03\/CANVAS_11_NIGHT_3RD_1_TRIESTE.jpg",1000,1000,false],"thumbnail":["https:\/\/mapospheres.eu\/wp-content\/uploads\/2026\/03\/CANVAS_11_NIGHT_3RD_1_TRIESTE-150x150.jpg",150,150,true],"medium":["https:\/\/mapospheres.eu\/wp-content\/uploads\/2026\/03\/CANVAS_11_NIGHT_3RD_1_TRIESTE-300x300.jpg",300,300,true],"medium_large":["https:\/\/mapospheres.eu\/wp-content\/uploads\/2026\/03\/CANVAS_11_NIGHT_3RD_1_TRIESTE-768x768.jpg",768,768,true],"large":["https:\/\/mapospheres.eu\/wp-content\/uploads\/2026\/03\/CANVAS_11_NIGHT_3RD_1_TRIESTE.jpg",1000,1000,false],"1536x1536":["https:\/\/mapospheres.eu\/wp-content\/uploads\/2026\/03\/CANVAS_11_NIGHT_3RD_1_TRIESTE.jpg",1000,1000,false],"2048x2048":["https:\/\/mapospheres.eu\/wp-content\/uploads\/2026\/03\/CANVAS_11_NIGHT_3RD_1_TRIESTE.jpg",1000,1000,false],"woocommerce_thumbnail":["https:\/\/mapospheres.eu\/wp-content\/uploads\/2026\/03\/CANVAS_11_NIGHT_3RD_1_TRIESTE-300x300.jpg",300,300,true],"woocommerce_single":["https:\/\/mapospheres.eu\/wp-content\/uploads\/2026\/03\/CANVAS_11_NIGHT_3RD_1_TRIESTE-600x600.jpg",600,600,true],"woocommerce_gallery_thumbnail":["https:\/\/mapospheres.eu\/wp-content\/uploads\/2026\/03\/CANVAS_11_NIGHT_3RD_1_TRIESTE-100x100.jpg",100,100,true]},"uagb_author_info":{"display_name":"sgainot04@gmail.com","author_link":"https:\/\/mapospheres.eu\/fr\/author\/"},"uagb_comment_info":0,"uagb_excerpt":"Obtenez une City Map \u2013 Carte de ville murale - imprim\u00e9e de la ville de Trieste, Italie. Choisissez ci-dessous la taille, la couleur et le design de votre carte !","_links":{"self":[{"href":"https:\/\/mapospheres.eu\/fr\/wp-json\/wp\/v2\/product\/19306","targetHints":{"allow":["GET"]}}],"collection":[{"href":"https:\/\/mapospheres.eu\/fr\/wp-json\/wp\/v2\/product"}],"about":[{"href":"https:\/\/mapospheres.eu\/fr\/wp-json\/wp\/v2\/types\/product"}],"wp:featuredmedia":[{"embeddable":true,"href":"https:\/\/mapospheres.eu\/fr\/wp-json\/wp\/v2\/media\/21134"}],"wp:attachment":[{"href":"https:\/\/mapospheres.eu\/fr\/wp-json\/wp\/v2\/media?parent=19306"}],"wp:term":[{"taxonomy":"product_brand","embeddable":true,"href":"https:\/\/mapospheres.eu\/fr\/wp-json\/wp\/v2\/product_brand?post=19306"},{"taxonomy":"product_cat","embeddable":true,"href":"https:\/\/mapospheres.eu\/fr\/wp-json\/wp\/v2\/product_cat?post=19306"},{"taxonomy":"product_tag","embeddable":true,"href":"https:\/\/mapospheres.eu\/fr\/wp-json\/wp\/v2\/product_tag?post=19306"}],"curies":[{"name":"wp","href":"https:\/\/api.w.org\/{rel}","templated":true}]}}