{"id":19307,"date":"2026-03-10T14:34:14","date_gmt":"2026-03-10T14:34:14","guid":{"rendered":"https:\/\/mapospheres.eu\/product\/poster-of-turin-italy\/"},"modified":"2026-03-16T14:43:12","modified_gmt":"2026-03-16T14:43:12","slug":"poster-of-turin-italy","status":"publish","type":"product","link":"https:\/\/mapospheres.eu\/fr\/product\/poster-de-turin-italie\/","title":{"rendered":"Poster de Turin | Italie"},"content":{"rendered":"<p><strong>Poster City map de Turin, Italie: cette carte sugg\u00e8re l\u2019intrigante connexion de la ville avec le myst\u00e8re et le mystique. Turin est souvent consid\u00e9r\u00e9e comme l\u2019une des villes \u00ab\u00a0magiques\u00a0\u00bb du monde, en raison de son lien avec les traditions \u00e9sot\u00e9riques et sa position dans le l\u00e9gendaire \u00ab\u00a0Triangle de Lumi\u00e8re\u00a0\u00bb.<\/strong><\/p>\n<p>P\u00e9n\u00e9trez au c\u0153ur du Pi\u00e9mont italien avec cette carte magnifiquement con\u00e7ue de Turin, une ville o\u00f9 l\u2019histoire riche, l\u2019architecture impressionnante et la beaut\u00e9 naturelle s\u2019entrelacent harmonieusement. Nich\u00e9e entre les Alpes enneig\u00e9es au nord-ouest et les collines ondulantes du Monferrato au sud-est, la carte r\u00e9v\u00e8le un paysage m\u00ealant sophistication urbaine et merveilles panoramiques. Ce qui attire imm\u00e9diatement le regard, c\u2019est le fleuve P\u00f4, qui serpente avec gr\u00e2ce \u00e0 travers la ville, son flux doux insufflant vie aux rues et aux parcs de Turin. Les rives, bord\u00e9es de promenades ombrag\u00e9es par des arbres, offrent un havre de paix loin de l\u2019agitation urbaine. Vers le sud, le terrain s\u2019\u00e9l\u00e8ve jusqu\u2019aux contreforts des Alpes, offrant un d\u00e9cor majestueux et une fronti\u00e8re naturelle entre le c\u0153ur urbain et les r\u00e9gions plus rurales. Les pics escarp\u00e9s des montagnes se dessinent presque sous vos yeux sur la carte, leurs contours affirm\u00e9s et rassurants, comme un gardien omnipr\u00e9sent veillant sur la ville. Les espaces verts de Turin sont abondants et harmonieusement dispos\u00e9s, apportant s\u00e9r\u00e9nit\u00e9 au sein de l\u2019effervescence urbaine. Le c\u00e9l\u00e8bre Parc Valentino, avec ses arbres majestueux, ses all\u00e9es fleuries et ses lacs idylliques, est un point central, tout comme les Giardini Reali (Jardins Royaux), o\u00f9 haies royales et fontaines \u00e9voquent le pass\u00e9 aristocratique de la ville. Ces zones verdoyantes offrent un contraste apaisant avec la grandeur de l\u2019architecture environnante, faisant de cette carte autant une c\u00e9l\u00e9bration de la nature que de la vie citadine.<\/p>\n","protected":false},"excerpt":{"rendered":"<p>Obtenez une City Map \u2013 Carte de ville murale &#8211; imprim\u00e9e de la ville de Turin, Italie.<br \/>\nChoisissez ci-dessous la taille, la couleur et le design de votre carte !<\/p>\n","protected":false},"featured_media":21127,"template":"","meta":{"_uag_custom_page_level_css":"","_monsterinsights_skip_tracking":false,"_monsterinsights_sitenote_active":false,"_monsterinsights_sitenote_note":"","_monsterinsights_sitenote_category":0,"site-sidebar-layout":"default","site-content-layout":"","ast-site-content-layout":"default","site-content-style":"default","site-sidebar-style":"default","ast-global-header-display":"","ast-banner-title-visibility":"","ast-main-header-display":"","ast-hfb-above-header-display":"","ast-hfb-below-header-display":"","ast-hfb-mobile-header-display":"","site-post-title":"","ast-breadcrumbs-content":"","ast-featured-img":"","footer-sml-layout":"","ast-disable-related-posts":"","theme-transparent-header-meta":"default","adv-header-id-meta":"","stick-header-meta":"","header-above-stick-meta":"","header-main-stick-meta":"","header-below-stick-meta":"","astra-migrate-meta-layouts":"set","ast-page-background-enabled":"default","ast-page-background-meta":{"desktop":{"background-color":"","background-image":"","background-repeat":"repeat","background-position":"center center","background-size":"auto","background-attachment":"scroll","background-type":"","background-media":"","overlay-type":"","overlay-color":"","overlay-opacity":"","overlay-gradient":""},"tablet":{"background-color":"","background-image":"","background-repeat":"repeat","background-position":"center center","background-size":"auto","background-attachment":"scroll","background-type":"","background-media":"","overlay-type":"","overlay-color":"","overlay-opacity":"","overlay-gradient":""},"mobile":{"background-color":"","background-image":"","background-repeat":"repeat","background-position":"center center","background-size":"auto","background-attachment":"scroll","background-type":"","background-media":"","overlay-type":"","overlay-color":"","overlay-opacity":"","overlay-gradient":""}},"ast-content-background-meta":{"desktop":{"background-color":"var(--ast-global-color-5)","background-image":"","background-repeat":"repeat","background-position":"center center","background-size":"auto","background-attachment":"scroll","background-type":"","background-media":"","overlay-type":"","overlay-color":"","overlay-opacity":"","overlay-gradient":""},"tablet":{"background-color":"var(--ast-global-color-5)","background-image":"","background-repeat":"repeat","background-position":"center center","background-size":"auto","background-attachment":"scroll","background-type":"","background-media":"","overlay-type":"","overlay-color":"","overlay-opacity":"","overlay-gradient":""},"mobile":{"background-color":"var(--ast-global-color-5)","background-image":"","background-repeat":"repeat","background-position":"center center","background-size":"auto","background-attachment":"scroll","background-type":"","background-media":"","overlay-type":"","overlay-color":"","overlay-opacity":"","overlay-gradient":""}}},"product_brand":[],"product_cat":[18],"product_tag":[34,35,36,37,39,40,93,180,913,181,914,915],"class_list":{"0":"post-19307","1":"product","2":"type-product","3":"status-publish","4":"has-post-thumbnail","6":"product_cat-city-maps","7":"product_tag-30x40","8":"product_tag-40x50","9":"product_tag-50x70","10":"product_tag-70x100","11":"product_tag-canvas","12":"product_tag-city-map","13":"product_tag-europe","14":"product_tag-italia","15":"product_tag-italie","16":"product_tag-italy","17":"product_tag-torino","18":"product_tag-turin","19":"desktop-align-left","20":"tablet-align-left","21":"mobile-align-left","23":"first","24":"instock","25":"shipping-taxable","26":"purchasable","27":"product-type-variable"},"aioseo_notices":[],"uagb_featured_image_src":{"full":["https:\/\/mapospheres.eu\/wp-content\/uploads\/2026\/03\/CANVAS_16_NIGHT_2ND_TURIN.jpg",1000,1000,false],"thumbnail":["https:\/\/mapospheres.eu\/wp-content\/uploads\/2026\/03\/CANVAS_16_NIGHT_2ND_TURIN-150x150.jpg",150,150,true],"medium":["https:\/\/mapospheres.eu\/wp-content\/uploads\/2026\/03\/CANVAS_16_NIGHT_2ND_TURIN-300x300.jpg",300,300,true],"medium_large":["https:\/\/mapospheres.eu\/wp-content\/uploads\/2026\/03\/CANVAS_16_NIGHT_2ND_TURIN-768x768.jpg",768,768,true],"large":["https:\/\/mapospheres.eu\/wp-content\/uploads\/2026\/03\/CANVAS_16_NIGHT_2ND_TURIN.jpg",1000,1000,false],"1536x1536":["https:\/\/mapospheres.eu\/wp-content\/uploads\/2026\/03\/CANVAS_16_NIGHT_2ND_TURIN.jpg",1000,1000,false],"2048x2048":["https:\/\/mapospheres.eu\/wp-content\/uploads\/2026\/03\/CANVAS_16_NIGHT_2ND_TURIN.jpg",1000,1000,false],"woocommerce_thumbnail":["https:\/\/mapospheres.eu\/wp-content\/uploads\/2026\/03\/CANVAS_16_NIGHT_2ND_TURIN-300x300.jpg",300,300,true],"woocommerce_single":["https:\/\/mapospheres.eu\/wp-content\/uploads\/2026\/03\/CANVAS_16_NIGHT_2ND_TURIN-600x600.jpg",600,600,true],"woocommerce_gallery_thumbnail":["https:\/\/mapospheres.eu\/wp-content\/uploads\/2026\/03\/CANVAS_16_NIGHT_2ND_TURIN-100x100.jpg",100,100,true]},"uagb_author_info":{"display_name":"sgainot04@gmail.com","author_link":"https:\/\/mapospheres.eu\/fr\/author\/"},"uagb_comment_info":0,"uagb_excerpt":"Obtenez une City Map \u2013 Carte de ville murale - imprim\u00e9e de la ville de Turin, Italie. Choisissez ci-dessous la taille, la couleur et le design de votre carte !","_links":{"self":[{"href":"https:\/\/mapospheres.eu\/fr\/wp-json\/wp\/v2\/product\/19307","targetHints":{"allow":["GET"]}}],"collection":[{"href":"https:\/\/mapospheres.eu\/fr\/wp-json\/wp\/v2\/product"}],"about":[{"href":"https:\/\/mapospheres.eu\/fr\/wp-json\/wp\/v2\/types\/product"}],"wp:featuredmedia":[{"embeddable":true,"href":"https:\/\/mapospheres.eu\/fr\/wp-json\/wp\/v2\/media\/21127"}],"wp:attachment":[{"href":"https:\/\/mapospheres.eu\/fr\/wp-json\/wp\/v2\/media?parent=19307"}],"wp:term":[{"taxonomy":"product_brand","embeddable":true,"href":"https:\/\/mapospheres.eu\/fr\/wp-json\/wp\/v2\/product_brand?post=19307"},{"taxonomy":"product_cat","embeddable":true,"href":"https:\/\/mapospheres.eu\/fr\/wp-json\/wp\/v2\/product_cat?post=19307"},{"taxonomy":"product_tag","embeddable":true,"href":"https:\/\/mapospheres.eu\/fr\/wp-json\/wp\/v2\/product_tag?post=19307"}],"curies":[{"name":"wp","href":"https:\/\/api.w.org\/{rel}","templated":true}]}}