{"id":19313,"date":"2026-03-10T14:34:47","date_gmt":"2026-03-10T14:34:47","guid":{"rendered":"https:\/\/mapospheres.eu\/product\/poster-of-ilha-terceira-azores-elevation-map\/"},"modified":"2026-03-16T14:41:59","modified_gmt":"2026-03-16T14:41:59","slug":"poster-of-ilha-terceira-azores-elevation-map","status":"publish","type":"product","link":"https:\/\/mapospheres.eu\/fr\/product\/poster-de-lile-terceira-acores-carte-daltitude\/","title":{"rendered":"Poster de l\u2019\u00eele Terceira, A\u00e7ores | Carte d'altitude"},"content":{"rendered":"<p><strong>Poster de la carte d\u2019altitude de l\u2019\u00eele Terceira, A\u00e7ores : un v\u00e9ritable carrefour pour explorateurs, marchands et puissances militaires \u00e0 travers les si\u00e8cles.<\/strong><\/p>\n<p>L\u2019\u00eele Terceira, l\u2019un des joyaux les plus fascinants des A\u00e7ores, est une terre o\u00f9 nature et histoire semblent danser en parfaite harmonie, et cette carte en r\u00e9v\u00e8le chaque relief avec une pr\u00e9cision saisissante. Des paysages volcaniques escarp\u00e9s aux rues pleines de charme de ses villes historiques, la g\u00e9ographie de Terceira se montre aussi vari\u00e9e et color\u00e9e que sa culture.<br \/>\nAu c\u0153ur de l\u2019\u00eele s\u2019\u00e9l\u00e8ve le massif volcanique de la Serra do Cume, o\u00f9 collines ondoyantes et mosa\u00efques de champs verdoyants composent un tableau paisible, presque po\u00e9tique, contrastant avec les reliefs plus sauvages de l\u2019\u00eele. Les lignes topographiques de la carte dessinent les cr\u00eates, les crat\u00e8res et les vall\u00e9es caract\u00e9ristiques, rappelant \u00e0 chaque instant l\u2019origine volcanique de cette terre fa\u00e7onn\u00e9e par le feu.<br \/>\nLes prairies d\u2019un vert \u00e9clatant, ponctu\u00e9es de petites fermes et de bosquets, s\u2019\u00e9tendent jusqu\u2019aux pentes abruptes de crat\u00e8res impressionnants comme la Caldeira de Guilherme Moniz, t\u00e9moignage spectaculaire du pass\u00e9 ardent de l\u2019\u00eele. La carte met en lumi\u00e8re ces formes naturelles comme autant de touches sur une toile, cr\u00e9ant une sensation de profondeur et d\u2019\u00e9merveillement qui invite le regard \u00e0 parcourir chaque recoin du relief.<br \/>\nTerceira est \u00e9galement riche de monuments historiques qui transforment cette carte en v\u00e9ritable voyage visuel. La ville d\u2019Angra do Hero\u00edsmo, capitale de l\u2019\u00eele, se distingue par son centre class\u00e9 au patrimoine mondial de l\u2019UNESCO, o\u00f9 les rues pav\u00e9es serpentent entre de lumineuses maisons d\u2019\u00e9poque coloniale. Non loin de l\u00e0, les l\u00e9gendaires Furnas do Enxofre, zone g\u00e9othermique situ\u00e9e au c\u0153ur de l\u2019\u00eele, rappellent la force volcanique toujours pr\u00e9sente, avec leurs fumerolles vaporeuses et leurs \u00e9vents soufr\u00e9s qui intriguent et fascinent depuis des si\u00e8cles.<\/p>\n","protected":false},"excerpt":{"rendered":"<p>Obtenez ce Poster Carte d&rsquo;altitude de l\u2019\u00eele Terceira, A\u00e7ores, en tant que carte murale. Vous pouvez choisir la taille ou le design de votre carte <\/p>\n","protected":false},"featured_media":20967,"template":"","meta":{"_uag_custom_page_level_css":"","_monsterinsights_skip_tracking":false,"_monsterinsights_sitenote_active":false,"_monsterinsights_sitenote_note":"","_monsterinsights_sitenote_category":0,"site-sidebar-layout":"default","site-content-layout":"","ast-site-content-layout":"default","site-content-style":"default","site-sidebar-style":"default","ast-global-header-display":"","ast-banner-title-visibility":"","ast-main-header-display":"","ast-hfb-above-header-display":"","ast-hfb-below-header-display":"","ast-hfb-mobile-header-display":"","site-post-title":"","ast-breadcrumbs-content":"","ast-featured-img":"","footer-sml-layout":"","ast-disable-related-posts":"","theme-transparent-header-meta":"default","adv-header-id-meta":"","stick-header-meta":"","header-above-stick-meta":"","header-main-stick-meta":"","header-below-stick-meta":"","astra-migrate-meta-layouts":"set","ast-page-background-enabled":"default","ast-page-background-meta":{"desktop":{"background-color":"","background-image":"","background-repeat":"repeat","background-position":"center center","background-size":"auto","background-attachment":"scroll","background-type":"","background-media":"","overlay-type":"","overlay-color":"","overlay-opacity":"","overlay-gradient":""},"tablet":{"background-color":"","background-image":"","background-repeat":"repeat","background-position":"center center","background-size":"auto","background-attachment":"scroll","background-type":"","background-media":"","overlay-type":"","overlay-color":"","overlay-opacity":"","overlay-gradient":""},"mobile":{"background-color":"","background-image":"","background-repeat":"repeat","background-position":"center center","background-size":"auto","background-attachment":"scroll","background-type":"","background-media":"","overlay-type":"","overlay-color":"","overlay-opacity":"","overlay-gradient":""}},"ast-content-background-meta":{"desktop":{"background-color":"var(--ast-global-color-5)","background-image":"","background-repeat":"repeat","background-position":"center center","background-size":"auto","background-attachment":"scroll","background-type":"","background-media":"","overlay-type":"","overlay-color":"","overlay-opacity":"","overlay-gradient":""},"tablet":{"background-color":"var(--ast-global-color-5)","background-image":"","background-repeat":"repeat","background-position":"center center","background-size":"auto","background-attachment":"scroll","background-type":"","background-media":"","overlay-type":"","overlay-color":"","overlay-opacity":"","overlay-gradient":""},"mobile":{"background-color":"var(--ast-global-color-5)","background-image":"","background-repeat":"repeat","background-position":"center center","background-size":"auto","background-attachment":"scroll","background-type":"","background-media":"","overlay-type":"","overlay-color":"","overlay-opacity":"","overlay-gradient":""}}},"product_brand":[],"product_cat":[90],"product_tag":[34,35,36,895,896,39,92,93,902,479,903],"class_list":{"0":"post-19313","1":"product","2":"type-product","3":"status-publish","4":"has-post-thumbnail","6":"product_cat-elevation-maps","7":"product_tag-30x40","8":"product_tag-40x50","9":"product_tag-50x70","10":"product_tag-acores","11":"product_tag-azores","12":"product_tag-canvas","13":"product_tag-elevation-map","14":"product_tag-europe","15":"product_tag-ilha-terceira","16":"product_tag-portugal","17":"product_tag-terceira","18":"desktop-align-left","19":"tablet-align-left","20":"mobile-align-left","22":"first","23":"instock","24":"shipping-taxable","25":"purchasable","26":"product-type-variable"},"aioseo_notices":[],"uagb_featured_image_src":{"full":["https:\/\/mapospheres.eu\/wp-content\/uploads\/2026\/03\/ELEV_CANVAS_1FULLPAGE2_ILHATERCEIRA.jpg",1000,1000,false],"thumbnail":["https:\/\/mapospheres.eu\/wp-content\/uploads\/2026\/03\/ELEV_CANVAS_1FULLPAGE2_ILHATERCEIRA-150x150.jpg",150,150,true],"medium":["https:\/\/mapospheres.eu\/wp-content\/uploads\/2026\/03\/ELEV_CANVAS_1FULLPAGE2_ILHATERCEIRA-300x300.jpg",300,300,true],"medium_large":["https:\/\/mapospheres.eu\/wp-content\/uploads\/2026\/03\/ELEV_CANVAS_1FULLPAGE2_ILHATERCEIRA-768x768.jpg",768,768,true],"large":["https:\/\/mapospheres.eu\/wp-content\/uploads\/2026\/03\/ELEV_CANVAS_1FULLPAGE2_ILHATERCEIRA.jpg",1000,1000,false],"1536x1536":["https:\/\/mapospheres.eu\/wp-content\/uploads\/2026\/03\/ELEV_CANVAS_1FULLPAGE2_ILHATERCEIRA.jpg",1000,1000,false],"2048x2048":["https:\/\/mapospheres.eu\/wp-content\/uploads\/2026\/03\/ELEV_CANVAS_1FULLPAGE2_ILHATERCEIRA.jpg",1000,1000,false],"woocommerce_thumbnail":["https:\/\/mapospheres.eu\/wp-content\/uploads\/2026\/03\/ELEV_CANVAS_1FULLPAGE2_ILHATERCEIRA-300x300.jpg",300,300,true],"woocommerce_single":["https:\/\/mapospheres.eu\/wp-content\/uploads\/2026\/03\/ELEV_CANVAS_1FULLPAGE2_ILHATERCEIRA-600x600.jpg",600,600,true],"woocommerce_gallery_thumbnail":["https:\/\/mapospheres.eu\/wp-content\/uploads\/2026\/03\/ELEV_CANVAS_1FULLPAGE2_ILHATERCEIRA-100x100.jpg",100,100,true]},"uagb_author_info":{"display_name":"sgainot04@gmail.com","author_link":"https:\/\/mapospheres.eu\/fr\/author\/"},"uagb_comment_info":0,"uagb_excerpt":"Obtenez ce Poster Carte d'altitude de l\u2019\u00eele Terceira, A\u00e7ores, en tant que carte murale. Vous pouvez choisir la taille ou le design de votre carte","_links":{"self":[{"href":"https:\/\/mapospheres.eu\/fr\/wp-json\/wp\/v2\/product\/19313","targetHints":{"allow":["GET"]}}],"collection":[{"href":"https:\/\/mapospheres.eu\/fr\/wp-json\/wp\/v2\/product"}],"about":[{"href":"https:\/\/mapospheres.eu\/fr\/wp-json\/wp\/v2\/types\/product"}],"wp:featuredmedia":[{"embeddable":true,"href":"https:\/\/mapospheres.eu\/fr\/wp-json\/wp\/v2\/media\/20967"}],"wp:attachment":[{"href":"https:\/\/mapospheres.eu\/fr\/wp-json\/wp\/v2\/media?parent=19313"}],"wp:term":[{"taxonomy":"product_brand","embeddable":true,"href":"https:\/\/mapospheres.eu\/fr\/wp-json\/wp\/v2\/product_brand?post=19313"},{"taxonomy":"product_cat","embeddable":true,"href":"https:\/\/mapospheres.eu\/fr\/wp-json\/wp\/v2\/product_cat?post=19313"},{"taxonomy":"product_tag","embeddable":true,"href":"https:\/\/mapospheres.eu\/fr\/wp-json\/wp\/v2\/product_tag?post=19313"}],"curies":[{"name":"wp","href":"https:\/\/api.w.org\/{rel}","templated":true}]}}