{"id":19314,"date":"2026-03-10T14:34:50","date_gmt":"2026-03-10T14:34:50","guid":{"rendered":"https:\/\/mapospheres.eu\/product\/poster-of-ilha-do-pico-azores-elevation-map\/"},"modified":"2026-03-16T14:41:59","modified_gmt":"2026-03-16T14:41:59","slug":"poster-of-ilha-do-pico-azores-elevation-map","status":"publish","type":"product","link":"https:\/\/mapospheres.eu\/fr\/product\/poster-de-lile-de-pico-acores-carte-daltitude\/","title":{"rendered":"Poster de l\u2019\u00eele de Pico, A\u00e7ores | Carte d'altitude"},"content":{"rendered":"<p><strong>Poster de la carte d\u2019altitude de l\u2019\u00eele de Pico, A\u00e7ores : impr\u00e9gn\u00e9e de l\u2019atmosph\u00e8re paisible et presque mystique de cette terre volcanique, cette carte vous transporte l\u00e0 o\u00f9 la terre semble rejoindre le ciel, et o\u00f9 chaque cr\u00eate et chaque vall\u00e9e abritent une histoire encore \u00e0 d\u00e9couvrir.<\/strong><\/p>\n<p>L\u2019\u00eele de Pico, fi\u00e8rement surnomm\u00e9e \u00ab l\u2019\u00eele montagne \u00bb des A\u00e7ores, se d\u00e9voile ici dans une carte d\u2019\u00e9l\u00e9vation spectaculaire qui capture avec finesse toute la puissance de son relief volcanique. Chaque ondulation du paysage y appara\u00eet : depuis son sommet monumental, presque irr\u00e9el, jusqu\u2019aux vall\u00e9es verdoyantes et au littoral sauvage qui l\u2019entourent.<br \/>\nAu c\u0153ur de l\u2019\u00eele s\u2019\u00e9l\u00e8ve bien s\u00fbr l\u2019impressionnant mont Pico, culminant \u00e0 2 351 m\u00e8tres \u2014 le plus haut sommet du Portugal. Les courbes d\u00e9taill\u00e9es de la carte soulignent la pr\u00e9sence majestueuse de cette montagne, g\u00e9ant endormi qui a fa\u00e7onn\u00e9 non seulement la terre de l\u2019\u00eele, mais aussi son \u00e2me et son identit\u00e9. Les pentes du mont Pico se couvrent d\u2019un manteau de verts profonds : for\u00eats denses, p\u00e2turages ouverts et surtout les c\u00e9l\u00e8bres vignobles entour\u00e9s de murs de pierre noire qui ont valu \u00e0 l\u2019\u00eele sa reconnaissance par l\u2019UNESCO pour la singularit\u00e9 de son paysage.<br \/>\nLe r\u00e9seau complexe de terrasses fa\u00e7onn\u00e9es par des g\u00e9n\u00e9rations de cultivateurs semble s\u2019\u00e9tendre \u00e0 perte de vue, t\u00e9moignage silencieux du lien profond entre les habitants et leur terre volcanique. Ces vignobles en terrasses, d\u2019o\u00f9 na\u00eet le c\u00e9l\u00e8bre vin de Pico, dessinent sur la carte une mosa\u00efque presque g\u00e9om\u00e9trique, symbole de la patience, de la r\u00e9silience et de la longue tradition maritime de l\u2019\u00eele.<br \/>\nLa ville portuaire de Madalena, avec son charmant port tourn\u00e9 vers l\u2019Atlantique, appara\u00eet comme un rep\u00e8re essentiel : v\u00e9ritable porte d\u2019entr\u00e9e de l\u2019\u00eele pour les voyageurs et c\u0153ur vivant de sa communaut\u00e9 de p\u00eacheurs. Depuis ses quais, le regard peut se perdre vers l\u2019horizon o\u00f9 se dessine l\u2019\u00eele voisine de Faial, la \u00ab s\u0153ur \u00bb de Pico, dont les reliefs semblent veiller sur elle dans une pr\u00e9sence silencieuse et protectrice.<\/p>\n","protected":false},"excerpt":{"rendered":"<p>Obtenez ce Poster Carte d&rsquo;altitude de l\u2019\u00eele de Pico, A\u00e7ores, en tant que carte murale. Vous pouvez choisir la taille ou le design de votre carte <\/p>\n","protected":false},"featured_media":20960,"template":"","meta":{"_uag_custom_page_level_css":"","_monsterinsights_skip_tracking":false,"_monsterinsights_sitenote_active":false,"_monsterinsights_sitenote_note":"","_monsterinsights_sitenote_category":0,"site-sidebar-layout":"default","site-content-layout":"","ast-site-content-layout":"default","site-content-style":"default","site-sidebar-style":"default","ast-global-header-display":"","ast-banner-title-visibility":"","ast-main-header-display":"","ast-hfb-above-header-display":"","ast-hfb-below-header-display":"","ast-hfb-mobile-header-display":"","site-post-title":"","ast-breadcrumbs-content":"","ast-featured-img":"","footer-sml-layout":"","ast-disable-related-posts":"","theme-transparent-header-meta":"default","adv-header-id-meta":"","stick-header-meta":"","header-above-stick-meta":"","header-main-stick-meta":"","header-below-stick-meta":"","astra-migrate-meta-layouts":"set","ast-page-background-enabled":"default","ast-page-background-meta":{"desktop":{"background-color":"","background-image":"","background-repeat":"repeat","background-position":"center center","background-size":"auto","background-attachment":"scroll","background-type":"","background-media":"","overlay-type":"","overlay-color":"","overlay-opacity":"","overlay-gradient":""},"tablet":{"background-color":"","background-image":"","background-repeat":"repeat","background-position":"center center","background-size":"auto","background-attachment":"scroll","background-type":"","background-media":"","overlay-type":"","overlay-color":"","overlay-opacity":"","overlay-gradient":""},"mobile":{"background-color":"","background-image":"","background-repeat":"repeat","background-position":"center center","background-size":"auto","background-attachment":"scroll","background-type":"","background-media":"","overlay-type":"","overlay-color":"","overlay-opacity":"","overlay-gradient":""}},"ast-content-background-meta":{"desktop":{"background-color":"var(--ast-global-color-5)","background-image":"","background-repeat":"repeat","background-position":"center center","background-size":"auto","background-attachment":"scroll","background-type":"","background-media":"","overlay-type":"","overlay-color":"","overlay-opacity":"","overlay-gradient":""},"tablet":{"background-color":"var(--ast-global-color-5)","background-image":"","background-repeat":"repeat","background-position":"center center","background-size":"auto","background-attachment":"scroll","background-type":"","background-media":"","overlay-type":"","overlay-color":"","overlay-opacity":"","overlay-gradient":""},"mobile":{"background-color":"var(--ast-global-color-5)","background-image":"","background-repeat":"repeat","background-position":"center center","background-size":"auto","background-attachment":"scroll","background-type":"","background-media":"","overlay-type":"","overlay-color":"","overlay-opacity":"","overlay-gradient":""}}},"product_brand":[],"product_cat":[90,338],"product_tag":[34,35,36,895,896,39,92,93,900,901,479],"class_list":{"0":"post-19314","1":"product","2":"type-product","3":"status-publish","4":"has-post-thumbnail","6":"product_cat-elevation-maps","7":"product_cat-featured_eng","8":"product_tag-30x40","9":"product_tag-40x50","10":"product_tag-50x70","11":"product_tag-acores","12":"product_tag-azores","13":"product_tag-canvas","14":"product_tag-elevation-map","15":"product_tag-europe","16":"product_tag-ilha-do-pico","17":"product_tag-pico","18":"product_tag-portugal","19":"desktop-align-left","20":"tablet-align-left","21":"mobile-align-left","23":"first","24":"instock","25":"shipping-taxable","26":"purchasable","27":"product-type-variable"},"aioseo_notices":[],"uagb_featured_image_src":{"full":["https:\/\/mapospheres.eu\/wp-content\/uploads\/2026\/03\/ELEV_CANVAS_1FULLPAGE2_ILHADOPICO.jpg",1000,1000,false],"thumbnail":["https:\/\/mapospheres.eu\/wp-content\/uploads\/2026\/03\/ELEV_CANVAS_1FULLPAGE2_ILHADOPICO-150x150.jpg",150,150,true],"medium":["https:\/\/mapospheres.eu\/wp-content\/uploads\/2026\/03\/ELEV_CANVAS_1FULLPAGE2_ILHADOPICO-300x300.jpg",300,300,true],"medium_large":["https:\/\/mapospheres.eu\/wp-content\/uploads\/2026\/03\/ELEV_CANVAS_1FULLPAGE2_ILHADOPICO-768x768.jpg",768,768,true],"large":["https:\/\/mapospheres.eu\/wp-content\/uploads\/2026\/03\/ELEV_CANVAS_1FULLPAGE2_ILHADOPICO.jpg",1000,1000,false],"1536x1536":["https:\/\/mapospheres.eu\/wp-content\/uploads\/2026\/03\/ELEV_CANVAS_1FULLPAGE2_ILHADOPICO.jpg",1000,1000,false],"2048x2048":["https:\/\/mapospheres.eu\/wp-content\/uploads\/2026\/03\/ELEV_CANVAS_1FULLPAGE2_ILHADOPICO.jpg",1000,1000,false],"woocommerce_thumbnail":["https:\/\/mapospheres.eu\/wp-content\/uploads\/2026\/03\/ELEV_CANVAS_1FULLPAGE2_ILHADOPICO-300x300.jpg",300,300,true],"woocommerce_single":["https:\/\/mapospheres.eu\/wp-content\/uploads\/2026\/03\/ELEV_CANVAS_1FULLPAGE2_ILHADOPICO-600x600.jpg",600,600,true],"woocommerce_gallery_thumbnail":["https:\/\/mapospheres.eu\/wp-content\/uploads\/2026\/03\/ELEV_CANVAS_1FULLPAGE2_ILHADOPICO-100x100.jpg",100,100,true]},"uagb_author_info":{"display_name":"sgainot04@gmail.com","author_link":"https:\/\/mapospheres.eu\/fr\/author\/"},"uagb_comment_info":0,"uagb_excerpt":"Obtenez ce Poster Carte d'altitude de l\u2019\u00eele de Pico, A\u00e7ores, en tant que carte murale. Vous pouvez choisir la taille ou le design de votre carte","_links":{"self":[{"href":"https:\/\/mapospheres.eu\/fr\/wp-json\/wp\/v2\/product\/19314","targetHints":{"allow":["GET"]}}],"collection":[{"href":"https:\/\/mapospheres.eu\/fr\/wp-json\/wp\/v2\/product"}],"about":[{"href":"https:\/\/mapospheres.eu\/fr\/wp-json\/wp\/v2\/types\/product"}],"wp:featuredmedia":[{"embeddable":true,"href":"https:\/\/mapospheres.eu\/fr\/wp-json\/wp\/v2\/media\/20960"}],"wp:attachment":[{"href":"https:\/\/mapospheres.eu\/fr\/wp-json\/wp\/v2\/media?parent=19314"}],"wp:term":[{"taxonomy":"product_brand","embeddable":true,"href":"https:\/\/mapospheres.eu\/fr\/wp-json\/wp\/v2\/product_brand?post=19314"},{"taxonomy":"product_cat","embeddable":true,"href":"https:\/\/mapospheres.eu\/fr\/wp-json\/wp\/v2\/product_cat?post=19314"},{"taxonomy":"product_tag","embeddable":true,"href":"https:\/\/mapospheres.eu\/fr\/wp-json\/wp\/v2\/product_tag?post=19314"}],"curies":[{"name":"wp","href":"https:\/\/api.w.org\/{rel}","templated":true}]}}