{"id":19315,"date":"2026-03-10T14:34:51","date_gmt":"2026-03-10T14:34:51","guid":{"rendered":"https:\/\/mapospheres.eu\/product\/poster-of-gran-canaria-elevation-map\/"},"modified":"2026-03-16T14:41:48","modified_gmt":"2026-03-16T14:41:48","slug":"poster-of-gran-canaria-elevation-map","status":"publish","type":"product","link":"https:\/\/mapospheres.eu\/fr\/product\/poster-de-gran-canaria-iles-canaries-carte-daltitude\/","title":{"rendered":"Poster de Gran Canaria, \u00celes Canaries | Carte d'altitude"},"content":{"rendered":"<p><strong>Poster de la carte d\u2019altitude de Gran Canaria, \u00celes Canaries : une terre de contrastes saisissants, entre la c\u00f4te m\u00e9ridionale s\u00e8che et baign\u00e9e de soleil \u2014 c\u00e9l\u00e8bre pour ses dunes de sable dor\u00e9 \u2014 et le nord luxuriant, o\u00f9 for\u00eats profondes et collines couvertes de fleurs sauvages semblent s\u2019\u00e9tendre \u00e0 l\u2019infini.<\/strong><\/p>\n<p>Gran Canaria, souvent surnomm\u00e9e \u00ab un continent en miniature \u00bb, est une \u00eele o\u00f9 la terre elle-m\u00eame para\u00eet raconter mille histoires. De ses montagnes majestueuses \u00e0 ses plages dor\u00e9es, cette carte r\u00e9v\u00e8le avec \u00e9l\u00e9gance la topographie remarquable de l\u2019\u00eele, o\u00f9 chaque vall\u00e9e, chaque cr\u00eate et chaque falaise est grav\u00e9e dans le relief avec une pr\u00e9cision saisissante. Avec des paysages aussi vari\u00e9s que son histoire, Gran Canaria offre un v\u00e9ritable festin visuel : du c\u0153ur volcanique et sauvage de l\u2019\u00eele aux ravins verdoyants du nord, o\u00f9 la nature semble encore murmurer les \u00e9chos d\u2019un pass\u00e9 ancien.<br \/>\nAu centre de l\u2019\u00eele s\u2019\u00e9l\u00e8ve le Pico de las Nieves, point culminant de Gran Canaria, ancien volcan dress\u00e9 tel un gardien silencieux veillant sur l\u2019\u00eele. Les courbes de la carte r\u00e9v\u00e8lent les vall\u00e9es abruptes et les ravins profonds qui entaillent la terre \u2014 certains semblant avoir \u00e9t\u00e9 sculpt\u00e9s par la main m\u00eame de la nature. Ces canyons, comme le spectaculaire Barranco de Guayadeque, regorgent d\u2019histoire et de beaut\u00e9 naturelle, offrant un aper\u00e7u du pass\u00e9 indig\u00e8ne de l\u2019\u00eele. On raconte que les Guanches, premiers habitants de ces terres, vivaient autrefois dans des grottes creus\u00e9es dans ces falaises, faisant de ce paysage non seulement une merveille g\u00e9ologique, mais aussi un v\u00e9ritable tr\u00e9sor culturel.<br \/>\nLa carte fait vivre ces contrastes gr\u00e2ce \u00e0 ses reliefs ombr\u00e9s qui r\u00e9v\u00e8lent toute la beaut\u00e9 sauvage de l\u2019\u00eele \u2014 chaque r\u00e9gion poss\u00e9dant son caract\u00e8re propre, tout en restant profond\u00e9ment gran-canarienne. Les hautes terres, parsem\u00e9es de for\u00eats de pins, sont un refuge pour les amoureux de la nature, tandis que le littoral d\u00e9ploie des plages si idylliques qu\u2019elles donnent l\u2019impression que le paradis pourrait bien exister.<\/p>\n","protected":false},"excerpt":{"rendered":"<p>Obtenez ce Poster Carte d&rsquo;altitude Gran Canaria, \u00celes Canaries, en tant que carte murale. Vous pouvez choisir la taille ou le design de votre carte <\/p>\n","protected":false},"featured_media":20952,"template":"","meta":{"_uag_custom_page_level_css":"","_monsterinsights_skip_tracking":false,"_monsterinsights_sitenote_active":false,"_monsterinsights_sitenote_note":"","_monsterinsights_sitenote_category":0,"site-sidebar-layout":"default","site-content-layout":"","ast-site-content-layout":"default","site-content-style":"default","site-sidebar-style":"default","ast-global-header-display":"","ast-banner-title-visibility":"","ast-main-header-display":"","ast-hfb-above-header-display":"","ast-hfb-below-header-display":"","ast-hfb-mobile-header-display":"","site-post-title":"","ast-breadcrumbs-content":"","ast-featured-img":"","footer-sml-layout":"","ast-disable-related-posts":"","theme-transparent-header-meta":"default","adv-header-id-meta":"","stick-header-meta":"","header-above-stick-meta":"","header-main-stick-meta":"","header-below-stick-meta":"","astra-migrate-meta-layouts":"set","ast-page-background-enabled":"default","ast-page-background-meta":{"desktop":{"background-color":"","background-image":"","background-repeat":"repeat","background-position":"center center","background-size":"auto","background-attachment":"scroll","background-type":"","background-media":"","overlay-type":"","overlay-color":"","overlay-opacity":"","overlay-gradient":""},"tablet":{"background-color":"","background-image":"","background-repeat":"repeat","background-position":"center center","background-size":"auto","background-attachment":"scroll","background-type":"","background-media":"","overlay-type":"","overlay-color":"","overlay-opacity":"","overlay-gradient":""},"mobile":{"background-color":"","background-image":"","background-repeat":"repeat","background-position":"center center","background-size":"auto","background-attachment":"scroll","background-type":"","background-media":"","overlay-type":"","overlay-color":"","overlay-opacity":"","overlay-gradient":""}},"ast-content-background-meta":{"desktop":{"background-color":"var(--ast-global-color-5)","background-image":"","background-repeat":"repeat","background-position":"center center","background-size":"auto","background-attachment":"scroll","background-type":"","background-media":"","overlay-type":"","overlay-color":"","overlay-opacity":"","overlay-gradient":""},"tablet":{"background-color":"var(--ast-global-color-5)","background-image":"","background-repeat":"repeat","background-position":"center center","background-size":"auto","background-attachment":"scroll","background-type":"","background-media":"","overlay-type":"","overlay-color":"","overlay-opacity":"","overlay-gradient":""},"mobile":{"background-color":"var(--ast-global-color-5)","background-image":"","background-repeat":"repeat","background-position":"center center","background-size":"auto","background-attachment":"scroll","background-type":"","background-media":"","overlay-type":"","overlay-color":"","overlay-opacity":"","overlay-gradient":""}}},"product_brand":[],"product_cat":[90,465],"product_tag":[34,35,36,888,98,39,92,319,93,899,99],"class_list":{"0":"post-19315","1":"product","2":"type-product","3":"status-publish","4":"has-post-thumbnail","6":"product_cat-elevation-maps","7":"product_cat-featured_esp","8":"product_tag-30x40","9":"product_tag-40x50","10":"product_tag-50x70","11":"product_tag-canarias","12":"product_tag-canary","13":"product_tag-canvas","14":"product_tag-elevation-map","15":"product_tag-espana","16":"product_tag-europe","17":"product_tag-gran-canaria","18":"product_tag-spain","19":"desktop-align-left","20":"tablet-align-left","21":"mobile-align-left","23":"first","24":"instock","25":"shipping-taxable","26":"purchasable","27":"product-type-variable"},"aioseo_notices":[],"uagb_featured_image_src":{"full":["https:\/\/mapospheres.eu\/wp-content\/uploads\/2026\/03\/ELEV_CANVAS_1FULLPAGE_GRANCANARIA.jpg",1000,1000,false],"thumbnail":["https:\/\/mapospheres.eu\/wp-content\/uploads\/2026\/03\/ELEV_CANVAS_1FULLPAGE_GRANCANARIA-150x150.jpg",150,150,true],"medium":["https:\/\/mapospheres.eu\/wp-content\/uploads\/2026\/03\/ELEV_CANVAS_1FULLPAGE_GRANCANARIA-300x300.jpg",300,300,true],"medium_large":["https:\/\/mapospheres.eu\/wp-content\/uploads\/2026\/03\/ELEV_CANVAS_1FULLPAGE_GRANCANARIA-768x768.jpg",768,768,true],"large":["https:\/\/mapospheres.eu\/wp-content\/uploads\/2026\/03\/ELEV_CANVAS_1FULLPAGE_GRANCANARIA.jpg",1000,1000,false],"1536x1536":["https:\/\/mapospheres.eu\/wp-content\/uploads\/2026\/03\/ELEV_CANVAS_1FULLPAGE_GRANCANARIA.jpg",1000,1000,false],"2048x2048":["https:\/\/mapospheres.eu\/wp-content\/uploads\/2026\/03\/ELEV_CANVAS_1FULLPAGE_GRANCANARIA.jpg",1000,1000,false],"woocommerce_thumbnail":["https:\/\/mapospheres.eu\/wp-content\/uploads\/2026\/03\/ELEV_CANVAS_1FULLPAGE_GRANCANARIA-300x300.jpg",300,300,true],"woocommerce_single":["https:\/\/mapospheres.eu\/wp-content\/uploads\/2026\/03\/ELEV_CANVAS_1FULLPAGE_GRANCANARIA-600x600.jpg",600,600,true],"woocommerce_gallery_thumbnail":["https:\/\/mapospheres.eu\/wp-content\/uploads\/2026\/03\/ELEV_CANVAS_1FULLPAGE_GRANCANARIA-100x100.jpg",100,100,true]},"uagb_author_info":{"display_name":"sgainot04@gmail.com","author_link":"https:\/\/mapospheres.eu\/fr\/author\/"},"uagb_comment_info":0,"uagb_excerpt":"Obtenez ce Poster Carte d'altitude Gran Canaria, \u00celes Canaries, en tant que carte murale. Vous pouvez choisir la taille ou le design de votre carte","_links":{"self":[{"href":"https:\/\/mapospheres.eu\/fr\/wp-json\/wp\/v2\/product\/19315","targetHints":{"allow":["GET"]}}],"collection":[{"href":"https:\/\/mapospheres.eu\/fr\/wp-json\/wp\/v2\/product"}],"about":[{"href":"https:\/\/mapospheres.eu\/fr\/wp-json\/wp\/v2\/types\/product"}],"wp:featuredmedia":[{"embeddable":true,"href":"https:\/\/mapospheres.eu\/fr\/wp-json\/wp\/v2\/media\/20952"}],"wp:attachment":[{"href":"https:\/\/mapospheres.eu\/fr\/wp-json\/wp\/v2\/media?parent=19315"}],"wp:term":[{"taxonomy":"product_brand","embeddable":true,"href":"https:\/\/mapospheres.eu\/fr\/wp-json\/wp\/v2\/product_brand?post=19315"},{"taxonomy":"product_cat","embeddable":true,"href":"https:\/\/mapospheres.eu\/fr\/wp-json\/wp\/v2\/product_cat?post=19315"},{"taxonomy":"product_tag","embeddable":true,"href":"https:\/\/mapospheres.eu\/fr\/wp-json\/wp\/v2\/product_tag?post=19315"}],"curies":[{"name":"wp","href":"https:\/\/api.w.org\/{rel}","templated":true}]}}