{"id":19316,"date":"2026-03-10T14:34:53","date_gmt":"2026-03-10T14:34:53","guid":{"rendered":"https:\/\/mapospheres.eu\/product\/poster-of-tenerife-canary-islands-elevation-map\/"},"modified":"2026-03-16T14:42:52","modified_gmt":"2026-03-16T14:42:52","slug":"poster-of-tenerife-canary-islands-elevation-map","status":"publish","type":"product","link":"https:\/\/mapospheres.eu\/fr\/product\/poster-de-tenerife-iles-canaries-carte-daltitude\/","title":{"rendered":"Poster de Tenerife, \u00celes Canaries | Carte d'altitude"},"content":{"rendered":"<p><strong>Poster de la carte d\u2019altitude de Tenerife, \u00celes Canaries : un hommage aux paysages changeants de l\u2019\u00eele, \u00e0 ses tr\u00e9sors cach\u00e9s et \u00e0 la longue lign\u00e9e d\u2019explorateurs \u2014 r\u00e9els ou l\u00e9gendaires \u2014 qui ont parcouru ses chemins.<\/strong><\/p>\n<p>Tenerife, la plus grande des \u00celes Canaries, est une terre o\u00f9 la grandeur de la nature rencontre des si\u00e8cles d\u2019histoire, et cette carte en r\u00e9v\u00e8le chaque relief avec une pr\u00e9cision topographique fascinante. Dominant l\u2019\u00eele, le majestueux mont Teide \u2014 plus haut sommet d\u2019Espagne et l\u2019un des volcans les plus impressionnants au monde \u2014 fa\u00e7onne un paysage \u00e0 la fois grandiose et humble devant la puissance de la nature. La carte met en lumi\u00e8re les pentes imposantes du Teide, surgissant du c\u0153ur de l\u2019\u00eele tel un g\u00e9ant endormi, entour\u00e9 des cr\u00eates d\u00e9chiquet\u00e9es et des ravins profonds du parc national du Teide. Les crat\u00e8res volcaniques et les anciennes coul\u00e9es de lave qui marquent la surface de l\u2019\u00eele t\u00e9moignent de ses origines ardentes, certains reliefs semblant tout droit sortis d\u2019un d\u00e9cor de science-fiction. Mais la beaut\u00e9 de Tenerife ne se limite pas \u00e0 ses montagnes et \u00e0 ses roches : ses paysages vari\u00e9s s\u2019\u00e9tendent des for\u00eats luxuriantes et brumeuses du massif d\u2019Anaga, au nord, jusqu\u2019aux plages baign\u00e9es de soleil et aux stations baln\u00e9aires du sud. Les courbes d\u00e9licates de la carte r\u00e9v\u00e8lent ces contrastes spectaculaires, o\u00f9 la v\u00e9g\u00e9tation dense et sauvage rencontre les \u00e9tendues volcaniques arides. Les for\u00eats de lauriers d\u2019Anaga, avec leurs arbres tortueux et leurs matins envelopp\u00e9s de brume, comptent parmi les bois les plus anciens et les plus enchanteurs d\u2019Europe, tandis que les plaines volcaniques du parc national du Teide d\u00e9ploient un d\u00e9cor presque lunaire. Sur la c\u00f4te, les falaises et criques de Tenerife, comme les c\u00e9l\u00e8bres Los Gigantes, semblent surgir de l\u2019oc\u00e9an comme sculpt\u00e9es par des g\u00e9ants. De petites villes et des villages pars\u00e8ment la carte, chacun portant son charme et ses histoires. Santa Cruz, la capitale anim\u00e9e, m\u00eale modernit\u00e9 et traditions, avec ses grandes places, ses plages lumineuses et ses rep\u00e8res culturels tels que l\u2019Auditorio de Tenerife, spectaculaire \u00e9difice aux allures de voile gonfl\u00e9e qui marque l\u2019horizon de la ville.<\/p>\n","protected":false},"excerpt":{"rendered":"<p>Obtenez ce Poster Carte d&rsquo;altitude de Tenerife, \u00celes Canaries, en tant que carte murale. Vous pouvez choisir la taille ou le design de votre carte <\/p>\n","protected":false},"featured_media":20945,"template":"","meta":{"_uag_custom_page_level_css":"","_monsterinsights_skip_tracking":false,"_monsterinsights_sitenote_active":false,"_monsterinsights_sitenote_note":"","_monsterinsights_sitenote_category":0,"site-sidebar-layout":"default","site-content-layout":"","ast-site-content-layout":"default","site-content-style":"default","site-sidebar-style":"default","ast-global-header-display":"","ast-banner-title-visibility":"","ast-main-header-display":"","ast-hfb-above-header-display":"","ast-hfb-below-header-display":"","ast-hfb-mobile-header-display":"","site-post-title":"","ast-breadcrumbs-content":"","ast-featured-img":"","footer-sml-layout":"","ast-disable-related-posts":"","theme-transparent-header-meta":"default","adv-header-id-meta":"","stick-header-meta":"","header-above-stick-meta":"","header-main-stick-meta":"","header-below-stick-meta":"","astra-migrate-meta-layouts":"set","ast-page-background-enabled":"default","ast-page-background-meta":{"desktop":{"background-color":"","background-image":"","background-repeat":"repeat","background-position":"center center","background-size":"auto","background-attachment":"scroll","background-type":"","background-media":"","overlay-type":"","overlay-color":"","overlay-opacity":"","overlay-gradient":""},"tablet":{"background-color":"","background-image":"","background-repeat":"repeat","background-position":"center center","background-size":"auto","background-attachment":"scroll","background-type":"","background-media":"","overlay-type":"","overlay-color":"","overlay-opacity":"","overlay-gradient":""},"mobile":{"background-color":"","background-image":"","background-repeat":"repeat","background-position":"center center","background-size":"auto","background-attachment":"scroll","background-type":"","background-media":"","overlay-type":"","overlay-color":"","overlay-opacity":"","overlay-gradient":""}},"ast-content-background-meta":{"desktop":{"background-color":"var(--ast-global-color-5)","background-image":"","background-repeat":"repeat","background-position":"center center","background-size":"auto","background-attachment":"scroll","background-type":"","background-media":"","overlay-type":"","overlay-color":"","overlay-opacity":"","overlay-gradient":""},"tablet":{"background-color":"var(--ast-global-color-5)","background-image":"","background-repeat":"repeat","background-position":"center center","background-size":"auto","background-attachment":"scroll","background-type":"","background-media":"","overlay-type":"","overlay-color":"","overlay-opacity":"","overlay-gradient":""},"mobile":{"background-color":"var(--ast-global-color-5)","background-image":"","background-repeat":"repeat","background-position":"center center","background-size":"auto","background-attachment":"scroll","background-type":"","background-media":"","overlay-type":"","overlay-color":"","overlay-opacity":"","overlay-gradient":""}}},"product_brand":[],"product_cat":[90,338,465],"product_tag":[34,35,36,888,98,39,92,319,93,99,889],"class_list":{"0":"post-19316","1":"product","2":"type-product","3":"status-publish","4":"has-post-thumbnail","6":"product_cat-elevation-maps","7":"product_cat-featured_eng","8":"product_cat-featured_esp","9":"product_tag-30x40","10":"product_tag-40x50","11":"product_tag-50x70","12":"product_tag-canarias","13":"product_tag-canary","14":"product_tag-canvas","15":"product_tag-elevation-map","16":"product_tag-espana","17":"product_tag-europe","18":"product_tag-spain","19":"product_tag-tenerife","20":"desktop-align-left","21":"tablet-align-left","22":"mobile-align-left","24":"first","25":"instock","26":"shipping-taxable","27":"product-type-variable"},"aioseo_notices":[],"uagb_featured_image_src":{"full":["https:\/\/mapospheres.eu\/wp-content\/uploads\/2026\/03\/ELEV_CANVAS_1FULLPAGE_TENERIFE.jpg",1000,1000,false],"thumbnail":["https:\/\/mapospheres.eu\/wp-content\/uploads\/2026\/03\/ELEV_CANVAS_1FULLPAGE_TENERIFE-150x150.jpg",150,150,true],"medium":["https:\/\/mapospheres.eu\/wp-content\/uploads\/2026\/03\/ELEV_CANVAS_1FULLPAGE_TENERIFE-300x300.jpg",300,300,true],"medium_large":["https:\/\/mapospheres.eu\/wp-content\/uploads\/2026\/03\/ELEV_CANVAS_1FULLPAGE_TENERIFE-768x768.jpg",768,768,true],"large":["https:\/\/mapospheres.eu\/wp-content\/uploads\/2026\/03\/ELEV_CANVAS_1FULLPAGE_TENERIFE.jpg",1000,1000,false],"1536x1536":["https:\/\/mapospheres.eu\/wp-content\/uploads\/2026\/03\/ELEV_CANVAS_1FULLPAGE_TENERIFE.jpg",1000,1000,false],"2048x2048":["https:\/\/mapospheres.eu\/wp-content\/uploads\/2026\/03\/ELEV_CANVAS_1FULLPAGE_TENERIFE.jpg",1000,1000,false],"woocommerce_thumbnail":["https:\/\/mapospheres.eu\/wp-content\/uploads\/2026\/03\/ELEV_CANVAS_1FULLPAGE_TENERIFE-300x300.jpg",300,300,true],"woocommerce_single":["https:\/\/mapospheres.eu\/wp-content\/uploads\/2026\/03\/ELEV_CANVAS_1FULLPAGE_TENERIFE-600x600.jpg",600,600,true],"woocommerce_gallery_thumbnail":["https:\/\/mapospheres.eu\/wp-content\/uploads\/2026\/03\/ELEV_CANVAS_1FULLPAGE_TENERIFE-100x100.jpg",100,100,true]},"uagb_author_info":{"display_name":"sgainot04@gmail.com","author_link":"https:\/\/mapospheres.eu\/fr\/author\/"},"uagb_comment_info":0,"uagb_excerpt":"Obtenez ce Poster Carte d'altitude de Tenerife, \u00celes Canaries, en tant que carte murale. Vous pouvez choisir la taille ou le design de votre carte","_links":{"self":[{"href":"https:\/\/mapospheres.eu\/fr\/wp-json\/wp\/v2\/product\/19316","targetHints":{"allow":["GET"]}}],"collection":[{"href":"https:\/\/mapospheres.eu\/fr\/wp-json\/wp\/v2\/product"}],"about":[{"href":"https:\/\/mapospheres.eu\/fr\/wp-json\/wp\/v2\/types\/product"}],"wp:featuredmedia":[{"embeddable":true,"href":"https:\/\/mapospheres.eu\/fr\/wp-json\/wp\/v2\/media\/20945"}],"wp:attachment":[{"href":"https:\/\/mapospheres.eu\/fr\/wp-json\/wp\/v2\/media?parent=19316"}],"wp:term":[{"taxonomy":"product_brand","embeddable":true,"href":"https:\/\/mapospheres.eu\/fr\/wp-json\/wp\/v2\/product_brand?post=19316"},{"taxonomy":"product_cat","embeddable":true,"href":"https:\/\/mapospheres.eu\/fr\/wp-json\/wp\/v2\/product_cat?post=19316"},{"taxonomy":"product_tag","embeddable":true,"href":"https:\/\/mapospheres.eu\/fr\/wp-json\/wp\/v2\/product_tag?post=19316"}],"curies":[{"name":"wp","href":"https:\/\/api.w.org\/{rel}","templated":true}]}}