{"id":19317,"date":"2026-03-10T14:34:55","date_gmt":"2026-03-10T14:34:55","guid":{"rendered":"https:\/\/mapospheres.eu\/product\/poster-of-la-palma-canary-islands-elevation-map\/"},"modified":"2026-03-16T14:42:16","modified_gmt":"2026-03-16T14:42:16","slug":"poster-of-la-palma-canary-islands-elevation-map","status":"publish","type":"product","link":"https:\/\/mapospheres.eu\/fr\/product\/poster-de-la-palma-iles-canaries-carte-daltitude\/","title":{"rendered":"Poster de La Palma, \u00celes Canaries | Carte d'altitude"},"content":{"rendered":"<p><strong>Poster de la carte d\u2019altitude de La Palma, \u00celes Canaries : sa topographie spectaculaire conf\u00e8re \u00e0 l\u2019\u00eele une aura intemporelle, comme si elle \u00e9tait rest\u00e9e pr\u00e9serv\u00e9e du monde moderne \u2014 un refuge r\u00eav\u00e9 pour ceux qui cherchent \u00e0 s\u2019\u00e9vader vers un lieu o\u00f9 seuls les nuages filent plus vite que les randonneurs audacieux.<\/strong><\/p>\n<p>La Palma, surnomm\u00e9e \u00ab La Isla Bonita \u00bb (la belle \u00eele), d\u00e9voile ses sommets volcaniques ac\u00e9r\u00e9s, ses for\u00eats d\u2019un vert profond et les vall\u00e9es majestueuses sculpt\u00e9es par la nature au fil des mill\u00e9naires. Au c\u0153ur de l\u2019\u00eele s\u2019\u00e9l\u00e8ve l\u2019imposante Caldera de Taburiente, un immense crat\u00e8re volcanique si vaste qu\u2019il semble presque engloutir le ciel. Depuis les hauteurs de la caldeira, la carte r\u00e9v\u00e8le les pentes abruptes qui plongent vers la vall\u00e9e en contrebas, o\u00f9 des ruisseaux serpentent \u00e0 travers des bois \u00e9pais, contribuant \u00e0 faire de La Palma l\u2019une des \u00eeles les plus verdoyantes d\u2019Europe. Les d\u00e9tails topographiques de la carte mettent en lumi\u00e8re ces espaces luxuriants : des for\u00eats de pins sauvages de la Cumbrecita aux for\u00eats fra\u00eeches et brumeuses du nord de l\u2019\u00eele, o\u00f9 les anciens lauriers murmurent encore les secrets d\u2019un autre temps. Le littoral, tout aussi spectaculaire, raconte une autre histoire : des falaises vertigineuses qui tombent dans le bleu profond de l\u2019oc\u00e9an Atlantique, ponctu\u00e9es de plages discr\u00e8tes et de petits villages de p\u00eacheurs blottis contre la c\u00f4te. L\u2019\u00eele porte aussi les traces d\u2019une histoire riche, inscrite dans les bourgs et villages qui pars\u00e8ment la carte. Santa Cruz de La Palma, la capitale, d\u00e9voile ses ruelles \u00e9troites bord\u00e9es de maisons d\u2019\u00e9poque coloniale, et l\u2019embl\u00e9matique Plaza de Espa\u00f1a offre un havre paisible o\u00f9 flotte encore le parfum du pass\u00e9. La carte met \u00e9galement en valeur le c\u00e9l\u00e8bre Observatoire du Roque de los Muchachos, perch\u00e9 tr\u00e8s haut sur l\u2019\u00eele, l\u00e0 o\u00f9 les scientifiques scrutent les \u00e9toiles, comme si les paysages de La Palma ouvraient une porte vers l\u2019infini de l\u2019univers.<\/p>\n","protected":false},"excerpt":{"rendered":"<p>Obtenez ce Poster Carte d&rsquo;altitude de La Palma, \u00celes Canaries, en tant que carte murale. Vous pouvez choisir la taille ou le design de votre carte <\/p>\n","protected":false},"featured_media":20938,"template":"","meta":{"_uag_custom_page_level_css":"","_monsterinsights_skip_tracking":false,"_monsterinsights_sitenote_active":false,"_monsterinsights_sitenote_note":"","_monsterinsights_sitenote_category":0,"site-sidebar-layout":"default","site-content-layout":"","ast-site-content-layout":"default","site-content-style":"default","site-sidebar-style":"default","ast-global-header-display":"","ast-banner-title-visibility":"","ast-main-header-display":"","ast-hfb-above-header-display":"","ast-hfb-below-header-display":"","ast-hfb-mobile-header-display":"","site-post-title":"","ast-breadcrumbs-content":"","ast-featured-img":"","footer-sml-layout":"","ast-disable-related-posts":"","theme-transparent-header-meta":"default","adv-header-id-meta":"","stick-header-meta":"","header-above-stick-meta":"","header-main-stick-meta":"","header-below-stick-meta":"","astra-migrate-meta-layouts":"set","ast-page-background-enabled":"default","ast-page-background-meta":{"desktop":{"background-color":"","background-image":"","background-repeat":"repeat","background-position":"center center","background-size":"auto","background-attachment":"scroll","background-type":"","background-media":"","overlay-type":"","overlay-color":"","overlay-opacity":"","overlay-gradient":""},"tablet":{"background-color":"","background-image":"","background-repeat":"repeat","background-position":"center center","background-size":"auto","background-attachment":"scroll","background-type":"","background-media":"","overlay-type":"","overlay-color":"","overlay-opacity":"","overlay-gradient":""},"mobile":{"background-color":"","background-image":"","background-repeat":"repeat","background-position":"center center","background-size":"auto","background-attachment":"scroll","background-type":"","background-media":"","overlay-type":"","overlay-color":"","overlay-opacity":"","overlay-gradient":""}},"ast-content-background-meta":{"desktop":{"background-color":"var(--ast-global-color-5)","background-image":"","background-repeat":"repeat","background-position":"center center","background-size":"auto","background-attachment":"scroll","background-type":"","background-media":"","overlay-type":"","overlay-color":"","overlay-opacity":"","overlay-gradient":""},"tablet":{"background-color":"var(--ast-global-color-5)","background-image":"","background-repeat":"repeat","background-position":"center center","background-size":"auto","background-attachment":"scroll","background-type":"","background-media":"","overlay-type":"","overlay-color":"","overlay-opacity":"","overlay-gradient":""},"mobile":{"background-color":"var(--ast-global-color-5)","background-image":"","background-repeat":"repeat","background-position":"center center","background-size":"auto","background-attachment":"scroll","background-type":"","background-media":"","overlay-type":"","overlay-color":"","overlay-opacity":"","overlay-gradient":""}}},"product_brand":[],"product_cat":[90,465],"product_tag":[34,35,36,888,98,39,92,319,93,898,99],"class_list":{"0":"post-19317","1":"product","2":"type-product","3":"status-publish","4":"has-post-thumbnail","6":"product_cat-elevation-maps","7":"product_cat-featured_esp","8":"product_tag-30x40","9":"product_tag-40x50","10":"product_tag-50x70","11":"product_tag-canarias","12":"product_tag-canary","13":"product_tag-canvas","14":"product_tag-elevation-map","15":"product_tag-espana","16":"product_tag-europe","17":"product_tag-la-palma","18":"product_tag-spain","19":"desktop-align-left","20":"tablet-align-left","21":"mobile-align-left","23":"first","24":"instock","25":"shipping-taxable","26":"purchasable","27":"product-type-variable"},"aioseo_notices":[],"uagb_featured_image_src":{"full":["https:\/\/mapospheres.eu\/wp-content\/uploads\/2026\/03\/ELEV_CANVAS_1FULLPAGE_LAPALMA.jpg",1000,1000,false],"thumbnail":["https:\/\/mapospheres.eu\/wp-content\/uploads\/2026\/03\/ELEV_CANVAS_1FULLPAGE_LAPALMA-150x150.jpg",150,150,true],"medium":["https:\/\/mapospheres.eu\/wp-content\/uploads\/2026\/03\/ELEV_CANVAS_1FULLPAGE_LAPALMA-300x300.jpg",300,300,true],"medium_large":["https:\/\/mapospheres.eu\/wp-content\/uploads\/2026\/03\/ELEV_CANVAS_1FULLPAGE_LAPALMA-768x768.jpg",768,768,true],"large":["https:\/\/mapospheres.eu\/wp-content\/uploads\/2026\/03\/ELEV_CANVAS_1FULLPAGE_LAPALMA.jpg",1000,1000,false],"1536x1536":["https:\/\/mapospheres.eu\/wp-content\/uploads\/2026\/03\/ELEV_CANVAS_1FULLPAGE_LAPALMA.jpg",1000,1000,false],"2048x2048":["https:\/\/mapospheres.eu\/wp-content\/uploads\/2026\/03\/ELEV_CANVAS_1FULLPAGE_LAPALMA.jpg",1000,1000,false],"woocommerce_thumbnail":["https:\/\/mapospheres.eu\/wp-content\/uploads\/2026\/03\/ELEV_CANVAS_1FULLPAGE_LAPALMA-300x300.jpg",300,300,true],"woocommerce_single":["https:\/\/mapospheres.eu\/wp-content\/uploads\/2026\/03\/ELEV_CANVAS_1FULLPAGE_LAPALMA-600x600.jpg",600,600,true],"woocommerce_gallery_thumbnail":["https:\/\/mapospheres.eu\/wp-content\/uploads\/2026\/03\/ELEV_CANVAS_1FULLPAGE_LAPALMA-100x100.jpg",100,100,true]},"uagb_author_info":{"display_name":"sgainot04@gmail.com","author_link":"https:\/\/mapospheres.eu\/fr\/author\/"},"uagb_comment_info":0,"uagb_excerpt":"Obtenez ce Poster Carte d'altitude de La Palma, \u00celes Canaries, en tant que carte murale. Vous pouvez choisir la taille ou le design de votre carte","_links":{"self":[{"href":"https:\/\/mapospheres.eu\/fr\/wp-json\/wp\/v2\/product\/19317","targetHints":{"allow":["GET"]}}],"collection":[{"href":"https:\/\/mapospheres.eu\/fr\/wp-json\/wp\/v2\/product"}],"about":[{"href":"https:\/\/mapospheres.eu\/fr\/wp-json\/wp\/v2\/types\/product"}],"wp:featuredmedia":[{"embeddable":true,"href":"https:\/\/mapospheres.eu\/fr\/wp-json\/wp\/v2\/media\/20938"}],"wp:attachment":[{"href":"https:\/\/mapospheres.eu\/fr\/wp-json\/wp\/v2\/media?parent=19317"}],"wp:term":[{"taxonomy":"product_brand","embeddable":true,"href":"https:\/\/mapospheres.eu\/fr\/wp-json\/wp\/v2\/product_brand?post=19317"},{"taxonomy":"product_cat","embeddable":true,"href":"https:\/\/mapospheres.eu\/fr\/wp-json\/wp\/v2\/product_cat?post=19317"},{"taxonomy":"product_tag","embeddable":true,"href":"https:\/\/mapospheres.eu\/fr\/wp-json\/wp\/v2\/product_tag?post=19317"}],"curies":[{"name":"wp","href":"https:\/\/api.w.org\/{rel}","templated":true}]}}