{"id":19318,"date":"2026-03-10T14:34:57","date_gmt":"2026-03-10T14:34:57","guid":{"rendered":"https:\/\/mapospheres.eu\/product\/poster-of-sao-jorge-azores-elevation-map\/"},"modified":"2026-03-16T14:42:38","modified_gmt":"2026-03-16T14:42:38","slug":"poster-of-sao-jorge-azores-elevation-map","status":"publish","type":"product","link":"https:\/\/mapospheres.eu\/fr\/product\/poster-de-sao-jorge-acores-carte-daltitude\/","title":{"rendered":"Poster de S\u00e3o Jorge, A\u00e7ores | Carte d'altitude"},"content":{"rendered":"<p><strong>Poster de la carte d\u2019altitude de S\u00e3o Jorge, A\u00e7ores : cette carte r\u00e9v\u00e8le la beaut\u00e9 sauvage de l\u2019\u00eele \u00e0 travers un relief riche et d\u00e9taill\u00e9, offrant une vision du territoire \u00e0 la fois artistique et \u00e9clairante.<\/strong><\/p>\n<p>Nich\u00e9e au c\u0153ur des A\u00e7ores, S\u00e3o Jorge est une \u00eele qui semble tout droit sortie d\u2019un livre de l\u00e9gendes, avec ses falaises vertigineuses, ses paysages luxuriants et la danse \u00e9ternelle de l\u2019oc\u00e9an autour de ses rivages. De ses montagnes volcaniques majestueuses \u00e0 ses vall\u00e9es paisibles, la g\u00e9ographie de S\u00e3o Jorge poss\u00e8de une intensit\u00e9 presque th\u00e9\u00e2trale. La carte met en lumi\u00e8re les c\u00e9l\u00e8bres \u00ab faj\u00e3s \u00bb de l\u2019\u00eele \u2014 ces plateaux c\u00f4tiers fertiles fa\u00e7onn\u00e9s par d\u2019anciennes coul\u00e9es de lave \u2014 o\u00f9 les habitants cultivent la terre depuis des si\u00e8cles, dans des d\u00e9cors si pittoresques qu\u2019ils donnent envie d\u2019y entrer comme dans un tableau. Les collines ondulantes et les vall\u00e9es sont tapiss\u00e9es de for\u00eats d\u2019un vert profond et \u00e9clatant, tandis que le dessin de la carte laisse jouer ombres et courbes pour r\u00e9v\u00e9ler toute la splendeur naturelle de S\u00e3o Jorge, des ravins escarp\u00e9s aux p\u00e2turages paisibles. Les sommets imposants, comme le Pico da Esperan\u00e7a, semblent fr\u00f4ler le ciel, tandis que la c\u00f4te dentel\u00e9e promet des grottes secr\u00e8tes et des plages isol\u00e9es, accessibles seulement aux plus aventureux. Des lieux embl\u00e9matiques comme l\u2019\u00e9glise de Santa B\u00e1rbara, dont les murs blanchis se d\u00e9tachent sur la verdure de l\u2019\u00eele, ou l\u2019imposante forteresse du Forte de S\u00e3o Jo\u00e3o Baptista, offrent un aper\u00e7u du riche pass\u00e9 de cette terre fa\u00e7onn\u00e9e par l\u2019histoire et l\u2019oc\u00e9an.<\/p>\n","protected":false},"excerpt":{"rendered":"<p>Obtenez ce Poster Carte d&rsquo;altitude de S\u00e3o Jorge, A\u00e7ores, en tant que carte murale. Vous pouvez choisir la taille ou le design de votre carte <\/p>\n","protected":false},"featured_media":20932,"template":"","meta":{"_uag_custom_page_level_css":"","_monsterinsights_skip_tracking":false,"_monsterinsights_sitenote_active":false,"_monsterinsights_sitenote_note":"","_monsterinsights_sitenote_category":0,"site-sidebar-layout":"default","site-content-layout":"","ast-site-content-layout":"default","site-content-style":"default","site-sidebar-style":"default","ast-global-header-display":"","ast-banner-title-visibility":"","ast-main-header-display":"","ast-hfb-above-header-display":"","ast-hfb-below-header-display":"","ast-hfb-mobile-header-display":"","site-post-title":"","ast-breadcrumbs-content":"","ast-featured-img":"","footer-sml-layout":"","ast-disable-related-posts":"","theme-transparent-header-meta":"default","adv-header-id-meta":"","stick-header-meta":"","header-above-stick-meta":"","header-main-stick-meta":"","header-below-stick-meta":"","astra-migrate-meta-layouts":"set","ast-page-background-enabled":"default","ast-page-background-meta":{"desktop":{"background-color":"","background-image":"","background-repeat":"repeat","background-position":"center center","background-size":"auto","background-attachment":"scroll","background-type":"","background-media":"","overlay-type":"","overlay-color":"","overlay-opacity":"","overlay-gradient":""},"tablet":{"background-color":"","background-image":"","background-repeat":"repeat","background-position":"center center","background-size":"auto","background-attachment":"scroll","background-type":"","background-media":"","overlay-type":"","overlay-color":"","overlay-opacity":"","overlay-gradient":""},"mobile":{"background-color":"","background-image":"","background-repeat":"repeat","background-position":"center center","background-size":"auto","background-attachment":"scroll","background-type":"","background-media":"","overlay-type":"","overlay-color":"","overlay-opacity":"","overlay-gradient":""}},"ast-content-background-meta":{"desktop":{"background-color":"var(--ast-global-color-5)","background-image":"","background-repeat":"repeat","background-position":"center center","background-size":"auto","background-attachment":"scroll","background-type":"","background-media":"","overlay-type":"","overlay-color":"","overlay-opacity":"","overlay-gradient":""},"tablet":{"background-color":"var(--ast-global-color-5)","background-image":"","background-repeat":"repeat","background-position":"center center","background-size":"auto","background-attachment":"scroll","background-type":"","background-media":"","overlay-type":"","overlay-color":"","overlay-opacity":"","overlay-gradient":""},"mobile":{"background-color":"var(--ast-global-color-5)","background-image":"","background-repeat":"repeat","background-position":"center center","background-size":"auto","background-attachment":"scroll","background-type":"","background-media":"","overlay-type":"","overlay-color":"","overlay-opacity":"","overlay-gradient":""}}},"product_brand":[],"product_cat":[90],"product_tag":[34,35,36,895,896,39,92,93,479,897],"class_list":{"0":"post-19318","1":"product","2":"type-product","3":"status-publish","4":"has-post-thumbnail","6":"product_cat-elevation-maps","7":"product_tag-30x40","8":"product_tag-40x50","9":"product_tag-50x70","10":"product_tag-acores","11":"product_tag-azores","12":"product_tag-canvas","13":"product_tag-elevation-map","14":"product_tag-europe","15":"product_tag-portugal","16":"product_tag-sao-jorge","17":"desktop-align-left","18":"tablet-align-left","19":"mobile-align-left","21":"first","22":"instock","23":"shipping-taxable","24":"purchasable","25":"product-type-variable"},"aioseo_notices":[],"uagb_featured_image_src":{"full":["https:\/\/mapospheres.eu\/wp-content\/uploads\/2026\/03\/ELEV_CANVAS_1FULLPAGE2_SAOJORGE.jpg",1000,1000,false],"thumbnail":["https:\/\/mapospheres.eu\/wp-content\/uploads\/2026\/03\/ELEV_CANVAS_1FULLPAGE2_SAOJORGE-150x150.jpg",150,150,true],"medium":["https:\/\/mapospheres.eu\/wp-content\/uploads\/2026\/03\/ELEV_CANVAS_1FULLPAGE2_SAOJORGE-300x300.jpg",300,300,true],"medium_large":["https:\/\/mapospheres.eu\/wp-content\/uploads\/2026\/03\/ELEV_CANVAS_1FULLPAGE2_SAOJORGE-768x768.jpg",768,768,true],"large":["https:\/\/mapospheres.eu\/wp-content\/uploads\/2026\/03\/ELEV_CANVAS_1FULLPAGE2_SAOJORGE.jpg",1000,1000,false],"1536x1536":["https:\/\/mapospheres.eu\/wp-content\/uploads\/2026\/03\/ELEV_CANVAS_1FULLPAGE2_SAOJORGE.jpg",1000,1000,false],"2048x2048":["https:\/\/mapospheres.eu\/wp-content\/uploads\/2026\/03\/ELEV_CANVAS_1FULLPAGE2_SAOJORGE.jpg",1000,1000,false],"woocommerce_thumbnail":["https:\/\/mapospheres.eu\/wp-content\/uploads\/2026\/03\/ELEV_CANVAS_1FULLPAGE2_SAOJORGE-300x300.jpg",300,300,true],"woocommerce_single":["https:\/\/mapospheres.eu\/wp-content\/uploads\/2026\/03\/ELEV_CANVAS_1FULLPAGE2_SAOJORGE-600x600.jpg",600,600,true],"woocommerce_gallery_thumbnail":["https:\/\/mapospheres.eu\/wp-content\/uploads\/2026\/03\/ELEV_CANVAS_1FULLPAGE2_SAOJORGE-100x100.jpg",100,100,true]},"uagb_author_info":{"display_name":"sgainot04@gmail.com","author_link":"https:\/\/mapospheres.eu\/fr\/author\/"},"uagb_comment_info":0,"uagb_excerpt":"Obtenez ce Poster Carte d'altitude de S\u00e3o Jorge, A\u00e7ores, en tant que carte murale. Vous pouvez choisir la taille ou le design de votre carte","_links":{"self":[{"href":"https:\/\/mapospheres.eu\/fr\/wp-json\/wp\/v2\/product\/19318","targetHints":{"allow":["GET"]}}],"collection":[{"href":"https:\/\/mapospheres.eu\/fr\/wp-json\/wp\/v2\/product"}],"about":[{"href":"https:\/\/mapospheres.eu\/fr\/wp-json\/wp\/v2\/types\/product"}],"wp:featuredmedia":[{"embeddable":true,"href":"https:\/\/mapospheres.eu\/fr\/wp-json\/wp\/v2\/media\/20932"}],"wp:attachment":[{"href":"https:\/\/mapospheres.eu\/fr\/wp-json\/wp\/v2\/media?parent=19318"}],"wp:term":[{"taxonomy":"product_brand","embeddable":true,"href":"https:\/\/mapospheres.eu\/fr\/wp-json\/wp\/v2\/product_brand?post=19318"},{"taxonomy":"product_cat","embeddable":true,"href":"https:\/\/mapospheres.eu\/fr\/wp-json\/wp\/v2\/product_cat?post=19318"},{"taxonomy":"product_tag","embeddable":true,"href":"https:\/\/mapospheres.eu\/fr\/wp-json\/wp\/v2\/product_tag?post=19318"}],"curies":[{"name":"wp","href":"https:\/\/api.w.org\/{rel}","templated":true}]}}