{"id":19319,"date":"2026-03-10T14:34:58","date_gmt":"2026-03-10T14:34:58","guid":{"rendered":"https:\/\/mapospheres.eu\/product\/poster-of-madeira-portugal-elevation-map\/"},"modified":"2026-03-16T14:42:20","modified_gmt":"2026-03-16T14:42:20","slug":"poster-of-madeira-portugal-elevation-map","status":"publish","type":"product","link":"https:\/\/mapospheres.eu\/fr\/product\/poster-de-madere-portugal-carte-daltitude\/","title":{"rendered":"Poster de Mad\u00e8re Portugal | Carte d'altitude"},"content":{"rendered":"<p><strong>Poster Carte d&rsquo;altitude de Mad\u00e8re, Portugal : une \u00eele de l\u00e9gendes, o\u00f9 les r\u00e9cits des premiers explorateurs rencontrent les aventures des voyageurs modernes sur des sentiers escarp\u00e9s.<\/strong><\/p>\n<p>Mad\u00e8re, surnomm\u00e9e \u00ab l\u2019\u00cele du Printemps \u00c9ternel \u00bb, est une terre de contrastes fascinants : des montagnes majestueuses plongent dans l\u2019oc\u00e9an et des for\u00eats luxuriantes se terminent en falaises spectaculaires. La carte de la ville de Mad\u00e8re offre un voyage visuel captivant, r\u00e9v\u00e9lant chaque recoin de cette \u00eele extraordinaire. Le Pico Ruivo, sommet le plus \u00e9lev\u00e9 de l\u2019\u00eele, s\u2019\u00e9l\u00e8ve fi\u00e8rement \u00e0 1 862 m\u00e8tres, souvent envelopp\u00e9 de brume et offrant des panoramas \u00e0 couper le souffle sur vall\u00e9es verdoyantes et cr\u00eates escarp\u00e9es. La carte suit avec \u00e9l\u00e9gance les sentiers sinueux qui m\u00e8nent \u00e0 ce sommet mythique, illustrant la mont\u00e9e dramatique de l\u2019\u00eele depuis la mer. Autour, le terrain se d\u00e9ploie en collines abruptes et ravins profonds, les ribeiras, v\u00e9ritables art\u00e8res naturelles o\u00f9 prosp\u00e8re une v\u00e9g\u00e9tation luxuriante, faisant de Mad\u00e8re un joyau de biodiversit\u00e9. La for\u00eat embl\u00e9matique de Laurisilva, class\u00e9e au patrimoine mondial de l\u2019UNESCO, appara\u00eet comme un tapis de vert \u00e9meraude recouvrant les montagnes, un monde enchant\u00e9 de mousses et de chemins sinueux digne des contes de f\u00e9es. La carte met \u00e9galement en lumi\u00e8re le r\u00e9seau de levadas, ces canaux d\u2019irrigation s\u00e9culaires qui serpentent \u00e0 travers l\u2019\u00eele et qui aujourd\u2019hui invitent \u00e0 de magnifiques promenades, immergeant les visiteurs au c\u0153ur de la nature sauvage. Le centre historique de Funchal, avec ses rues pav\u00e9es et son architecture coloniale, contraste avec la nature indompt\u00e9e qui l\u2019entoure. De la Cath\u00e9drale S\u00e9 aux somptueux Jardins du Monte Palace, la carte capture l\u2019\u00e2me culturelle et historique de l\u2019\u00eele. Le long du littoral, elle trace des panoramas \u00e9poustouflants, des villages pittoresques comme Cani\u00e7o et Porto Moniz, o\u00f9 les formations rocheuses volcaniques rencontrent l\u2019Atlantique dans une harmonie parfaite entre splendeur naturelle et g\u00e9nie humain.<\/p>\n","protected":false},"excerpt":{"rendered":"<p>Obtenez votre Poster Carte d&rsquo;\u00c9l\u00e9vation de Mad\u00e8re, Portugal pour d\u00e9corer vos murs ! Choisissez la taille et le style qui s\u2019adaptent parfaitement \u00e0 votre espace.<\/p>\n","protected":false},"featured_media":19359,"template":"","meta":{"_uag_custom_page_level_css":"","_monsterinsights_skip_tracking":false,"_monsterinsights_sitenote_active":false,"_monsterinsights_sitenote_note":"","_monsterinsights_sitenote_category":0,"site-sidebar-layout":"default","site-content-layout":"","ast-site-content-layout":"default","site-content-style":"default","site-sidebar-style":"default","ast-global-header-display":"","ast-banner-title-visibility":"","ast-main-header-display":"","ast-hfb-above-header-display":"","ast-hfb-below-header-display":"","ast-hfb-mobile-header-display":"","site-post-title":"","ast-breadcrumbs-content":"","ast-featured-img":"","footer-sml-layout":"","ast-disable-related-posts":"","theme-transparent-header-meta":"default","adv-header-id-meta":"","stick-header-meta":"","header-above-stick-meta":"","header-main-stick-meta":"","header-below-stick-meta":"","astra-migrate-meta-layouts":"set","ast-page-background-enabled":"default","ast-page-background-meta":{"desktop":{"background-color":"","background-image":"","background-repeat":"repeat","background-position":"center center","background-size":"auto","background-attachment":"scroll","background-type":"","background-media":"","overlay-type":"","overlay-color":"","overlay-opacity":"","overlay-gradient":""},"tablet":{"background-color":"","background-image":"","background-repeat":"repeat","background-position":"center center","background-size":"auto","background-attachment":"scroll","background-type":"","background-media":"","overlay-type":"","overlay-color":"","overlay-opacity":"","overlay-gradient":""},"mobile":{"background-color":"","background-image":"","background-repeat":"repeat","background-position":"center center","background-size":"auto","background-attachment":"scroll","background-type":"","background-media":"","overlay-type":"","overlay-color":"","overlay-opacity":"","overlay-gradient":""}},"ast-content-background-meta":{"desktop":{"background-color":"var(--ast-global-color-5)","background-image":"","background-repeat":"repeat","background-position":"center center","background-size":"auto","background-attachment":"scroll","background-type":"","background-media":"","overlay-type":"","overlay-color":"","overlay-opacity":"","overlay-gradient":""},"tablet":{"background-color":"var(--ast-global-color-5)","background-image":"","background-repeat":"repeat","background-position":"center center","background-size":"auto","background-attachment":"scroll","background-type":"","background-media":"","overlay-type":"","overlay-color":"","overlay-opacity":"","overlay-gradient":""},"mobile":{"background-color":"var(--ast-global-color-5)","background-image":"","background-repeat":"repeat","background-position":"center center","background-size":"auto","background-attachment":"scroll","background-type":"","background-media":"","overlay-type":"","overlay-color":"","overlay-opacity":"","overlay-gradient":""}}},"product_brand":[],"product_cat":[90,338,464,465],"product_tag":[34,35,36,39,92,93,842,479],"class_list":{"0":"post-19319","1":"product","2":"type-product","3":"status-publish","4":"has-post-thumbnail","6":"product_cat-elevation-maps","7":"product_cat-featured_eng","8":"product_cat-featured_fr","9":"product_cat-featured_esp","10":"product_tag-30x40","11":"product_tag-40x50","12":"product_tag-50x70","13":"product_tag-canvas","14":"product_tag-elevation-map","15":"product_tag-europe","16":"product_tag-madeira","17":"product_tag-portugal","18":"desktop-align-left","19":"tablet-align-left","20":"mobile-align-left","22":"first","23":"instock","24":"shipping-taxable","25":"purchasable","26":"product-type-variable"},"aioseo_notices":[],"uagb_featured_image_src":{"full":["https:\/\/mapospheres.eu\/wp-content\/uploads\/2026\/03\/ELEV_CANVAS_1FULLPAGE2.jpg",1000,1000,false],"thumbnail":["https:\/\/mapospheres.eu\/wp-content\/uploads\/2026\/03\/ELEV_CANVAS_1FULLPAGE2-150x150.jpg",150,150,true],"medium":["https:\/\/mapospheres.eu\/wp-content\/uploads\/2026\/03\/ELEV_CANVAS_1FULLPAGE2-300x300.jpg",300,300,true],"medium_large":["https:\/\/mapospheres.eu\/wp-content\/uploads\/2026\/03\/ELEV_CANVAS_1FULLPAGE2-768x768.jpg",768,768,true],"large":["https:\/\/mapospheres.eu\/wp-content\/uploads\/2026\/03\/ELEV_CANVAS_1FULLPAGE2.jpg",1000,1000,false],"1536x1536":["https:\/\/mapospheres.eu\/wp-content\/uploads\/2026\/03\/ELEV_CANVAS_1FULLPAGE2.jpg",1000,1000,false],"2048x2048":["https:\/\/mapospheres.eu\/wp-content\/uploads\/2026\/03\/ELEV_CANVAS_1FULLPAGE2.jpg",1000,1000,false],"woocommerce_thumbnail":["https:\/\/mapospheres.eu\/wp-content\/uploads\/2026\/03\/ELEV_CANVAS_1FULLPAGE2-300x300.jpg",300,300,true],"woocommerce_single":["https:\/\/mapospheres.eu\/wp-content\/uploads\/2026\/03\/ELEV_CANVAS_1FULLPAGE2-600x600.jpg",600,600,true],"woocommerce_gallery_thumbnail":["https:\/\/mapospheres.eu\/wp-content\/uploads\/2026\/03\/ELEV_CANVAS_1FULLPAGE2-100x100.jpg",100,100,true]},"uagb_author_info":{"display_name":"sgainot04@gmail.com","author_link":"https:\/\/mapospheres.eu\/fr\/author\/"},"uagb_comment_info":0,"uagb_excerpt":"Obtenez votre Poster Carte d'\u00c9l\u00e9vation de Mad\u00e8re, Portugal pour d\u00e9corer vos murs ! Choisissez la taille et le style qui s\u2019adaptent parfaitement \u00e0 votre espace.","_links":{"self":[{"href":"https:\/\/mapospheres.eu\/fr\/wp-json\/wp\/v2\/product\/19319","targetHints":{"allow":["GET"]}}],"collection":[{"href":"https:\/\/mapospheres.eu\/fr\/wp-json\/wp\/v2\/product"}],"about":[{"href":"https:\/\/mapospheres.eu\/fr\/wp-json\/wp\/v2\/types\/product"}],"wp:featuredmedia":[{"embeddable":true,"href":"https:\/\/mapospheres.eu\/fr\/wp-json\/wp\/v2\/media\/19359"}],"wp:attachment":[{"href":"https:\/\/mapospheres.eu\/fr\/wp-json\/wp\/v2\/media?parent=19319"}],"wp:term":[{"taxonomy":"product_brand","embeddable":true,"href":"https:\/\/mapospheres.eu\/fr\/wp-json\/wp\/v2\/product_brand?post=19319"},{"taxonomy":"product_cat","embeddable":true,"href":"https:\/\/mapospheres.eu\/fr\/wp-json\/wp\/v2\/product_cat?post=19319"},{"taxonomy":"product_tag","embeddable":true,"href":"https:\/\/mapospheres.eu\/fr\/wp-json\/wp\/v2\/product_tag?post=19319"}],"curies":[{"name":"wp","href":"https:\/\/api.w.org\/{rel}","templated":true}]}}