{"id":19320,"date":"2026-03-10T14:35:00","date_gmt":"2026-03-10T14:35:00","guid":{"rendered":"https:\/\/mapospheres.eu\/product\/poster-of-santiago-cabo-verde-elevation-map\/"},"modified":"2026-03-16T14:42:38","modified_gmt":"2026-03-16T14:42:38","slug":"poster-of-santiago-cabo-verde-elevation-map","status":"publish","type":"product","link":"https:\/\/mapospheres.eu\/fr\/product\/poster-de-santiago-cap-vert-carte-daltitude\/","title":{"rendered":"Poster de Santiago, Cap Vert | Carte d'altitude"},"content":{"rendered":"<p><strong>Poster Carte d&rsquo;altitude de Santiago, Cap Vert : berceau de l&rsquo;ind\u00e9pendance du Cabo Verde, cette carte porte le poids de cette histoire dans chaque courbe de son relief.<\/strong><\/p>\n<p>Santiago, la plus grande et la plus peupl\u00e9e des \u00eeles de l&rsquo;archipel du Cabo Verde, est un lieu o\u00f9 histoire, culture et nature s&rsquo;entrelacent dans un paysage \u00e0 la fois saisissant et d&rsquo;une diversit\u00e9 rare. Le c\u0153ur de l&rsquo;\u00eele est son noyau montagneux, o\u00f9 les sommets imposants du Pico da Ant\u00f3nia et du Pico de Forno s&rsquo;\u00e9l\u00e8vent dramatiquement au-dessus des terres basses. Ces montagnes majestueuses, saisies avec une pr\u00e9cision topographique admirable, offrent non seulement l&rsquo;\u00e9pine dorsale naturelle de l&rsquo;\u00eele, mais aussi un sentiment de profond \u00e9merveillement. Les sommets sont souvent envelopp\u00e9s de brume, leur conf\u00e9rant une qualit\u00e9 mystique, presque irr\u00e9elle. Depuis ces hauteurs, le regard s&rsquo;\u00e9tend sur toute l&rsquo;\u00eele, offrant des aper\u00e7us du patchwork de vall\u00e9es verdoyantes en contrebas et des vastes plaines c\u00f4ti\u00e8res qui s&rsquo;ouvrent sur l&rsquo;Atlantique. La carte met en lumi\u00e8re la vibrante Ribeira de S. Jorge et la Ribeira da Barca, o\u00f9 l&rsquo;eau serpente \u00e0 travers des canyons verdoyants, creusant son chemin dans la roche volcanique. Ces vall\u00e9es sont le c\u0153ur agricole de l&rsquo;\u00eele, produisant tout, des bananes \u00e0 la canne \u00e0 sucre, et sont parsem\u00e9es de petits villages traditionnels o\u00f9 la vie s&rsquo;\u00e9coule \u00e0 un rythme plus doux, en harmonie avec la terre. Les douces collines d&rsquo;Assomada et de Santa Catarina abritent des fermes fertiles et des champs en terrasses, cr\u00e9ant un patchwork de verts qui se d\u00e9tache sur les hautes terres plus sauvages. Puis il y a le littoral de l&rsquo;\u00eele, o\u00f9 la carte capture les plages g\u00e9n\u00e9reuses de Tarrafal et la ville portuaire anim\u00e9e de Praia, la capitale de l&rsquo;\u00eele. Praia, perch\u00e9e sur la c\u00f4te sud, est le centre politique, \u00e9conomique et culturel de l&rsquo;\u00eele. Ses rues racontent des histoires de colonialisme, d&rsquo;ind\u00e9pendance et de d\u00e9veloppement moderne. La carte trace avec d\u00e9licatesse la croissance c\u00f4ti\u00e8re de la ville, depuis la vieille ville pr\u00e8s du Plateau jusqu&rsquo;aux quartiers plus contemporains le long du rivage. Le port lui-m\u00eame, avec ses embarcations et ses routes commerciales, a \u00e9t\u00e9 le t\u00e9moin silencieux de si\u00e8cles de marins, de marchands et d&rsquo;explorateurs qui l&rsquo;ont travers\u00e9. La carte capture cette essence, le bleu de l&rsquo;Atlantique se fondant harmonieusement avec le quadrillage des rues, cr\u00e9ant une harmonie visuelle entre terre et mer.<\/p>\n","protected":false},"excerpt":{"rendered":"<p>Obtenez ce Poster Carte d&rsquo;altitude de Santiago, Cap Vert, en tant que carte murale. Vous pouvez choisir la taille ou le design de votre carte <\/p>\n","protected":false},"featured_media":20924,"template":"","meta":{"_uag_custom_page_level_css":"","_monsterinsights_skip_tracking":false,"_monsterinsights_sitenote_active":false,"_monsterinsights_sitenote_note":"","_monsterinsights_sitenote_category":0,"site-sidebar-layout":"default","site-content-layout":"","ast-site-content-layout":"default","site-content-style":"default","site-sidebar-style":"default","ast-global-header-display":"","ast-banner-title-visibility":"","ast-main-header-display":"","ast-hfb-above-header-display":"","ast-hfb-below-header-display":"","ast-hfb-mobile-header-display":"","site-post-title":"","ast-breadcrumbs-content":"","ast-featured-img":"","footer-sml-layout":"","ast-disable-related-posts":"","theme-transparent-header-meta":"default","adv-header-id-meta":"","stick-header-meta":"","header-above-stick-meta":"","header-main-stick-meta":"","header-below-stick-meta":"","astra-migrate-meta-layouts":"set","ast-page-background-enabled":"default","ast-page-background-meta":{"desktop":{"background-color":"","background-image":"","background-repeat":"repeat","background-position":"center center","background-size":"auto","background-attachment":"scroll","background-type":"","background-media":"","overlay-type":"","overlay-color":"","overlay-opacity":"","overlay-gradient":""},"tablet":{"background-color":"","background-image":"","background-repeat":"repeat","background-position":"center center","background-size":"auto","background-attachment":"scroll","background-type":"","background-media":"","overlay-type":"","overlay-color":"","overlay-opacity":"","overlay-gradient":""},"mobile":{"background-color":"","background-image":"","background-repeat":"repeat","background-position":"center center","background-size":"auto","background-attachment":"scroll","background-type":"","background-media":"","overlay-type":"","overlay-color":"","overlay-opacity":"","overlay-gradient":""}},"ast-content-background-meta":{"desktop":{"background-color":"var(--ast-global-color-5)","background-image":"","background-repeat":"repeat","background-position":"center center","background-size":"auto","background-attachment":"scroll","background-type":"","background-media":"","overlay-type":"","overlay-color":"","overlay-opacity":"","overlay-gradient":""},"tablet":{"background-color":"var(--ast-global-color-5)","background-image":"","background-repeat":"repeat","background-position":"center center","background-size":"auto","background-attachment":"scroll","background-type":"","background-media":"","overlay-type":"","overlay-color":"","overlay-opacity":"","overlay-gradient":""},"mobile":{"background-color":"var(--ast-global-color-5)","background-image":"","background-repeat":"repeat","background-position":"center center","background-size":"auto","background-attachment":"scroll","background-type":"","background-media":"","overlay-type":"","overlay-color":"","overlay-opacity":"","overlay-gradient":""}}},"product_brand":[],"product_cat":[90],"product_tag":[34,35,36,97,886,39,92,893,753,894],"class_list":{"0":"post-19320","1":"product","2":"type-product","3":"status-publish","4":"has-post-thumbnail","6":"product_cat-elevation-maps","7":"product_tag-30x40","8":"product_tag-40x50","9":"product_tag-50x70","10":"product_tag-africa","11":"product_tag-cabo-verde","12":"product_tag-canvas","13":"product_tag-elevation-map","14":"product_tag-praia","15":"product_tag-santiago","16":"product_tag-santiagu","17":"desktop-align-left","18":"tablet-align-left","19":"mobile-align-left","21":"first","22":"instock","23":"shipping-taxable","24":"purchasable","25":"product-type-variable"},"aioseo_notices":[],"uagb_featured_image_src":{"full":["https:\/\/mapospheres.eu\/wp-content\/uploads\/2026\/03\/ELEV_CANVAS_1FULLPAGE_SANTIAGO_PRAIA.jpg",1000,1000,false],"thumbnail":["https:\/\/mapospheres.eu\/wp-content\/uploads\/2026\/03\/ELEV_CANVAS_1FULLPAGE_SANTIAGO_PRAIA-150x150.jpg",150,150,true],"medium":["https:\/\/mapospheres.eu\/wp-content\/uploads\/2026\/03\/ELEV_CANVAS_1FULLPAGE_SANTIAGO_PRAIA-300x300.jpg",300,300,true],"medium_large":["https:\/\/mapospheres.eu\/wp-content\/uploads\/2026\/03\/ELEV_CANVAS_1FULLPAGE_SANTIAGO_PRAIA-768x768.jpg",768,768,true],"large":["https:\/\/mapospheres.eu\/wp-content\/uploads\/2026\/03\/ELEV_CANVAS_1FULLPAGE_SANTIAGO_PRAIA.jpg",1000,1000,false],"1536x1536":["https:\/\/mapospheres.eu\/wp-content\/uploads\/2026\/03\/ELEV_CANVAS_1FULLPAGE_SANTIAGO_PRAIA.jpg",1000,1000,false],"2048x2048":["https:\/\/mapospheres.eu\/wp-content\/uploads\/2026\/03\/ELEV_CANVAS_1FULLPAGE_SANTIAGO_PRAIA.jpg",1000,1000,false],"woocommerce_thumbnail":["https:\/\/mapospheres.eu\/wp-content\/uploads\/2026\/03\/ELEV_CANVAS_1FULLPAGE_SANTIAGO_PRAIA-300x300.jpg",300,300,true],"woocommerce_single":["https:\/\/mapospheres.eu\/wp-content\/uploads\/2026\/03\/ELEV_CANVAS_1FULLPAGE_SANTIAGO_PRAIA-600x600.jpg",600,600,true],"woocommerce_gallery_thumbnail":["https:\/\/mapospheres.eu\/wp-content\/uploads\/2026\/03\/ELEV_CANVAS_1FULLPAGE_SANTIAGO_PRAIA-100x100.jpg",100,100,true]},"uagb_author_info":{"display_name":"sgainot04@gmail.com","author_link":"https:\/\/mapospheres.eu\/fr\/author\/"},"uagb_comment_info":0,"uagb_excerpt":"Obtenez ce Poster Carte d'altitude de Santiago, Cap Vert, en tant que carte murale. Vous pouvez choisir la taille ou le design de votre carte","_links":{"self":[{"href":"https:\/\/mapospheres.eu\/fr\/wp-json\/wp\/v2\/product\/19320","targetHints":{"allow":["GET"]}}],"collection":[{"href":"https:\/\/mapospheres.eu\/fr\/wp-json\/wp\/v2\/product"}],"about":[{"href":"https:\/\/mapospheres.eu\/fr\/wp-json\/wp\/v2\/types\/product"}],"wp:featuredmedia":[{"embeddable":true,"href":"https:\/\/mapospheres.eu\/fr\/wp-json\/wp\/v2\/media\/20924"}],"wp:attachment":[{"href":"https:\/\/mapospheres.eu\/fr\/wp-json\/wp\/v2\/media?parent=19320"}],"wp:term":[{"taxonomy":"product_brand","embeddable":true,"href":"https:\/\/mapospheres.eu\/fr\/wp-json\/wp\/v2\/product_brand?post=19320"},{"taxonomy":"product_cat","embeddable":true,"href":"https:\/\/mapospheres.eu\/fr\/wp-json\/wp\/v2\/product_cat?post=19320"},{"taxonomy":"product_tag","embeddable":true,"href":"https:\/\/mapospheres.eu\/fr\/wp-json\/wp\/v2\/product_tag?post=19320"}],"curies":[{"name":"wp","href":"https:\/\/api.w.org\/{rel}","templated":true}]}}