{"id":19321,"date":"2026-03-10T14:35:02","date_gmt":"2026-03-10T14:35:02","guid":{"rendered":"https:\/\/mapospheres.eu\/product\/poster-of-fogo-cabo-verde-elevation-map\/"},"modified":"2026-03-16T14:41:48","modified_gmt":"2026-03-16T14:41:48","slug":"poster-of-fogo-cabo-verde-elevation-map","status":"publish","type":"product","link":"https:\/\/mapospheres.eu\/fr\/product\/poster-de-fogo-cap-vert-carte-daltitude\/","title":{"rendered":"Poster de Fogo, Cap Vert | Carte d'altitude"},"content":{"rendered":"<p><strong>Poster Carte d&rsquo;altitude de Fogo, Cap Vert : pas seulement une terre de feu, mais de vie. La carte met en valeur les \u00e9cosyst\u00e8mes vari\u00e9s de l&rsquo;\u00eele, des \u00e9tendues arides de roche volcanique aux zones verdoyantes et fertiles o\u00f9 les agriculteurs cultivent aussi bien le caf\u00e9 que les bananes.<\/strong><\/p>\n<p>Fogo, dont le nom \u00e9voque ses origines volcaniques ardentes, est un lieu o\u00f9 la puissance de la nature se fait encore ressentir, et o\u00f9 les profondes cicatrices g\u00e9ologiques de la terre ont donn\u00e9 naissance \u00e0 l&rsquo;une des \u00eeles les plus spectaculaires et les plus belles de l&rsquo;archipel. Cette carte capture le charme brut de cette terre, o\u00f9 chaque sommet, chaque vall\u00e9e et chaque crat\u00e8re raconte une histoire de feu ancestral et de nature sauvage. Au c\u0153ur de la carte tr\u00f4ne le joyau embl\u00e9matique de l&rsquo;\u00eele \u2014 le majestueux Pico do Fogo, volcan actif qui s&rsquo;\u00e9l\u00e8ve \u00e0 2 829 m\u00e8tres au-dessus du niveau de la mer. Ce pic souverain, repr\u00e9sent\u00e9 avec une pr\u00e9cision topographique saisissante, domine le paysage de l&rsquo;\u00eele. Qu&rsquo;on le per\u00e7oive comme un g\u00e9ant redoutable ou un gardien paisible, le Pico do Fogo est le c\u0153ur battant de l&rsquo;\u00eele, et la carte r\u00e9v\u00e8le toute sa grandeur dans l&rsquo;\u00e9clat de sa gloire ardente. Les champs de lave environnants, noirs et d\u00e9pouill\u00e9s, offrent un contraste saisissant avec les verts et les bruns plus doux des pentes inf\u00e9rieures, o\u00f9 un sol volcanique riche a nourri une mosa\u00efque de vignobles et de cultures. Le relief de l&rsquo;\u00eele est un m\u00e9lange envo\u00fbtant de montagnes escarp\u00e9es, de vall\u00e9es fertiles et de falaises abruptes. En suivant les courbes de niveau de Fogo, vous remarquerez les ravins profonds, les ribeiras, qui sillonnent l&rsquo;\u00eele comme d&rsquo;anciennes cicatrices, serpentant depuis les hauteurs volcaniques jusqu&rsquo;au littoral. Ces vall\u00e9es d&rsquo;un vert luxuriant abritent de charmants villages, dont la principale ville de l&rsquo;\u00eele, S\u00e3o Filipe, nich\u00e9e sur la c\u00f4te sud-ouest. S\u00e3o Filipe elle-m\u00eame, avec son charme historique et son architecture coloniale, est un lieu enchanteur o\u00f9 les ruelles pav\u00e9es se dessinent sur fond de pics volcaniques. C&rsquo;est une ville qui a \u00e9t\u00e9 le t\u00e9moin de si\u00e8cles de transformations, depuis les premiers colons de l&rsquo;\u00eele jusqu&rsquo;\u00e0 son r\u00f4le contemporain de c\u0153ur culturel et \u00e9conomique. Les microclimats de l&rsquo;\u00eele, fa\u00e7onn\u00e9s par l&rsquo;altitude et la g\u00e9ographie, cr\u00e9ent des \u00eelots de verdure m\u00eame dans des endroits qui semblent par ailleurs inhospitaliers. Les r\u00e9gions basses, notamment autour de S\u00e3o Filipe, se parent de versants luxuriants, tandis que les altitudes plus \u00e9lev\u00e9es, comme la Ch\u00e3 das Caldeiras, offrent des panoramas \u00e0 perte de vue et une beaut\u00e9 plus aust\u00e8re, mais tout aussi envo\u00fbtante. Fogo est un lieu o\u00f9 la terre semble vibrer d&rsquo;une \u00e9nergie ancestrale, et cette carte insuffle toute cette \u00e9nergie dans votre int\u00e9rieur.<\/p>\n","protected":false},"excerpt":{"rendered":"<p>Obtenez ce Poster Carte d&rsquo;altitude de Fogo, Cap Vert, en tant que carte murale. Vous pouvez choisir la taille ou le design de votre carte <\/p>\n","protected":false},"featured_media":20913,"template":"","meta":{"_uag_custom_page_level_css":"","_monsterinsights_skip_tracking":false,"_monsterinsights_sitenote_active":false,"_monsterinsights_sitenote_note":"","_monsterinsights_sitenote_category":0,"site-sidebar-layout":"default","site-content-layout":"","ast-site-content-layout":"default","site-content-style":"default","site-sidebar-style":"default","ast-global-header-display":"","ast-banner-title-visibility":"","ast-main-header-display":"","ast-hfb-above-header-display":"","ast-hfb-below-header-display":"","ast-hfb-mobile-header-display":"","site-post-title":"","ast-breadcrumbs-content":"","ast-featured-img":"","footer-sml-layout":"","ast-disable-related-posts":"","theme-transparent-header-meta":"default","adv-header-id-meta":"","stick-header-meta":"","header-above-stick-meta":"","header-main-stick-meta":"","header-below-stick-meta":"","astra-migrate-meta-layouts":"set","ast-page-background-enabled":"default","ast-page-background-meta":{"desktop":{"background-color":"","background-image":"","background-repeat":"repeat","background-position":"center center","background-size":"auto","background-attachment":"scroll","background-type":"","background-media":"","overlay-type":"","overlay-color":"","overlay-opacity":"","overlay-gradient":""},"tablet":{"background-color":"","background-image":"","background-repeat":"repeat","background-position":"center center","background-size":"auto","background-attachment":"scroll","background-type":"","background-media":"","overlay-type":"","overlay-color":"","overlay-opacity":"","overlay-gradient":""},"mobile":{"background-color":"","background-image":"","background-repeat":"repeat","background-position":"center center","background-size":"auto","background-attachment":"scroll","background-type":"","background-media":"","overlay-type":"","overlay-color":"","overlay-opacity":"","overlay-gradient":""}},"ast-content-background-meta":{"desktop":{"background-color":"var(--ast-global-color-5)","background-image":"","background-repeat":"repeat","background-position":"center center","background-size":"auto","background-attachment":"scroll","background-type":"","background-media":"","overlay-type":"","overlay-color":"","overlay-opacity":"","overlay-gradient":""},"tablet":{"background-color":"var(--ast-global-color-5)","background-image":"","background-repeat":"repeat","background-position":"center center","background-size":"auto","background-attachment":"scroll","background-type":"","background-media":"","overlay-type":"","overlay-color":"","overlay-opacity":"","overlay-gradient":""},"mobile":{"background-color":"var(--ast-global-color-5)","background-image":"","background-repeat":"repeat","background-position":"center center","background-size":"auto","background-attachment":"scroll","background-type":"","background-media":"","overlay-type":"","overlay-color":"","overlay-opacity":"","overlay-gradient":""}}},"product_brand":[],"product_cat":[90],"product_tag":[34,35,36,97,886,39,92,892],"class_list":{"0":"post-19321","1":"product","2":"type-product","3":"status-publish","4":"has-post-thumbnail","6":"product_cat-elevation-maps","7":"product_tag-30x40","8":"product_tag-40x50","9":"product_tag-50x70","10":"product_tag-africa","11":"product_tag-cabo-verde","12":"product_tag-canvas","13":"product_tag-elevation-map","14":"product_tag-fogo","15":"desktop-align-left","16":"tablet-align-left","17":"mobile-align-left","19":"first","20":"instock","21":"shipping-taxable","22":"purchasable","23":"product-type-variable"},"aioseo_notices":[],"uagb_featured_image_src":{"full":["https:\/\/mapospheres.eu\/wp-content\/uploads\/2026\/03\/ELEV_1FULLPAGE2_FOGO.jpg",1000,1000,false],"thumbnail":["https:\/\/mapospheres.eu\/wp-content\/uploads\/2026\/03\/ELEV_1FULLPAGE2_FOGO-150x150.jpg",150,150,true],"medium":["https:\/\/mapospheres.eu\/wp-content\/uploads\/2026\/03\/ELEV_1FULLPAGE2_FOGO-300x300.jpg",300,300,true],"medium_large":["https:\/\/mapospheres.eu\/wp-content\/uploads\/2026\/03\/ELEV_1FULLPAGE2_FOGO-768x768.jpg",768,768,true],"large":["https:\/\/mapospheres.eu\/wp-content\/uploads\/2026\/03\/ELEV_1FULLPAGE2_FOGO.jpg",1000,1000,false],"1536x1536":["https:\/\/mapospheres.eu\/wp-content\/uploads\/2026\/03\/ELEV_1FULLPAGE2_FOGO.jpg",1000,1000,false],"2048x2048":["https:\/\/mapospheres.eu\/wp-content\/uploads\/2026\/03\/ELEV_1FULLPAGE2_FOGO.jpg",1000,1000,false],"woocommerce_thumbnail":["https:\/\/mapospheres.eu\/wp-content\/uploads\/2026\/03\/ELEV_1FULLPAGE2_FOGO-300x300.jpg",300,300,true],"woocommerce_single":["https:\/\/mapospheres.eu\/wp-content\/uploads\/2026\/03\/ELEV_1FULLPAGE2_FOGO-600x600.jpg",600,600,true],"woocommerce_gallery_thumbnail":["https:\/\/mapospheres.eu\/wp-content\/uploads\/2026\/03\/ELEV_1FULLPAGE2_FOGO-100x100.jpg",100,100,true]},"uagb_author_info":{"display_name":"sgainot04@gmail.com","author_link":"https:\/\/mapospheres.eu\/fr\/author\/"},"uagb_comment_info":0,"uagb_excerpt":"Obtenez ce Poster Carte d'altitude de Fogo, Cap Vert, en tant que carte murale. Vous pouvez choisir la taille ou le design de votre carte","_links":{"self":[{"href":"https:\/\/mapospheres.eu\/fr\/wp-json\/wp\/v2\/product\/19321","targetHints":{"allow":["GET"]}}],"collection":[{"href":"https:\/\/mapospheres.eu\/fr\/wp-json\/wp\/v2\/product"}],"about":[{"href":"https:\/\/mapospheres.eu\/fr\/wp-json\/wp\/v2\/types\/product"}],"wp:featuredmedia":[{"embeddable":true,"href":"https:\/\/mapospheres.eu\/fr\/wp-json\/wp\/v2\/media\/20913"}],"wp:attachment":[{"href":"https:\/\/mapospheres.eu\/fr\/wp-json\/wp\/v2\/media?parent=19321"}],"wp:term":[{"taxonomy":"product_brand","embeddable":true,"href":"https:\/\/mapospheres.eu\/fr\/wp-json\/wp\/v2\/product_brand?post=19321"},{"taxonomy":"product_cat","embeddable":true,"href":"https:\/\/mapospheres.eu\/fr\/wp-json\/wp\/v2\/product_cat?post=19321"},{"taxonomy":"product_tag","embeddable":true,"href":"https:\/\/mapospheres.eu\/fr\/wp-json\/wp\/v2\/product_tag?post=19321"}],"curies":[{"name":"wp","href":"https:\/\/api.w.org\/{rel}","templated":true}]}}