{"id":19322,"date":"2026-03-10T14:35:06","date_gmt":"2026-03-10T14:35:06","guid":{"rendered":"https:\/\/mapospheres.eu\/product\/poster-of-sao-vicente-cabo-verde-elevation-map\/"},"modified":"2026-03-16T14:42:43","modified_gmt":"2026-03-16T14:42:43","slug":"poster-of-sao-vicente-cabo-verde-elevation-map","status":"publish","type":"product","link":"https:\/\/mapospheres.eu\/fr\/product\/poster-de-sao-vicente-cap-vert-carte-daltitude\/","title":{"rendered":"Poster de Sao Vicente Cap Vert | Carte d'altitude"},"content":{"rendered":"<p><strong>Poster Carte d&rsquo;altitude de S\u00e3o Vicente, Cap Vert : un lieu o\u00f9 les collines racontent des histoires, o\u00f9 la mer murmure des r\u00e9cits de commerce et d&rsquo;aventure, et o\u00f9 chaque recoin offre une nouvelle d\u00e9couverte.<\/strong><\/p>\n<p>S\u00e3o Vicente est une \u00eele qui arbore fi\u00e8rement son caract\u00e8re si singulier : fa\u00e7onn\u00e9e par le vent, la mer et la danse intemporelle des forces volcaniques. Cette carte n&rsquo;est pas simplement un guide de la ville, mais une \u0153uvre d&rsquo;art soigneusement compos\u00e9e, mettant en valeur la topographie saisissante de l&rsquo;\u00eele et les lieux qui en ont fait l&rsquo;une des destinations les plus embl\u00e9matiques de l&rsquo;archipel du Cabo Verde. Au c\u0153ur de la carte, vous d\u00e9couvrirez la c\u00e9l\u00e8bre baie de l&rsquo;\u00eele, la Ba\u00eda do Porto Grande, un croissant d&rsquo;eau genereux embrass\u00e9 par des collines imposantes. La baie est l&rsquo;un de ces rares ports naturels qui non seulement garde en m\u00e9moire l&rsquo;histoire des marins qui y ont jet\u00e9 l&rsquo;ancre depuis des si\u00e8cles, mais offre \u00e9galement l&rsquo;un des panoramas les plus saisissants de tout le Cabo Verde. La terre s&rsquo;\u00e9l\u00e8ve depuis le rivage, formant des falaises dramatiques qui conf\u00e8rent \u00e0 S\u00e3o Vicente son charme brut et sauvage. Ces collines, dont certaines sont couronn\u00e9es d&rsquo;affleurements rocheux, cr\u00e9ent un arri\u00e8re-plan impressionnant pour les rues anim\u00e9es de Mindelo, le c\u0153ur culturel et \u00e9conomique de l&rsquo;\u00eele. Le Monte Verde, avec ses hauteurs brumeuses, se dresse majestueusement, apportant une touche de vert luxuriant au paysage majoritairement aride. Les pentes douces de ce sommet offrent un visage diff\u00e9rent de S\u00e3o Vicente : frais, venteux et d&rsquo;une verdure inattendue compar\u00e9e aux \u00e9tendues plus s\u00e8ches de l&rsquo;\u00eele. C&rsquo;est une terre de contrastes, et cette carte les met tous en lumi\u00e8re. Le littoral de l&rsquo;\u00eele, ponctu\u00e9 de petites criques et de plages de sable, est parsem\u00e9 de charmants villages de p\u00eacheurs et de sites c\u00f4tiers qui perdurent depuis des g\u00e9n\u00e9rations. La carte fait ressortir ces \u00e9tirements de c\u00f4te, du village paisible de Calhau aux rivages plus anim\u00e9s de Laginha, o\u00f9 la mer et le ciel semblent se fondre en un bleu sans fin. Le contraste entre oc\u00e9an et terre \u2014 plages douces et falaises d\u00e9chiquet\u00e9es \u2014 fait du paysage de S\u00e3o Vicente l&rsquo;un des plus visuellement diversifi\u00e9s du Cabo Verde.<\/p>\n","protected":false},"excerpt":{"rendered":"<p>Obtenez ce Poster Carte d&rsquo;altitude de Sao Vicente, Cap Vert, en tant que carte murale. Vous pouvez choisir la taille ou le design de votre carte <\/p>\n","protected":false},"featured_media":20910,"template":"","meta":{"_uag_custom_page_level_css":"","_monsterinsights_skip_tracking":false,"_monsterinsights_sitenote_active":false,"_monsterinsights_sitenote_note":"","_monsterinsights_sitenote_category":0,"site-sidebar-layout":"default","site-content-layout":"","ast-site-content-layout":"default","site-content-style":"default","site-sidebar-style":"default","ast-global-header-display":"","ast-banner-title-visibility":"","ast-main-header-display":"","ast-hfb-above-header-display":"","ast-hfb-below-header-display":"","ast-hfb-mobile-header-display":"","site-post-title":"","ast-breadcrumbs-content":"","ast-featured-img":"","footer-sml-layout":"","ast-disable-related-posts":"","theme-transparent-header-meta":"default","adv-header-id-meta":"","stick-header-meta":"","header-above-stick-meta":"","header-main-stick-meta":"","header-below-stick-meta":"","astra-migrate-meta-layouts":"set","ast-page-background-enabled":"default","ast-page-background-meta":{"desktop":{"background-color":"","background-image":"","background-repeat":"repeat","background-position":"center center","background-size":"auto","background-attachment":"scroll","background-type":"","background-media":"","overlay-type":"","overlay-color":"","overlay-opacity":"","overlay-gradient":""},"tablet":{"background-color":"","background-image":"","background-repeat":"repeat","background-position":"center center","background-size":"auto","background-attachment":"scroll","background-type":"","background-media":"","overlay-type":"","overlay-color":"","overlay-opacity":"","overlay-gradient":""},"mobile":{"background-color":"","background-image":"","background-repeat":"repeat","background-position":"center center","background-size":"auto","background-attachment":"scroll","background-type":"","background-media":"","overlay-type":"","overlay-color":"","overlay-opacity":"","overlay-gradient":""}},"ast-content-background-meta":{"desktop":{"background-color":"var(--ast-global-color-5)","background-image":"","background-repeat":"repeat","background-position":"center center","background-size":"auto","background-attachment":"scroll","background-type":"","background-media":"","overlay-type":"","overlay-color":"","overlay-opacity":"","overlay-gradient":""},"tablet":{"background-color":"var(--ast-global-color-5)","background-image":"","background-repeat":"repeat","background-position":"center center","background-size":"auto","background-attachment":"scroll","background-type":"","background-media":"","overlay-type":"","overlay-color":"","overlay-opacity":"","overlay-gradient":""},"mobile":{"background-color":"var(--ast-global-color-5)","background-image":"","background-repeat":"repeat","background-position":"center center","background-size":"auto","background-attachment":"scroll","background-type":"","background-media":"","overlay-type":"","overlay-color":"","overlay-opacity":"","overlay-gradient":""}}},"product_brand":[],"product_cat":[90],"product_tag":[34,35,36,97,886,39,92,890,891],"class_list":{"0":"post-19322","1":"product","2":"type-product","3":"status-publish","4":"has-post-thumbnail","6":"product_cat-elevation-maps","7":"product_tag-30x40","8":"product_tag-40x50","9":"product_tag-50x70","10":"product_tag-africa","11":"product_tag-cabo-verde","12":"product_tag-canvas","13":"product_tag-elevation-map","14":"product_tag-santo-antao","15":"product_tag-sao-vicente","16":"desktop-align-left","17":"tablet-align-left","18":"mobile-align-left","20":"first","21":"instock","22":"shipping-taxable","23":"purchasable","24":"product-type-variable"},"aioseo_notices":[],"uagb_featured_image_src":{"full":["https:\/\/mapospheres.eu\/wp-content\/uploads\/2026\/03\/ELEV_CANVAS_1FULLPAGE2_SAOVICENTE.jpg",1000,1000,false],"thumbnail":["https:\/\/mapospheres.eu\/wp-content\/uploads\/2026\/03\/ELEV_CANVAS_1FULLPAGE2_SAOVICENTE-150x150.jpg",150,150,true],"medium":["https:\/\/mapospheres.eu\/wp-content\/uploads\/2026\/03\/ELEV_CANVAS_1FULLPAGE2_SAOVICENTE-300x300.jpg",300,300,true],"medium_large":["https:\/\/mapospheres.eu\/wp-content\/uploads\/2026\/03\/ELEV_CANVAS_1FULLPAGE2_SAOVICENTE-768x768.jpg",768,768,true],"large":["https:\/\/mapospheres.eu\/wp-content\/uploads\/2026\/03\/ELEV_CANVAS_1FULLPAGE2_SAOVICENTE.jpg",1000,1000,false],"1536x1536":["https:\/\/mapospheres.eu\/wp-content\/uploads\/2026\/03\/ELEV_CANVAS_1FULLPAGE2_SAOVICENTE.jpg",1000,1000,false],"2048x2048":["https:\/\/mapospheres.eu\/wp-content\/uploads\/2026\/03\/ELEV_CANVAS_1FULLPAGE2_SAOVICENTE.jpg",1000,1000,false],"woocommerce_thumbnail":["https:\/\/mapospheres.eu\/wp-content\/uploads\/2026\/03\/ELEV_CANVAS_1FULLPAGE2_SAOVICENTE-300x300.jpg",300,300,true],"woocommerce_single":["https:\/\/mapospheres.eu\/wp-content\/uploads\/2026\/03\/ELEV_CANVAS_1FULLPAGE2_SAOVICENTE-600x600.jpg",600,600,true],"woocommerce_gallery_thumbnail":["https:\/\/mapospheres.eu\/wp-content\/uploads\/2026\/03\/ELEV_CANVAS_1FULLPAGE2_SAOVICENTE-100x100.jpg",100,100,true]},"uagb_author_info":{"display_name":"sgainot04@gmail.com","author_link":"https:\/\/mapospheres.eu\/fr\/author\/"},"uagb_comment_info":0,"uagb_excerpt":"Obtenez ce Poster Carte d'altitude de Sao Vicente, Cap Vert, en tant que carte murale. Vous pouvez choisir la taille ou le design de votre carte","_links":{"self":[{"href":"https:\/\/mapospheres.eu\/fr\/wp-json\/wp\/v2\/product\/19322","targetHints":{"allow":["GET"]}}],"collection":[{"href":"https:\/\/mapospheres.eu\/fr\/wp-json\/wp\/v2\/product"}],"about":[{"href":"https:\/\/mapospheres.eu\/fr\/wp-json\/wp\/v2\/types\/product"}],"wp:featuredmedia":[{"embeddable":true,"href":"https:\/\/mapospheres.eu\/fr\/wp-json\/wp\/v2\/media\/20910"}],"wp:attachment":[{"href":"https:\/\/mapospheres.eu\/fr\/wp-json\/wp\/v2\/media?parent=19322"}],"wp:term":[{"taxonomy":"product_brand","embeddable":true,"href":"https:\/\/mapospheres.eu\/fr\/wp-json\/wp\/v2\/product_brand?post=19322"},{"taxonomy":"product_cat","embeddable":true,"href":"https:\/\/mapospheres.eu\/fr\/wp-json\/wp\/v2\/product_cat?post=19322"},{"taxonomy":"product_tag","embeddable":true,"href":"https:\/\/mapospheres.eu\/fr\/wp-json\/wp\/v2\/product_tag?post=19322"}],"curies":[{"name":"wp","href":"https:\/\/api.w.org\/{rel}","templated":true}]}}