{"id":19323,"date":"2026-03-10T14:35:08","date_gmt":"2026-03-10T14:35:08","guid":{"rendered":"https:\/\/mapospheres.eu\/product\/poster-of-sao-nicolau-cabo-verde-elevation-map\/"},"modified":"2026-03-16T14:42:43","modified_gmt":"2026-03-16T14:42:43","slug":"poster-of-sao-nicolau-cabo-verde-elevation-map","status":"publish","type":"product","link":"https:\/\/mapospheres.eu\/fr\/product\/poster-de-sao-nicolau-cap-vert-carte-d-altitude\/","title":{"rendered":"Poster de S\u00e3o Nicolau, Cap Vert | Carte d'altitude"},"content":{"rendered":"<p><strong>Poster de la carte d\u2019altitude de S\u00e3o Nicolau, Cap-Vert : une invitation \u00e0 l\u2019aventure pour ceux dont le c\u0153ur oscille entre nature sauvage et r\u00e9cits d\u2019histoire.<\/strong><\/p>\n<p>L\u2019\u00eele de S\u00e3o Nicolau est un joyau discret, un lieu o\u00f9 la beaut\u00e9 brute de la nature rencontre le charme d\u2019un ancien carrefour d\u2019histoires et de cultures. Cette carte de S\u00e3o Nicolau d\u00e9voile quelques-unes des facettes les plus captivantes de l\u2019\u00eele. De ses sommets montagneux d\u00e9chiquet\u00e9s \u00e0 ses vall\u00e9es profondes et verdoyantes, la g\u00e9ographie de S\u00e3o Nicolau raconte l\u2019histoire d\u2019antiques forces volcaniques et de la puissance persistante de la nature.<br \/>\nLes cimes imposantes du Monte Gordo s\u2019\u00e9l\u00e8vent majestueusement au-dessus de l\u2019\u00eele, projetant leur ombre sur de charmants villages accroch\u00e9s aux flancs des montagnes comme de petits joyaux. La topographie de la carte saisit avec finesse ce contraste saisissant : les cr\u00eates rocheuses et aust\u00e8res des montagnes r\u00e9pondent \u00e0 la douceur fluide des vall\u00e9es, fa\u00e7onn\u00e9es par des si\u00e8cles de vent et d\u2019eau.<br \/>\nLes espaces verdoyants de l\u2019\u00eele, depuis la luxuriante vall\u00e9e d\u2019Ovelha jusqu\u2019aux terres fertiles qui entourent la capitale Ribeira Brava, apparaissent avec un soin minutieux. Ces lieux, souvent dissimul\u00e9s au c\u0153ur de l\u2019int\u00e9rieur montagneux, abritent une v\u00e9g\u00e9tation riche et un rythme de vie plus lent, empreint de s\u00e9r\u00e9nit\u00e9.<br \/>\nLa carte r\u00e9v\u00e8le ainsi l\u2019\u00e9quilibre fragile de cette nature insulaire : des \u00e9clats de vert profond qui, par endroits, laissent place \u00e0 des \u00e9tendues plus s\u00e8ches et broussailleuses, sugg\u00e9rant un climat contrast\u00e9 o\u00f9 se m\u00ealent microclimats luxuriants et paysages plus arides.<\/p>\n","protected":false},"excerpt":{"rendered":"<p>Obtenez ce Poster Carte d&rsquo;altitude de Sao Nicolau Cap Vert, en tant que carte murale. Vous pouvez choisir la taille ou le design de votre carte !<\/p>\n","protected":false},"featured_media":20735,"template":"","meta":{"_uag_custom_page_level_css":"","_monsterinsights_skip_tracking":false,"_monsterinsights_sitenote_active":false,"_monsterinsights_sitenote_note":"","_monsterinsights_sitenote_category":0,"site-sidebar-layout":"default","site-content-layout":"","ast-site-content-layout":"default","site-content-style":"default","site-sidebar-style":"default","ast-global-header-display":"","ast-banner-title-visibility":"","ast-main-header-display":"","ast-hfb-above-header-display":"","ast-hfb-below-header-display":"","ast-hfb-mobile-header-display":"","site-post-title":"","ast-breadcrumbs-content":"","ast-featured-img":"","footer-sml-layout":"","ast-disable-related-posts":"","theme-transparent-header-meta":"default","adv-header-id-meta":"","stick-header-meta":"","header-above-stick-meta":"","header-main-stick-meta":"","header-below-stick-meta":"","astra-migrate-meta-layouts":"set","ast-page-background-enabled":"default","ast-page-background-meta":{"desktop":{"background-color":"","background-image":"","background-repeat":"repeat","background-position":"center center","background-size":"auto","background-attachment":"scroll","background-type":"","background-media":"","overlay-type":"","overlay-color":"","overlay-opacity":"","overlay-gradient":""},"tablet":{"background-color":"","background-image":"","background-repeat":"repeat","background-position":"center center","background-size":"auto","background-attachment":"scroll","background-type":"","background-media":"","overlay-type":"","overlay-color":"","overlay-opacity":"","overlay-gradient":""},"mobile":{"background-color":"","background-image":"","background-repeat":"repeat","background-position":"center center","background-size":"auto","background-attachment":"scroll","background-type":"","background-media":"","overlay-type":"","overlay-color":"","overlay-opacity":"","overlay-gradient":""}},"ast-content-background-meta":{"desktop":{"background-color":"var(--ast-global-color-5)","background-image":"","background-repeat":"repeat","background-position":"center center","background-size":"auto","background-attachment":"scroll","background-type":"","background-media":"","overlay-type":"","overlay-color":"","overlay-opacity":"","overlay-gradient":""},"tablet":{"background-color":"var(--ast-global-color-5)","background-image":"","background-repeat":"repeat","background-position":"center center","background-size":"auto","background-attachment":"scroll","background-type":"","background-media":"","overlay-type":"","overlay-color":"","overlay-opacity":"","overlay-gradient":""},"mobile":{"background-color":"var(--ast-global-color-5)","background-image":"","background-repeat":"repeat","background-position":"center center","background-size":"auto","background-attachment":"scroll","background-type":"","background-media":"","overlay-type":"","overlay-color":"","overlay-opacity":"","overlay-gradient":""}}},"product_brand":[],"product_cat":[90],"product_tag":[34,35,36,97,886,39,92,887],"class_list":{"0":"post-19323","1":"product","2":"type-product","3":"status-publish","4":"has-post-thumbnail","6":"product_cat-elevation-maps","7":"product_tag-30x40","8":"product_tag-40x50","9":"product_tag-50x70","10":"product_tag-africa","11":"product_tag-cabo-verde","12":"product_tag-canvas","13":"product_tag-elevation-map","14":"product_tag-sao-nicolau","15":"desktop-align-left","16":"tablet-align-left","17":"mobile-align-left","19":"first","20":"instock","21":"shipping-taxable","22":"purchasable","23":"product-type-variable"},"aioseo_notices":[],"uagb_featured_image_src":{"full":["https:\/\/mapospheres.eu\/wp-content\/uploads\/2026\/03\/ELEV_CANVAS_1FULLPAGE2_SAONICOLAU.jpg",1000,1000,false],"thumbnail":["https:\/\/mapospheres.eu\/wp-content\/uploads\/2026\/03\/ELEV_CANVAS_1FULLPAGE2_SAONICOLAU-150x150.jpg",150,150,true],"medium":["https:\/\/mapospheres.eu\/wp-content\/uploads\/2026\/03\/ELEV_CANVAS_1FULLPAGE2_SAONICOLAU-300x300.jpg",300,300,true],"medium_large":["https:\/\/mapospheres.eu\/wp-content\/uploads\/2026\/03\/ELEV_CANVAS_1FULLPAGE2_SAONICOLAU-768x768.jpg",768,768,true],"large":["https:\/\/mapospheres.eu\/wp-content\/uploads\/2026\/03\/ELEV_CANVAS_1FULLPAGE2_SAONICOLAU.jpg",1000,1000,false],"1536x1536":["https:\/\/mapospheres.eu\/wp-content\/uploads\/2026\/03\/ELEV_CANVAS_1FULLPAGE2_SAONICOLAU.jpg",1000,1000,false],"2048x2048":["https:\/\/mapospheres.eu\/wp-content\/uploads\/2026\/03\/ELEV_CANVAS_1FULLPAGE2_SAONICOLAU.jpg",1000,1000,false],"woocommerce_thumbnail":["https:\/\/mapospheres.eu\/wp-content\/uploads\/2026\/03\/ELEV_CANVAS_1FULLPAGE2_SAONICOLAU-300x300.jpg",300,300,true],"woocommerce_single":["https:\/\/mapospheres.eu\/wp-content\/uploads\/2026\/03\/ELEV_CANVAS_1FULLPAGE2_SAONICOLAU-600x600.jpg",600,600,true],"woocommerce_gallery_thumbnail":["https:\/\/mapospheres.eu\/wp-content\/uploads\/2026\/03\/ELEV_CANVAS_1FULLPAGE2_SAONICOLAU-100x100.jpg",100,100,true]},"uagb_author_info":{"display_name":"sgainot04@gmail.com","author_link":"https:\/\/mapospheres.eu\/fr\/author\/"},"uagb_comment_info":0,"uagb_excerpt":"Obtenez ce Poster Carte d'altitude de Sao Nicolau Cap Vert, en tant que carte murale. Vous pouvez choisir la taille ou le design de votre carte !","_links":{"self":[{"href":"https:\/\/mapospheres.eu\/fr\/wp-json\/wp\/v2\/product\/19323","targetHints":{"allow":["GET"]}}],"collection":[{"href":"https:\/\/mapospheres.eu\/fr\/wp-json\/wp\/v2\/product"}],"about":[{"href":"https:\/\/mapospheres.eu\/fr\/wp-json\/wp\/v2\/types\/product"}],"wp:featuredmedia":[{"embeddable":true,"href":"https:\/\/mapospheres.eu\/fr\/wp-json\/wp\/v2\/media\/20735"}],"wp:attachment":[{"href":"https:\/\/mapospheres.eu\/fr\/wp-json\/wp\/v2\/media?parent=19323"}],"wp:term":[{"taxonomy":"product_brand","embeddable":true,"href":"https:\/\/mapospheres.eu\/fr\/wp-json\/wp\/v2\/product_brand?post=19323"},{"taxonomy":"product_cat","embeddable":true,"href":"https:\/\/mapospheres.eu\/fr\/wp-json\/wp\/v2\/product_cat?post=19323"},{"taxonomy":"product_tag","embeddable":true,"href":"https:\/\/mapospheres.eu\/fr\/wp-json\/wp\/v2\/product_tag?post=19323"}],"curies":[{"name":"wp","href":"https:\/\/api.w.org\/{rel}","templated":true}]}}