{"id":19332,"date":"2026-03-10T14:35:48","date_gmt":"2026-03-10T14:35:48","guid":{"rendered":"https:\/\/mapospheres.eu\/product\/poster-of-carmarthen-wales\/"},"modified":"2026-03-13T13:56:52","modified_gmt":"2026-03-13T13:56:52","slug":"poster-of-carmarthen-wales","status":"publish","type":"product","link":"https:\/\/mapospheres.eu\/fr\/product\/poster-de-carmarthen-pays-de-galles-ru\/","title":{"rendered":"Poster de Carmarthen | Pays de Galles, RU"},"content":{"rendered":"<p><strong>Poster City map de Carmarthen, Pays de Galles : un m\u00e9lange de boutiques modernes et de b\u00e2timents historiques qui racontent les r\u00e9cits de son pass\u00e9 romain et normand.<\/strong><\/p>\n<p>Cette carte magnifiquement d\u00e9taill\u00e9e de Carmarthen offre un aper\u00e7u enchanteur de l&rsquo;une des villes les plus anciennes et les plus l\u00e9gendaires du Pays de Galles, l\u00e0 o\u00f9 les collines ondulantes de la campagne galloise rencontrent les rives sinueuses de la rivi\u00e8re Towy. La carte met en valeur les douces ondulations du paysage, les collines verdoyantes et les vall\u00e9es du Carmarthenshire conf\u00e9rant \u00e0 la ville une atmosph\u00e8re de s\u00e9r\u00e9nit\u00e9 et d&rsquo;intemporalit\u00e9. La rivi\u00e8re, serpentant avec gr\u00e2ce \u00e0 travers le c\u0153ur de la ville, en est l&rsquo;\u00e9l\u00e9ment central, son cours symbolisant le lien profond de la cit\u00e9 avec l&rsquo;histoire et la nature. On ne peut s&#8217;emp\u00eacher d&rsquo;imaginer les anciens Celtes, qui auraient \u00e9lu domicile ici, contemplant ce m\u00eame fleuve il y a plus de deux mille ans. La topographie de Carmarthen prend vie dans cette composition, les collines au nord formant un \u00e9crin naturel pour la ville, tandis que les plaines au sud s&rsquo;\u00e9tendent vers la mer. La vaste \u00e9tendue verdoyante du King&rsquo;s Park, juste au sud du centre-ville, offre un souffle de nature au milieu de l&rsquo;agitation quotidienne, tandis que des espaces plus intimes et recueillis, comme les jardins tranquilles de l&rsquo;\u00e9glise Saint-Pierre, ajoutent des couches de s\u00e9r\u00e9nit\u00e9 au caract\u00e8re de la ville. Au c\u0153ur de Carmarthen, la silhouette imposante du ch\u00e2teau m\u00e9di\u00e9val de Carmarthen \u2014 aujourd&rsquo;hui en ruines \u2014 se dresse fi\u00e8rement sur la ligne d&rsquo;horizon, rappel imp\u00e9rissable du r\u00f4le strat\u00e9gique de la ville comme place forte au fil des si\u00e8cles. Le ch\u00e2teau, bien qu&rsquo;amoindri par le temps, conserve un myst\u00e8re envo\u00fbtant, et selon la l\u00e9gende, aurait \u00e9t\u00e9 le lieu de naissance du c\u00e9l\u00e8bre enchanteur Merlin. Qui sait \u2014 peut-\u00eatre qu&rsquo;un peu de magie flotte encore dans ses ruelles !<\/p>\n","protected":false},"excerpt":{"rendered":"<p>Obtenez une City Map \u2013 Carte de ville murale &#8211; imprim\u00e9e de la ville de Carmarthen, Pays de Galles.<br \/>\nChoisissez ci-dessous la taille, la couleur et le design de votre carte !<\/p>\n","protected":false},"featured_media":20392,"template":"","meta":{"_uag_custom_page_level_css":"","_monsterinsights_skip_tracking":false,"_monsterinsights_sitenote_active":false,"_monsterinsights_sitenote_note":"","_monsterinsights_sitenote_category":0,"site-sidebar-layout":"default","site-content-layout":"","ast-site-content-layout":"default","site-content-style":"default","site-sidebar-style":"default","ast-global-header-display":"","ast-banner-title-visibility":"","ast-main-header-display":"","ast-hfb-above-header-display":"","ast-hfb-below-header-display":"","ast-hfb-mobile-header-display":"","site-post-title":"","ast-breadcrumbs-content":"","ast-featured-img":"","footer-sml-layout":"","ast-disable-related-posts":"","theme-transparent-header-meta":"default","adv-header-id-meta":"","stick-header-meta":"","header-above-stick-meta":"","header-main-stick-meta":"","header-below-stick-meta":"","astra-migrate-meta-layouts":"set","ast-page-background-enabled":"default","ast-page-background-meta":{"desktop":{"background-color":"","background-image":"","background-repeat":"repeat","background-position":"center center","background-size":"auto","background-attachment":"scroll","background-type":"","background-media":"","overlay-type":"","overlay-color":"","overlay-opacity":"","overlay-gradient":""},"tablet":{"background-color":"","background-image":"","background-repeat":"repeat","background-position":"center center","background-size":"auto","background-attachment":"scroll","background-type":"","background-media":"","overlay-type":"","overlay-color":"","overlay-opacity":"","overlay-gradient":""},"mobile":{"background-color":"","background-image":"","background-repeat":"repeat","background-position":"center center","background-size":"auto","background-attachment":"scroll","background-type":"","background-media":"","overlay-type":"","overlay-color":"","overlay-opacity":"","overlay-gradient":""}},"ast-content-background-meta":{"desktop":{"background-color":"var(--ast-global-color-5)","background-image":"","background-repeat":"repeat","background-position":"center center","background-size":"auto","background-attachment":"scroll","background-type":"","background-media":"","overlay-type":"","overlay-color":"","overlay-opacity":"","overlay-gradient":""},"tablet":{"background-color":"var(--ast-global-color-5)","background-image":"","background-repeat":"repeat","background-position":"center center","background-size":"auto","background-attachment":"scroll","background-type":"","background-media":"","overlay-type":"","overlay-color":"","overlay-opacity":"","overlay-gradient":""},"mobile":{"background-color":"var(--ast-global-color-5)","background-image":"","background-repeat":"repeat","background-position":"center center","background-size":"auto","background-attachment":"scroll","background-type":"","background-media":"","overlay-type":"","overlay-color":"","overlay-opacity":"","overlay-gradient":""}}},"product_brand":[],"product_cat":[18],"product_tag":[820],"class_list":{"0":"post-19332","1":"product","2":"type-product","3":"status-publish","4":"has-post-thumbnail","6":"product_cat-city-maps","7":"product_tag-30x40-40x50-50x70-70x100-america-canvas-carmarthen-city-map-uk-wales","8":"desktop-align-left","9":"tablet-align-left","10":"mobile-align-left","12":"first","13":"instock","14":"shipping-taxable","15":"purchasable","16":"product-type-variable"},"aioseo_notices":[],"uagb_featured_image_src":{"full":["https:\/\/mapospheres.eu\/wp-content\/uploads\/2026\/03\/CANVAS_12_RED_2_CARMARTHEN.jpg",1000,1000,false],"thumbnail":["https:\/\/mapospheres.eu\/wp-content\/uploads\/2026\/03\/CANVAS_12_RED_2_CARMARTHEN-150x150.jpg",150,150,true],"medium":["https:\/\/mapospheres.eu\/wp-content\/uploads\/2026\/03\/CANVAS_12_RED_2_CARMARTHEN-300x300.jpg",300,300,true],"medium_large":["https:\/\/mapospheres.eu\/wp-content\/uploads\/2026\/03\/CANVAS_12_RED_2_CARMARTHEN-768x768.jpg",768,768,true],"large":["https:\/\/mapospheres.eu\/wp-content\/uploads\/2026\/03\/CANVAS_12_RED_2_CARMARTHEN.jpg",1000,1000,false],"1536x1536":["https:\/\/mapospheres.eu\/wp-content\/uploads\/2026\/03\/CANVAS_12_RED_2_CARMARTHEN.jpg",1000,1000,false],"2048x2048":["https:\/\/mapospheres.eu\/wp-content\/uploads\/2026\/03\/CANVAS_12_RED_2_CARMARTHEN.jpg",1000,1000,false],"woocommerce_thumbnail":["https:\/\/mapospheres.eu\/wp-content\/uploads\/2026\/03\/CANVAS_12_RED_2_CARMARTHEN-300x300.jpg",300,300,true],"woocommerce_single":["https:\/\/mapospheres.eu\/wp-content\/uploads\/2026\/03\/CANVAS_12_RED_2_CARMARTHEN-600x600.jpg",600,600,true],"woocommerce_gallery_thumbnail":["https:\/\/mapospheres.eu\/wp-content\/uploads\/2026\/03\/CANVAS_12_RED_2_CARMARTHEN-100x100.jpg",100,100,true]},"uagb_author_info":{"display_name":"sgainot04@gmail.com","author_link":"https:\/\/mapospheres.eu\/fr\/author\/"},"uagb_comment_info":0,"uagb_excerpt":"Obtenez une City Map \u2013 Carte de ville murale - imprim\u00e9e de la ville de Carmarthen, Pays de Galles. Choisissez ci-dessous la taille, la couleur et le design de votre carte !","_links":{"self":[{"href":"https:\/\/mapospheres.eu\/fr\/wp-json\/wp\/v2\/product\/19332","targetHints":{"allow":["GET"]}}],"collection":[{"href":"https:\/\/mapospheres.eu\/fr\/wp-json\/wp\/v2\/product"}],"about":[{"href":"https:\/\/mapospheres.eu\/fr\/wp-json\/wp\/v2\/types\/product"}],"wp:featuredmedia":[{"embeddable":true,"href":"https:\/\/mapospheres.eu\/fr\/wp-json\/wp\/v2\/media\/20392"}],"wp:attachment":[{"href":"https:\/\/mapospheres.eu\/fr\/wp-json\/wp\/v2\/media?parent=19332"}],"wp:term":[{"taxonomy":"product_brand","embeddable":true,"href":"https:\/\/mapospheres.eu\/fr\/wp-json\/wp\/v2\/product_brand?post=19332"},{"taxonomy":"product_cat","embeddable":true,"href":"https:\/\/mapospheres.eu\/fr\/wp-json\/wp\/v2\/product_cat?post=19332"},{"taxonomy":"product_tag","embeddable":true,"href":"https:\/\/mapospheres.eu\/fr\/wp-json\/wp\/v2\/product_tag?post=19332"}],"curies":[{"name":"wp","href":"https:\/\/api.w.org\/{rel}","templated":true}]}}